{"id":13867,"date":"2026-04-23T00:22:06","date_gmt":"2026-04-22T22:22:06","guid":{"rendered":"https:\/\/www.zyyxlabs.com\/?post_type=product&#038;p=13867"},"modified":"2026-04-23T00:46:02","modified_gmt":"2026-04-22T22:46:02","slug":"zx413-1","status":"publish","type":"product","link":"https:\/\/www.zyyxlabs.com\/sv\/produkt\/zx413-1\/","title":{"rendered":"ZX413-1 PolyDryer Box Filament-torkl\u00e5da &#8211; Standard (Ej ZYYX-f\u00f6rb\u00e4ttrad modell)"},"content":{"rendered":"<p>PolyDryer Box\u2122 \u00e4r en extra f\u00f6rvaringsl\u00e5da designad f\u00f6r att anv\u00e4ndas med en PolyDryer. PolyDryer Box\u2122 Standard \u00e4r kompatibel med de flesta 3D-skrivare och rymmer en enkilosrulle, och inkluderar en speciell kort tjock teflonslang som g\u00f6r att den kan leda filamenttr\u00e5den mot en 3D-skrivare, och slangen klarar b\u00e5de 1,75 och 2,85 mm:s filament.<\/p>\n<p><strong>Hur m\u00e5nga rullar f\u00e5r plats i l\u00e5dan\u2122?<\/strong><br \/>\n1 st rulle p\u00e5 1 kg eller mindre.<\/p>\n<p><strong>Torkar PolyDryer\u2122 materialet aktivt?<\/strong><br \/>\nNej, du beh\u00f6ver en vanlig PolyDryer f\u00f6r det. PolyDryer Box\u2122 kan anv\u00e4ndas som extra lagringsenhet ihop med den eller som en passiv lagringsbox p\u00e5 egen hand.<br \/>\nSe <a href=\"https:\/\/www.zyyxlabs.com\/sv\/produkt\/zx412\/\">ZX412 PolyDryer Filament-torkl\u00e5da &#8211; ZYYX-f\u00f6rb\u00e4ttrad<\/a> eller <a href=\"https:\/\/www.zyyxlabs.com\/sv\/produkt\/zx412-1\/\">ZX412-1 PolyDryer Filament-torkl\u00e5da &#8211; Standard<\/a><\/p>\n<p><strong>Kan torkmedelsp\u00e5sarna \u00e5teranv\u00e4ndas?<\/strong><br \/>\nJa, de kan \u00e5teranv\u00e4ndas 4 till 5 g\u00e5nger, f\u00f6lj stegen i manualen f\u00f6r att torka torkmedelsp\u00e5sarna.<\/p>\n<p><strong>Tillverkare<\/strong><br \/>\nPolymaker<\/p>\n<p><strong>Skrivarkompatibilitet<\/strong><br \/>\nZYYX\/ZYYX Classic (24 V): Ja, men ZX413 fungerar b\u00e4ttre<br \/>\nZYYX+ (24 V): Ja, men ZX413 fungerar b\u00e4ttre<br \/>\nZYYX+ (12 V): Ja, men ZX413 fungerar b\u00e4ttre<br \/>\nZYYX Pro \/ Pro II: Ja, men ZX413 fungerar dock b\u00e4ttre, torken fungerar speciellt bra med fuktk\u00e4nsliga filament som proCarbon, proGlass eller proNylon.<br \/>\nAndra m\u00e4rken: Ja, men ZX413 fungerar b\u00e4ttre<\/p>\n","protected":false},"excerpt":{"rendered":"<p>PolyDryer Box\u2122 \u00e4r en extra f\u00f6rvaringsl\u00e5da designad f\u00f6r att anv\u00e4ndas med en PolyDryer. PolyDryer Box\u2122 Standard \u00e4r kompatibel med de flesta 3D-skrivare och rymmer en enkilosrulle, och inkluderar en speciell kort tjock teflonslang som g\u00f6r att den kan leda filamenttr\u00e5den mot en 3D-skrivare, och slangen klarar b\u00e5de 1,75 och 2,85 mm:s filament. Hur m\u00e5nga rullar <a href=\"https:\/\/www.zyyxlabs.com\/sv\/produkt\/zx413-1\/\" class=\"more-link\">&#8230;<span class=\"screen-reader-text\">  ZX413-1 PolyDryer Box Filament-torkl\u00e5da &#8211; Standard (Ej ZYYX-f\u00f6rb\u00e4ttrad modell)<\/span><\/a><\/p>\n","protected":false},"featured_media":13774,"comment_status":"open","ping_status":"closed","template":"","meta":{"_acf_changed":false,"inline_featured_image":false},"product_brand":[],"product_cat":[299,65,96],"product_tag":[300,296],"class_list":{"0":"post-13867","1":"product","2":"type-product","3":"status-publish","4":"has-post-thumbnail","6":"product_cat-filamenthantering","7":"product_cat-tillbehor","8":"product_cat-uppgraderingar","9":"product_tag-filamenthantering","10":"product_tag-filamenttorklada","11":"product_shipping_class-standard-shipping","13":"first","14":"instock","15":"taxable","16":"shipping-taxable","17":"purchasable","18":"product-type-simple"},"acf":[],"yoast_head":"<!-- This site is optimized with the Yoast SEO plugin v24.8.1 - https:\/\/yoast.com\/wordpress\/plugins\/seo\/ -->\n<title>ZX413-1 PolyDryer Box Filament-torkl\u00e5da - Standard (Ej ZYYX-f\u00f6rb\u00e4ttrad modell) - ZYYX Labs<\/title>\n<meta name=\"description\" content=\"PolyDryer Box\u2122 \u00e4r en extra f\u00f6rvaringsl\u00e5da designad f\u00f6r att anv\u00e4ndas med en PolyDryer. PolyDryer Box\u2122 f\u00f6r ZYYX \u00e4r kompatibel med alla 3D-skrivare och rymmer en enkilosrulle, och inkluderar en speciell kort tjock teflonslang som g\u00f6r att den kan leda filamenttr\u00e5den mot en 3D-skrivare, och slangen klarar b\u00e5de 1,75 och 2,85 mm:s filament.\" \/>\n<meta name=\"robots\" content=\"index, follow, max-snippet:-1, max-image-preview:large, max-video-preview:-1\" \/>\n<link rel=\"canonical\" href=\"https:\/\/www.zyyxlabs.com\/produkt\/zx413-1\/\" \/>\n<meta property=\"og:locale\" content=\"sv_SE\" \/>\n<meta property=\"og:type\" content=\"article\" \/>\n<meta property=\"og:title\" content=\"ZX413-1 PolyDryer Box Filament-torkl\u00e5da - Standard (Ej ZYYX-f\u00f6rb\u00e4ttrad modell) - ZYYX Labs\" \/>\n<meta property=\"og:description\" content=\"PolyDryer Box\u2122 \u00e4r en extra f\u00f6rvaringsl\u00e5da designad f\u00f6r att anv\u00e4ndas med en PolyDryer. PolyDryer Box\u2122 f\u00f6r ZYYX \u00e4r kompatibel med alla 3D-skrivare och rymmer en enkilosrulle, och inkluderar en speciell kort tjock teflonslang som g\u00f6r att den kan leda filamenttr\u00e5den mot en 3D-skrivare, och slangen klarar b\u00e5de 1,75 och 2,85 mm:s filament.\" \/>\n<meta property=\"og:url\" content=\"https:\/\/www.zyyxlabs.com\/produkt\/zx413-1\/\" \/>\n<meta property=\"og:site_name\" content=\"ZYYX Labs\" \/>\n<meta property=\"article:modified_time\" content=\"2026-04-22T22:46:02+00:00\" \/>\n<meta property=\"og:image\" content=\"https:\/\/www.zyyxlabs.com\/wp-content\/uploads\/2025\/04\/Polymaker-Polydryer-Box-PX01003-30594_3-1024x1024.png\" \/>\n\t<meta property=\"og:image:width\" content=\"1024\" \/>\n\t<meta property=\"og:image:height\" content=\"1024\" \/>\n\t<meta property=\"og:image:type\" content=\"image\/png\" \/>\n<meta name=\"twitter:card\" content=\"summary_large_image\" \/>\n<meta name=\"twitter:label1\" content=\"Ber\u00e4knad l\u00e4stid\" \/>\n\t<meta name=\"twitter:data1\" content=\"1 minut\" \/>\n<script type=\"application\/ld+json\" class=\"yoast-schema-graph\">{\"@context\":\"https:\/\/schema.org\",\"@graph\":[{\"@type\":\"WebPage\",\"@id\":\"https:\/\/www.zyyxlabs.com\/produkt\/zx413-1\/\",\"url\":\"https:\/\/www.zyyxlabs.com\/produkt\/zx413-1\/\",\"name\":\"ZX413-1 PolyDryer Box Filament-torkl\u00e5da - Standard (Ej ZYYX-f\u00f6rb\u00e4ttrad modell) - ZYYX Labs\",\"isPartOf\":{\"@id\":\"https:\/\/www.zyyxlabs.com\/#website\"},\"primaryImageOfPage\":{\"@id\":\"https:\/\/www.zyyxlabs.com\/produkt\/zx413-1\/#primaryimage\"},\"image\":{\"@id\":\"https:\/\/www.zyyxlabs.com\/produkt\/zx413-1\/#primaryimage\"},\"thumbnailUrl\":\"https:\/\/www.zyyxlabs.com\/wp-content\/uploads\/2025\/04\/Polymaker-Polydryer-Box-PX01003-30594_3.png\",\"datePublished\":\"2026-04-22T22:22:06+00:00\",\"dateModified\":\"2026-04-22T22:46:02+00:00\",\"description\":\"PolyDryer Box\u2122 \u00e4r en extra f\u00f6rvaringsl\u00e5da designad f\u00f6r att anv\u00e4ndas med en PolyDryer. PolyDryer Box\u2122 f\u00f6r ZYYX \u00e4r kompatibel med alla 3D-skrivare och rymmer en enkilosrulle, och inkluderar en speciell kort tjock teflonslang som g\u00f6r att den kan leda filamenttr\u00e5den mot en 3D-skrivare, och slangen klarar b\u00e5de 1,75 och 2,85 mm:s filament.\",\"breadcrumb\":{\"@id\":\"https:\/\/www.zyyxlabs.com\/produkt\/zx413-1\/#breadcrumb\"},\"inLanguage\":\"sv-SE\",\"potentialAction\":[{\"@type\":\"ReadAction\",\"target\":[\"https:\/\/www.zyyxlabs.com\/produkt\/zx413-1\/\"]}]},{\"@type\":\"ImageObject\",\"inLanguage\":\"sv-SE\",\"@id\":\"https:\/\/www.zyyxlabs.com\/produkt\/zx413-1\/#primaryimage\",\"url\":\"https:\/\/www.zyyxlabs.com\/wp-content\/uploads\/2025\/04\/Polymaker-Polydryer-Box-PX01003-30594_3.png\",\"contentUrl\":\"https:\/\/www.zyyxlabs.com\/wp-content\/uploads\/2025\/04\/Polymaker-Polydryer-Box-PX01003-30594_3.png\",\"width\":2000,\"height\":2000},{\"@type\":\"BreadcrumbList\",\"@id\":\"https:\/\/www.zyyxlabs.com\/produkt\/zx413-1\/#breadcrumb\",\"itemListElement\":[{\"@type\":\"ListItem\",\"position\":1,\"name\":\"Home\",\"item\":\"https:\/\/www.zyyxlabs.com\/\"},{\"@type\":\"ListItem\",\"position\":2,\"name\":\"Webbshop\",\"item\":\"https:\/\/www.zyyxlabs.com\/sv\/webbshop\/\"},{\"@type\":\"ListItem\",\"position\":3,\"name\":\"Filamenthantering\",\"item\":\"https:\/\/www.zyyxlabs.com\/sv\/etikett\/filamenthantering\/\"},{\"@type\":\"ListItem\",\"position\":4,\"name\":\"ZX413-1 PolyDryer Box Filament-torkl\u00e5da &#8211; Standard (Ej ZYYX-f\u00f6rb\u00e4ttrad modell)\"}]},{\"@type\":\"WebSite\",\"@id\":\"https:\/\/www.zyyxlabs.com\/#website\",\"url\":\"https:\/\/www.zyyxlabs.com\/\",\"name\":\"ZYYX Labs\",\"description\":\"Professionella 3d-skrivare\",\"publisher\":{\"@id\":\"https:\/\/www.zyyxlabs.com\/#organization\"},\"potentialAction\":[{\"@type\":\"SearchAction\",\"target\":{\"@type\":\"EntryPoint\",\"urlTemplate\":\"https:\/\/www.zyyxlabs.com\/?s={search_term_string}\"},\"query-input\":{\"@type\":\"PropertyValueSpecification\",\"valueRequired\":true,\"valueName\":\"search_term_string\"}}],\"inLanguage\":\"sv-SE\"},{\"@type\":\"Organization\",\"@id\":\"https:\/\/www.zyyxlabs.com\/#organization\",\"name\":\"ZYYX Labs AB\",\"url\":\"https:\/\/www.zyyxlabs.com\/\",\"logo\":{\"@type\":\"ImageObject\",\"inLanguage\":\"sv-SE\",\"@id\":\"https:\/\/www.zyyxlabs.com\/#\/schema\/logo\/image\/\",\"url\":\"https:\/\/www.zyyxlabs.com\/wp-content\/uploads\/2019\/03\/logo.svg\",\"contentUrl\":\"https:\/\/www.zyyxlabs.com\/wp-content\/uploads\/2019\/03\/logo.svg\",\"width\":1,\"height\":1,\"caption\":\"ZYYX Labs AB\"},\"image\":{\"@id\":\"https:\/\/www.zyyxlabs.com\/#\/schema\/logo\/image\/\"},\"sameAs\":[\"https:\/\/www.linkedin.com\/company\/zyyx-3d-printer\"]}]}<\/script>\n<!-- \/ Yoast SEO plugin. -->","yoast_head_json":{"title":"ZX413-1 PolyDryer Box Filament-torkl\u00e5da - Standard (Ej ZYYX-f\u00f6rb\u00e4ttrad modell) - ZYYX Labs","description":"PolyDryer Box\u2122 \u00e4r en extra f\u00f6rvaringsl\u00e5da designad f\u00f6r att anv\u00e4ndas med en PolyDryer. PolyDryer Box\u2122 f\u00f6r ZYYX \u00e4r kompatibel med alla 3D-skrivare och rymmer en enkilosrulle, och inkluderar en speciell kort tjock teflonslang som g\u00f6r att den kan leda filamenttr\u00e5den mot en 3D-skrivare, och slangen klarar b\u00e5de 1,75 och 2,85 mm:s filament.","robots":{"index":"index","follow":"follow","max-snippet":"max-snippet:-1","max-image-preview":"max-image-preview:large","max-video-preview":"max-video-preview:-1"},"canonical":"https:\/\/www.zyyxlabs.com\/produkt\/zx413-1\/","og_locale":"sv_SE","og_type":"article","og_title":"ZX413-1 PolyDryer Box Filament-torkl\u00e5da - Standard (Ej ZYYX-f\u00f6rb\u00e4ttrad modell) - ZYYX Labs","og_description":"PolyDryer Box\u2122 \u00e4r en extra f\u00f6rvaringsl\u00e5da designad f\u00f6r att anv\u00e4ndas med en PolyDryer. PolyDryer Box\u2122 f\u00f6r ZYYX \u00e4r kompatibel med alla 3D-skrivare och rymmer en enkilosrulle, och inkluderar en speciell kort tjock teflonslang som g\u00f6r att den kan leda filamenttr\u00e5den mot en 3D-skrivare, och slangen klarar b\u00e5de 1,75 och 2,85 mm:s filament.","og_url":"https:\/\/www.zyyxlabs.com\/produkt\/zx413-1\/","og_site_name":"ZYYX Labs","article_modified_time":"2026-04-22T22:46:02+00:00","og_image":[{"width":1024,"height":1024,"url":"https:\/\/www.zyyxlabs.com\/wp-content\/uploads\/2025\/04\/Polymaker-Polydryer-Box-PX01003-30594_3-1024x1024.png","type":"image\/png"}],"twitter_card":"summary_large_image","twitter_misc":{"Ber\u00e4knad l\u00e4stid":"1 minut"},"schema":{"@context":"https:\/\/schema.org","@graph":[{"@type":"WebPage","@id":"https:\/\/www.zyyxlabs.com\/produkt\/zx413-1\/","url":"https:\/\/www.zyyxlabs.com\/produkt\/zx413-1\/","name":"ZX413-1 PolyDryer Box Filament-torkl\u00e5da - Standard (Ej ZYYX-f\u00f6rb\u00e4ttrad modell) - ZYYX Labs","isPartOf":{"@id":"https:\/\/www.zyyxlabs.com\/#website"},"primaryImageOfPage":{"@id":"https:\/\/www.zyyxlabs.com\/produkt\/zx413-1\/#primaryimage"},"image":{"@id":"https:\/\/www.zyyxlabs.com\/produkt\/zx413-1\/#primaryimage"},"thumbnailUrl":"https:\/\/www.zyyxlabs.com\/wp-content\/uploads\/2025\/04\/Polymaker-Polydryer-Box-PX01003-30594_3.png","datePublished":"2026-04-22T22:22:06+00:00","dateModified":"2026-04-22T22:46:02+00:00","description":"PolyDryer Box\u2122 \u00e4r en extra f\u00f6rvaringsl\u00e5da designad f\u00f6r att anv\u00e4ndas med en PolyDryer. PolyDryer Box\u2122 f\u00f6r ZYYX \u00e4r kompatibel med alla 3D-skrivare och rymmer en enkilosrulle, och inkluderar en speciell kort tjock teflonslang som g\u00f6r att den kan leda filamenttr\u00e5den mot en 3D-skrivare, och slangen klarar b\u00e5de 1,75 och 2,85 mm:s filament.","breadcrumb":{"@id":"https:\/\/www.zyyxlabs.com\/produkt\/zx413-1\/#breadcrumb"},"inLanguage":"sv-SE","potentialAction":[{"@type":"ReadAction","target":["https:\/\/www.zyyxlabs.com\/produkt\/zx413-1\/"]}]},{"@type":"ImageObject","inLanguage":"sv-SE","@id":"https:\/\/www.zyyxlabs.com\/produkt\/zx413-1\/#primaryimage","url":"https:\/\/www.zyyxlabs.com\/wp-content\/uploads\/2025\/04\/Polymaker-Polydryer-Box-PX01003-30594_3.png","contentUrl":"https:\/\/www.zyyxlabs.com\/wp-content\/uploads\/2025\/04\/Polymaker-Polydryer-Box-PX01003-30594_3.png","width":2000,"height":2000},{"@type":"BreadcrumbList","@id":"https:\/\/www.zyyxlabs.com\/produkt\/zx413-1\/#breadcrumb","itemListElement":[{"@type":"ListItem","position":1,"name":"Home","item":"https:\/\/www.zyyxlabs.com\/"},{"@type":"ListItem","position":2,"name":"Webbshop","item":"https:\/\/www.zyyxlabs.com\/sv\/webbshop\/"},{"@type":"ListItem","position":3,"name":"Filamenthantering","item":"https:\/\/www.zyyxlabs.com\/sv\/etikett\/filamenthantering\/"},{"@type":"ListItem","position":4,"name":"ZX413-1 PolyDryer Box Filament-torkl\u00e5da &#8211; Standard (Ej ZYYX-f\u00f6rb\u00e4ttrad modell)"}]},{"@type":"WebSite","@id":"https:\/\/www.zyyxlabs.com\/#website","url":"https:\/\/www.zyyxlabs.com\/","name":"ZYYX Labs","description":"Professionella 3d-skrivare","publisher":{"@id":"https:\/\/www.zyyxlabs.com\/#organization"},"potentialAction":[{"@type":"SearchAction","target":{"@type":"EntryPoint","urlTemplate":"https:\/\/www.zyyxlabs.com\/?s={search_term_string}"},"query-input":{"@type":"PropertyValueSpecification","valueRequired":true,"valueName":"search_term_string"}}],"inLanguage":"sv-SE"},{"@type":"Organization","@id":"https:\/\/www.zyyxlabs.com\/#organization","name":"ZYYX Labs AB","url":"https:\/\/www.zyyxlabs.com\/","logo":{"@type":"ImageObject","inLanguage":"sv-SE","@id":"https:\/\/www.zyyxlabs.com\/#\/schema\/logo\/image\/","url":"https:\/\/www.zyyxlabs.com\/wp-content\/uploads\/2019\/03\/logo.svg","contentUrl":"https:\/\/www.zyyxlabs.com\/wp-content\/uploads\/2019\/03\/logo.svg","width":1,"height":1,"caption":"ZYYX Labs AB"},"image":{"@id":"https:\/\/www.zyyxlabs.com\/#\/schema\/logo\/image\/"},"sameAs":["https:\/\/www.linkedin.com\/company\/zyyx-3d-printer"]}]}},"_links":{"self":[{"href":"https:\/\/www.zyyxlabs.com\/sv\/wp-json\/wp\/v2\/product\/13867","targetHints":{"allow":["GET"]}}],"collection":[{"href":"https:\/\/www.zyyxlabs.com\/sv\/wp-json\/wp\/v2\/product"}],"about":[{"href":"https:\/\/www.zyyxlabs.com\/sv\/wp-json\/wp\/v2\/types\/product"}],"replies":[{"embeddable":true,"href":"https:\/\/www.zyyxlabs.com\/sv\/wp-json\/wp\/v2\/comments?post=13867"}],"wp:featuredmedia":[{"embeddable":true,"href":"https:\/\/www.zyyxlabs.com\/sv\/wp-json\/wp\/v2\/media\/13774"}],"wp:attachment":[{"href":"https:\/\/www.zyyxlabs.com\/sv\/wp-json\/wp\/v2\/media?parent=13867"}],"wp:term":[{"taxonomy":"product_brand","embeddable":true,"href":"https:\/\/www.zyyxlabs.com\/sv\/wp-json\/wp\/v2\/product_brand?post=13867"},{"taxonomy":"product_cat","embeddable":true,"href":"https:\/\/www.zyyxlabs.com\/sv\/wp-json\/wp\/v2\/product_cat?post=13867"},{"taxonomy":"product_tag","embeddable":true,"href":"https:\/\/www.zyyxlabs.com\/sv\/wp-json\/wp\/v2\/product_tag?post=13867"}],"curies":[{"name":"wp","href":"https:\/\/api.w.org\/{rel}","templated":true}]}}