{"id":13236,"date":"2024-05-30T00:19:35","date_gmt":"2024-05-29T22:57:34","guid":{"rendered":"https:\/\/www.zyyxlabs.com\/?post_type=product&#038;p=13236"},"modified":"2024-05-30T15:38:58","modified_gmt":"2024-05-30T13:38:58","slug":"zx173","status":"publish","type":"product","link":"https:\/\/www.zyyxlabs.com\/sv\/produkt\/zx173\/","title":{"rendered":"ZX173 ZYYX kompakta keramikpaket"},"content":{"rendered":"<p>Detta \u00e4r ett komplett paket f\u00f6r metall- och keramiktillverkning<br \/>\nDen best\u00e5r av tre huvuddelar:<br \/>\n1. ZYYX Pro II MC\u2122 3D-skrivare<br \/>\n2. Avbindningsenhet<br \/>\n3. En kompakt ugn f\u00f6r sintring av keramik i omgivande luft.<\/p>\n<p><strong>Egenskaper<\/strong><br \/>\nSe respektive del f\u00f6r detaljer:<br \/>\n<a href=\"https:\/\/www.zyyxlabs.com\/sv\/produkt\/zx110mc\/\" rel=\"noopener\" target=\"_blank\">ZYYX Pro II MC\u2122 \u2013 3D-skrivarpaket f\u00f6r kompositer, metaller och keramik<\/a><br \/>\n<a href=\"https:\/\/www.zyyxlabs.com\/sv\/produkt\/zx160\" rel=\"noopener\" target=\"_blank\">ZX160 kemisk avbindningsenhet<\/a><br \/>\n<a href=\"https:\/\/www.zyyxlabs.com\/sv\/produkt\/zx163\">ZX163 Kompakt sintringsugn f\u00f6r keramik<\/a><\/p>\n<p>Du kan l\u00e4sa om processen i detalj i avsnittet <a href=\"https:\/\/www.zyyxlabs.com\/metal-ceramic-solutions\/\" rel=\"noopener\" target=\"_blank\">Metall- och keramikl\u00f6sningar.<\/a><\/p>\n<p><strong>Materialkompatibilitet<\/strong><br \/>\nKeramik: Porslin, Aluminiumoxid, Vit\/Svart Zirconia, Kiselkarbid SiC (delvis, ej sintring, kr\u00e4ver h\u00f6gre temperatur)<br \/>\nMetaller: Inga (de kr\u00e4ver en ugn med inert gas)<br \/>\nKomposit och plast: Alla ZYYX-filament<\/p>\n<p>Leveranstid f\u00f6r 3D-skrivare \u00e4r 2-3 veckor.<br \/>\nUgnen \u00e4r en best\u00e4llningsvara (ej lagerf\u00f6rd produkt). Leveranstid f\u00f6r ugnen \u00e4r 4-6 veckor<br \/>\nF\u00f6rskottsbetalning 50 %.<\/p>\n","protected":false},"excerpt":{"rendered":"<p>Detta \u00e4r ett komplett paket f\u00f6r metall- och keramiktillverkning Den best\u00e5r av tre huvuddelar: 1. ZYYX Pro II MC\u2122 3D-skrivare 2. Avbindningsenhet 3. En kompakt ugn f\u00f6r sintring av keramik i omgivande luft. Egenskaper Se respektive del f\u00f6r detaljer: ZYYX Pro II MC\u2122 \u2013 3D-skrivarpaket f\u00f6r kompositer, metaller och keramik ZX160 kemisk avbindningsenhet ZX163 Kompakt <a href=\"https:\/\/www.zyyxlabs.com\/sv\/produkt\/zx173\/\" class=\"more-link\">&#8230;<span class=\"screen-reader-text\">  ZX173 ZYYX kompakta keramikpaket<\/span><\/a><\/p>\n","protected":false},"featured_media":13242,"comment_status":"closed","ping_status":"closed","template":"","meta":{"_acf_changed":false,"inline_featured_image":false},"product_brand":[],"product_cat":[358],"product_tag":[355,354,363,373,342],"class_list":{"0":"post-13236","1":"product","2":"type-product","3":"status-publish","4":"has-post-thumbnail","6":"product_cat-metall-och-keramiklosningar","7":"product_tag-avbindningsenhet","8":"product_tag-zetasinter-sv","9":"product_tag-zyyx-keramik","10":"product_tag-zyyx-metall-och-keramiklosningar-sv","11":"product_tag-zyyx-pro-ii-mc-sv","12":"product_shipping_class-standard-shipping","14":"first","15":"onbackorder","16":"taxable","17":"shipping-taxable","18":"purchasable","19":"product-type-simple"},"acf":[],"yoast_head":"<!-- This site is optimized with the Yoast SEO plugin v24.8.1 - https:\/\/yoast.com\/wordpress\/plugins\/seo\/ -->\n<title>ZX173 ZYYX kompakta keramikpaket - ZYYX Labs<\/title>\n<meta name=\"description\" content=\"ZYYX ZX173 \u00e4r ett komplett paket f\u00f6r keramikproduktion, inklusive 3D-skrivare, avbindningsenhet och en kompakt sintringsugn. Med detta paket kan du sintra keramikdelar i omgivande luft.\" \/>\n<meta name=\"robots\" content=\"index, follow, max-snippet:-1, max-image-preview:large, max-video-preview:-1\" \/>\n<link rel=\"canonical\" href=\"https:\/\/www.zyyxlabs.com\/sv\/produkt\/zx173\/\" \/>\n<meta property=\"og:locale\" content=\"sv_SE\" \/>\n<meta property=\"og:type\" content=\"article\" \/>\n<meta property=\"og:title\" content=\"ZX173 ZYYX kompakta keramikpaket - ZYYX Labs\" \/>\n<meta property=\"og:description\" content=\"ZYYX ZX173 \u00e4r ett komplett paket f\u00f6r keramikproduktion, inklusive 3D-skrivare, avbindningsenhet och en kompakt sintringsugn. Med detta paket kan du sintra keramikdelar i omgivande luft.\" \/>\n<meta property=\"og:url\" content=\"https:\/\/www.zyyxlabs.com\/sv\/produkt\/zx173\/\" \/>\n<meta property=\"og:site_name\" content=\"ZYYX Labs\" \/>\n<meta property=\"article:modified_time\" content=\"2024-05-30T13:38:58+00:00\" \/>\n<meta property=\"og:image\" content=\"https:\/\/www.zyyxlabs.com\/wp-content\/uploads\/2024\/05\/ZX173-zetasinter-compact-kit-LR.png\" \/>\n\t<meta property=\"og:image:width\" content=\"600\" \/>\n\t<meta property=\"og:image:height\" content=\"600\" \/>\n\t<meta property=\"og:image:type\" content=\"image\/png\" \/>\n<meta name=\"twitter:card\" content=\"summary_large_image\" \/>\n<meta name=\"twitter:label1\" content=\"Ber\u00e4knad l\u00e4stid\" \/>\n\t<meta name=\"twitter:data1\" content=\"1 minut\" \/>\n<script type=\"application\/ld+json\" class=\"yoast-schema-graph\">{\"@context\":\"https:\/\/schema.org\",\"@graph\":[{\"@type\":\"WebPage\",\"@id\":\"https:\/\/www.zyyxlabs.com\/sv\/produkt\/zx173\/\",\"url\":\"https:\/\/www.zyyxlabs.com\/sv\/produkt\/zx173\/\",\"name\":\"ZX173 ZYYX kompakta keramikpaket - ZYYX Labs\",\"isPartOf\":{\"@id\":\"https:\/\/www.zyyxlabs.com\/#website\"},\"primaryImageOfPage\":{\"@id\":\"https:\/\/www.zyyxlabs.com\/sv\/produkt\/zx173\/#primaryimage\"},\"image\":{\"@id\":\"https:\/\/www.zyyxlabs.com\/sv\/produkt\/zx173\/#primaryimage\"},\"thumbnailUrl\":\"https:\/\/www.zyyxlabs.com\/wp-content\/uploads\/2024\/05\/ZX173-zetasinter-compact-kit-LR.png\",\"datePublished\":\"2024-05-29T22:57:34+00:00\",\"dateModified\":\"2024-05-30T13:38:58+00:00\",\"description\":\"ZYYX ZX173 \u00e4r ett komplett paket f\u00f6r keramikproduktion, inklusive 3D-skrivare, avbindningsenhet och en kompakt sintringsugn. Med detta paket kan du sintra keramikdelar i omgivande luft.\",\"breadcrumb\":{\"@id\":\"https:\/\/www.zyyxlabs.com\/sv\/produkt\/zx173\/#breadcrumb\"},\"inLanguage\":\"sv-SE\",\"potentialAction\":[{\"@type\":\"ReadAction\",\"target\":[\"https:\/\/www.zyyxlabs.com\/sv\/produkt\/zx173\/\"]}]},{\"@type\":\"ImageObject\",\"inLanguage\":\"sv-SE\",\"@id\":\"https:\/\/www.zyyxlabs.com\/sv\/produkt\/zx173\/#primaryimage\",\"url\":\"https:\/\/www.zyyxlabs.com\/wp-content\/uploads\/2024\/05\/ZX173-zetasinter-compact-kit-LR.png\",\"contentUrl\":\"https:\/\/www.zyyxlabs.com\/wp-content\/uploads\/2024\/05\/ZX173-zetasinter-compact-kit-LR.png\",\"width\":600,\"height\":600},{\"@type\":\"BreadcrumbList\",\"@id\":\"https:\/\/www.zyyxlabs.com\/sv\/produkt\/zx173\/#breadcrumb\",\"itemListElement\":[{\"@type\":\"ListItem\",\"position\":1,\"name\":\"Home\",\"item\":\"https:\/\/www.zyyxlabs.com\/\"},{\"@type\":\"ListItem\",\"position\":2,\"name\":\"Webbshop\",\"item\":\"https:\/\/www.zyyxlabs.com\/sv\/webbshop\/\"},{\"@type\":\"ListItem\",\"position\":3,\"name\":\"Avbindningsenhet\",\"item\":\"https:\/\/www.zyyxlabs.com\/sv\/etikett\/avbindningsenhet\/\"},{\"@type\":\"ListItem\",\"position\":4,\"name\":\"ZX173 ZYYX kompakta keramikpaket\"}]},{\"@type\":\"WebSite\",\"@id\":\"https:\/\/www.zyyxlabs.com\/#website\",\"url\":\"https:\/\/www.zyyxlabs.com\/\",\"name\":\"ZYYX Labs\",\"description\":\"Professionella 3d-skrivare\",\"publisher\":{\"@id\":\"https:\/\/www.zyyxlabs.com\/#organization\"},\"potentialAction\":[{\"@type\":\"SearchAction\",\"target\":{\"@type\":\"EntryPoint\",\"urlTemplate\":\"https:\/\/www.zyyxlabs.com\/?s={search_term_string}\"},\"query-input\":{\"@type\":\"PropertyValueSpecification\",\"valueRequired\":true,\"valueName\":\"search_term_string\"}}],\"inLanguage\":\"sv-SE\"},{\"@type\":\"Organization\",\"@id\":\"https:\/\/www.zyyxlabs.com\/#organization\",\"name\":\"ZYYX Labs AB\",\"url\":\"https:\/\/www.zyyxlabs.com\/\",\"logo\":{\"@type\":\"ImageObject\",\"inLanguage\":\"sv-SE\",\"@id\":\"https:\/\/www.zyyxlabs.com\/#\/schema\/logo\/image\/\",\"url\":\"https:\/\/www.zyyxlabs.com\/wp-content\/uploads\/2019\/03\/logo.svg\",\"contentUrl\":\"https:\/\/www.zyyxlabs.com\/wp-content\/uploads\/2019\/03\/logo.svg\",\"width\":1,\"height\":1,\"caption\":\"ZYYX Labs AB\"},\"image\":{\"@id\":\"https:\/\/www.zyyxlabs.com\/#\/schema\/logo\/image\/\"},\"sameAs\":[\"https:\/\/www.linkedin.com\/company\/zyyx-3d-printer\"]}]}<\/script>\n<!-- \/ Yoast SEO plugin. -->","yoast_head_json":{"title":"ZX173 ZYYX kompakta keramikpaket - ZYYX Labs","description":"ZYYX ZX173 \u00e4r ett komplett paket f\u00f6r keramikproduktion, inklusive 3D-skrivare, avbindningsenhet och en kompakt sintringsugn. Med detta paket kan du sintra keramikdelar i omgivande luft.","robots":{"index":"index","follow":"follow","max-snippet":"max-snippet:-1","max-image-preview":"max-image-preview:large","max-video-preview":"max-video-preview:-1"},"canonical":"https:\/\/www.zyyxlabs.com\/sv\/produkt\/zx173\/","og_locale":"sv_SE","og_type":"article","og_title":"ZX173 ZYYX kompakta keramikpaket - ZYYX Labs","og_description":"ZYYX ZX173 \u00e4r ett komplett paket f\u00f6r keramikproduktion, inklusive 3D-skrivare, avbindningsenhet och en kompakt sintringsugn. Med detta paket kan du sintra keramikdelar i omgivande luft.","og_url":"https:\/\/www.zyyxlabs.com\/sv\/produkt\/zx173\/","og_site_name":"ZYYX Labs","article_modified_time":"2024-05-30T13:38:58+00:00","og_image":[{"width":600,"height":600,"url":"https:\/\/www.zyyxlabs.com\/wp-content\/uploads\/2024\/05\/ZX173-zetasinter-compact-kit-LR.png","type":"image\/png"}],"twitter_card":"summary_large_image","twitter_misc":{"Ber\u00e4knad l\u00e4stid":"1 minut"},"schema":{"@context":"https:\/\/schema.org","@graph":[{"@type":"WebPage","@id":"https:\/\/www.zyyxlabs.com\/sv\/produkt\/zx173\/","url":"https:\/\/www.zyyxlabs.com\/sv\/produkt\/zx173\/","name":"ZX173 ZYYX kompakta keramikpaket - ZYYX Labs","isPartOf":{"@id":"https:\/\/www.zyyxlabs.com\/#website"},"primaryImageOfPage":{"@id":"https:\/\/www.zyyxlabs.com\/sv\/produkt\/zx173\/#primaryimage"},"image":{"@id":"https:\/\/www.zyyxlabs.com\/sv\/produkt\/zx173\/#primaryimage"},"thumbnailUrl":"https:\/\/www.zyyxlabs.com\/wp-content\/uploads\/2024\/05\/ZX173-zetasinter-compact-kit-LR.png","datePublished":"2024-05-29T22:57:34+00:00","dateModified":"2024-05-30T13:38:58+00:00","description":"ZYYX ZX173 \u00e4r ett komplett paket f\u00f6r keramikproduktion, inklusive 3D-skrivare, avbindningsenhet och en kompakt sintringsugn. Med detta paket kan du sintra keramikdelar i omgivande luft.","breadcrumb":{"@id":"https:\/\/www.zyyxlabs.com\/sv\/produkt\/zx173\/#breadcrumb"},"inLanguage":"sv-SE","potentialAction":[{"@type":"ReadAction","target":["https:\/\/www.zyyxlabs.com\/sv\/produkt\/zx173\/"]}]},{"@type":"ImageObject","inLanguage":"sv-SE","@id":"https:\/\/www.zyyxlabs.com\/sv\/produkt\/zx173\/#primaryimage","url":"https:\/\/www.zyyxlabs.com\/wp-content\/uploads\/2024\/05\/ZX173-zetasinter-compact-kit-LR.png","contentUrl":"https:\/\/www.zyyxlabs.com\/wp-content\/uploads\/2024\/05\/ZX173-zetasinter-compact-kit-LR.png","width":600,"height":600},{"@type":"BreadcrumbList","@id":"https:\/\/www.zyyxlabs.com\/sv\/produkt\/zx173\/#breadcrumb","itemListElement":[{"@type":"ListItem","position":1,"name":"Home","item":"https:\/\/www.zyyxlabs.com\/"},{"@type":"ListItem","position":2,"name":"Webbshop","item":"https:\/\/www.zyyxlabs.com\/sv\/webbshop\/"},{"@type":"ListItem","position":3,"name":"Avbindningsenhet","item":"https:\/\/www.zyyxlabs.com\/sv\/etikett\/avbindningsenhet\/"},{"@type":"ListItem","position":4,"name":"ZX173 ZYYX kompakta keramikpaket"}]},{"@type":"WebSite","@id":"https:\/\/www.zyyxlabs.com\/#website","url":"https:\/\/www.zyyxlabs.com\/","name":"ZYYX Labs","description":"Professionella 3d-skrivare","publisher":{"@id":"https:\/\/www.zyyxlabs.com\/#organization"},"potentialAction":[{"@type":"SearchAction","target":{"@type":"EntryPoint","urlTemplate":"https:\/\/www.zyyxlabs.com\/?s={search_term_string}"},"query-input":{"@type":"PropertyValueSpecification","valueRequired":true,"valueName":"search_term_string"}}],"inLanguage":"sv-SE"},{"@type":"Organization","@id":"https:\/\/www.zyyxlabs.com\/#organization","name":"ZYYX Labs AB","url":"https:\/\/www.zyyxlabs.com\/","logo":{"@type":"ImageObject","inLanguage":"sv-SE","@id":"https:\/\/www.zyyxlabs.com\/#\/schema\/logo\/image\/","url":"https:\/\/www.zyyxlabs.com\/wp-content\/uploads\/2019\/03\/logo.svg","contentUrl":"https:\/\/www.zyyxlabs.com\/wp-content\/uploads\/2019\/03\/logo.svg","width":1,"height":1,"caption":"ZYYX Labs AB"},"image":{"@id":"https:\/\/www.zyyxlabs.com\/#\/schema\/logo\/image\/"},"sameAs":["https:\/\/www.linkedin.com\/company\/zyyx-3d-printer"]}]}},"_links":{"self":[{"href":"https:\/\/www.zyyxlabs.com\/sv\/wp-json\/wp\/v2\/product\/13236","targetHints":{"allow":["GET"]}}],"collection":[{"href":"https:\/\/www.zyyxlabs.com\/sv\/wp-json\/wp\/v2\/product"}],"about":[{"href":"https:\/\/www.zyyxlabs.com\/sv\/wp-json\/wp\/v2\/types\/product"}],"replies":[{"embeddable":true,"href":"https:\/\/www.zyyxlabs.com\/sv\/wp-json\/wp\/v2\/comments?post=13236"}],"wp:featuredmedia":[{"embeddable":true,"href":"https:\/\/www.zyyxlabs.com\/sv\/wp-json\/wp\/v2\/media\/13242"}],"wp:attachment":[{"href":"https:\/\/www.zyyxlabs.com\/sv\/wp-json\/wp\/v2\/media?parent=13236"}],"wp:term":[{"taxonomy":"product_brand","embeddable":true,"href":"https:\/\/www.zyyxlabs.com\/sv\/wp-json\/wp\/v2\/product_brand?post=13236"},{"taxonomy":"product_cat","embeddable":true,"href":"https:\/\/www.zyyxlabs.com\/sv\/wp-json\/wp\/v2\/product_cat?post=13236"},{"taxonomy":"product_tag","embeddable":true,"href":"https:\/\/www.zyyxlabs.com\/sv\/wp-json\/wp\/v2\/product_tag?post=13236"}],"curies":[{"name":"wp","href":"https:\/\/api.w.org\/{rel}","templated":true}]}}