{"id":13096,"date":"2024-05-23T13:59:25","date_gmt":"2024-05-29T21:00:51","guid":{"rendered":"https:\/\/www.zyyxlabs.com\/?post_type=product&#038;p=13096"},"modified":"2024-05-30T13:48:07","modified_gmt":"2024-05-30T11:48:07","slug":"cb05","status":"publish","type":"product","link":"https:\/\/www.zyyxlabs.com\/sv\/produkt\/cb05\/","title":{"rendered":"CB05 Svart zirkoniafilament, 500 g"},"content":{"rendered":"<p>Zirkonia \u00e4r ett mycket anv\u00e4nt material inom teknisk keramik. Materialet har ett utm\u00e4rkt t\u00e5lighet mot slag och \u00e4r v\u00e4ldigt styvt. Idealiska f\u00f6r att skapa unika modeller i lyxsegmentet, zirkonia-delarna kan behandlas f\u00f6r att ge delar med vacker matt, borstad, polerad eller spegelliknande finish.<\/p>\n<p>F\u00f6rdelar:<\/p>\n<ul>\n<li>H\u00f6g densitet<\/li>\n<li>Verktygsdelar<\/li>\n<li>Prototyper och delar med utseendekrav<\/li>\n<li>Svart matt finish som kan poleras upp till en blank yta<\/li>\n<\/ul>\n<p><strong>Nettovikt<\/strong><br \/>\n0,5 kg<\/p>\n<p><strong>F\u00e4rg<\/strong><br \/>\nNaturligt svart<\/p>\n<p><strong>Skrivarkompatibilitet<\/strong><br \/>\nZYYX Pro II: med metall- och keramiktillsats<br \/>\nZYYX Pro: Nej<br \/>\nZYYX+: Nej<br \/>\nZYYX Classic: Nej<\/p>\n<p><strong>L\u00e4tt att skriva ut<\/strong><br \/>\n3\/5<\/p>\n<p><strong>F\u00f6rvaring av filament<\/strong><br \/>\nDet \u00e4r mycket viktigt att skydda filamentet fr\u00e5n fukt och fuktig luft f\u00f6r att bibeh\u00e5lla utskriftskvaliteten. F\u00f6rvara alltid filamenttr\u00e5den i den uppv\u00e4rmda kammaren, vakuumf\u00f6rsluten (med torkmedel) eller i en torkl\u00e5da.<\/p>\n<p><strong>1. Utskriftsinst\u00e4llningar<\/strong><br \/>\nV\u00e4lj<em>ZYYX &#8211; Black Zirconia<\/em> i Simplify3D. Modellen m\u00e5ste skalas till 127,4 % i x+y-led och 126,8 % i z-led f\u00f6r att kompensera f\u00f6r den krympning som sker under sintringen.<br \/>\nVid anv\u00e4ndning med andra skrivare rekommenderar vi <nobr>170 \u00b0C<\/nobr> f\u00f6r utskrift, en v\u00e4rmekammare p\u00e5 <nobr>50 \u00b0C<\/nobr>, ett h\u00e4rdat munstycke och h\u00e4rdade dubbelsidiga drivhjul.<\/p>\n<p><strong>2. Kemisk avbindning<\/strong><br \/>\n2 timmar i ett acetonbad vid 40\u00b0C (det beror lite p\u00e5 delens geometri), st\u00e4ng av v\u00e4rmen ett par timmar innan du tar upp den ur badet. &nbsp;<br \/>\nSlutligen 2 timmars torkning i omgivande atmosf\u00e4r.<\/p>\n<p><strong>3. Termisk avbindning<\/strong><br \/>\nFr\u00e5n 50&nbsp;\u00b0C till 500&nbsp;\u00b0C med 8 \u00b0C\/h ramp, 2 timmars h\u00e5lltid.<\/p>\n<p><strong>4. Sintring<\/strong><br \/>\nI en h\u00f6gtemperaturugn i luftatmosf\u00e4r, upp till 1475&nbsp;\u00b0C med en stigtid p\u00e5 50&nbsp;\u00b0C\/h. 2 timmars h\u00e5lltid. Kylning 100&nbsp;\u00b0C\/h.<\/p>\n<p><strong>Tekniskt datablad<\/strong><br \/>\nSe <a href=\"https:\/\/www.zyyxlabs.com\/sv\/datablad\/\">broschyrer och datablad<\/a><\/p>\n<p><strong>S\u00e4kerhetsdatablad (SDS)<\/strong><br \/>\nSe <a href=\"https:\/\/www.zyyxlabs.com\/sv\/datablad\/\">broschyrer och datablad<\/a><\/p>\n","protected":false},"excerpt":{"rendered":"<p>Zirkonia \u00e4r ett mycket anv\u00e4nt material inom teknisk keramik. Materialet har ett utm\u00e4rkt t\u00e5lighet mot slag och \u00e4r v\u00e4ldigt styvt. Idealiska f\u00f6r att skapa unika modeller i lyxsegmentet, zirkonia-delarna kan behandlas f\u00f6r att ge delar med vacker matt, borstad, polerad eller spegelliknande finish. F\u00f6rdelar: H\u00f6g densitet Verktygsdelar Prototyper och delar med utseendekrav Svart matt finish <a href=\"https:\/\/www.zyyxlabs.com\/sv\/produkt\/cb05\/\" class=\"more-link\">&#8230;<span class=\"screen-reader-text\">  CB05 Svart zirkoniafilament, 500 g<\/span><\/a><\/p>\n","protected":false},"featured_media":13142,"comment_status":"closed","ping_status":"closed","template":"","meta":{"_acf_changed":false,"inline_featured_image":false},"product_brand":[],"product_cat":[358,360],"product_tag":[112,111,377,113,316,332,341,342],"class_list":{"0":"post-13096","1":"product","2":"type-product","3":"status-publish","4":"has-post-thumbnail","6":"product_cat-metall-och-keramiklosningar","7":"product_cat-filament-mk","8":"product_tag-filament-sv-2","9":"product_tag-forbrukningsartiklar","10":"product_tag-keramik","11":"product_tag-material-sv","12":"product_tag-metall-keramik","13":"product_tag-svart-zirkonia","14":"product_tag-zetamix-sv","15":"product_tag-zyyx-pro-ii-mc-sv","16":"product_shipping_class-standard-shipping","18":"first","19":"instock","20":"taxable","21":"shipping-taxable","22":"purchasable","23":"product-type-simple"},"acf":[],"yoast_head":"<!-- This site is optimized with the Yoast SEO plugin v24.8.1 - https:\/\/yoast.com\/wordpress\/plugins\/seo\/ -->\n<title>CB05 Svart zirkoniafilament, 500 g - ZYYX Labs<\/title>\n<meta name=\"description\" content=\"Svart zirkonia \u00e4r ett mycket popul\u00e4rt material inom teknisk keramik. Materialet har ett utm\u00e4rkt t\u00e5lighet mot slag och \u00e4r v\u00e4ldigt styvt. Idealiska f\u00f6r att skapa unika modeller i lyxsegmentet, Zirkonia-delarna kan behandlas f\u00f6r att ge delar med vacker matt, borstad, polerad eller spegelliknande finish.\" \/>\n<meta name=\"robots\" content=\"index, follow, max-snippet:-1, max-image-preview:large, max-video-preview:-1\" \/>\n<link rel=\"canonical\" href=\"https:\/\/www.zyyxlabs.com\/sv\/produkt\/cb05\/\" \/>\n<meta property=\"og:locale\" content=\"sv_SE\" \/>\n<meta property=\"og:type\" content=\"article\" \/>\n<meta property=\"og:title\" content=\"CB05 Svart zirkoniafilament, 500 g - ZYYX Labs\" \/>\n<meta property=\"og:description\" content=\"Svart zirkonia \u00e4r ett mycket popul\u00e4rt material inom teknisk keramik. Materialet har ett utm\u00e4rkt t\u00e5lighet mot slag och \u00e4r v\u00e4ldigt styvt. Idealiska f\u00f6r att skapa unika modeller i lyxsegmentet, Zirkonia-delarna kan behandlas f\u00f6r att ge delar med vacker matt, borstad, polerad eller spegelliknande finish.\" \/>\n<meta property=\"og:url\" content=\"https:\/\/www.zyyxlabs.com\/sv\/produkt\/cb05\/\" \/>\n<meta property=\"og:site_name\" content=\"ZYYX Labs\" \/>\n<meta property=\"article:modified_time\" content=\"2024-05-30T11:48:07+00:00\" \/>\n<meta property=\"og:image\" content=\"https:\/\/www.zyyxlabs.com\/wp-content\/uploads\/2024\/05\/Spool-svart-zirkonia-frilagd-LR-1.png\" \/>\n\t<meta property=\"og:image:width\" content=\"600\" \/>\n\t<meta property=\"og:image:height\" content=\"600\" \/>\n\t<meta property=\"og:image:type\" content=\"image\/png\" \/>\n<meta name=\"twitter:card\" content=\"summary_large_image\" \/>\n<meta name=\"twitter:label1\" content=\"Ber\u00e4knad l\u00e4stid\" \/>\n\t<meta name=\"twitter:data1\" content=\"1 minut\" \/>\n<script type=\"application\/ld+json\" class=\"yoast-schema-graph\">{\"@context\":\"https:\/\/schema.org\",\"@graph\":[{\"@type\":\"WebPage\",\"@id\":\"https:\/\/www.zyyxlabs.com\/sv\/produkt\/cb05\/\",\"url\":\"https:\/\/www.zyyxlabs.com\/sv\/produkt\/cb05\/\",\"name\":\"CB05 Svart zirkoniafilament, 500 g - ZYYX Labs\",\"isPartOf\":{\"@id\":\"https:\/\/www.zyyxlabs.com\/#website\"},\"primaryImageOfPage\":{\"@id\":\"https:\/\/www.zyyxlabs.com\/sv\/produkt\/cb05\/#primaryimage\"},\"image\":{\"@id\":\"https:\/\/www.zyyxlabs.com\/sv\/produkt\/cb05\/#primaryimage\"},\"thumbnailUrl\":\"https:\/\/www.zyyxlabs.com\/wp-content\/uploads\/2024\/05\/Spool-svart-zirkonia-frilagd-LR-1.png\",\"datePublished\":\"2024-05-29T21:00:51+00:00\",\"dateModified\":\"2024-05-30T11:48:07+00:00\",\"description\":\"Svart zirkonia \u00e4r ett mycket popul\u00e4rt material inom teknisk keramik. Materialet har ett utm\u00e4rkt t\u00e5lighet mot slag och \u00e4r v\u00e4ldigt styvt. Idealiska f\u00f6r att skapa unika modeller i lyxsegmentet, Zirkonia-delarna kan behandlas f\u00f6r att ge delar med vacker matt, borstad, polerad eller spegelliknande finish.\",\"breadcrumb\":{\"@id\":\"https:\/\/www.zyyxlabs.com\/sv\/produkt\/cb05\/#breadcrumb\"},\"inLanguage\":\"sv-SE\",\"potentialAction\":[{\"@type\":\"ReadAction\",\"target\":[\"https:\/\/www.zyyxlabs.com\/sv\/produkt\/cb05\/\"]}]},{\"@type\":\"ImageObject\",\"inLanguage\":\"sv-SE\",\"@id\":\"https:\/\/www.zyyxlabs.com\/sv\/produkt\/cb05\/#primaryimage\",\"url\":\"https:\/\/www.zyyxlabs.com\/wp-content\/uploads\/2024\/05\/Spool-svart-zirkonia-frilagd-LR-1.png\",\"contentUrl\":\"https:\/\/www.zyyxlabs.com\/wp-content\/uploads\/2024\/05\/Spool-svart-zirkonia-frilagd-LR-1.png\",\"width\":600,\"height\":600},{\"@type\":\"BreadcrumbList\",\"@id\":\"https:\/\/www.zyyxlabs.com\/sv\/produkt\/cb05\/#breadcrumb\",\"itemListElement\":[{\"@type\":\"ListItem\",\"position\":1,\"name\":\"Home\",\"item\":\"https:\/\/www.zyyxlabs.com\/\"},{\"@type\":\"ListItem\",\"position\":2,\"name\":\"Webbshop\",\"item\":\"https:\/\/www.zyyxlabs.com\/sv\/webbshop\/\"},{\"@type\":\"ListItem\",\"position\":3,\"name\":\"Filament\",\"item\":\"https:\/\/www.zyyxlabs.com\/sv\/etikett\/filament-sv-2\/\"},{\"@type\":\"ListItem\",\"position\":4,\"name\":\"CB05 Svart zirkoniafilament, 500 g\"}]},{\"@type\":\"WebSite\",\"@id\":\"https:\/\/www.zyyxlabs.com\/#website\",\"url\":\"https:\/\/www.zyyxlabs.com\/\",\"name\":\"ZYYX Labs\",\"description\":\"Professionella 3d-skrivare\",\"publisher\":{\"@id\":\"https:\/\/www.zyyxlabs.com\/#organization\"},\"potentialAction\":[{\"@type\":\"SearchAction\",\"target\":{\"@type\":\"EntryPoint\",\"urlTemplate\":\"https:\/\/www.zyyxlabs.com\/?s={search_term_string}\"},\"query-input\":{\"@type\":\"PropertyValueSpecification\",\"valueRequired\":true,\"valueName\":\"search_term_string\"}}],\"inLanguage\":\"sv-SE\"},{\"@type\":\"Organization\",\"@id\":\"https:\/\/www.zyyxlabs.com\/#organization\",\"name\":\"ZYYX Labs AB\",\"url\":\"https:\/\/www.zyyxlabs.com\/\",\"logo\":{\"@type\":\"ImageObject\",\"inLanguage\":\"sv-SE\",\"@id\":\"https:\/\/www.zyyxlabs.com\/#\/schema\/logo\/image\/\",\"url\":\"https:\/\/www.zyyxlabs.com\/wp-content\/uploads\/2019\/03\/logo.svg\",\"contentUrl\":\"https:\/\/www.zyyxlabs.com\/wp-content\/uploads\/2019\/03\/logo.svg\",\"width\":1,\"height\":1,\"caption\":\"ZYYX Labs AB\"},\"image\":{\"@id\":\"https:\/\/www.zyyxlabs.com\/#\/schema\/logo\/image\/\"},\"sameAs\":[\"https:\/\/www.linkedin.com\/company\/zyyx-3d-printer\"]}]}<\/script>\n<!-- \/ Yoast SEO plugin. -->","yoast_head_json":{"title":"CB05 Svart zirkoniafilament, 500 g - ZYYX Labs","description":"Svart zirkonia \u00e4r ett mycket popul\u00e4rt material inom teknisk keramik. Materialet har ett utm\u00e4rkt t\u00e5lighet mot slag och \u00e4r v\u00e4ldigt styvt. Idealiska f\u00f6r att skapa unika modeller i lyxsegmentet, Zirkonia-delarna kan behandlas f\u00f6r att ge delar med vacker matt, borstad, polerad eller spegelliknande finish.","robots":{"index":"index","follow":"follow","max-snippet":"max-snippet:-1","max-image-preview":"max-image-preview:large","max-video-preview":"max-video-preview:-1"},"canonical":"https:\/\/www.zyyxlabs.com\/sv\/produkt\/cb05\/","og_locale":"sv_SE","og_type":"article","og_title":"CB05 Svart zirkoniafilament, 500 g - ZYYX Labs","og_description":"Svart zirkonia \u00e4r ett mycket popul\u00e4rt material inom teknisk keramik. Materialet har ett utm\u00e4rkt t\u00e5lighet mot slag och \u00e4r v\u00e4ldigt styvt. Idealiska f\u00f6r att skapa unika modeller i lyxsegmentet, Zirkonia-delarna kan behandlas f\u00f6r att ge delar med vacker matt, borstad, polerad eller spegelliknande finish.","og_url":"https:\/\/www.zyyxlabs.com\/sv\/produkt\/cb05\/","og_site_name":"ZYYX Labs","article_modified_time":"2024-05-30T11:48:07+00:00","og_image":[{"width":600,"height":600,"url":"https:\/\/www.zyyxlabs.com\/wp-content\/uploads\/2024\/05\/Spool-svart-zirkonia-frilagd-LR-1.png","type":"image\/png"}],"twitter_card":"summary_large_image","twitter_misc":{"Ber\u00e4knad l\u00e4stid":"1 minut"},"schema":{"@context":"https:\/\/schema.org","@graph":[{"@type":"WebPage","@id":"https:\/\/www.zyyxlabs.com\/sv\/produkt\/cb05\/","url":"https:\/\/www.zyyxlabs.com\/sv\/produkt\/cb05\/","name":"CB05 Svart zirkoniafilament, 500 g - ZYYX Labs","isPartOf":{"@id":"https:\/\/www.zyyxlabs.com\/#website"},"primaryImageOfPage":{"@id":"https:\/\/www.zyyxlabs.com\/sv\/produkt\/cb05\/#primaryimage"},"image":{"@id":"https:\/\/www.zyyxlabs.com\/sv\/produkt\/cb05\/#primaryimage"},"thumbnailUrl":"https:\/\/www.zyyxlabs.com\/wp-content\/uploads\/2024\/05\/Spool-svart-zirkonia-frilagd-LR-1.png","datePublished":"2024-05-29T21:00:51+00:00","dateModified":"2024-05-30T11:48:07+00:00","description":"Svart zirkonia \u00e4r ett mycket popul\u00e4rt material inom teknisk keramik. Materialet har ett utm\u00e4rkt t\u00e5lighet mot slag och \u00e4r v\u00e4ldigt styvt. Idealiska f\u00f6r att skapa unika modeller i lyxsegmentet, Zirkonia-delarna kan behandlas f\u00f6r att ge delar med vacker matt, borstad, polerad eller spegelliknande finish.","breadcrumb":{"@id":"https:\/\/www.zyyxlabs.com\/sv\/produkt\/cb05\/#breadcrumb"},"inLanguage":"sv-SE","potentialAction":[{"@type":"ReadAction","target":["https:\/\/www.zyyxlabs.com\/sv\/produkt\/cb05\/"]}]},{"@type":"ImageObject","inLanguage":"sv-SE","@id":"https:\/\/www.zyyxlabs.com\/sv\/produkt\/cb05\/#primaryimage","url":"https:\/\/www.zyyxlabs.com\/wp-content\/uploads\/2024\/05\/Spool-svart-zirkonia-frilagd-LR-1.png","contentUrl":"https:\/\/www.zyyxlabs.com\/wp-content\/uploads\/2024\/05\/Spool-svart-zirkonia-frilagd-LR-1.png","width":600,"height":600},{"@type":"BreadcrumbList","@id":"https:\/\/www.zyyxlabs.com\/sv\/produkt\/cb05\/#breadcrumb","itemListElement":[{"@type":"ListItem","position":1,"name":"Home","item":"https:\/\/www.zyyxlabs.com\/"},{"@type":"ListItem","position":2,"name":"Webbshop","item":"https:\/\/www.zyyxlabs.com\/sv\/webbshop\/"},{"@type":"ListItem","position":3,"name":"Filament","item":"https:\/\/www.zyyxlabs.com\/sv\/etikett\/filament-sv-2\/"},{"@type":"ListItem","position":4,"name":"CB05 Svart zirkoniafilament, 500 g"}]},{"@type":"WebSite","@id":"https:\/\/www.zyyxlabs.com\/#website","url":"https:\/\/www.zyyxlabs.com\/","name":"ZYYX Labs","description":"Professionella 3d-skrivare","publisher":{"@id":"https:\/\/www.zyyxlabs.com\/#organization"},"potentialAction":[{"@type":"SearchAction","target":{"@type":"EntryPoint","urlTemplate":"https:\/\/www.zyyxlabs.com\/?s={search_term_string}"},"query-input":{"@type":"PropertyValueSpecification","valueRequired":true,"valueName":"search_term_string"}}],"inLanguage":"sv-SE"},{"@type":"Organization","@id":"https:\/\/www.zyyxlabs.com\/#organization","name":"ZYYX Labs AB","url":"https:\/\/www.zyyxlabs.com\/","logo":{"@type":"ImageObject","inLanguage":"sv-SE","@id":"https:\/\/www.zyyxlabs.com\/#\/schema\/logo\/image\/","url":"https:\/\/www.zyyxlabs.com\/wp-content\/uploads\/2019\/03\/logo.svg","contentUrl":"https:\/\/www.zyyxlabs.com\/wp-content\/uploads\/2019\/03\/logo.svg","width":1,"height":1,"caption":"ZYYX Labs AB"},"image":{"@id":"https:\/\/www.zyyxlabs.com\/#\/schema\/logo\/image\/"},"sameAs":["https:\/\/www.linkedin.com\/company\/zyyx-3d-printer"]}]}},"_links":{"self":[{"href":"https:\/\/www.zyyxlabs.com\/sv\/wp-json\/wp\/v2\/product\/13096","targetHints":{"allow":["GET"]}}],"collection":[{"href":"https:\/\/www.zyyxlabs.com\/sv\/wp-json\/wp\/v2\/product"}],"about":[{"href":"https:\/\/www.zyyxlabs.com\/sv\/wp-json\/wp\/v2\/types\/product"}],"replies":[{"embeddable":true,"href":"https:\/\/www.zyyxlabs.com\/sv\/wp-json\/wp\/v2\/comments?post=13096"}],"wp:featuredmedia":[{"embeddable":true,"href":"https:\/\/www.zyyxlabs.com\/sv\/wp-json\/wp\/v2\/media\/13142"}],"wp:attachment":[{"href":"https:\/\/www.zyyxlabs.com\/sv\/wp-json\/wp\/v2\/media?parent=13096"}],"wp:term":[{"taxonomy":"product_brand","embeddable":true,"href":"https:\/\/www.zyyxlabs.com\/sv\/wp-json\/wp\/v2\/product_brand?post=13096"},{"taxonomy":"product_cat","embeddable":true,"href":"https:\/\/www.zyyxlabs.com\/sv\/wp-json\/wp\/v2\/product_cat?post=13096"},{"taxonomy":"product_tag","embeddable":true,"href":"https:\/\/www.zyyxlabs.com\/sv\/wp-json\/wp\/v2\/product_tag?post=13096"}],"curies":[{"name":"wp","href":"https:\/\/api.w.org\/{rel}","templated":true}]}}