{"id":13039,"date":"2024-05-06T12:14:01","date_gmt":"2024-05-29T21:00:54","guid":{"rendered":"https:\/\/www.zyyxlabs.com\/?post_type=product&#038;p=13039"},"modified":"2024-05-29T23:00:54","modified_gmt":"2024-05-29T21:00:54","slug":"e1-0776","status":"publish","type":"product","link":"https:\/\/www.zyyxlabs.com\/sv\/produkt\/e1-0776\/","title":{"rendered":"E1.0776 A4988 stegmotordrivkort reservdel"},"content":{"rendered":"<p>Stegmotorerna i en 3D-skrivare styrs av ett drivkort f\u00f6r stegmotorer. Detta \u00e4r en reservdel f\u00f6r den ursprungliga A4988-drivkort som medf\u00f6ljde ZYYX Pro och ZYYX+ \/ Classic. F\u00f6r Z, Y och Z rekommenderar vi att du uppgraderar till Trinamic-drivrutiner (dessa \u00e4r standard i alla ZYYX Pro II och \u00e4ven i ZYYX Pro sedan slutet av 2019). Dessa drivretsar g\u00f6r att 3D-skrivaren blir tystare under utskrift. Se <a href=\"https:\/\/www.zyyxlabs.com\/product\/zx609diy-trinamic-tms2209-stepper-driver-upgrade-xyz-drivers-instruction\/\">ZX609DIY Trinamic TMS2209 stepper drivrutinsuppgradering (xyz drivrutiner + instruktioner)<\/a>.<br \/>\nEn bild f\u00f6r guide under installationen finns nedan.<\/p>\n<p><strong>Skrivarkompatibilitet<\/strong><br \/>\nZYYX Pro II: Endast extruder<br \/>\nZYYX Pro: Ja<br \/>\nZYYX+: Ja<br \/>\nZYYX\/ZYYX Classic: Ja<\/p>\n<p>Obs! Var f\u00f6rsiktig vid installationen och f\u00f6lj instruktionerna mycket noga. Om du monterar dem felaktigt kommer de med st\u00f6rsta sannolikhet att g\u00e5 s\u00f6nder och de kan d\u00e5 \u00e4ven skada moderkortet, och detta t\u00e4cks INTE av garantin.<br \/>\nSe bild. TP1 ska vara v\u00e4nd ned\u00e5t mot de gr\u00f6na kontakterna. &#8220;Musse Pigg&#8221;-\u00f6ronen ska vara v\u00e4nda bort fr\u00e5n USB-porten.<br \/>\n<a href=\"https:\/\/www.zyyxlabs.com\/wp-content\/uploads\/2024\/05\/Mounting-A4988-LR-inst.png\"><img loading=\"lazy\" decoding=\"async\" src=\"https:\/\/www.zyyxlabs.com\/wp-content\/uploads\/2024\/05\/Mounting-A4988-LR-inst-210x300.png\" alt=\"\" width=\"210\" height=\"300\" class=\"alignnone size-medium wp-image-13042\" srcset=\"https:\/\/www.zyyxlabs.com\/wp-content\/uploads\/2024\/05\/Mounting-A4988-LR-inst-210x300.png 210w, https:\/\/www.zyyxlabs.com\/wp-content\/uploads\/2024\/05\/Mounting-A4988-LR-inst-600x857.png 600w, https:\/\/www.zyyxlabs.com\/wp-content\/uploads\/2024\/05\/Mounting-A4988-LR-inst.png 700w\" sizes=\"auto, (max-width: 210px) 100vw, 210px\" \/><\/a><\/p>\n","protected":false},"excerpt":{"rendered":"<p>Stegmotorerna i en 3D-skrivare styrs av ett drivkort f\u00f6r stegmotorer. Detta \u00e4r en reservdel f\u00f6r den ursprungliga A4988-drivkort som medf\u00f6ljde ZYYX Pro och ZYYX+ \/ Classic. F\u00f6r Z, Y och Z rekommenderar vi att du uppgraderar till Trinamic-drivrutiner (dessa \u00e4r standard i alla ZYYX Pro II och \u00e4ven i ZYYX Pro sedan slutet av 2019). <a href=\"https:\/\/www.zyyxlabs.com\/sv\/produkt\/e1-0776\/\" class=\"more-link\">&#8230;<span class=\"screen-reader-text\">  E1.0776 A4988 stegmotordrivkort reservdel<\/span><\/a><\/p>\n","protected":false},"featured_media":13041,"comment_status":"open","ping_status":"closed","template":"","meta":{"_acf_changed":false,"inline_featured_image":false},"product_brand":[],"product_cat":[69],"product_tag":[129,154],"class_list":{"0":"post-13039","1":"product","2":"type-product","3":"status-publish","4":"has-post-thumbnail","6":"product_cat-reservdelar","7":"product_tag-spare-parts-sv","8":"product_tag-stegmotordrivare","9":"product_shipping_class-standard-shipping","11":"first","12":"instock","13":"taxable","14":"shipping-taxable","15":"purchasable","16":"product-type-simple"},"acf":[],"yoast_head":"<!-- This site is optimized with the Yoast SEO plugin v24.8.1 - https:\/\/yoast.com\/wordpress\/plugins\/seo\/ -->\n<title>E1.0776 A4988 stegmotordrivkort reservdel - ZYYX Labs<\/title>\n<meta name=\"description\" content=\"Stegmotorerna i en 3D-skrivare styrs av ett drivkort f\u00f6r stegmotorer. Det h\u00e4r \u00e4r den ursprungliga A4988-drivkretsen som levererades med ZYYX Pro och ZYYX+ \/ Classic. F\u00f6r Z, Y och Z rekommenderar vi att du uppgraderar till Trinamic-drivrutiner (dessa \u00e4r standard i alla ZYYX Pro II och \u00e4ven i ZYYX Pro sedan slutet av 2019). Dessa drivretsar g\u00f6r att 3D-skrivaren blir tystare under utskrift.\" \/>\n<meta name=\"robots\" content=\"index, follow, max-snippet:-1, max-image-preview:large, max-video-preview:-1\" \/>\n<link rel=\"canonical\" href=\"https:\/\/www.zyyxlabs.com\/sv\/produkt\/e1-0776\/\" \/>\n<meta property=\"og:locale\" content=\"sv_SE\" \/>\n<meta property=\"og:type\" content=\"article\" \/>\n<meta property=\"og:title\" content=\"E1.0776 A4988 stegmotordrivkort reservdel - ZYYX Labs\" \/>\n<meta property=\"og:description\" content=\"Stegmotorerna i en 3D-skrivare styrs av ett drivkort f\u00f6r stegmotorer. Det h\u00e4r \u00e4r den ursprungliga A4988-drivkretsen som levererades med ZYYX Pro och ZYYX+ \/ Classic. F\u00f6r Z, Y och Z rekommenderar vi att du uppgraderar till Trinamic-drivrutiner (dessa \u00e4r standard i alla ZYYX Pro II och \u00e4ven i ZYYX Pro sedan slutet av 2019). Dessa drivretsar g\u00f6r att 3D-skrivaren blir tystare under utskrift.\" \/>\n<meta property=\"og:url\" content=\"https:\/\/www.zyyxlabs.com\/sv\/produkt\/e1-0776\/\" \/>\n<meta property=\"og:site_name\" content=\"ZYYX Labs\" \/>\n<meta property=\"og:image\" content=\"https:\/\/www.zyyxlabs.com\/wp-content\/uploads\/2024\/05\/E1.0776-ZYYX-Stepper-Driver-Board-A4988-LR.png\" \/>\n\t<meta property=\"og:image:width\" content=\"600\" \/>\n\t<meta property=\"og:image:height\" content=\"600\" \/>\n\t<meta property=\"og:image:type\" content=\"image\/png\" \/>\n<meta name=\"twitter:card\" content=\"summary_large_image\" \/>\n<meta name=\"twitter:label1\" content=\"Ber\u00e4knad l\u00e4stid\" \/>\n\t<meta name=\"twitter:data1\" content=\"1 minut\" \/>\n<script type=\"application\/ld+json\" class=\"yoast-schema-graph\">{\"@context\":\"https:\/\/schema.org\",\"@graph\":[{\"@type\":\"WebPage\",\"@id\":\"https:\/\/www.zyyxlabs.com\/sv\/produkt\/e1-0776\/\",\"url\":\"https:\/\/www.zyyxlabs.com\/sv\/produkt\/e1-0776\/\",\"name\":\"E1.0776 A4988 stegmotordrivkort reservdel - ZYYX Labs\",\"isPartOf\":{\"@id\":\"https:\/\/www.zyyxlabs.com\/#website\"},\"primaryImageOfPage\":{\"@id\":\"https:\/\/www.zyyxlabs.com\/sv\/produkt\/e1-0776\/#primaryimage\"},\"image\":{\"@id\":\"https:\/\/www.zyyxlabs.com\/sv\/produkt\/e1-0776\/#primaryimage\"},\"thumbnailUrl\":\"https:\/\/www.zyyxlabs.com\/wp-content\/uploads\/2024\/05\/E1.0776-ZYYX-Stepper-Driver-Board-A4988-LR.png\",\"datePublished\":\"2024-05-29T21:00:54+00:00\",\"description\":\"Stegmotorerna i en 3D-skrivare styrs av ett drivkort f\u00f6r stegmotorer. Det h\u00e4r \u00e4r den ursprungliga A4988-drivkretsen som levererades med ZYYX Pro och ZYYX+ \/ Classic. F\u00f6r Z, Y och Z rekommenderar vi att du uppgraderar till Trinamic-drivrutiner (dessa \u00e4r standard i alla ZYYX Pro II och \u00e4ven i ZYYX Pro sedan slutet av 2019). Dessa drivretsar g\u00f6r att 3D-skrivaren blir tystare under utskrift.\",\"breadcrumb\":{\"@id\":\"https:\/\/www.zyyxlabs.com\/sv\/produkt\/e1-0776\/#breadcrumb\"},\"inLanguage\":\"sv-SE\",\"potentialAction\":[{\"@type\":\"ReadAction\",\"target\":[\"https:\/\/www.zyyxlabs.com\/sv\/produkt\/e1-0776\/\"]}]},{\"@type\":\"ImageObject\",\"inLanguage\":\"sv-SE\",\"@id\":\"https:\/\/www.zyyxlabs.com\/sv\/produkt\/e1-0776\/#primaryimage\",\"url\":\"https:\/\/www.zyyxlabs.com\/wp-content\/uploads\/2024\/05\/E1.0776-ZYYX-Stepper-Driver-Board-A4988-LR.png\",\"contentUrl\":\"https:\/\/www.zyyxlabs.com\/wp-content\/uploads\/2024\/05\/E1.0776-ZYYX-Stepper-Driver-Board-A4988-LR.png\",\"width\":600,\"height\":600},{\"@type\":\"BreadcrumbList\",\"@id\":\"https:\/\/www.zyyxlabs.com\/sv\/produkt\/e1-0776\/#breadcrumb\",\"itemListElement\":[{\"@type\":\"ListItem\",\"position\":1,\"name\":\"Home\",\"item\":\"https:\/\/www.zyyxlabs.com\/\"},{\"@type\":\"ListItem\",\"position\":2,\"name\":\"Webbshop\",\"item\":\"https:\/\/www.zyyxlabs.com\/sv\/webbshop\/\"},{\"@type\":\"ListItem\",\"position\":3,\"name\":\"Reservdelar\",\"item\":\"https:\/\/www.zyyxlabs.com\/sv\/etikett\/spare-parts-sv\/\"},{\"@type\":\"ListItem\",\"position\":4,\"name\":\"E1.0776 A4988 stegmotordrivkort reservdel\"}]},{\"@type\":\"WebSite\",\"@id\":\"https:\/\/www.zyyxlabs.com\/#website\",\"url\":\"https:\/\/www.zyyxlabs.com\/\",\"name\":\"ZYYX Labs\",\"description\":\"Professionella 3d-skrivare\",\"publisher\":{\"@id\":\"https:\/\/www.zyyxlabs.com\/#organization\"},\"potentialAction\":[{\"@type\":\"SearchAction\",\"target\":{\"@type\":\"EntryPoint\",\"urlTemplate\":\"https:\/\/www.zyyxlabs.com\/?s={search_term_string}\"},\"query-input\":{\"@type\":\"PropertyValueSpecification\",\"valueRequired\":true,\"valueName\":\"search_term_string\"}}],\"inLanguage\":\"sv-SE\"},{\"@type\":\"Organization\",\"@id\":\"https:\/\/www.zyyxlabs.com\/#organization\",\"name\":\"ZYYX Labs AB\",\"url\":\"https:\/\/www.zyyxlabs.com\/\",\"logo\":{\"@type\":\"ImageObject\",\"inLanguage\":\"sv-SE\",\"@id\":\"https:\/\/www.zyyxlabs.com\/#\/schema\/logo\/image\/\",\"url\":\"https:\/\/www.zyyxlabs.com\/wp-content\/uploads\/2019\/03\/logo.svg\",\"contentUrl\":\"https:\/\/www.zyyxlabs.com\/wp-content\/uploads\/2019\/03\/logo.svg\",\"width\":1,\"height\":1,\"caption\":\"ZYYX Labs AB\"},\"image\":{\"@id\":\"https:\/\/www.zyyxlabs.com\/#\/schema\/logo\/image\/\"},\"sameAs\":[\"https:\/\/www.linkedin.com\/company\/zyyx-3d-printer\"]}]}<\/script>\n<!-- \/ Yoast SEO plugin. -->","yoast_head_json":{"title":"E1.0776 A4988 stegmotordrivkort reservdel - ZYYX Labs","description":"Stegmotorerna i en 3D-skrivare styrs av ett drivkort f\u00f6r stegmotorer. Det h\u00e4r \u00e4r den ursprungliga A4988-drivkretsen som levererades med ZYYX Pro och ZYYX+ \/ Classic. F\u00f6r Z, Y och Z rekommenderar vi att du uppgraderar till Trinamic-drivrutiner (dessa \u00e4r standard i alla ZYYX Pro II och \u00e4ven i ZYYX Pro sedan slutet av 2019). Dessa drivretsar g\u00f6r att 3D-skrivaren blir tystare under utskrift.","robots":{"index":"index","follow":"follow","max-snippet":"max-snippet:-1","max-image-preview":"max-image-preview:large","max-video-preview":"max-video-preview:-1"},"canonical":"https:\/\/www.zyyxlabs.com\/sv\/produkt\/e1-0776\/","og_locale":"sv_SE","og_type":"article","og_title":"E1.0776 A4988 stegmotordrivkort reservdel - ZYYX Labs","og_description":"Stegmotorerna i en 3D-skrivare styrs av ett drivkort f\u00f6r stegmotorer. Det h\u00e4r \u00e4r den ursprungliga A4988-drivkretsen som levererades med ZYYX Pro och ZYYX+ \/ Classic. F\u00f6r Z, Y och Z rekommenderar vi att du uppgraderar till Trinamic-drivrutiner (dessa \u00e4r standard i alla ZYYX Pro II och \u00e4ven i ZYYX Pro sedan slutet av 2019). Dessa drivretsar g\u00f6r att 3D-skrivaren blir tystare under utskrift.","og_url":"https:\/\/www.zyyxlabs.com\/sv\/produkt\/e1-0776\/","og_site_name":"ZYYX Labs","og_image":[{"width":600,"height":600,"url":"https:\/\/www.zyyxlabs.com\/wp-content\/uploads\/2024\/05\/E1.0776-ZYYX-Stepper-Driver-Board-A4988-LR.png","type":"image\/png"}],"twitter_card":"summary_large_image","twitter_misc":{"Ber\u00e4knad l\u00e4stid":"1 minut"},"schema":{"@context":"https:\/\/schema.org","@graph":[{"@type":"WebPage","@id":"https:\/\/www.zyyxlabs.com\/sv\/produkt\/e1-0776\/","url":"https:\/\/www.zyyxlabs.com\/sv\/produkt\/e1-0776\/","name":"E1.0776 A4988 stegmotordrivkort reservdel - ZYYX Labs","isPartOf":{"@id":"https:\/\/www.zyyxlabs.com\/#website"},"primaryImageOfPage":{"@id":"https:\/\/www.zyyxlabs.com\/sv\/produkt\/e1-0776\/#primaryimage"},"image":{"@id":"https:\/\/www.zyyxlabs.com\/sv\/produkt\/e1-0776\/#primaryimage"},"thumbnailUrl":"https:\/\/www.zyyxlabs.com\/wp-content\/uploads\/2024\/05\/E1.0776-ZYYX-Stepper-Driver-Board-A4988-LR.png","datePublished":"2024-05-29T21:00:54+00:00","description":"Stegmotorerna i en 3D-skrivare styrs av ett drivkort f\u00f6r stegmotorer. Det h\u00e4r \u00e4r den ursprungliga A4988-drivkretsen som levererades med ZYYX Pro och ZYYX+ \/ Classic. F\u00f6r Z, Y och Z rekommenderar vi att du uppgraderar till Trinamic-drivrutiner (dessa \u00e4r standard i alla ZYYX Pro II och \u00e4ven i ZYYX Pro sedan slutet av 2019). Dessa drivretsar g\u00f6r att 3D-skrivaren blir tystare under utskrift.","breadcrumb":{"@id":"https:\/\/www.zyyxlabs.com\/sv\/produkt\/e1-0776\/#breadcrumb"},"inLanguage":"sv-SE","potentialAction":[{"@type":"ReadAction","target":["https:\/\/www.zyyxlabs.com\/sv\/produkt\/e1-0776\/"]}]},{"@type":"ImageObject","inLanguage":"sv-SE","@id":"https:\/\/www.zyyxlabs.com\/sv\/produkt\/e1-0776\/#primaryimage","url":"https:\/\/www.zyyxlabs.com\/wp-content\/uploads\/2024\/05\/E1.0776-ZYYX-Stepper-Driver-Board-A4988-LR.png","contentUrl":"https:\/\/www.zyyxlabs.com\/wp-content\/uploads\/2024\/05\/E1.0776-ZYYX-Stepper-Driver-Board-A4988-LR.png","width":600,"height":600},{"@type":"BreadcrumbList","@id":"https:\/\/www.zyyxlabs.com\/sv\/produkt\/e1-0776\/#breadcrumb","itemListElement":[{"@type":"ListItem","position":1,"name":"Home","item":"https:\/\/www.zyyxlabs.com\/"},{"@type":"ListItem","position":2,"name":"Webbshop","item":"https:\/\/www.zyyxlabs.com\/sv\/webbshop\/"},{"@type":"ListItem","position":3,"name":"Reservdelar","item":"https:\/\/www.zyyxlabs.com\/sv\/etikett\/spare-parts-sv\/"},{"@type":"ListItem","position":4,"name":"E1.0776 A4988 stegmotordrivkort reservdel"}]},{"@type":"WebSite","@id":"https:\/\/www.zyyxlabs.com\/#website","url":"https:\/\/www.zyyxlabs.com\/","name":"ZYYX Labs","description":"Professionella 3d-skrivare","publisher":{"@id":"https:\/\/www.zyyxlabs.com\/#organization"},"potentialAction":[{"@type":"SearchAction","target":{"@type":"EntryPoint","urlTemplate":"https:\/\/www.zyyxlabs.com\/?s={search_term_string}"},"query-input":{"@type":"PropertyValueSpecification","valueRequired":true,"valueName":"search_term_string"}}],"inLanguage":"sv-SE"},{"@type":"Organization","@id":"https:\/\/www.zyyxlabs.com\/#organization","name":"ZYYX Labs AB","url":"https:\/\/www.zyyxlabs.com\/","logo":{"@type":"ImageObject","inLanguage":"sv-SE","@id":"https:\/\/www.zyyxlabs.com\/#\/schema\/logo\/image\/","url":"https:\/\/www.zyyxlabs.com\/wp-content\/uploads\/2019\/03\/logo.svg","contentUrl":"https:\/\/www.zyyxlabs.com\/wp-content\/uploads\/2019\/03\/logo.svg","width":1,"height":1,"caption":"ZYYX Labs AB"},"image":{"@id":"https:\/\/www.zyyxlabs.com\/#\/schema\/logo\/image\/"},"sameAs":["https:\/\/www.linkedin.com\/company\/zyyx-3d-printer"]}]}},"_links":{"self":[{"href":"https:\/\/www.zyyxlabs.com\/sv\/wp-json\/wp\/v2\/product\/13039","targetHints":{"allow":["GET"]}}],"collection":[{"href":"https:\/\/www.zyyxlabs.com\/sv\/wp-json\/wp\/v2\/product"}],"about":[{"href":"https:\/\/www.zyyxlabs.com\/sv\/wp-json\/wp\/v2\/types\/product"}],"replies":[{"embeddable":true,"href":"https:\/\/www.zyyxlabs.com\/sv\/wp-json\/wp\/v2\/comments?post=13039"}],"wp:featuredmedia":[{"embeddable":true,"href":"https:\/\/www.zyyxlabs.com\/sv\/wp-json\/wp\/v2\/media\/13041"}],"wp:attachment":[{"href":"https:\/\/www.zyyxlabs.com\/sv\/wp-json\/wp\/v2\/media?parent=13039"}],"wp:term":[{"taxonomy":"product_brand","embeddable":true,"href":"https:\/\/www.zyyxlabs.com\/sv\/wp-json\/wp\/v2\/product_brand?post=13039"},{"taxonomy":"product_cat","embeddable":true,"href":"https:\/\/www.zyyxlabs.com\/sv\/wp-json\/wp\/v2\/product_cat?post=13039"},{"taxonomy":"product_tag","embeddable":true,"href":"https:\/\/www.zyyxlabs.com\/sv\/wp-json\/wp\/v2\/product_tag?post=13039"}],"curies":[{"name":"wp","href":"https:\/\/api.w.org\/{rel}","templated":true}]}}