{"id":12993,"date":"2023-12-31T00:21:03","date_gmt":"2023-12-30T23:21:03","guid":{"rendered":"https:\/\/www.zyyxlabs.com\/?post_type=product&#038;p=12993"},"modified":"2024-05-30T12:49:43","modified_gmt":"2024-05-30T10:49:43","slug":"zx164","status":"publish","type":"product","link":"https:\/\/www.zyyxlabs.com\/sv\/produkt\/zx164\/","title":{"rendered":"ZX164 Sintringsugn f\u00f6r porslin"},"content":{"rendered":"<p>ZX164 \u00e4r en ugn f\u00f6r br\u00e4nning av porslin i luftatmosf\u00e4r.<\/p>\n<p>Sintringstemperatur: 1250 \u00b0C f\u00f6r porslin<br \/>\nInstallation av en utsugshuv rekommenderas.<\/p>\n<p><strong>Egenskaper<\/strong><br \/>\nM\u00e5tt: 600x500x810 mm, 95 kg<br \/>\nKammarm\u00e5tt (inv\u00e4ndigt): 360x360x360 mm (54 l)<br \/>\nMaximal drifttemperatur: 1320 \u00b0C<br \/>\nEffekt: 4,5 kW<br \/>\nElanslutning: 1-fas, fast eller bl\u00e5 CEE-handske. 20 A s\u00e4kring. 16 A fungerar ocks\u00e5 med l\u00e5ngsammare temperaturstigningar.<br \/>\nAnv\u00e4ndbart kammarm\u00e5tt: 360x360x360 mm<\/p>\n<p><strong>Materialkompatibilitet<\/strong><br \/>\nKeramik: Porslin<\/p>\n<p>Best\u00e4llningsvara\/ej lagerf\u00f6rd produkt. Leveranstid: 4-6 veckor<\/p>\n","protected":false},"excerpt":{"rendered":"<p>ZX164 \u00e4r en ugn f\u00f6r br\u00e4nning av porslin i luftatmosf\u00e4r. Sintringstemperatur: 1250 \u00b0C f\u00f6r porslin Installation av en utsugshuv rekommenderas. Egenskaper M\u00e5tt: 600x500x810 mm, 95 kg Kammarm\u00e5tt (inv\u00e4ndigt): 360x360x360 mm (54 l) Maximal drifttemperatur: 1320 \u00b0C Effekt: 4,5 kW Elanslutning: 1-fas, fast eller bl\u00e5 CEE-handske. 20 A s\u00e4kring. 16 A fungerar ocks\u00e5 med l\u00e5ngsammare temperaturstigningar. <a href=\"https:\/\/www.zyyxlabs.com\/sv\/produkt\/zx164\/\" class=\"more-link\">&#8230;<span class=\"screen-reader-text\">  ZX164 Sintringsugn f\u00f6r porslin<\/span><\/a><\/p>\n","protected":false},"featured_media":12995,"comment_status":"closed","ping_status":"closed","template":"","meta":{"_acf_changed":false,"inline_featured_image":false},"product_brand":[],"product_cat":[358,96],"product_tag":[366,372],"class_list":{"0":"post-12993","1":"product","2":"type-product","3":"status-publish","4":"has-post-thumbnail","6":"product_cat-metall-och-keramiklosningar","7":"product_cat-uppgraderingar","8":"product_tag-porslin","9":"product_tag-sintringsugn","10":"product_shipping_class-standard-shipping","12":"first","13":"onbackorder","14":"taxable","15":"shipping-taxable","16":"purchasable","17":"product-type-simple"},"acf":[],"yoast_head":"<!-- This site is optimized with the Yoast SEO plugin v24.8.1 - https:\/\/yoast.com\/wordpress\/plugins\/seo\/ -->\n<title>ZX164 Sintringsugn f\u00f6r porslin - ZYYX Labs<\/title>\n<meta name=\"description\" content=\"ZX164 \u00e4r en ugn f\u00f6r br\u00e4nning av porslin i luftatmosf\u00e4r. \u2713Precisa temperaturer \u2713Konsekventa resultat \u2713Sm\u00e5skalig produktion \u2713L\u00e4ttanv\u00e4nd\" \/>\n<meta name=\"robots\" content=\"index, follow, max-snippet:-1, max-image-preview:large, max-video-preview:-1\" \/>\n<link rel=\"canonical\" href=\"https:\/\/www.zyyxlabs.com\/sv\/produkt\/zx164\/\" \/>\n<meta property=\"og:locale\" content=\"sv_SE\" \/>\n<meta property=\"og:type\" content=\"article\" \/>\n<meta property=\"og:title\" content=\"ZX164 Sintringsugn f\u00f6r porslin - ZYYX Labs\" \/>\n<meta property=\"og:description\" content=\"ZX164 \u00e4r en ugn f\u00f6r br\u00e4nning av porslin i luftatmosf\u00e4r. \u2713Precisa temperaturer \u2713Konsekventa resultat \u2713Sm\u00e5skalig produktion \u2713L\u00e4ttanv\u00e4nd\" \/>\n<meta property=\"og:url\" content=\"https:\/\/www.zyyxlabs.com\/sv\/produkt\/zx164\/\" \/>\n<meta property=\"og:site_name\" content=\"ZYYX Labs\" \/>\n<meta property=\"article:modified_time\" content=\"2024-05-30T10:49:43+00:00\" \/>\n<meta property=\"og:image\" content=\"https:\/\/www.zyyxlabs.com\/wp-content\/uploads\/2023\/12\/ZX164-porcelain-kiln-front.png\" \/>\n\t<meta property=\"og:image:width\" content=\"540\" \/>\n\t<meta property=\"og:image:height\" content=\"540\" \/>\n\t<meta property=\"og:image:type\" content=\"image\/png\" \/>\n<meta name=\"twitter:card\" content=\"summary_large_image\" \/>\n<script type=\"application\/ld+json\" class=\"yoast-schema-graph\">{\"@context\":\"https:\/\/schema.org\",\"@graph\":[{\"@type\":\"WebPage\",\"@id\":\"https:\/\/www.zyyxlabs.com\/sv\/produkt\/zx164\/\",\"url\":\"https:\/\/www.zyyxlabs.com\/sv\/produkt\/zx164\/\",\"name\":\"ZX164 Sintringsugn f\u00f6r porslin - ZYYX Labs\",\"isPartOf\":{\"@id\":\"https:\/\/www.zyyxlabs.com\/#website\"},\"primaryImageOfPage\":{\"@id\":\"https:\/\/www.zyyxlabs.com\/sv\/produkt\/zx164\/#primaryimage\"},\"image\":{\"@id\":\"https:\/\/www.zyyxlabs.com\/sv\/produkt\/zx164\/#primaryimage\"},\"thumbnailUrl\":\"https:\/\/www.zyyxlabs.com\/wp-content\/uploads\/2023\/12\/ZX164-porcelain-kiln-front.png\",\"datePublished\":\"2023-12-30T23:21:03+00:00\",\"dateModified\":\"2024-05-30T10:49:43+00:00\",\"description\":\"ZX164 \u00e4r en ugn f\u00f6r br\u00e4nning av porslin i luftatmosf\u00e4r. \u2713Precisa temperaturer \u2713Konsekventa resultat \u2713Sm\u00e5skalig produktion \u2713L\u00e4ttanv\u00e4nd\",\"breadcrumb\":{\"@id\":\"https:\/\/www.zyyxlabs.com\/sv\/produkt\/zx164\/#breadcrumb\"},\"inLanguage\":\"sv-SE\",\"potentialAction\":[{\"@type\":\"ReadAction\",\"target\":[\"https:\/\/www.zyyxlabs.com\/sv\/produkt\/zx164\/\"]}]},{\"@type\":\"ImageObject\",\"inLanguage\":\"sv-SE\",\"@id\":\"https:\/\/www.zyyxlabs.com\/sv\/produkt\/zx164\/#primaryimage\",\"url\":\"https:\/\/www.zyyxlabs.com\/wp-content\/uploads\/2023\/12\/ZX164-porcelain-kiln-front.png\",\"contentUrl\":\"https:\/\/www.zyyxlabs.com\/wp-content\/uploads\/2023\/12\/ZX164-porcelain-kiln-front.png\",\"width\":540,\"height\":540},{\"@type\":\"BreadcrumbList\",\"@id\":\"https:\/\/www.zyyxlabs.com\/sv\/produkt\/zx164\/#breadcrumb\",\"itemListElement\":[{\"@type\":\"ListItem\",\"position\":1,\"name\":\"Home\",\"item\":\"https:\/\/www.zyyxlabs.com\/\"},{\"@type\":\"ListItem\",\"position\":2,\"name\":\"Webbshop\",\"item\":\"https:\/\/www.zyyxlabs.com\/sv\/webbshop\/\"},{\"@type\":\"ListItem\",\"position\":3,\"name\":\"Porslin\",\"item\":\"https:\/\/www.zyyxlabs.com\/sv\/etikett\/porslin\/\"},{\"@type\":\"ListItem\",\"position\":4,\"name\":\"ZX164 Sintringsugn f\u00f6r porslin\"}]},{\"@type\":\"WebSite\",\"@id\":\"https:\/\/www.zyyxlabs.com\/#website\",\"url\":\"https:\/\/www.zyyxlabs.com\/\",\"name\":\"ZYYX Labs\",\"description\":\"Professionella 3d-skrivare\",\"publisher\":{\"@id\":\"https:\/\/www.zyyxlabs.com\/#organization\"},\"potentialAction\":[{\"@type\":\"SearchAction\",\"target\":{\"@type\":\"EntryPoint\",\"urlTemplate\":\"https:\/\/www.zyyxlabs.com\/?s={search_term_string}\"},\"query-input\":{\"@type\":\"PropertyValueSpecification\",\"valueRequired\":true,\"valueName\":\"search_term_string\"}}],\"inLanguage\":\"sv-SE\"},{\"@type\":\"Organization\",\"@id\":\"https:\/\/www.zyyxlabs.com\/#organization\",\"name\":\"ZYYX Labs AB\",\"url\":\"https:\/\/www.zyyxlabs.com\/\",\"logo\":{\"@type\":\"ImageObject\",\"inLanguage\":\"sv-SE\",\"@id\":\"https:\/\/www.zyyxlabs.com\/#\/schema\/logo\/image\/\",\"url\":\"https:\/\/www.zyyxlabs.com\/wp-content\/uploads\/2019\/03\/logo.svg\",\"contentUrl\":\"https:\/\/www.zyyxlabs.com\/wp-content\/uploads\/2019\/03\/logo.svg\",\"width\":1,\"height\":1,\"caption\":\"ZYYX Labs AB\"},\"image\":{\"@id\":\"https:\/\/www.zyyxlabs.com\/#\/schema\/logo\/image\/\"},\"sameAs\":[\"https:\/\/www.linkedin.com\/company\/zyyx-3d-printer\"]}]}<\/script>\n<!-- \/ Yoast SEO plugin. -->","yoast_head_json":{"title":"ZX164 Sintringsugn f\u00f6r porslin - ZYYX Labs","description":"ZX164 \u00e4r en ugn f\u00f6r br\u00e4nning av porslin i luftatmosf\u00e4r. \u2713Precisa temperaturer \u2713Konsekventa resultat \u2713Sm\u00e5skalig produktion \u2713L\u00e4ttanv\u00e4nd","robots":{"index":"index","follow":"follow","max-snippet":"max-snippet:-1","max-image-preview":"max-image-preview:large","max-video-preview":"max-video-preview:-1"},"canonical":"https:\/\/www.zyyxlabs.com\/sv\/produkt\/zx164\/","og_locale":"sv_SE","og_type":"article","og_title":"ZX164 Sintringsugn f\u00f6r porslin - ZYYX Labs","og_description":"ZX164 \u00e4r en ugn f\u00f6r br\u00e4nning av porslin i luftatmosf\u00e4r. \u2713Precisa temperaturer \u2713Konsekventa resultat \u2713Sm\u00e5skalig produktion \u2713L\u00e4ttanv\u00e4nd","og_url":"https:\/\/www.zyyxlabs.com\/sv\/produkt\/zx164\/","og_site_name":"ZYYX Labs","article_modified_time":"2024-05-30T10:49:43+00:00","og_image":[{"width":540,"height":540,"url":"https:\/\/www.zyyxlabs.com\/wp-content\/uploads\/2023\/12\/ZX164-porcelain-kiln-front.png","type":"image\/png"}],"twitter_card":"summary_large_image","schema":{"@context":"https:\/\/schema.org","@graph":[{"@type":"WebPage","@id":"https:\/\/www.zyyxlabs.com\/sv\/produkt\/zx164\/","url":"https:\/\/www.zyyxlabs.com\/sv\/produkt\/zx164\/","name":"ZX164 Sintringsugn f\u00f6r porslin - ZYYX Labs","isPartOf":{"@id":"https:\/\/www.zyyxlabs.com\/#website"},"primaryImageOfPage":{"@id":"https:\/\/www.zyyxlabs.com\/sv\/produkt\/zx164\/#primaryimage"},"image":{"@id":"https:\/\/www.zyyxlabs.com\/sv\/produkt\/zx164\/#primaryimage"},"thumbnailUrl":"https:\/\/www.zyyxlabs.com\/wp-content\/uploads\/2023\/12\/ZX164-porcelain-kiln-front.png","datePublished":"2023-12-30T23:21:03+00:00","dateModified":"2024-05-30T10:49:43+00:00","description":"ZX164 \u00e4r en ugn f\u00f6r br\u00e4nning av porslin i luftatmosf\u00e4r. \u2713Precisa temperaturer \u2713Konsekventa resultat \u2713Sm\u00e5skalig produktion \u2713L\u00e4ttanv\u00e4nd","breadcrumb":{"@id":"https:\/\/www.zyyxlabs.com\/sv\/produkt\/zx164\/#breadcrumb"},"inLanguage":"sv-SE","potentialAction":[{"@type":"ReadAction","target":["https:\/\/www.zyyxlabs.com\/sv\/produkt\/zx164\/"]}]},{"@type":"ImageObject","inLanguage":"sv-SE","@id":"https:\/\/www.zyyxlabs.com\/sv\/produkt\/zx164\/#primaryimage","url":"https:\/\/www.zyyxlabs.com\/wp-content\/uploads\/2023\/12\/ZX164-porcelain-kiln-front.png","contentUrl":"https:\/\/www.zyyxlabs.com\/wp-content\/uploads\/2023\/12\/ZX164-porcelain-kiln-front.png","width":540,"height":540},{"@type":"BreadcrumbList","@id":"https:\/\/www.zyyxlabs.com\/sv\/produkt\/zx164\/#breadcrumb","itemListElement":[{"@type":"ListItem","position":1,"name":"Home","item":"https:\/\/www.zyyxlabs.com\/"},{"@type":"ListItem","position":2,"name":"Webbshop","item":"https:\/\/www.zyyxlabs.com\/sv\/webbshop\/"},{"@type":"ListItem","position":3,"name":"Porslin","item":"https:\/\/www.zyyxlabs.com\/sv\/etikett\/porslin\/"},{"@type":"ListItem","position":4,"name":"ZX164 Sintringsugn f\u00f6r porslin"}]},{"@type":"WebSite","@id":"https:\/\/www.zyyxlabs.com\/#website","url":"https:\/\/www.zyyxlabs.com\/","name":"ZYYX Labs","description":"Professionella 3d-skrivare","publisher":{"@id":"https:\/\/www.zyyxlabs.com\/#organization"},"potentialAction":[{"@type":"SearchAction","target":{"@type":"EntryPoint","urlTemplate":"https:\/\/www.zyyxlabs.com\/?s={search_term_string}"},"query-input":{"@type":"PropertyValueSpecification","valueRequired":true,"valueName":"search_term_string"}}],"inLanguage":"sv-SE"},{"@type":"Organization","@id":"https:\/\/www.zyyxlabs.com\/#organization","name":"ZYYX Labs AB","url":"https:\/\/www.zyyxlabs.com\/","logo":{"@type":"ImageObject","inLanguage":"sv-SE","@id":"https:\/\/www.zyyxlabs.com\/#\/schema\/logo\/image\/","url":"https:\/\/www.zyyxlabs.com\/wp-content\/uploads\/2019\/03\/logo.svg","contentUrl":"https:\/\/www.zyyxlabs.com\/wp-content\/uploads\/2019\/03\/logo.svg","width":1,"height":1,"caption":"ZYYX Labs AB"},"image":{"@id":"https:\/\/www.zyyxlabs.com\/#\/schema\/logo\/image\/"},"sameAs":["https:\/\/www.linkedin.com\/company\/zyyx-3d-printer"]}]}},"_links":{"self":[{"href":"https:\/\/www.zyyxlabs.com\/sv\/wp-json\/wp\/v2\/product\/12993","targetHints":{"allow":["GET"]}}],"collection":[{"href":"https:\/\/www.zyyxlabs.com\/sv\/wp-json\/wp\/v2\/product"}],"about":[{"href":"https:\/\/www.zyyxlabs.com\/sv\/wp-json\/wp\/v2\/types\/product"}],"replies":[{"embeddable":true,"href":"https:\/\/www.zyyxlabs.com\/sv\/wp-json\/wp\/v2\/comments?post=12993"}],"wp:featuredmedia":[{"embeddable":true,"href":"https:\/\/www.zyyxlabs.com\/sv\/wp-json\/wp\/v2\/media\/12995"}],"wp:attachment":[{"href":"https:\/\/www.zyyxlabs.com\/sv\/wp-json\/wp\/v2\/media?parent=12993"}],"wp:term":[{"taxonomy":"product_brand","embeddable":true,"href":"https:\/\/www.zyyxlabs.com\/sv\/wp-json\/wp\/v2\/product_brand?post=12993"},{"taxonomy":"product_cat","embeddable":true,"href":"https:\/\/www.zyyxlabs.com\/sv\/wp-json\/wp\/v2\/product_cat?post=12993"},{"taxonomy":"product_tag","embeddable":true,"href":"https:\/\/www.zyyxlabs.com\/sv\/wp-json\/wp\/v2\/product_tag?post=12993"}],"curies":[{"name":"wp","href":"https:\/\/api.w.org\/{rel}","templated":true}]}}