{"id":12976,"date":"2023-12-29T18:41:50","date_gmt":"2023-12-29T17:41:51","guid":{"rendered":"https:\/\/www.zyyxlabs.com\/?post_type=product&#038;p=12976"},"modified":"2024-05-30T14:23:45","modified_gmt":"2024-05-30T12:23:45","slug":"zx162","status":"publish","type":"product","link":"https:\/\/www.zyyxlabs.com\/sv\/produkt\/zx162\/","title":{"rendered":"ZX162 Stor sintringsugn f\u00f6r keramik"},"content":{"rendered":"<p>ZX162 \u00e4r en stor ugn f\u00f6r sintring av keramer i luftatmosf\u00e4r.<\/p>\n<p>Sintringstemperaturer: 1550 \u00b0C aluminiumoxid, 1475 \u00b0C vit och svart zirkonia, 1250 \u00b0C f\u00f6r porslin<br \/>\nInstallation av en utsugshuv rekommenderas.<\/p>\n<p><strong>Egenskaper<\/strong><br \/>\nM\u00e5tt: 605x860x1120 mm, 200 kg<br \/>\nKammarm\u00e5tt (innerm\u00e5tt): 250x250x250 mm (15 l)<br \/>\nMaximal drifttemperatur: 1600 \u00b0C<br \/>\nEffekt: 18 kW<br \/>\nElanslutning: 3-fas, fast eller r\u00f6d CEE-handske. S\u00e4kring: 32 A. 16 A fungerar ocks\u00e5 om man k\u00f6r l\u00e5ngsammare temperaturstigningar.<br \/>\nAnv\u00e4ndbart kammarm\u00e5tt: 250x200x250 mm (d\u00e4r temperaturen \u00e4r j\u00e4mn \u00b110 \u00b0C)<\/p>\n<p><strong>Materialkompatibilitet<\/strong><br \/>\nKeramik: porslin, aluminiumoxid, vit\/svart zirkonia<\/p>\n<p>Best\u00e4llningsvara\/ej lagerf\u00f6rd produkt. Leveranstid: 4-6 veckor<\/p>\n","protected":false},"excerpt":{"rendered":"<p>ZX162 \u00e4r en stor ugn f\u00f6r sintring av keramer i luftatmosf\u00e4r. Sintringstemperaturer: 1550 \u00b0C aluminiumoxid, 1475 \u00b0C vit och svart zirkonia, 1250 \u00b0C f\u00f6r porslin Installation av en utsugshuv rekommenderas. Egenskaper M\u00e5tt: 605x860x1120 mm, 200 kg Kammarm\u00e5tt (innerm\u00e5tt): 250x250x250 mm (15 l) Maximal drifttemperatur: 1600 \u00b0C Effekt: 18 kW Elanslutning: 3-fas, fast eller r\u00f6d CEE-handske. <a href=\"https:\/\/www.zyyxlabs.com\/sv\/produkt\/zx162\/\" class=\"more-link\">&#8230;<span class=\"screen-reader-text\">  ZX162 Stor sintringsugn f\u00f6r keramik<\/span><\/a><\/p>\n","protected":false},"featured_media":12978,"comment_status":"closed","ping_status":"closed","template":"","meta":{"_acf_changed":false,"inline_featured_image":false},"product_brand":[],"product_cat":[358,96],"product_tag":[368,372,363,356],"class_list":{"0":"post-12976","1":"product","2":"type-product","3":"status-publish","4":"has-post-thumbnail","6":"product_cat-metall-och-keramiklosningar","7":"product_cat-uppgraderingar","8":"product_tag-keramisk-sintringsugn","9":"product_tag-sintringsugn","10":"product_tag-zyyx-keramik","11":"product_tag-zyyx-metall-och-keramiklosningar","12":"product_shipping_class-standard-shipping","14":"first","15":"onbackorder","16":"taxable","17":"shipping-taxable","18":"purchasable","19":"product-type-simple"},"acf":[],"yoast_head":"<!-- This site is optimized with the Yoast SEO plugin v24.8.1 - https:\/\/yoast.com\/wordpress\/plugins\/seo\/ -->\n<title>ZX162 Stor sintringsugn f\u00f6r keramik - ZYYX Labs<\/title>\n<meta name=\"description\" content=\"ZYYX ZX162 \u00e4r en stor sintringsugn f\u00f6r keramik \u2713Exakta temperaturer \u2713Konsekventa resultat \u2713Stor volym \u2713L\u00e4ttanv\u00e4nd\" \/>\n<meta name=\"robots\" content=\"index, follow, max-snippet:-1, max-image-preview:large, max-video-preview:-1\" \/>\n<link rel=\"canonical\" href=\"https:\/\/www.zyyxlabs.com\/sv\/produkt\/zx162\/\" \/>\n<meta property=\"og:locale\" content=\"sv_SE\" \/>\n<meta property=\"og:type\" content=\"article\" \/>\n<meta property=\"og:title\" content=\"ZX162 Stor sintringsugn f\u00f6r keramik - ZYYX Labs\" \/>\n<meta property=\"og:description\" content=\"ZYYX ZX162 \u00e4r en stor sintringsugn f\u00f6r keramik \u2713Exakta temperaturer \u2713Konsekventa resultat \u2713Stor volym \u2713L\u00e4ttanv\u00e4nd\" \/>\n<meta property=\"og:url\" content=\"https:\/\/www.zyyxlabs.com\/sv\/produkt\/zx162\/\" \/>\n<meta property=\"og:site_name\" content=\"ZYYX Labs\" \/>\n<meta property=\"article:modified_time\" content=\"2024-05-30T12:23:45+00:00\" \/>\n<meta property=\"og:image\" content=\"https:\/\/www.zyyxlabs.com\/wp-content\/uploads\/2023\/12\/ZX162-zetasinter-chamber-sned-LR.png\" \/>\n\t<meta property=\"og:image:width\" content=\"800\" \/>\n\t<meta property=\"og:image:height\" content=\"800\" \/>\n\t<meta property=\"og:image:type\" content=\"image\/png\" \/>\n<meta name=\"twitter:card\" content=\"summary_large_image\" \/>\n<meta name=\"twitter:label1\" content=\"Ber\u00e4knad l\u00e4stid\" \/>\n\t<meta name=\"twitter:data1\" content=\"1 minut\" \/>\n<script type=\"application\/ld+json\" class=\"yoast-schema-graph\">{\"@context\":\"https:\/\/schema.org\",\"@graph\":[{\"@type\":\"WebPage\",\"@id\":\"https:\/\/www.zyyxlabs.com\/sv\/produkt\/zx162\/\",\"url\":\"https:\/\/www.zyyxlabs.com\/sv\/produkt\/zx162\/\",\"name\":\"ZX162 Stor sintringsugn f\u00f6r keramik - ZYYX Labs\",\"isPartOf\":{\"@id\":\"https:\/\/www.zyyxlabs.com\/#website\"},\"primaryImageOfPage\":{\"@id\":\"https:\/\/www.zyyxlabs.com\/sv\/produkt\/zx162\/#primaryimage\"},\"image\":{\"@id\":\"https:\/\/www.zyyxlabs.com\/sv\/produkt\/zx162\/#primaryimage\"},\"thumbnailUrl\":\"https:\/\/www.zyyxlabs.com\/wp-content\/uploads\/2023\/12\/ZX162-zetasinter-chamber-sned-LR.png\",\"datePublished\":\"2023-12-29T17:41:51+00:00\",\"dateModified\":\"2024-05-30T12:23:45+00:00\",\"description\":\"ZYYX ZX162 \u00e4r en stor sintringsugn f\u00f6r keramik \u2713Exakta temperaturer \u2713Konsekventa resultat \u2713Stor volym \u2713L\u00e4ttanv\u00e4nd\",\"breadcrumb\":{\"@id\":\"https:\/\/www.zyyxlabs.com\/sv\/produkt\/zx162\/#breadcrumb\"},\"inLanguage\":\"sv-SE\",\"potentialAction\":[{\"@type\":\"ReadAction\",\"target\":[\"https:\/\/www.zyyxlabs.com\/sv\/produkt\/zx162\/\"]}]},{\"@type\":\"ImageObject\",\"inLanguage\":\"sv-SE\",\"@id\":\"https:\/\/www.zyyxlabs.com\/sv\/produkt\/zx162\/#primaryimage\",\"url\":\"https:\/\/www.zyyxlabs.com\/wp-content\/uploads\/2023\/12\/ZX162-zetasinter-chamber-sned-LR.png\",\"contentUrl\":\"https:\/\/www.zyyxlabs.com\/wp-content\/uploads\/2023\/12\/ZX162-zetasinter-chamber-sned-LR.png\",\"width\":800,\"height\":800},{\"@type\":\"BreadcrumbList\",\"@id\":\"https:\/\/www.zyyxlabs.com\/sv\/produkt\/zx162\/#breadcrumb\",\"itemListElement\":[{\"@type\":\"ListItem\",\"position\":1,\"name\":\"Home\",\"item\":\"https:\/\/www.zyyxlabs.com\/\"},{\"@type\":\"ListItem\",\"position\":2,\"name\":\"Webbshop\",\"item\":\"https:\/\/www.zyyxlabs.com\/sv\/webbshop\/\"},{\"@type\":\"ListItem\",\"position\":3,\"name\":\"Keramisk sintringsugn\",\"item\":\"https:\/\/www.zyyxlabs.com\/sv\/etikett\/keramisk-sintringsugn\/\"},{\"@type\":\"ListItem\",\"position\":4,\"name\":\"ZX162 Stor sintringsugn f\u00f6r keramik\"}]},{\"@type\":\"WebSite\",\"@id\":\"https:\/\/www.zyyxlabs.com\/#website\",\"url\":\"https:\/\/www.zyyxlabs.com\/\",\"name\":\"ZYYX Labs\",\"description\":\"Professionella 3d-skrivare\",\"publisher\":{\"@id\":\"https:\/\/www.zyyxlabs.com\/#organization\"},\"potentialAction\":[{\"@type\":\"SearchAction\",\"target\":{\"@type\":\"EntryPoint\",\"urlTemplate\":\"https:\/\/www.zyyxlabs.com\/?s={search_term_string}\"},\"query-input\":{\"@type\":\"PropertyValueSpecification\",\"valueRequired\":true,\"valueName\":\"search_term_string\"}}],\"inLanguage\":\"sv-SE\"},{\"@type\":\"Organization\",\"@id\":\"https:\/\/www.zyyxlabs.com\/#organization\",\"name\":\"ZYYX Labs AB\",\"url\":\"https:\/\/www.zyyxlabs.com\/\",\"logo\":{\"@type\":\"ImageObject\",\"inLanguage\":\"sv-SE\",\"@id\":\"https:\/\/www.zyyxlabs.com\/#\/schema\/logo\/image\/\",\"url\":\"https:\/\/www.zyyxlabs.com\/wp-content\/uploads\/2019\/03\/logo.svg\",\"contentUrl\":\"https:\/\/www.zyyxlabs.com\/wp-content\/uploads\/2019\/03\/logo.svg\",\"width\":1,\"height\":1,\"caption\":\"ZYYX Labs AB\"},\"image\":{\"@id\":\"https:\/\/www.zyyxlabs.com\/#\/schema\/logo\/image\/\"},\"sameAs\":[\"https:\/\/www.linkedin.com\/company\/zyyx-3d-printer\"]}]}<\/script>\n<!-- \/ Yoast SEO plugin. -->","yoast_head_json":{"title":"ZX162 Stor sintringsugn f\u00f6r keramik - ZYYX Labs","description":"ZYYX ZX162 \u00e4r en stor sintringsugn f\u00f6r keramik \u2713Exakta temperaturer \u2713Konsekventa resultat \u2713Stor volym \u2713L\u00e4ttanv\u00e4nd","robots":{"index":"index","follow":"follow","max-snippet":"max-snippet:-1","max-image-preview":"max-image-preview:large","max-video-preview":"max-video-preview:-1"},"canonical":"https:\/\/www.zyyxlabs.com\/sv\/produkt\/zx162\/","og_locale":"sv_SE","og_type":"article","og_title":"ZX162 Stor sintringsugn f\u00f6r keramik - ZYYX Labs","og_description":"ZYYX ZX162 \u00e4r en stor sintringsugn f\u00f6r keramik \u2713Exakta temperaturer \u2713Konsekventa resultat \u2713Stor volym \u2713L\u00e4ttanv\u00e4nd","og_url":"https:\/\/www.zyyxlabs.com\/sv\/produkt\/zx162\/","og_site_name":"ZYYX Labs","article_modified_time":"2024-05-30T12:23:45+00:00","og_image":[{"width":800,"height":800,"url":"https:\/\/www.zyyxlabs.com\/wp-content\/uploads\/2023\/12\/ZX162-zetasinter-chamber-sned-LR.png","type":"image\/png"}],"twitter_card":"summary_large_image","twitter_misc":{"Ber\u00e4knad l\u00e4stid":"1 minut"},"schema":{"@context":"https:\/\/schema.org","@graph":[{"@type":"WebPage","@id":"https:\/\/www.zyyxlabs.com\/sv\/produkt\/zx162\/","url":"https:\/\/www.zyyxlabs.com\/sv\/produkt\/zx162\/","name":"ZX162 Stor sintringsugn f\u00f6r keramik - ZYYX Labs","isPartOf":{"@id":"https:\/\/www.zyyxlabs.com\/#website"},"primaryImageOfPage":{"@id":"https:\/\/www.zyyxlabs.com\/sv\/produkt\/zx162\/#primaryimage"},"image":{"@id":"https:\/\/www.zyyxlabs.com\/sv\/produkt\/zx162\/#primaryimage"},"thumbnailUrl":"https:\/\/www.zyyxlabs.com\/wp-content\/uploads\/2023\/12\/ZX162-zetasinter-chamber-sned-LR.png","datePublished":"2023-12-29T17:41:51+00:00","dateModified":"2024-05-30T12:23:45+00:00","description":"ZYYX ZX162 \u00e4r en stor sintringsugn f\u00f6r keramik \u2713Exakta temperaturer \u2713Konsekventa resultat \u2713Stor volym \u2713L\u00e4ttanv\u00e4nd","breadcrumb":{"@id":"https:\/\/www.zyyxlabs.com\/sv\/produkt\/zx162\/#breadcrumb"},"inLanguage":"sv-SE","potentialAction":[{"@type":"ReadAction","target":["https:\/\/www.zyyxlabs.com\/sv\/produkt\/zx162\/"]}]},{"@type":"ImageObject","inLanguage":"sv-SE","@id":"https:\/\/www.zyyxlabs.com\/sv\/produkt\/zx162\/#primaryimage","url":"https:\/\/www.zyyxlabs.com\/wp-content\/uploads\/2023\/12\/ZX162-zetasinter-chamber-sned-LR.png","contentUrl":"https:\/\/www.zyyxlabs.com\/wp-content\/uploads\/2023\/12\/ZX162-zetasinter-chamber-sned-LR.png","width":800,"height":800},{"@type":"BreadcrumbList","@id":"https:\/\/www.zyyxlabs.com\/sv\/produkt\/zx162\/#breadcrumb","itemListElement":[{"@type":"ListItem","position":1,"name":"Home","item":"https:\/\/www.zyyxlabs.com\/"},{"@type":"ListItem","position":2,"name":"Webbshop","item":"https:\/\/www.zyyxlabs.com\/sv\/webbshop\/"},{"@type":"ListItem","position":3,"name":"Keramisk sintringsugn","item":"https:\/\/www.zyyxlabs.com\/sv\/etikett\/keramisk-sintringsugn\/"},{"@type":"ListItem","position":4,"name":"ZX162 Stor sintringsugn f\u00f6r keramik"}]},{"@type":"WebSite","@id":"https:\/\/www.zyyxlabs.com\/#website","url":"https:\/\/www.zyyxlabs.com\/","name":"ZYYX Labs","description":"Professionella 3d-skrivare","publisher":{"@id":"https:\/\/www.zyyxlabs.com\/#organization"},"potentialAction":[{"@type":"SearchAction","target":{"@type":"EntryPoint","urlTemplate":"https:\/\/www.zyyxlabs.com\/?s={search_term_string}"},"query-input":{"@type":"PropertyValueSpecification","valueRequired":true,"valueName":"search_term_string"}}],"inLanguage":"sv-SE"},{"@type":"Organization","@id":"https:\/\/www.zyyxlabs.com\/#organization","name":"ZYYX Labs AB","url":"https:\/\/www.zyyxlabs.com\/","logo":{"@type":"ImageObject","inLanguage":"sv-SE","@id":"https:\/\/www.zyyxlabs.com\/#\/schema\/logo\/image\/","url":"https:\/\/www.zyyxlabs.com\/wp-content\/uploads\/2019\/03\/logo.svg","contentUrl":"https:\/\/www.zyyxlabs.com\/wp-content\/uploads\/2019\/03\/logo.svg","width":1,"height":1,"caption":"ZYYX Labs AB"},"image":{"@id":"https:\/\/www.zyyxlabs.com\/#\/schema\/logo\/image\/"},"sameAs":["https:\/\/www.linkedin.com\/company\/zyyx-3d-printer"]}]}},"_links":{"self":[{"href":"https:\/\/www.zyyxlabs.com\/sv\/wp-json\/wp\/v2\/product\/12976","targetHints":{"allow":["GET"]}}],"collection":[{"href":"https:\/\/www.zyyxlabs.com\/sv\/wp-json\/wp\/v2\/product"}],"about":[{"href":"https:\/\/www.zyyxlabs.com\/sv\/wp-json\/wp\/v2\/types\/product"}],"replies":[{"embeddable":true,"href":"https:\/\/www.zyyxlabs.com\/sv\/wp-json\/wp\/v2\/comments?post=12976"}],"wp:featuredmedia":[{"embeddable":true,"href":"https:\/\/www.zyyxlabs.com\/sv\/wp-json\/wp\/v2\/media\/12978"}],"wp:attachment":[{"href":"https:\/\/www.zyyxlabs.com\/sv\/wp-json\/wp\/v2\/media?parent=12976"}],"wp:term":[{"taxonomy":"product_brand","embeddable":true,"href":"https:\/\/www.zyyxlabs.com\/sv\/wp-json\/wp\/v2\/product_brand?post=12976"},{"taxonomy":"product_cat","embeddable":true,"href":"https:\/\/www.zyyxlabs.com\/sv\/wp-json\/wp\/v2\/product_cat?post=12976"},{"taxonomy":"product_tag","embeddable":true,"href":"https:\/\/www.zyyxlabs.com\/sv\/wp-json\/wp\/v2\/product_tag?post=12976"}],"curies":[{"name":"wp","href":"https:\/\/api.w.org\/{rel}","templated":true}]}}