{"id":12959,"date":"2023-11-20T16:57:11","date_gmt":"2023-11-20T15:57:11","guid":{"rendered":"https:\/\/www.zyyxlabs.com\/?post_type=product&#038;p=12959"},"modified":"2024-05-29T23:26:35","modified_gmt":"2024-05-29T21:26:35","slug":"e0-0745-2","status":"publish","type":"product","link":"https:\/\/www.zyyxlabs.com\/sv\/produkt\/e0-0745-2\/","title":{"rendered":"E0.0745-2 radiell printfl\u00e4kt, 12 V, upgraderad med l\u00f6stagbar f\u00f6rl\u00e4ngningskabel p\u00e5 180 cm"},"content":{"rendered":"<p>Ers\u00e4ttning av radiell printfl\u00e4kt f\u00f6r ZYYX+, ZYYX Pro och ZYYX Pro II, 12 V, med 15 cm kabel. Upgraderad version av <a href=\"https:\/\/www.zyyxlabs.com\/product\/e0-0745\/\">E0.0745 Radiell printfl\u00e4kt, 12 V, med 180 cm kabel<\/a> som har en l\u00f6stagbar f\u00f6rl\u00e4ngning till 180 cm.<br \/>\nObs! Den h\u00e4r fl\u00e4kten designades om 2018 av tillverkaren, s\u00e5 den passar inte direkt med \u00e4ldre utskrivna h\u00e5llare. Se bilder:<br \/>\n<a href=\"https:\/\/www.zyyxlabs.com\/wp-content\/uploads\/2021\/01\/E0.0745-Old-vs-New-2-LR.png\"><img loading=\"lazy\" decoding=\"async\" class=\"alignnone size-medium wp-image-11606\" src=\"https:\/\/www.zyyxlabs.com\/wp-content\/uploads\/2021\/01\/E0.0745-Old-vs-New-2-LR-300x300.png\" alt=\"\" width=\"300\" height=\"300\" srcset=\"https:\/\/www.zyyxlabs.com\/wp-content\/uploads\/2021\/01\/E0.0745-Old-vs-New-2-LR-300x300.png 300w, https:\/\/www.zyyxlabs.com\/wp-content\/uploads\/2021\/01\/E0.0745-Old-vs-New-2-LR-150x150.png 150w, https:\/\/www.zyyxlabs.com\/wp-content\/uploads\/2021\/01\/E0.0745-Old-vs-New-2-LR-600x600.png 600w, https:\/\/www.zyyxlabs.com\/wp-content\/uploads\/2021\/01\/E0.0745-Old-vs-New-2-LR-100x100.png 100w, https:\/\/www.zyyxlabs.com\/wp-content\/uploads\/2021\/01\/E0.0745-Old-vs-New-2-LR.png 690w\" sizes=\"auto, (max-width: 300px) 100vw, 300px\" \/><\/a> <a href=\"https:\/\/www.zyyxlabs.com\/wp-content\/uploads\/2021\/01\/E0.0745-Old-vs-New-1-LR.png\"><img loading=\"lazy\" decoding=\"async\" class=\"alignnone size-medium wp-image-11608\" src=\"https:\/\/www.zyyxlabs.com\/wp-content\/uploads\/2021\/01\/E0.0745-Old-vs-New-1-LR-300x224.png\" alt=\"\" width=\"300\" height=\"224\" srcset=\"https:\/\/www.zyyxlabs.com\/wp-content\/uploads\/2021\/01\/E0.0745-Old-vs-New-1-LR-300x224.png 300w, https:\/\/www.zyyxlabs.com\/wp-content\/uploads\/2021\/01\/E0.0745-Old-vs-New-1-LR-600x447.png 600w, https:\/\/www.zyyxlabs.com\/wp-content\/uploads\/2021\/01\/E0.0745-Old-vs-New-1-LR.png 800w\" sizes=\"auto, (max-width: 300px) 100vw, 300px\" \/><\/a><\/p>\n<p>H\u00e4r \u00e4r l\u00e4nkar till motsvarande fl\u00e4kth\u00e5llare:<br \/>\nF\u00f6r ZYYX+: <a href=\"https:\/\/www.zyyxlabs.com\/product\/p4-0194\/\">P4.0194 ZYYX+ fl\u00e4kth\u00e5llare och kylkanal (NY fl\u00e4kttyp) <\/a><br \/>\nF\u00f6r ZYYX Pro: <a href=\"https:\/\/www.zyyxlabs.com\/product\/p4-0529\/\">P4.0529 ZYYX Pro fl\u00e4kth\u00e5llare och kylkanal (NY fl\u00e4kttyp)<\/a><\/p>\n<p>&nbsp;<\/p>\n<p><strong>Skrivarkompatibilitet<\/strong><br \/>\nZYYX\/ZYYX Classic (24 V): Nej, se <a href=\"https:\/\/www.zyyxlabs.com\/product\/e0-0051\/\">E0.0051 Radialfl\u00e4kt, 24 V, 140 cm kabel och resistor. <\/a><br \/>\nZYYX+ (24 V): Nej, se <a href=\"https:\/\/www.zyyxlabs.com\/product\/e0-0051\/\">E0.0051 Radialfl\u00e4kt, 24 V, 140 cm kabel och resistor. <\/a><br \/>\nZYYX+ (12 V): Ja, men skrivare fr\u00e5n 2017 kan beh\u00f6va en ny fl\u00e4kth\u00e5llare som visas ovan.<br \/>\nZYYX Pro: Ja, om skrivaren blivit uppgraderad med E0.0745-2, men skrivare fr\u00e5n 2017 kan beh\u00f6va en ny fl\u00e4kth\u00e5llare som visas ovan.<br \/>\nZYYX Pro II: Ja<\/p>\n","protected":false},"excerpt":{"rendered":"<p>Ers\u00e4ttning av radiell printfl\u00e4kt f\u00f6r ZYYX+, ZYYX Pro och ZYYX Pro II, 12 V, med 15 cm kabel. Upgraderad version av E0.0745 Radiell printfl\u00e4kt, 12 V, med 180 cm kabel som har en l\u00f6stagbar f\u00f6rl\u00e4ngning till 180 cm. Obs! Den h\u00e4r fl\u00e4kten designades om 2018 av tillverkaren, s\u00e5 den passar inte direkt med \u00e4ldre utskrivna <a href=\"https:\/\/www.zyyxlabs.com\/sv\/produkt\/e0-0745-2\/\" class=\"more-link\">&#8230;<span class=\"screen-reader-text\">  E0.0745-2 radiell printfl\u00e4kt, 12 V, upgraderad med l\u00f6stagbar f\u00f6rl\u00e4ngningskabel p\u00e5 180 cm<\/span><\/a><\/p>\n","protected":false},"featured_media":11602,"comment_status":"open","ping_status":"closed","template":"","meta":{"_acf_changed":false,"inline_featured_image":false},"product_brand":[],"product_cat":[69],"product_tag":[228,129,115,122],"class_list":{"0":"post-12959","1":"product","2":"type-product","3":"status-publish","4":"has-post-thumbnail","6":"product_cat-reservdelar","7":"product_tag-12v-sv","8":"product_tag-spare-parts-sv","9":"product_tag-zyyx-pro-sv","10":"product_tag-zyyx-plus","11":"product_shipping_class-standard-shipping","13":"first","14":"instock","15":"taxable","16":"shipping-taxable","17":"purchasable","18":"product-type-simple"},"acf":[],"yoast_head":"<!-- This site is optimized with the Yoast SEO plugin v24.8.1 - https:\/\/yoast.com\/wordpress\/plugins\/seo\/ -->\n<title>E0.0745-2 radiell printfl\u00e4kt, 12 V, upgraderad med l\u00f6stagbar f\u00f6rl\u00e4ngningskabel p\u00e5 180 cm - ZYYX Labs<\/title>\n<meta name=\"description\" content=\"Upgraderad radiell printfl\u00e4kt f\u00f6r ZYYX+, ZYYX Pro och ZYYX Pro II, 12 V, med 180 cm l\u00f6stagbar kabel f\u00f6r anv\u00e4ndning med f\u00f6rl\u00e4ngningskabel. Detta \u00e4r en f\u00f6rb\u00e4ttrad version av E0.0745 Radialfl\u00e4kt, 12 V, med 180 cm kabel som har en l\u00f6stagbar f\u00f6rl\u00e4ngning till 180 cm.\" \/>\n<meta name=\"robots\" content=\"index, follow, max-snippet:-1, max-image-preview:large, max-video-preview:-1\" \/>\n<link rel=\"canonical\" href=\"https:\/\/www.zyyxlabs.com\/sv\/produkt\/e0-0745-2\/\" \/>\n<meta property=\"og:locale\" content=\"sv_SE\" \/>\n<meta property=\"og:type\" content=\"article\" \/>\n<meta property=\"og:title\" content=\"E0.0745-2 radiell printfl\u00e4kt, 12 V, upgraderad med l\u00f6stagbar f\u00f6rl\u00e4ngningskabel p\u00e5 180 cm - ZYYX Labs\" \/>\n<meta property=\"og:description\" content=\"Upgraderad radiell printfl\u00e4kt f\u00f6r ZYYX+, ZYYX Pro och ZYYX Pro II, 12 V, med 180 cm l\u00f6stagbar kabel f\u00f6r anv\u00e4ndning med f\u00f6rl\u00e4ngningskabel. Detta \u00e4r en f\u00f6rb\u00e4ttrad version av E0.0745 Radialfl\u00e4kt, 12 V, med 180 cm kabel som har en l\u00f6stagbar f\u00f6rl\u00e4ngning till 180 cm.\" \/>\n<meta property=\"og:url\" content=\"https:\/\/www.zyyxlabs.com\/sv\/produkt\/e0-0745-2\/\" \/>\n<meta property=\"og:site_name\" content=\"ZYYX Labs\" \/>\n<meta property=\"article:modified_time\" content=\"2024-05-29T21:26:35+00:00\" \/>\n<meta property=\"og:image\" content=\"https:\/\/www.zyyxlabs.com\/wp-content\/uploads\/2021\/01\/E0.0745-Radial-fan-12-V-BFB04512HHA-C-w-180-cm-cable-LR.png\" \/>\n\t<meta property=\"og:image:width\" content=\"800\" \/>\n\t<meta property=\"og:image:height\" content=\"800\" \/>\n\t<meta property=\"og:image:type\" content=\"image\/png\" \/>\n<meta name=\"twitter:card\" content=\"summary_large_image\" \/>\n<meta name=\"twitter:label1\" content=\"Ber\u00e4knad l\u00e4stid\" \/>\n\t<meta name=\"twitter:data1\" content=\"2 minuter\" \/>\n<script type=\"application\/ld+json\" class=\"yoast-schema-graph\">{\"@context\":\"https:\/\/schema.org\",\"@graph\":[{\"@type\":\"WebPage\",\"@id\":\"https:\/\/www.zyyxlabs.com\/sv\/produkt\/e0-0745-2\/\",\"url\":\"https:\/\/www.zyyxlabs.com\/sv\/produkt\/e0-0745-2\/\",\"name\":\"E0.0745-2 radiell printfl\u00e4kt, 12 V, upgraderad med l\u00f6stagbar f\u00f6rl\u00e4ngningskabel p\u00e5 180 cm - ZYYX Labs\",\"isPartOf\":{\"@id\":\"https:\/\/www.zyyxlabs.com\/#website\"},\"primaryImageOfPage\":{\"@id\":\"https:\/\/www.zyyxlabs.com\/sv\/produkt\/e0-0745-2\/#primaryimage\"},\"image\":{\"@id\":\"https:\/\/www.zyyxlabs.com\/sv\/produkt\/e0-0745-2\/#primaryimage\"},\"thumbnailUrl\":\"https:\/\/www.zyyxlabs.com\/wp-content\/uploads\/2021\/01\/E0.0745-Radial-fan-12-V-BFB04512HHA-C-w-180-cm-cable-LR.png\",\"datePublished\":\"2023-11-20T15:57:11+00:00\",\"dateModified\":\"2024-05-29T21:26:35+00:00\",\"description\":\"Upgraderad radiell printfl\u00e4kt f\u00f6r ZYYX+, ZYYX Pro och ZYYX Pro II, 12 V, med 180 cm l\u00f6stagbar kabel f\u00f6r anv\u00e4ndning med f\u00f6rl\u00e4ngningskabel. Detta \u00e4r en f\u00f6rb\u00e4ttrad version av E0.0745 Radialfl\u00e4kt, 12 V, med 180 cm kabel som har en l\u00f6stagbar f\u00f6rl\u00e4ngning till 180 cm.\",\"breadcrumb\":{\"@id\":\"https:\/\/www.zyyxlabs.com\/sv\/produkt\/e0-0745-2\/#breadcrumb\"},\"inLanguage\":\"sv-SE\",\"potentialAction\":[{\"@type\":\"ReadAction\",\"target\":[\"https:\/\/www.zyyxlabs.com\/sv\/produkt\/e0-0745-2\/\"]}]},{\"@type\":\"ImageObject\",\"inLanguage\":\"sv-SE\",\"@id\":\"https:\/\/www.zyyxlabs.com\/sv\/produkt\/e0-0745-2\/#primaryimage\",\"url\":\"https:\/\/www.zyyxlabs.com\/wp-content\/uploads\/2021\/01\/E0.0745-Radial-fan-12-V-BFB04512HHA-C-w-180-cm-cable-LR.png\",\"contentUrl\":\"https:\/\/www.zyyxlabs.com\/wp-content\/uploads\/2021\/01\/E0.0745-Radial-fan-12-V-BFB04512HHA-C-w-180-cm-cable-LR.png\",\"width\":800,\"height\":800},{\"@type\":\"BreadcrumbList\",\"@id\":\"https:\/\/www.zyyxlabs.com\/sv\/produkt\/e0-0745-2\/#breadcrumb\",\"itemListElement\":[{\"@type\":\"ListItem\",\"position\":1,\"name\":\"Home\",\"item\":\"https:\/\/www.zyyxlabs.com\/\"},{\"@type\":\"ListItem\",\"position\":2,\"name\":\"Webbshop\",\"item\":\"https:\/\/www.zyyxlabs.com\/sv\/webbshop\/\"},{\"@type\":\"ListItem\",\"position\":3,\"name\":\"12 V\",\"item\":\"https:\/\/www.zyyxlabs.com\/sv\/etikett\/12v-sv\/\"},{\"@type\":\"ListItem\",\"position\":4,\"name\":\"E0.0745-2 radiell printfl\u00e4kt, 12 V, upgraderad med l\u00f6stagbar f\u00f6rl\u00e4ngningskabel p\u00e5 180 cm\"}]},{\"@type\":\"WebSite\",\"@id\":\"https:\/\/www.zyyxlabs.com\/#website\",\"url\":\"https:\/\/www.zyyxlabs.com\/\",\"name\":\"ZYYX Labs\",\"description\":\"Professionella 3d-skrivare\",\"publisher\":{\"@id\":\"https:\/\/www.zyyxlabs.com\/#organization\"},\"potentialAction\":[{\"@type\":\"SearchAction\",\"target\":{\"@type\":\"EntryPoint\",\"urlTemplate\":\"https:\/\/www.zyyxlabs.com\/?s={search_term_string}\"},\"query-input\":{\"@type\":\"PropertyValueSpecification\",\"valueRequired\":true,\"valueName\":\"search_term_string\"}}],\"inLanguage\":\"sv-SE\"},{\"@type\":\"Organization\",\"@id\":\"https:\/\/www.zyyxlabs.com\/#organization\",\"name\":\"ZYYX Labs AB\",\"url\":\"https:\/\/www.zyyxlabs.com\/\",\"logo\":{\"@type\":\"ImageObject\",\"inLanguage\":\"sv-SE\",\"@id\":\"https:\/\/www.zyyxlabs.com\/#\/schema\/logo\/image\/\",\"url\":\"https:\/\/www.zyyxlabs.com\/wp-content\/uploads\/2019\/03\/logo.svg\",\"contentUrl\":\"https:\/\/www.zyyxlabs.com\/wp-content\/uploads\/2019\/03\/logo.svg\",\"width\":1,\"height\":1,\"caption\":\"ZYYX Labs AB\"},\"image\":{\"@id\":\"https:\/\/www.zyyxlabs.com\/#\/schema\/logo\/image\/\"},\"sameAs\":[\"https:\/\/www.linkedin.com\/company\/zyyx-3d-printer\"]}]}<\/script>\n<!-- \/ Yoast SEO plugin. -->","yoast_head_json":{"title":"E0.0745-2 radiell printfl\u00e4kt, 12 V, upgraderad med l\u00f6stagbar f\u00f6rl\u00e4ngningskabel p\u00e5 180 cm - ZYYX Labs","description":"Upgraderad radiell printfl\u00e4kt f\u00f6r ZYYX+, ZYYX Pro och ZYYX Pro II, 12 V, med 180 cm l\u00f6stagbar kabel f\u00f6r anv\u00e4ndning med f\u00f6rl\u00e4ngningskabel. Detta \u00e4r en f\u00f6rb\u00e4ttrad version av E0.0745 Radialfl\u00e4kt, 12 V, med 180 cm kabel som har en l\u00f6stagbar f\u00f6rl\u00e4ngning till 180 cm.","robots":{"index":"index","follow":"follow","max-snippet":"max-snippet:-1","max-image-preview":"max-image-preview:large","max-video-preview":"max-video-preview:-1"},"canonical":"https:\/\/www.zyyxlabs.com\/sv\/produkt\/e0-0745-2\/","og_locale":"sv_SE","og_type":"article","og_title":"E0.0745-2 radiell printfl\u00e4kt, 12 V, upgraderad med l\u00f6stagbar f\u00f6rl\u00e4ngningskabel p\u00e5 180 cm - ZYYX Labs","og_description":"Upgraderad radiell printfl\u00e4kt f\u00f6r ZYYX+, ZYYX Pro och ZYYX Pro II, 12 V, med 180 cm l\u00f6stagbar kabel f\u00f6r anv\u00e4ndning med f\u00f6rl\u00e4ngningskabel. Detta \u00e4r en f\u00f6rb\u00e4ttrad version av E0.0745 Radialfl\u00e4kt, 12 V, med 180 cm kabel som har en l\u00f6stagbar f\u00f6rl\u00e4ngning till 180 cm.","og_url":"https:\/\/www.zyyxlabs.com\/sv\/produkt\/e0-0745-2\/","og_site_name":"ZYYX Labs","article_modified_time":"2024-05-29T21:26:35+00:00","og_image":[{"width":800,"height":800,"url":"https:\/\/www.zyyxlabs.com\/wp-content\/uploads\/2021\/01\/E0.0745-Radial-fan-12-V-BFB04512HHA-C-w-180-cm-cable-LR.png","type":"image\/png"}],"twitter_card":"summary_large_image","twitter_misc":{"Ber\u00e4knad l\u00e4stid":"2 minuter"},"schema":{"@context":"https:\/\/schema.org","@graph":[{"@type":"WebPage","@id":"https:\/\/www.zyyxlabs.com\/sv\/produkt\/e0-0745-2\/","url":"https:\/\/www.zyyxlabs.com\/sv\/produkt\/e0-0745-2\/","name":"E0.0745-2 radiell printfl\u00e4kt, 12 V, upgraderad med l\u00f6stagbar f\u00f6rl\u00e4ngningskabel p\u00e5 180 cm - ZYYX Labs","isPartOf":{"@id":"https:\/\/www.zyyxlabs.com\/#website"},"primaryImageOfPage":{"@id":"https:\/\/www.zyyxlabs.com\/sv\/produkt\/e0-0745-2\/#primaryimage"},"image":{"@id":"https:\/\/www.zyyxlabs.com\/sv\/produkt\/e0-0745-2\/#primaryimage"},"thumbnailUrl":"https:\/\/www.zyyxlabs.com\/wp-content\/uploads\/2021\/01\/E0.0745-Radial-fan-12-V-BFB04512HHA-C-w-180-cm-cable-LR.png","datePublished":"2023-11-20T15:57:11+00:00","dateModified":"2024-05-29T21:26:35+00:00","description":"Upgraderad radiell printfl\u00e4kt f\u00f6r ZYYX+, ZYYX Pro och ZYYX Pro II, 12 V, med 180 cm l\u00f6stagbar kabel f\u00f6r anv\u00e4ndning med f\u00f6rl\u00e4ngningskabel. Detta \u00e4r en f\u00f6rb\u00e4ttrad version av E0.0745 Radialfl\u00e4kt, 12 V, med 180 cm kabel som har en l\u00f6stagbar f\u00f6rl\u00e4ngning till 180 cm.","breadcrumb":{"@id":"https:\/\/www.zyyxlabs.com\/sv\/produkt\/e0-0745-2\/#breadcrumb"},"inLanguage":"sv-SE","potentialAction":[{"@type":"ReadAction","target":["https:\/\/www.zyyxlabs.com\/sv\/produkt\/e0-0745-2\/"]}]},{"@type":"ImageObject","inLanguage":"sv-SE","@id":"https:\/\/www.zyyxlabs.com\/sv\/produkt\/e0-0745-2\/#primaryimage","url":"https:\/\/www.zyyxlabs.com\/wp-content\/uploads\/2021\/01\/E0.0745-Radial-fan-12-V-BFB04512HHA-C-w-180-cm-cable-LR.png","contentUrl":"https:\/\/www.zyyxlabs.com\/wp-content\/uploads\/2021\/01\/E0.0745-Radial-fan-12-V-BFB04512HHA-C-w-180-cm-cable-LR.png","width":800,"height":800},{"@type":"BreadcrumbList","@id":"https:\/\/www.zyyxlabs.com\/sv\/produkt\/e0-0745-2\/#breadcrumb","itemListElement":[{"@type":"ListItem","position":1,"name":"Home","item":"https:\/\/www.zyyxlabs.com\/"},{"@type":"ListItem","position":2,"name":"Webbshop","item":"https:\/\/www.zyyxlabs.com\/sv\/webbshop\/"},{"@type":"ListItem","position":3,"name":"12 V","item":"https:\/\/www.zyyxlabs.com\/sv\/etikett\/12v-sv\/"},{"@type":"ListItem","position":4,"name":"E0.0745-2 radiell printfl\u00e4kt, 12 V, upgraderad med l\u00f6stagbar f\u00f6rl\u00e4ngningskabel p\u00e5 180 cm"}]},{"@type":"WebSite","@id":"https:\/\/www.zyyxlabs.com\/#website","url":"https:\/\/www.zyyxlabs.com\/","name":"ZYYX Labs","description":"Professionella 3d-skrivare","publisher":{"@id":"https:\/\/www.zyyxlabs.com\/#organization"},"potentialAction":[{"@type":"SearchAction","target":{"@type":"EntryPoint","urlTemplate":"https:\/\/www.zyyxlabs.com\/?s={search_term_string}"},"query-input":{"@type":"PropertyValueSpecification","valueRequired":true,"valueName":"search_term_string"}}],"inLanguage":"sv-SE"},{"@type":"Organization","@id":"https:\/\/www.zyyxlabs.com\/#organization","name":"ZYYX Labs AB","url":"https:\/\/www.zyyxlabs.com\/","logo":{"@type":"ImageObject","inLanguage":"sv-SE","@id":"https:\/\/www.zyyxlabs.com\/#\/schema\/logo\/image\/","url":"https:\/\/www.zyyxlabs.com\/wp-content\/uploads\/2019\/03\/logo.svg","contentUrl":"https:\/\/www.zyyxlabs.com\/wp-content\/uploads\/2019\/03\/logo.svg","width":1,"height":1,"caption":"ZYYX Labs AB"},"image":{"@id":"https:\/\/www.zyyxlabs.com\/#\/schema\/logo\/image\/"},"sameAs":["https:\/\/www.linkedin.com\/company\/zyyx-3d-printer"]}]}},"_links":{"self":[{"href":"https:\/\/www.zyyxlabs.com\/sv\/wp-json\/wp\/v2\/product\/12959","targetHints":{"allow":["GET"]}}],"collection":[{"href":"https:\/\/www.zyyxlabs.com\/sv\/wp-json\/wp\/v2\/product"}],"about":[{"href":"https:\/\/www.zyyxlabs.com\/sv\/wp-json\/wp\/v2\/types\/product"}],"replies":[{"embeddable":true,"href":"https:\/\/www.zyyxlabs.com\/sv\/wp-json\/wp\/v2\/comments?post=12959"}],"wp:featuredmedia":[{"embeddable":true,"href":"https:\/\/www.zyyxlabs.com\/sv\/wp-json\/wp\/v2\/media\/11602"}],"wp:attachment":[{"href":"https:\/\/www.zyyxlabs.com\/sv\/wp-json\/wp\/v2\/media?parent=12959"}],"wp:term":[{"taxonomy":"product_brand","embeddable":true,"href":"https:\/\/www.zyyxlabs.com\/sv\/wp-json\/wp\/v2\/product_brand?post=12959"},{"taxonomy":"product_cat","embeddable":true,"href":"https:\/\/www.zyyxlabs.com\/sv\/wp-json\/wp\/v2\/product_cat?post=12959"},{"taxonomy":"product_tag","embeddable":true,"href":"https:\/\/www.zyyxlabs.com\/sv\/wp-json\/wp\/v2\/product_tag?post=12959"}],"curies":[{"name":"wp","href":"https:\/\/api.w.org\/{rel}","templated":true}]}}