{"id":12711,"date":"2023-01-18T23:57:48","date_gmt":"2023-01-18T22:57:48","guid":{"rendered":"https:\/\/www.zyyxlabs.com\/?post_type=product&#038;p=12711"},"modified":"2024-09-08T17:14:05","modified_gmt":"2024-09-08T15:14:05","slug":"zx323","status":"publish","type":"product","link":"https:\/\/www.zyyxlabs.com\/sv\/produkt\/zx323\/","title":{"rendered":"ZX323 ZYYX Pro II Teflonslangssats"},"content":{"rendered":"<p>Teflonslangssats f\u00f6r ZYYX Pro II av premium 4\/2,5 mm PTFE-r\u00f6r. Satsen best\u00e5r av en del p\u00e5 715 mm f\u00f6r toppmatningen och en del p\u00e5 630 mm f\u00f6r baksidan.<br \/>\nDetta f\u00f6rb\u00e4ttrade teflonr\u00f6r som \u00e4r stabilare pga tjockare material anv\u00e4nds i alla ZYYX Pro II.<\/p>\n<p> <strong>Skrivarkompatibilitet<\/strong> <br \/>\nZYYX Pro II: alla modeller <br \/>\nZYYX Pro: Nej, se <a href=\"https:\/\/www.zyyxlabs.com\/sv\/produkt\/zx309\/\">ZX309 ZYYX Pro Teflonslangssats<br \/>\nZYYX+: NEJ, se <a href=\"https:\/\/www.zyyxlabs.com\/sv\/produkt\/zx512\/\">ZX512 ZYYX+ Teflonslang<\/a> <br \/>\nZYYX \/ ZYYX Classic: NEJ, se ZYYX+<\/p>\n","protected":false},"excerpt":{"rendered":"<p>Teflonslangssats f\u00f6r ZYYX Pro II av premium 4\/2,5 mm PTFE-r\u00f6r. Satsen best\u00e5r av en del p\u00e5 715 mm f\u00f6r toppmatningen och en del p\u00e5 630 mm f\u00f6r baksidan. Detta f\u00f6rb\u00e4ttrade teflonr\u00f6r som \u00e4r stabilare pga tjockare material anv\u00e4nds i alla ZYYX Pro II. Skrivarkompatibilitet ZYYX Pro II: alla modeller ZYYX Pro: Nej, se ZX309 ZYYX <a href=\"https:\/\/www.zyyxlabs.com\/sv\/produkt\/zx323\/\" class=\"more-link\">&#8230;<span class=\"screen-reader-text\">  ZX323 ZYYX Pro II Teflonslangssats<\/span><\/a><\/p>\n","protected":false},"featured_media":12059,"comment_status":"open","ping_status":"closed","template":"","meta":{"_acf_changed":false,"inline_featured_image":false},"product_brand":[],"product_cat":[66,96],"product_tag":[111,250,129,200],"class_list":{"0":"post-12711","1":"product","2":"type-product","3":"status-publish","4":"has-post-thumbnail","6":"product_cat-forbrukningsartiklar","7":"product_cat-uppgraderingar","8":"product_tag-forbrukningsartiklar","9":"product_tag-ptfe-sv","10":"product_tag-spare-parts-sv","11":"product_tag-teflonslang","13":"first","14":"instock","15":"taxable","16":"shipping-taxable","17":"purchasable","18":"product-type-simple"},"acf":[],"yoast_head":"<!-- This site is optimized with the Yoast SEO plugin v24.8.1 - https:\/\/yoast.com\/wordpress\/plugins\/seo\/ -->\n<title>ZX323 ZYYX Pro II Teflonslangssats - ZYYX Labs<\/title>\n<meta name=\"description\" content=\"Teflonslangsuppgraderingssats f\u00f6r ZYYX Pro II. Dessa anv\u00e4nds i alla ZYYX Pro II.\" \/>\n<meta name=\"robots\" content=\"index, follow, max-snippet:-1, max-image-preview:large, max-video-preview:-1\" \/>\n<link rel=\"canonical\" href=\"https:\/\/www.zyyxlabs.com\/produkt\/zx323\/\" \/>\n<meta property=\"og:locale\" content=\"sv_SE\" \/>\n<meta property=\"og:type\" content=\"article\" \/>\n<meta property=\"og:title\" content=\"ZX323 ZYYX Pro II Teflonslangssats - ZYYX Labs\" \/>\n<meta property=\"og:description\" content=\"Teflonslangsuppgraderingssats f\u00f6r ZYYX Pro II. Dessa anv\u00e4nds i alla ZYYX Pro II.\" \/>\n<meta property=\"og:url\" content=\"https:\/\/www.zyyxlabs.com\/produkt\/zx323\/\" \/>\n<meta property=\"og:site_name\" content=\"ZYYX Labs\" \/>\n<meta property=\"article:modified_time\" content=\"2024-09-08T15:14:05+00:00\" \/>\n<meta property=\"og:image\" content=\"https:\/\/www.zyyxlabs.com\/wp-content\/uploads\/2020\/10\/ZX309-ZYYX-Pro-Teflon-Tube-Kit-2.5-LR.png\" \/>\n\t<meta property=\"og:image:width\" content=\"800\" \/>\n\t<meta property=\"og:image:height\" content=\"800\" \/>\n\t<meta property=\"og:image:type\" content=\"image\/png\" \/>\n<meta name=\"twitter:card\" content=\"summary_large_image\" \/>\n<script type=\"application\/ld+json\" class=\"yoast-schema-graph\">{\"@context\":\"https:\/\/schema.org\",\"@graph\":[{\"@type\":\"WebPage\",\"@id\":\"https:\/\/www.zyyxlabs.com\/produkt\/zx323\/\",\"url\":\"https:\/\/www.zyyxlabs.com\/produkt\/zx323\/\",\"name\":\"ZX323 ZYYX Pro II Teflonslangssats - ZYYX Labs\",\"isPartOf\":{\"@id\":\"https:\/\/www.zyyxlabs.com\/#website\"},\"primaryImageOfPage\":{\"@id\":\"https:\/\/www.zyyxlabs.com\/produkt\/zx323\/#primaryimage\"},\"image\":{\"@id\":\"https:\/\/www.zyyxlabs.com\/produkt\/zx323\/#primaryimage\"},\"thumbnailUrl\":\"https:\/\/www.zyyxlabs.com\/wp-content\/uploads\/2020\/10\/ZX309-ZYYX-Pro-Teflon-Tube-Kit-2.5-LR.png\",\"datePublished\":\"2023-01-18T22:57:48+00:00\",\"dateModified\":\"2024-09-08T15:14:05+00:00\",\"description\":\"Teflonslangsuppgraderingssats f\u00f6r ZYYX Pro II. Dessa anv\u00e4nds i alla ZYYX Pro II.\",\"breadcrumb\":{\"@id\":\"https:\/\/www.zyyxlabs.com\/produkt\/zx323\/#breadcrumb\"},\"inLanguage\":\"sv-SE\",\"potentialAction\":[{\"@type\":\"ReadAction\",\"target\":[\"https:\/\/www.zyyxlabs.com\/produkt\/zx323\/\"]}]},{\"@type\":\"ImageObject\",\"inLanguage\":\"sv-SE\",\"@id\":\"https:\/\/www.zyyxlabs.com\/produkt\/zx323\/#primaryimage\",\"url\":\"https:\/\/www.zyyxlabs.com\/wp-content\/uploads\/2020\/10\/ZX309-ZYYX-Pro-Teflon-Tube-Kit-2.5-LR.png\",\"contentUrl\":\"https:\/\/www.zyyxlabs.com\/wp-content\/uploads\/2020\/10\/ZX309-ZYYX-Pro-Teflon-Tube-Kit-2.5-LR.png\",\"width\":800,\"height\":800},{\"@type\":\"BreadcrumbList\",\"@id\":\"https:\/\/www.zyyxlabs.com\/produkt\/zx323\/#breadcrumb\",\"itemListElement\":[{\"@type\":\"ListItem\",\"position\":1,\"name\":\"Home\",\"item\":\"https:\/\/www.zyyxlabs.com\/\"},{\"@type\":\"ListItem\",\"position\":2,\"name\":\"Webbshop\",\"item\":\"https:\/\/www.zyyxlabs.com\/sv\/webbshop\/\"},{\"@type\":\"ListItem\",\"position\":3,\"name\":\"F\u00f6rbrukningsartiklar\",\"item\":\"https:\/\/www.zyyxlabs.com\/sv\/etikett\/forbrukningsartiklar\/\"},{\"@type\":\"ListItem\",\"position\":4,\"name\":\"ZX323 ZYYX Pro II Teflonslangssats\"}]},{\"@type\":\"WebSite\",\"@id\":\"https:\/\/www.zyyxlabs.com\/#website\",\"url\":\"https:\/\/www.zyyxlabs.com\/\",\"name\":\"ZYYX Labs\",\"description\":\"Professionella 3d-skrivare\",\"publisher\":{\"@id\":\"https:\/\/www.zyyxlabs.com\/#organization\"},\"potentialAction\":[{\"@type\":\"SearchAction\",\"target\":{\"@type\":\"EntryPoint\",\"urlTemplate\":\"https:\/\/www.zyyxlabs.com\/?s={search_term_string}\"},\"query-input\":{\"@type\":\"PropertyValueSpecification\",\"valueRequired\":true,\"valueName\":\"search_term_string\"}}],\"inLanguage\":\"sv-SE\"},{\"@type\":\"Organization\",\"@id\":\"https:\/\/www.zyyxlabs.com\/#organization\",\"name\":\"ZYYX Labs AB\",\"url\":\"https:\/\/www.zyyxlabs.com\/\",\"logo\":{\"@type\":\"ImageObject\",\"inLanguage\":\"sv-SE\",\"@id\":\"https:\/\/www.zyyxlabs.com\/#\/schema\/logo\/image\/\",\"url\":\"https:\/\/www.zyyxlabs.com\/wp-content\/uploads\/2019\/03\/logo.svg\",\"contentUrl\":\"https:\/\/www.zyyxlabs.com\/wp-content\/uploads\/2019\/03\/logo.svg\",\"width\":1,\"height\":1,\"caption\":\"ZYYX Labs AB\"},\"image\":{\"@id\":\"https:\/\/www.zyyxlabs.com\/#\/schema\/logo\/image\/\"},\"sameAs\":[\"https:\/\/www.linkedin.com\/company\/zyyx-3d-printer\"]}]}<\/script>\n<!-- \/ Yoast SEO plugin. -->","yoast_head_json":{"title":"ZX323 ZYYX Pro II Teflonslangssats - ZYYX Labs","description":"Teflonslangsuppgraderingssats f\u00f6r ZYYX Pro II. Dessa anv\u00e4nds i alla ZYYX Pro II.","robots":{"index":"index","follow":"follow","max-snippet":"max-snippet:-1","max-image-preview":"max-image-preview:large","max-video-preview":"max-video-preview:-1"},"canonical":"https:\/\/www.zyyxlabs.com\/produkt\/zx323\/","og_locale":"sv_SE","og_type":"article","og_title":"ZX323 ZYYX Pro II Teflonslangssats - ZYYX Labs","og_description":"Teflonslangsuppgraderingssats f\u00f6r ZYYX Pro II. Dessa anv\u00e4nds i alla ZYYX Pro II.","og_url":"https:\/\/www.zyyxlabs.com\/produkt\/zx323\/","og_site_name":"ZYYX Labs","article_modified_time":"2024-09-08T15:14:05+00:00","og_image":[{"width":800,"height":800,"url":"https:\/\/www.zyyxlabs.com\/wp-content\/uploads\/2020\/10\/ZX309-ZYYX-Pro-Teflon-Tube-Kit-2.5-LR.png","type":"image\/png"}],"twitter_card":"summary_large_image","schema":{"@context":"https:\/\/schema.org","@graph":[{"@type":"WebPage","@id":"https:\/\/www.zyyxlabs.com\/produkt\/zx323\/","url":"https:\/\/www.zyyxlabs.com\/produkt\/zx323\/","name":"ZX323 ZYYX Pro II Teflonslangssats - ZYYX Labs","isPartOf":{"@id":"https:\/\/www.zyyxlabs.com\/#website"},"primaryImageOfPage":{"@id":"https:\/\/www.zyyxlabs.com\/produkt\/zx323\/#primaryimage"},"image":{"@id":"https:\/\/www.zyyxlabs.com\/produkt\/zx323\/#primaryimage"},"thumbnailUrl":"https:\/\/www.zyyxlabs.com\/wp-content\/uploads\/2020\/10\/ZX309-ZYYX-Pro-Teflon-Tube-Kit-2.5-LR.png","datePublished":"2023-01-18T22:57:48+00:00","dateModified":"2024-09-08T15:14:05+00:00","description":"Teflonslangsuppgraderingssats f\u00f6r ZYYX Pro II. Dessa anv\u00e4nds i alla ZYYX Pro II.","breadcrumb":{"@id":"https:\/\/www.zyyxlabs.com\/produkt\/zx323\/#breadcrumb"},"inLanguage":"sv-SE","potentialAction":[{"@type":"ReadAction","target":["https:\/\/www.zyyxlabs.com\/produkt\/zx323\/"]}]},{"@type":"ImageObject","inLanguage":"sv-SE","@id":"https:\/\/www.zyyxlabs.com\/produkt\/zx323\/#primaryimage","url":"https:\/\/www.zyyxlabs.com\/wp-content\/uploads\/2020\/10\/ZX309-ZYYX-Pro-Teflon-Tube-Kit-2.5-LR.png","contentUrl":"https:\/\/www.zyyxlabs.com\/wp-content\/uploads\/2020\/10\/ZX309-ZYYX-Pro-Teflon-Tube-Kit-2.5-LR.png","width":800,"height":800},{"@type":"BreadcrumbList","@id":"https:\/\/www.zyyxlabs.com\/produkt\/zx323\/#breadcrumb","itemListElement":[{"@type":"ListItem","position":1,"name":"Home","item":"https:\/\/www.zyyxlabs.com\/"},{"@type":"ListItem","position":2,"name":"Webbshop","item":"https:\/\/www.zyyxlabs.com\/sv\/webbshop\/"},{"@type":"ListItem","position":3,"name":"F\u00f6rbrukningsartiklar","item":"https:\/\/www.zyyxlabs.com\/sv\/etikett\/forbrukningsartiklar\/"},{"@type":"ListItem","position":4,"name":"ZX323 ZYYX Pro II Teflonslangssats"}]},{"@type":"WebSite","@id":"https:\/\/www.zyyxlabs.com\/#website","url":"https:\/\/www.zyyxlabs.com\/","name":"ZYYX Labs","description":"Professionella 3d-skrivare","publisher":{"@id":"https:\/\/www.zyyxlabs.com\/#organization"},"potentialAction":[{"@type":"SearchAction","target":{"@type":"EntryPoint","urlTemplate":"https:\/\/www.zyyxlabs.com\/?s={search_term_string}"},"query-input":{"@type":"PropertyValueSpecification","valueRequired":true,"valueName":"search_term_string"}}],"inLanguage":"sv-SE"},{"@type":"Organization","@id":"https:\/\/www.zyyxlabs.com\/#organization","name":"ZYYX Labs AB","url":"https:\/\/www.zyyxlabs.com\/","logo":{"@type":"ImageObject","inLanguage":"sv-SE","@id":"https:\/\/www.zyyxlabs.com\/#\/schema\/logo\/image\/","url":"https:\/\/www.zyyxlabs.com\/wp-content\/uploads\/2019\/03\/logo.svg","contentUrl":"https:\/\/www.zyyxlabs.com\/wp-content\/uploads\/2019\/03\/logo.svg","width":1,"height":1,"caption":"ZYYX Labs AB"},"image":{"@id":"https:\/\/www.zyyxlabs.com\/#\/schema\/logo\/image\/"},"sameAs":["https:\/\/www.linkedin.com\/company\/zyyx-3d-printer"]}]}},"_links":{"self":[{"href":"https:\/\/www.zyyxlabs.com\/sv\/wp-json\/wp\/v2\/product\/12711","targetHints":{"allow":["GET"]}}],"collection":[{"href":"https:\/\/www.zyyxlabs.com\/sv\/wp-json\/wp\/v2\/product"}],"about":[{"href":"https:\/\/www.zyyxlabs.com\/sv\/wp-json\/wp\/v2\/types\/product"}],"replies":[{"embeddable":true,"href":"https:\/\/www.zyyxlabs.com\/sv\/wp-json\/wp\/v2\/comments?post=12711"}],"wp:featuredmedia":[{"embeddable":true,"href":"https:\/\/www.zyyxlabs.com\/sv\/wp-json\/wp\/v2\/media\/12059"}],"wp:attachment":[{"href":"https:\/\/www.zyyxlabs.com\/sv\/wp-json\/wp\/v2\/media?parent=12711"}],"wp:term":[{"taxonomy":"product_brand","embeddable":true,"href":"https:\/\/www.zyyxlabs.com\/sv\/wp-json\/wp\/v2\/product_brand?post=12711"},{"taxonomy":"product_cat","embeddable":true,"href":"https:\/\/www.zyyxlabs.com\/sv\/wp-json\/wp\/v2\/product_cat?post=12711"},{"taxonomy":"product_tag","embeddable":true,"href":"https:\/\/www.zyyxlabs.com\/sv\/wp-json\/wp\/v2\/product_tag?post=12711"}],"curies":[{"name":"wp","href":"https:\/\/api.w.org\/{rel}","templated":true}]}}