{"id":12587,"date":"2022-06-28T13:18:12","date_gmt":"2022-06-28T11:18:12","guid":{"rendered":"https:\/\/www.zyyxlabs.com\/?post_type=product&#038;p=12587"},"modified":"2024-11-14T07:44:56","modified_gmt":"2024-11-14T06:44:56","slug":"zx622","status":"publish","type":"product","link":"https:\/\/www.zyyxlabs.com\/sv\/produkt\/zx622\/","title":{"rendered":"ZX622 ZYYX Pro II Underh\u00e5lls- och servicepaket &#8220;Maintenance Kit\u2122&#8221;"},"content":{"rendered":"<p>Ett perfekt s\u00e4tt att h\u00e5lla din skrivare i topptrim. Detta \u00e4r en komplett l\u00f6sning f\u00f6r att enkelt reng\u00f6ra filamentmatningen, rensa de olika SwiftTool-munstyckena n\u00e4r det blivit stopp och g\u00f6ra underh\u00e5ll.<\/p>\n<p>Passar till ZYYX Pro II.<\/p>\n<p>Paketets inneh\u00e5ll:<br \/>\n4 meter ZYYX reng\u00f6ringsfilament<br \/>\n4 st ZYYX reng\u00f6ringsborstar med ett handtag f\u00f6r reng\u00f6ring av drivhjul mm<br \/>\n5 st reng\u00f6ringsn\u00e5lar f\u00f6r 0,2-munstycke<br \/>\n5 st reng\u00f6ringsn\u00e5lar f\u00f6r 0,4-munstycke<br \/>\n1 st reng\u00f6ringsborr f\u00f6r 0,6-munstycke<br \/>\n1 st reng\u00f6ringsborr f\u00f6r 1,2-munstycke<br \/>\n2 borr f\u00f6r reng\u00f6ring av SwiftTools \u00f6verdel<\/p>\n<p><a href=\"https:\/\/www.zyyxlabs.com\/sv\/zyyx-underhallssats-sa-har-gor-du\/\">&gt;H\u00e4r&lt;<\/a> kan du hitta en detaljerad instruktion om hur du anv\u00e4nder denna underh\u00e5llssats.<\/p>\n<p><strong>Skrivarkompatibilitet<\/strong><br \/>\nZYYX Classic: Ja, men se ZYYX+ nedan<br \/>\nZYYX+: Ja, men ett optimerat paket f\u00f6r ZYYX+ finns (<a href=\"https:\/\/www.zyyxlabs.com\/sv\/produkt\/zx505\/\">ZX505<\/a>)<br \/>\nZYYX Pro: Ja, men det finns ett optimerat paket f\u00f6r ZYYX Pro (<a href=\"https:\/\/www.zyyxlabs.com\/sv\/produkt\/zx605\/\">ZX605<\/a>)<br \/>\nZYYX Pro II: Ja<br \/>\nZYYX Pro Basic\/Edu: Ja, men det finns ett optimerat paket f\u00f6r ZYYX Pro II Basic\/Edu (<a href=\"https:\/\/www.zyyxlabs.com\/sv\/produkt\/zx621\/\">ZX621<\/a>)<\/p>\n","protected":false},"excerpt":{"rendered":"<p>Ett perfekt s\u00e4tt att h\u00e5lla din skrivare i topptrim. Detta \u00e4r en komplett l\u00f6sning f\u00f6r att enkelt reng\u00f6ra filamentmatningen, rensa de olika SwiftTool-munstyckena n\u00e4r det blivit stopp och g\u00f6ra underh\u00e5ll. Passar till ZYYX Pro II. Paketets inneh\u00e5ll: 4 meter ZYYX reng\u00f6ringsfilament 4 st ZYYX reng\u00f6ringsborstar med ett handtag f\u00f6r reng\u00f6ring av drivhjul mm 5 st <a href=\"https:\/\/www.zyyxlabs.com\/sv\/produkt\/zx622\/\" class=\"more-link\">&#8230;<span class=\"screen-reader-text\">  ZX622 ZYYX Pro II Underh\u00e5lls- och servicepaket &#8220;Maintenance Kit\u2122&#8221;<\/span><\/a><\/p>\n","protected":false},"featured_media":12590,"comment_status":"open","ping_status":"closed","template":"","meta":{"_acf_changed":false,"inline_featured_image":false},"product_brand":[],"product_cat":[66,65],"product_tag":[123,127,241],"class_list":{"0":"post-12587","1":"product","2":"type-product","3":"status-publish","4":"has-post-thumbnail","6":"product_cat-forbrukningsartiklar","7":"product_cat-tillbehor","8":"product_tag-tillbehor","9":"product_tag-maintenance-kit-sv","10":"product_tag-zyyx-pro-ii-sv-2","11":"product_shipping_class-standard-shipping","13":"first","14":"instock","15":"taxable","16":"shipping-taxable","17":"purchasable","18":"product-type-simple"},"acf":[],"yoast_head":"<!-- This site is optimized with the Yoast SEO plugin v24.8.1 - https:\/\/yoast.com\/wordpress\/plugins\/seo\/ -->\n<title>ZX622 ZYYX Pro II Underh\u00e5lls- och servicepaket &quot;Maintenance Kit\u2122&quot;ZYYX+ Maintenance Kit\u2122 - ZYYX Labs<\/title>\n<meta name=\"description\" content=\"Ett perfekt s\u00e4tt att h\u00e5lla din skrivare i topptrim. ZYYX Pro II Underh\u00e5lls- och servicepaket \u00e4r en komplett l\u00f6sning f\u00f6r att enkelt reng\u00f6ra filamentmatningen, rensa de olika SwiftTool-munstyckena n\u00e4r det blivit stopp och g\u00f6ra underh\u00e5ll.\" \/>\n<meta name=\"robots\" content=\"index, follow, max-snippet:-1, max-image-preview:large, max-video-preview:-1\" \/>\n<link rel=\"canonical\" href=\"https:\/\/www.zyyxlabs.com\/sv\/produkt\/zx622\/\" \/>\n<meta property=\"og:locale\" content=\"sv_SE\" \/>\n<meta property=\"og:type\" content=\"article\" \/>\n<meta property=\"og:title\" content=\"ZX622 ZYYX Pro II Underh\u00e5lls- och servicepaket &quot;Maintenance Kit\u2122&quot;ZYYX+ Maintenance Kit\u2122 - ZYYX Labs\" \/>\n<meta property=\"og:description\" content=\"Ett perfekt s\u00e4tt att h\u00e5lla din skrivare i topptrim. ZYYX Pro II Underh\u00e5lls- och servicepaket \u00e4r en komplett l\u00f6sning f\u00f6r att enkelt reng\u00f6ra filamentmatningen, rensa de olika SwiftTool-munstyckena n\u00e4r det blivit stopp och g\u00f6ra underh\u00e5ll.\" \/>\n<meta property=\"og:url\" content=\"https:\/\/www.zyyxlabs.com\/sv\/produkt\/zx622\/\" \/>\n<meta property=\"og:site_name\" content=\"ZYYX Labs\" \/>\n<meta property=\"article:modified_time\" content=\"2024-11-14T06:44:56+00:00\" \/>\n<meta property=\"og:image\" content=\"https:\/\/www.zyyxlabs.com\/wp-content\/uploads\/2022\/06\/ZX622-MaintKit-Pro-II-Delar.png\" \/>\n\t<meta property=\"og:image:width\" content=\"1185\" \/>\n\t<meta property=\"og:image:height\" content=\"826\" \/>\n\t<meta property=\"og:image:type\" content=\"image\/png\" \/>\n<meta name=\"twitter:card\" content=\"summary_large_image\" \/>\n<meta name=\"twitter:label1\" content=\"Ber\u00e4knad l\u00e4stid\" \/>\n\t<meta name=\"twitter:data1\" content=\"1 minut\" \/>\n<script type=\"application\/ld+json\" class=\"yoast-schema-graph\">{\"@context\":\"https:\/\/schema.org\",\"@graph\":[{\"@type\":\"WebPage\",\"@id\":\"https:\/\/www.zyyxlabs.com\/sv\/produkt\/zx622\/\",\"url\":\"https:\/\/www.zyyxlabs.com\/sv\/produkt\/zx622\/\",\"name\":\"ZX622 ZYYX Pro II Underh\u00e5lls- och servicepaket \\\"Maintenance Kit\u2122\\\"ZYYX+ Maintenance Kit\u2122 - ZYYX Labs\",\"isPartOf\":{\"@id\":\"https:\/\/www.zyyxlabs.com\/#website\"},\"primaryImageOfPage\":{\"@id\":\"https:\/\/www.zyyxlabs.com\/sv\/produkt\/zx622\/#primaryimage\"},\"image\":{\"@id\":\"https:\/\/www.zyyxlabs.com\/sv\/produkt\/zx622\/#primaryimage\"},\"thumbnailUrl\":\"https:\/\/www.zyyxlabs.com\/wp-content\/uploads\/2022\/06\/ZX622-MaintKit-Pro-II-Delar.png\",\"datePublished\":\"2022-06-28T11:18:12+00:00\",\"dateModified\":\"2024-11-14T06:44:56+00:00\",\"description\":\"Ett perfekt s\u00e4tt att h\u00e5lla din skrivare i topptrim. ZYYX Pro II Underh\u00e5lls- och servicepaket \u00e4r en komplett l\u00f6sning f\u00f6r att enkelt reng\u00f6ra filamentmatningen, rensa de olika SwiftTool-munstyckena n\u00e4r det blivit stopp och g\u00f6ra underh\u00e5ll.\",\"breadcrumb\":{\"@id\":\"https:\/\/www.zyyxlabs.com\/sv\/produkt\/zx622\/#breadcrumb\"},\"inLanguage\":\"sv-SE\",\"potentialAction\":[{\"@type\":\"ReadAction\",\"target\":[\"https:\/\/www.zyyxlabs.com\/sv\/produkt\/zx622\/\"]}]},{\"@type\":\"ImageObject\",\"inLanguage\":\"sv-SE\",\"@id\":\"https:\/\/www.zyyxlabs.com\/sv\/produkt\/zx622\/#primaryimage\",\"url\":\"https:\/\/www.zyyxlabs.com\/wp-content\/uploads\/2022\/06\/ZX622-MaintKit-Pro-II-Delar.png\",\"contentUrl\":\"https:\/\/www.zyyxlabs.com\/wp-content\/uploads\/2022\/06\/ZX622-MaintKit-Pro-II-Delar.png\",\"width\":1185,\"height\":826},{\"@type\":\"BreadcrumbList\",\"@id\":\"https:\/\/www.zyyxlabs.com\/sv\/produkt\/zx622\/#breadcrumb\",\"itemListElement\":[{\"@type\":\"ListItem\",\"position\":1,\"name\":\"Home\",\"item\":\"https:\/\/www.zyyxlabs.com\/\"},{\"@type\":\"ListItem\",\"position\":2,\"name\":\"Webbshop\",\"item\":\"https:\/\/www.zyyxlabs.com\/sv\/webbshop\/\"},{\"@type\":\"ListItem\",\"position\":3,\"name\":\"Tillbeh\u00f6r\",\"item\":\"https:\/\/www.zyyxlabs.com\/sv\/etikett\/tillbehor\/\"},{\"@type\":\"ListItem\",\"position\":4,\"name\":\"ZX622 ZYYX Pro II Underh\u00e5lls- och servicepaket &#8221;Maintenance Kit\u2122&#8221;\"}]},{\"@type\":\"WebSite\",\"@id\":\"https:\/\/www.zyyxlabs.com\/#website\",\"url\":\"https:\/\/www.zyyxlabs.com\/\",\"name\":\"ZYYX Labs\",\"description\":\"Professionella 3d-skrivare\",\"publisher\":{\"@id\":\"https:\/\/www.zyyxlabs.com\/#organization\"},\"potentialAction\":[{\"@type\":\"SearchAction\",\"target\":{\"@type\":\"EntryPoint\",\"urlTemplate\":\"https:\/\/www.zyyxlabs.com\/?s={search_term_string}\"},\"query-input\":{\"@type\":\"PropertyValueSpecification\",\"valueRequired\":true,\"valueName\":\"search_term_string\"}}],\"inLanguage\":\"sv-SE\"},{\"@type\":\"Organization\",\"@id\":\"https:\/\/www.zyyxlabs.com\/#organization\",\"name\":\"ZYYX Labs AB\",\"url\":\"https:\/\/www.zyyxlabs.com\/\",\"logo\":{\"@type\":\"ImageObject\",\"inLanguage\":\"sv-SE\",\"@id\":\"https:\/\/www.zyyxlabs.com\/#\/schema\/logo\/image\/\",\"url\":\"https:\/\/www.zyyxlabs.com\/wp-content\/uploads\/2019\/03\/logo.svg\",\"contentUrl\":\"https:\/\/www.zyyxlabs.com\/wp-content\/uploads\/2019\/03\/logo.svg\",\"width\":1,\"height\":1,\"caption\":\"ZYYX Labs AB\"},\"image\":{\"@id\":\"https:\/\/www.zyyxlabs.com\/#\/schema\/logo\/image\/\"},\"sameAs\":[\"https:\/\/www.linkedin.com\/company\/zyyx-3d-printer\"]}]}<\/script>\n<!-- \/ Yoast SEO plugin. -->","yoast_head_json":{"title":"ZX622 ZYYX Pro II Underh\u00e5lls- och servicepaket \"Maintenance Kit\u2122\"ZYYX+ Maintenance Kit\u2122 - ZYYX Labs","description":"Ett perfekt s\u00e4tt att h\u00e5lla din skrivare i topptrim. ZYYX Pro II Underh\u00e5lls- och servicepaket \u00e4r en komplett l\u00f6sning f\u00f6r att enkelt reng\u00f6ra filamentmatningen, rensa de olika SwiftTool-munstyckena n\u00e4r det blivit stopp och g\u00f6ra underh\u00e5ll.","robots":{"index":"index","follow":"follow","max-snippet":"max-snippet:-1","max-image-preview":"max-image-preview:large","max-video-preview":"max-video-preview:-1"},"canonical":"https:\/\/www.zyyxlabs.com\/sv\/produkt\/zx622\/","og_locale":"sv_SE","og_type":"article","og_title":"ZX622 ZYYX Pro II Underh\u00e5lls- och servicepaket \"Maintenance Kit\u2122\"ZYYX+ Maintenance Kit\u2122 - ZYYX Labs","og_description":"Ett perfekt s\u00e4tt att h\u00e5lla din skrivare i topptrim. ZYYX Pro II Underh\u00e5lls- och servicepaket \u00e4r en komplett l\u00f6sning f\u00f6r att enkelt reng\u00f6ra filamentmatningen, rensa de olika SwiftTool-munstyckena n\u00e4r det blivit stopp och g\u00f6ra underh\u00e5ll.","og_url":"https:\/\/www.zyyxlabs.com\/sv\/produkt\/zx622\/","og_site_name":"ZYYX Labs","article_modified_time":"2024-11-14T06:44:56+00:00","og_image":[{"width":1185,"height":826,"url":"https:\/\/www.zyyxlabs.com\/wp-content\/uploads\/2022\/06\/ZX622-MaintKit-Pro-II-Delar.png","type":"image\/png"}],"twitter_card":"summary_large_image","twitter_misc":{"Ber\u00e4knad l\u00e4stid":"1 minut"},"schema":{"@context":"https:\/\/schema.org","@graph":[{"@type":"WebPage","@id":"https:\/\/www.zyyxlabs.com\/sv\/produkt\/zx622\/","url":"https:\/\/www.zyyxlabs.com\/sv\/produkt\/zx622\/","name":"ZX622 ZYYX Pro II Underh\u00e5lls- och servicepaket \"Maintenance Kit\u2122\"ZYYX+ Maintenance Kit\u2122 - ZYYX Labs","isPartOf":{"@id":"https:\/\/www.zyyxlabs.com\/#website"},"primaryImageOfPage":{"@id":"https:\/\/www.zyyxlabs.com\/sv\/produkt\/zx622\/#primaryimage"},"image":{"@id":"https:\/\/www.zyyxlabs.com\/sv\/produkt\/zx622\/#primaryimage"},"thumbnailUrl":"https:\/\/www.zyyxlabs.com\/wp-content\/uploads\/2022\/06\/ZX622-MaintKit-Pro-II-Delar.png","datePublished":"2022-06-28T11:18:12+00:00","dateModified":"2024-11-14T06:44:56+00:00","description":"Ett perfekt s\u00e4tt att h\u00e5lla din skrivare i topptrim. ZYYX Pro II Underh\u00e5lls- och servicepaket \u00e4r en komplett l\u00f6sning f\u00f6r att enkelt reng\u00f6ra filamentmatningen, rensa de olika SwiftTool-munstyckena n\u00e4r det blivit stopp och g\u00f6ra underh\u00e5ll.","breadcrumb":{"@id":"https:\/\/www.zyyxlabs.com\/sv\/produkt\/zx622\/#breadcrumb"},"inLanguage":"sv-SE","potentialAction":[{"@type":"ReadAction","target":["https:\/\/www.zyyxlabs.com\/sv\/produkt\/zx622\/"]}]},{"@type":"ImageObject","inLanguage":"sv-SE","@id":"https:\/\/www.zyyxlabs.com\/sv\/produkt\/zx622\/#primaryimage","url":"https:\/\/www.zyyxlabs.com\/wp-content\/uploads\/2022\/06\/ZX622-MaintKit-Pro-II-Delar.png","contentUrl":"https:\/\/www.zyyxlabs.com\/wp-content\/uploads\/2022\/06\/ZX622-MaintKit-Pro-II-Delar.png","width":1185,"height":826},{"@type":"BreadcrumbList","@id":"https:\/\/www.zyyxlabs.com\/sv\/produkt\/zx622\/#breadcrumb","itemListElement":[{"@type":"ListItem","position":1,"name":"Home","item":"https:\/\/www.zyyxlabs.com\/"},{"@type":"ListItem","position":2,"name":"Webbshop","item":"https:\/\/www.zyyxlabs.com\/sv\/webbshop\/"},{"@type":"ListItem","position":3,"name":"Tillbeh\u00f6r","item":"https:\/\/www.zyyxlabs.com\/sv\/etikett\/tillbehor\/"},{"@type":"ListItem","position":4,"name":"ZX622 ZYYX Pro II Underh\u00e5lls- och servicepaket &#8221;Maintenance Kit\u2122&#8221;"}]},{"@type":"WebSite","@id":"https:\/\/www.zyyxlabs.com\/#website","url":"https:\/\/www.zyyxlabs.com\/","name":"ZYYX Labs","description":"Professionella 3d-skrivare","publisher":{"@id":"https:\/\/www.zyyxlabs.com\/#organization"},"potentialAction":[{"@type":"SearchAction","target":{"@type":"EntryPoint","urlTemplate":"https:\/\/www.zyyxlabs.com\/?s={search_term_string}"},"query-input":{"@type":"PropertyValueSpecification","valueRequired":true,"valueName":"search_term_string"}}],"inLanguage":"sv-SE"},{"@type":"Organization","@id":"https:\/\/www.zyyxlabs.com\/#organization","name":"ZYYX Labs AB","url":"https:\/\/www.zyyxlabs.com\/","logo":{"@type":"ImageObject","inLanguage":"sv-SE","@id":"https:\/\/www.zyyxlabs.com\/#\/schema\/logo\/image\/","url":"https:\/\/www.zyyxlabs.com\/wp-content\/uploads\/2019\/03\/logo.svg","contentUrl":"https:\/\/www.zyyxlabs.com\/wp-content\/uploads\/2019\/03\/logo.svg","width":1,"height":1,"caption":"ZYYX Labs AB"},"image":{"@id":"https:\/\/www.zyyxlabs.com\/#\/schema\/logo\/image\/"},"sameAs":["https:\/\/www.linkedin.com\/company\/zyyx-3d-printer"]}]}},"_links":{"self":[{"href":"https:\/\/www.zyyxlabs.com\/sv\/wp-json\/wp\/v2\/product\/12587","targetHints":{"allow":["GET"]}}],"collection":[{"href":"https:\/\/www.zyyxlabs.com\/sv\/wp-json\/wp\/v2\/product"}],"about":[{"href":"https:\/\/www.zyyxlabs.com\/sv\/wp-json\/wp\/v2\/types\/product"}],"replies":[{"embeddable":true,"href":"https:\/\/www.zyyxlabs.com\/sv\/wp-json\/wp\/v2\/comments?post=12587"}],"wp:featuredmedia":[{"embeddable":true,"href":"https:\/\/www.zyyxlabs.com\/sv\/wp-json\/wp\/v2\/media\/12590"}],"wp:attachment":[{"href":"https:\/\/www.zyyxlabs.com\/sv\/wp-json\/wp\/v2\/media?parent=12587"}],"wp:term":[{"taxonomy":"product_brand","embeddable":true,"href":"https:\/\/www.zyyxlabs.com\/sv\/wp-json\/wp\/v2\/product_brand?post=12587"},{"taxonomy":"product_cat","embeddable":true,"href":"https:\/\/www.zyyxlabs.com\/sv\/wp-json\/wp\/v2\/product_cat?post=12587"},{"taxonomy":"product_tag","embeddable":true,"href":"https:\/\/www.zyyxlabs.com\/sv\/wp-json\/wp\/v2\/product_tag?post=12587"}],"curies":[{"name":"wp","href":"https:\/\/api.w.org\/{rel}","templated":true}]}}