{"id":12513,"date":"2022-04-07T23:47:19","date_gmt":"2022-04-07T21:47:19","guid":{"rendered":"https:\/\/www.zyyxlabs.com\/?post_type=product&#038;p=12513"},"modified":"2024-02-20T17:20:00","modified_gmt":"2024-02-20T16:20:00","slug":"zx408","status":"publish","type":"product","link":"https:\/\/www.zyyxlabs.com\/sv\/produkt\/zx408\/","title":{"rendered":"ZX408 OfficeSafe Ultra\u2122 luftfilterkassett"},"content":{"rendered":"<p>Paket med en OfficeSafe\u2122 filterkassett (HEPA H13 och aktivt kolfilter) f\u00f6r ZYYX Pro II\u2122.<\/p>\n<p>Detta luftfiltret b\u00f6r bytas ut efter 12 m\u00e5naders drift.<br \/>\nFiltret har en etikett d\u00e4r man kan markera installationsdatum s\u00e5 man kan h\u00e5lla koll p\u00e5 hur l\u00e4nge filtret varit i drift.<\/p>\n<p>Du kan hitta mer information p\u00e5 <a href=\"https:\/\/www.zyyxlabs.com\/sv\/forbrukningsartiklar\/\">produktsidan<\/a>.<\/p>\n<p><strong>Skrivarkompatibilitet<\/strong><br \/>\nZYYX Pro II: Ja<br \/>\nZYYX Pro: NEJ, se <a href=\"https:\/\/www.zyyxlabs.com\/sv\/produkt\/zx407\/\">ZX407 OfficeSafe\u2122 Luftfilter (3 st)<\/a><br \/>\nZYYX+: NEJ, se <a href=\"https:\/\/www.zyyxlabs.com\/sv\/produkt\/zx501\/\">ZX501 ZYYX\/ZYYX+ luftfilterpaket, 3 st<\/a> eller <a href=\"https:\/\/www.zyyxlabs.com\/sv\/produkt\/zx407\/\">ZX407 OfficeSafe\u2122 Luftfilter (3 st)<\/a><br \/>\nZYYX\/ZYYX Classic: Nej, se <a href=\"https:\/\/www.zyyxlabs.com\/sv\/produkt\/zx501\/\">ZX501 ZYYX\/ZYYX+ luftfilterpaket, 3 st<\/a><\/p>\n","protected":false},"excerpt":{"rendered":"<p>Paket med en OfficeSafe\u2122 filterkassett (HEPA H13 och aktivt kolfilter) f\u00f6r ZYYX Pro II\u2122. Detta luftfiltret b\u00f6r bytas ut efter 12 m\u00e5naders drift. Filtret har en etikett d\u00e4r man kan markera installationsdatum s\u00e5 man kan h\u00e5lla koll p\u00e5 hur l\u00e4nge filtret varit i drift. Du kan hitta mer information p\u00e5 produktsidan. Skrivarkompatibilitet ZYYX Pro II: <a href=\"https:\/\/www.zyyxlabs.com\/sv\/produkt\/zx408\/\" class=\"more-link\">&#8230;<span class=\"screen-reader-text\">  ZX408 OfficeSafe Ultra\u2122 luftfilterkassett<\/span><\/a><\/p>\n","protected":false},"featured_media":12515,"comment_status":"closed","ping_status":"closed","template":"","meta":{"_acf_changed":false,"inline_featured_image":false},"product_brand":[],"product_cat":[66,69],"product_tag":[74,111,126,261,84,241],"class_list":{"0":"post-12513","1":"product","2":"type-product","3":"status-publish","4":"has-post-thumbnail","6":"product_cat-forbrukningsartiklar","7":"product_cat-reservdelar","8":"product_tag-filter-sv-2","9":"product_tag-forbrukningsartiklar","10":"product_tag-luftfilter","11":"product_tag-officesafe-ultra-sv","12":"product_tag-officesafe-sv","13":"product_tag-zyyx-pro-ii-sv-2","14":"product_shipping_class-standard-shipping","16":"first","17":"instock","18":"taxable","19":"shipping-taxable","20":"purchasable","21":"product-type-simple"},"acf":[],"yoast_head":"<!-- This site is optimized with the Yoast SEO plugin v24.8.1 - https:\/\/yoast.com\/wordpress\/plugins\/seo\/ -->\n<title>ZX408 OfficeSafe Ultra\u2122 luftfilterkassett - ZYYX Labs<\/title>\n<meta name=\"description\" content=\"OfficeSafe Ultra\u2122 filterkassett av renrumsklass med HEPA H13 och aktivt kolfilter f\u00f6r ZYYX Pro II\u2122.\" \/>\n<meta name=\"robots\" content=\"index, follow, max-snippet:-1, max-image-preview:large, max-video-preview:-1\" \/>\n<link rel=\"canonical\" href=\"https:\/\/www.zyyxlabs.com\/sv\/produkt\/zx408\/\" \/>\n<meta property=\"og:locale\" content=\"sv_SE\" \/>\n<meta property=\"og:type\" content=\"article\" \/>\n<meta property=\"og:title\" content=\"ZX408 OfficeSafe Ultra\u2122 luftfilterkassett - ZYYX Labs\" \/>\n<meta property=\"og:description\" content=\"OfficeSafe Ultra\u2122 filterkassett av renrumsklass med HEPA H13 och aktivt kolfilter f\u00f6r ZYYX Pro II\u2122.\" \/>\n<meta property=\"og:url\" content=\"https:\/\/www.zyyxlabs.com\/sv\/produkt\/zx408\/\" \/>\n<meta property=\"og:site_name\" content=\"ZYYX Labs\" \/>\n<meta property=\"article:modified_time\" content=\"2024-02-20T16:20:00+00:00\" \/>\n<meta property=\"og:image\" content=\"https:\/\/www.zyyxlabs.com\/wp-content\/uploads\/2022\/04\/ZX408-OfficeSafe-Ultra\u2122-Clean-room-Class-Fume-Filter-LR.png\" \/>\n\t<meta property=\"og:image:width\" content=\"800\" \/>\n\t<meta property=\"og:image:height\" content=\"800\" \/>\n\t<meta property=\"og:image:type\" content=\"image\/png\" \/>\n<meta name=\"twitter:card\" content=\"summary_large_image\" \/>\n<script type=\"application\/ld+json\" class=\"yoast-schema-graph\">{\"@context\":\"https:\/\/schema.org\",\"@graph\":[{\"@type\":\"WebPage\",\"@id\":\"https:\/\/www.zyyxlabs.com\/sv\/produkt\/zx408\/\",\"url\":\"https:\/\/www.zyyxlabs.com\/sv\/produkt\/zx408\/\",\"name\":\"ZX408 OfficeSafe Ultra\u2122 luftfilterkassett - ZYYX Labs\",\"isPartOf\":{\"@id\":\"https:\/\/www.zyyxlabs.com\/#website\"},\"primaryImageOfPage\":{\"@id\":\"https:\/\/www.zyyxlabs.com\/sv\/produkt\/zx408\/#primaryimage\"},\"image\":{\"@id\":\"https:\/\/www.zyyxlabs.com\/sv\/produkt\/zx408\/#primaryimage\"},\"thumbnailUrl\":\"https:\/\/www.zyyxlabs.com\/wp-content\/uploads\/2022\/04\/ZX408-OfficeSafe-Ultra\u2122-Clean-room-Class-Fume-Filter-LR.png\",\"datePublished\":\"2022-04-07T21:47:19+00:00\",\"dateModified\":\"2024-02-20T16:20:00+00:00\",\"description\":\"OfficeSafe Ultra\u2122 filterkassett av renrumsklass med HEPA H13 och aktivt kolfilter f\u00f6r ZYYX Pro II\u2122.\",\"breadcrumb\":{\"@id\":\"https:\/\/www.zyyxlabs.com\/sv\/produkt\/zx408\/#breadcrumb\"},\"inLanguage\":\"sv-SE\",\"potentialAction\":[{\"@type\":\"ReadAction\",\"target\":[\"https:\/\/www.zyyxlabs.com\/sv\/produkt\/zx408\/\"]}]},{\"@type\":\"ImageObject\",\"inLanguage\":\"sv-SE\",\"@id\":\"https:\/\/www.zyyxlabs.com\/sv\/produkt\/zx408\/#primaryimage\",\"url\":\"https:\/\/www.zyyxlabs.com\/wp-content\/uploads\/2022\/04\/ZX408-OfficeSafe-Ultra\u2122-Clean-room-Class-Fume-Filter-LR.png\",\"contentUrl\":\"https:\/\/www.zyyxlabs.com\/wp-content\/uploads\/2022\/04\/ZX408-OfficeSafe-Ultra\u2122-Clean-room-Class-Fume-Filter-LR.png\",\"width\":800,\"height\":800},{\"@type\":\"BreadcrumbList\",\"@id\":\"https:\/\/www.zyyxlabs.com\/sv\/produkt\/zx408\/#breadcrumb\",\"itemListElement\":[{\"@type\":\"ListItem\",\"position\":1,\"name\":\"Home\",\"item\":\"https:\/\/www.zyyxlabs.com\/\"},{\"@type\":\"ListItem\",\"position\":2,\"name\":\"Webbshop\",\"item\":\"https:\/\/www.zyyxlabs.com\/sv\/webbshop\/\"},{\"@type\":\"ListItem\",\"position\":3,\"name\":\"Filter\",\"item\":\"https:\/\/www.zyyxlabs.com\/sv\/etikett\/filter-sv-2\/\"},{\"@type\":\"ListItem\",\"position\":4,\"name\":\"ZX408 OfficeSafe Ultra\u2122 luftfilterkassett\"}]},{\"@type\":\"WebSite\",\"@id\":\"https:\/\/www.zyyxlabs.com\/#website\",\"url\":\"https:\/\/www.zyyxlabs.com\/\",\"name\":\"ZYYX Labs\",\"description\":\"Professionella 3d-skrivare\",\"publisher\":{\"@id\":\"https:\/\/www.zyyxlabs.com\/#organization\"},\"potentialAction\":[{\"@type\":\"SearchAction\",\"target\":{\"@type\":\"EntryPoint\",\"urlTemplate\":\"https:\/\/www.zyyxlabs.com\/?s={search_term_string}\"},\"query-input\":{\"@type\":\"PropertyValueSpecification\",\"valueRequired\":true,\"valueName\":\"search_term_string\"}}],\"inLanguage\":\"sv-SE\"},{\"@type\":\"Organization\",\"@id\":\"https:\/\/www.zyyxlabs.com\/#organization\",\"name\":\"ZYYX Labs AB\",\"url\":\"https:\/\/www.zyyxlabs.com\/\",\"logo\":{\"@type\":\"ImageObject\",\"inLanguage\":\"sv-SE\",\"@id\":\"https:\/\/www.zyyxlabs.com\/#\/schema\/logo\/image\/\",\"url\":\"https:\/\/www.zyyxlabs.com\/wp-content\/uploads\/2019\/03\/logo.svg\",\"contentUrl\":\"https:\/\/www.zyyxlabs.com\/wp-content\/uploads\/2019\/03\/logo.svg\",\"width\":1,\"height\":1,\"caption\":\"ZYYX Labs AB\"},\"image\":{\"@id\":\"https:\/\/www.zyyxlabs.com\/#\/schema\/logo\/image\/\"},\"sameAs\":[\"https:\/\/www.linkedin.com\/company\/zyyx-3d-printer\"]}]}<\/script>\n<!-- \/ Yoast SEO plugin. -->","yoast_head_json":{"title":"ZX408 OfficeSafe Ultra\u2122 luftfilterkassett - ZYYX Labs","description":"OfficeSafe Ultra\u2122 filterkassett av renrumsklass med HEPA H13 och aktivt kolfilter f\u00f6r ZYYX Pro II\u2122.","robots":{"index":"index","follow":"follow","max-snippet":"max-snippet:-1","max-image-preview":"max-image-preview:large","max-video-preview":"max-video-preview:-1"},"canonical":"https:\/\/www.zyyxlabs.com\/sv\/produkt\/zx408\/","og_locale":"sv_SE","og_type":"article","og_title":"ZX408 OfficeSafe Ultra\u2122 luftfilterkassett - ZYYX Labs","og_description":"OfficeSafe Ultra\u2122 filterkassett av renrumsklass med HEPA H13 och aktivt kolfilter f\u00f6r ZYYX Pro II\u2122.","og_url":"https:\/\/www.zyyxlabs.com\/sv\/produkt\/zx408\/","og_site_name":"ZYYX Labs","article_modified_time":"2024-02-20T16:20:00+00:00","og_image":[{"width":800,"height":800,"url":"https:\/\/www.zyyxlabs.com\/wp-content\/uploads\/2022\/04\/ZX408-OfficeSafe-Ultra\u2122-Clean-room-Class-Fume-Filter-LR.png","type":"image\/png"}],"twitter_card":"summary_large_image","schema":{"@context":"https:\/\/schema.org","@graph":[{"@type":"WebPage","@id":"https:\/\/www.zyyxlabs.com\/sv\/produkt\/zx408\/","url":"https:\/\/www.zyyxlabs.com\/sv\/produkt\/zx408\/","name":"ZX408 OfficeSafe Ultra\u2122 luftfilterkassett - ZYYX Labs","isPartOf":{"@id":"https:\/\/www.zyyxlabs.com\/#website"},"primaryImageOfPage":{"@id":"https:\/\/www.zyyxlabs.com\/sv\/produkt\/zx408\/#primaryimage"},"image":{"@id":"https:\/\/www.zyyxlabs.com\/sv\/produkt\/zx408\/#primaryimage"},"thumbnailUrl":"https:\/\/www.zyyxlabs.com\/wp-content\/uploads\/2022\/04\/ZX408-OfficeSafe-Ultra\u2122-Clean-room-Class-Fume-Filter-LR.png","datePublished":"2022-04-07T21:47:19+00:00","dateModified":"2024-02-20T16:20:00+00:00","description":"OfficeSafe Ultra\u2122 filterkassett av renrumsklass med HEPA H13 och aktivt kolfilter f\u00f6r ZYYX Pro II\u2122.","breadcrumb":{"@id":"https:\/\/www.zyyxlabs.com\/sv\/produkt\/zx408\/#breadcrumb"},"inLanguage":"sv-SE","potentialAction":[{"@type":"ReadAction","target":["https:\/\/www.zyyxlabs.com\/sv\/produkt\/zx408\/"]}]},{"@type":"ImageObject","inLanguage":"sv-SE","@id":"https:\/\/www.zyyxlabs.com\/sv\/produkt\/zx408\/#primaryimage","url":"https:\/\/www.zyyxlabs.com\/wp-content\/uploads\/2022\/04\/ZX408-OfficeSafe-Ultra\u2122-Clean-room-Class-Fume-Filter-LR.png","contentUrl":"https:\/\/www.zyyxlabs.com\/wp-content\/uploads\/2022\/04\/ZX408-OfficeSafe-Ultra\u2122-Clean-room-Class-Fume-Filter-LR.png","width":800,"height":800},{"@type":"BreadcrumbList","@id":"https:\/\/www.zyyxlabs.com\/sv\/produkt\/zx408\/#breadcrumb","itemListElement":[{"@type":"ListItem","position":1,"name":"Home","item":"https:\/\/www.zyyxlabs.com\/"},{"@type":"ListItem","position":2,"name":"Webbshop","item":"https:\/\/www.zyyxlabs.com\/sv\/webbshop\/"},{"@type":"ListItem","position":3,"name":"Filter","item":"https:\/\/www.zyyxlabs.com\/sv\/etikett\/filter-sv-2\/"},{"@type":"ListItem","position":4,"name":"ZX408 OfficeSafe Ultra\u2122 luftfilterkassett"}]},{"@type":"WebSite","@id":"https:\/\/www.zyyxlabs.com\/#website","url":"https:\/\/www.zyyxlabs.com\/","name":"ZYYX Labs","description":"Professionella 3d-skrivare","publisher":{"@id":"https:\/\/www.zyyxlabs.com\/#organization"},"potentialAction":[{"@type":"SearchAction","target":{"@type":"EntryPoint","urlTemplate":"https:\/\/www.zyyxlabs.com\/?s={search_term_string}"},"query-input":{"@type":"PropertyValueSpecification","valueRequired":true,"valueName":"search_term_string"}}],"inLanguage":"sv-SE"},{"@type":"Organization","@id":"https:\/\/www.zyyxlabs.com\/#organization","name":"ZYYX Labs AB","url":"https:\/\/www.zyyxlabs.com\/","logo":{"@type":"ImageObject","inLanguage":"sv-SE","@id":"https:\/\/www.zyyxlabs.com\/#\/schema\/logo\/image\/","url":"https:\/\/www.zyyxlabs.com\/wp-content\/uploads\/2019\/03\/logo.svg","contentUrl":"https:\/\/www.zyyxlabs.com\/wp-content\/uploads\/2019\/03\/logo.svg","width":1,"height":1,"caption":"ZYYX Labs AB"},"image":{"@id":"https:\/\/www.zyyxlabs.com\/#\/schema\/logo\/image\/"},"sameAs":["https:\/\/www.linkedin.com\/company\/zyyx-3d-printer"]}]}},"_links":{"self":[{"href":"https:\/\/www.zyyxlabs.com\/sv\/wp-json\/wp\/v2\/product\/12513","targetHints":{"allow":["GET"]}}],"collection":[{"href":"https:\/\/www.zyyxlabs.com\/sv\/wp-json\/wp\/v2\/product"}],"about":[{"href":"https:\/\/www.zyyxlabs.com\/sv\/wp-json\/wp\/v2\/types\/product"}],"replies":[{"embeddable":true,"href":"https:\/\/www.zyyxlabs.com\/sv\/wp-json\/wp\/v2\/comments?post=12513"}],"wp:featuredmedia":[{"embeddable":true,"href":"https:\/\/www.zyyxlabs.com\/sv\/wp-json\/wp\/v2\/media\/12515"}],"wp:attachment":[{"href":"https:\/\/www.zyyxlabs.com\/sv\/wp-json\/wp\/v2\/media?parent=12513"}],"wp:term":[{"taxonomy":"product_brand","embeddable":true,"href":"https:\/\/www.zyyxlabs.com\/sv\/wp-json\/wp\/v2\/product_brand?post=12513"},{"taxonomy":"product_cat","embeddable":true,"href":"https:\/\/www.zyyxlabs.com\/sv\/wp-json\/wp\/v2\/product_cat?post=12513"},{"taxonomy":"product_tag","embeddable":true,"href":"https:\/\/www.zyyxlabs.com\/sv\/wp-json\/wp\/v2\/product_tag?post=12513"}],"curies":[{"name":"wp","href":"https:\/\/api.w.org\/{rel}","templated":true}]}}