{"id":12495,"date":"2022-03-21T12:14:09","date_gmt":"2022-03-21T11:14:09","guid":{"rendered":"https:\/\/www.zyyxlabs.com\/product\/zx742\/"},"modified":"2023-11-28T15:30:57","modified_gmt":"2023-11-28T14:30:57","slug":"zx742","status":"publish","type":"product","link":"https:\/\/www.zyyxlabs.com\/sv\/produkt\/zx742\/","title":{"rendered":"ZX742 SwiftTool24\u2122 Multi0,2, med printmunstycke i m\u00e4ssing, \u00d80,2 mm"},"content":{"rendered":"<p>En standard SwiftTool24 Multi0,2 f\u00f6r anv\u00e4ndning med icke-slipande filament som PLA, ABS, ASA, PETG eller proNylon\u2122. Multi0,2 mm k\u00e4nns igen p\u00e5 sin r\u00f6da kabel s\u00e5 att du enkelt kan h\u00e5lla is\u00e4r de olika storlekarna. Denna storlek \u00e4r v\u00e5rt minsta munstycke och kan den k\u00f6pas till f\u00f6r anv\u00e4ndning i alla modeller av ZYYX Pro II.<br \/>\nObservera att p\u00e5 grund av det lilla munstycket s\u00e5 \u00e4r utskrifter med denna SwiftTool 4-8 g\u00e5nger l\u00e5ngsammare \u00e4n Multi0,4 n\u00e4r du skriver ut samma modell. Delen f\u00e5r d\u00e4remot mycket finare yta.<br \/>\nObservera ocks\u00e5 att dessa munstycken av multityp aldrig ska anv\u00e4ndas med proCarbon\u2122, proGlass\u2122 eller n\u00e5gon annan fiberf\u00f6rst\u00e4rkt filament med slipande effekt, d\u00e5 munstycket d\u00e5 snabbt slits ut.<\/p>\n<p><strong>Skrivarkompatibilitet<\/strong><br \/>\nZYYX Pro II: JA, alla modeller<br \/>\nZYYX Pro: NEJ, se <a href=\"https:\/\/www.zyyxlabs.com\/sv\/produkt\/zx702\/\">ZX702 SwiftTool\u2122 Multi0,2, printmunstycke 0,2 mm<\/a><br \/>\nZYYX+: NEJ<br \/>\nZYYX\/ZYYX Classic: NEJ<\/p>\n","protected":false},"excerpt":{"rendered":"<p>En standard SwiftTool24 Multi0,2 f\u00f6r anv\u00e4ndning med icke-slipande filament som PLA, ABS, ASA, PETG eller proNylon\u2122. Multi0,2 mm k\u00e4nns igen p\u00e5 sin r\u00f6da kabel s\u00e5 att du enkelt kan h\u00e5lla is\u00e4r de olika storlekarna. Denna storlek \u00e4r v\u00e5rt minsta munstycke och kan den k\u00f6pas till f\u00f6r anv\u00e4ndning i alla modeller av ZYYX Pro II. Observera <a href=\"https:\/\/www.zyyxlabs.com\/sv\/produkt\/zx742\/\" class=\"more-link\">&#8230;<span class=\"screen-reader-text\">  ZX742 SwiftTool24\u2122 Multi0,2, med printmunstycke i m\u00e4ssing, \u00d80,2 mm<\/span><\/a><\/p>\n","protected":false},"featured_media":12484,"comment_status":"open","ping_status":"closed","template":"","meta":{"_acf_changed":false,"inline_featured_image":false},"product_brand":[],"product_cat":[66,69],"product_tag":[111,197,259,241],"class_list":{"0":"post-12495","1":"product","2":"type-product","3":"status-publish","4":"has-post-thumbnail","6":"product_cat-forbrukningsartiklar","7":"product_cat-reservdelar","8":"product_tag-forbrukningsartiklar","9":"product_tag-multi02","10":"product_tag-swifttool24-sv","11":"product_tag-zyyx-pro-ii-sv-2","12":"product_shipping_class-standard-shipping","14":"first","15":"instock","16":"taxable","17":"shipping-taxable","18":"purchasable","19":"product-type-simple"},"acf":[],"yoast_head":"<!-- This site is optimized with the Yoast SEO plugin v24.8.1 - https:\/\/yoast.com\/wordpress\/plugins\/seo\/ -->\n<title>ZX742 SwiftTool24\u2122 Multi0,2, med printmunstycke i m\u00e4ssing, \u00d80,2 mm - ZYYX Labs<\/title>\n<meta name=\"description\" content=\"Ett m\u00e4ssingsmunstycke av typ SwiftTool24 Multi0,2 f\u00f6r anv\u00e4ndning med icke-slipande filament som PLA, ABS, ASA, PETG eller proNylon\u2122. Multi0,2 k\u00e4nns igen p\u00e5 sin r\u00f6da kabel.\" \/>\n<meta name=\"robots\" content=\"index, follow, max-snippet:-1, max-image-preview:large, max-video-preview:-1\" \/>\n<link rel=\"canonical\" href=\"https:\/\/www.zyyxlabs.com\/sv\/produkt\/zx742\/\" \/>\n<meta property=\"og:locale\" content=\"sv_SE\" \/>\n<meta property=\"og:type\" content=\"article\" \/>\n<meta property=\"og:title\" content=\"ZX742 SwiftTool24\u2122 Multi0,2, med printmunstycke i m\u00e4ssing, \u00d80,2 mm - ZYYX Labs\" \/>\n<meta property=\"og:description\" content=\"Ett m\u00e4ssingsmunstycke av typ SwiftTool24 Multi0,2 f\u00f6r anv\u00e4ndning med icke-slipande filament som PLA, ABS, ASA, PETG eller proNylon\u2122. Multi0,2 k\u00e4nns igen p\u00e5 sin r\u00f6da kabel.\" \/>\n<meta property=\"og:url\" content=\"https:\/\/www.zyyxlabs.com\/sv\/produkt\/zx742\/\" \/>\n<meta property=\"og:site_name\" content=\"ZYYX Labs\" \/>\n<meta property=\"article:modified_time\" content=\"2023-11-28T14:30:57+00:00\" \/>\n<meta property=\"og:image\" content=\"https:\/\/www.zyyxlabs.com\/wp-content\/uploads\/2022\/03\/ST24-Multi0.2-LR.png\" \/>\n\t<meta property=\"og:image:width\" content=\"600\" \/>\n\t<meta property=\"og:image:height\" content=\"600\" \/>\n\t<meta property=\"og:image:type\" content=\"image\/png\" \/>\n<meta name=\"twitter:card\" content=\"summary_large_image\" \/>\n<meta name=\"twitter:label1\" content=\"Ber\u00e4knad l\u00e4stid\" \/>\n\t<meta name=\"twitter:data1\" content=\"1 minut\" \/>\n<script type=\"application\/ld+json\" class=\"yoast-schema-graph\">{\"@context\":\"https:\/\/schema.org\",\"@graph\":[{\"@type\":\"WebPage\",\"@id\":\"https:\/\/www.zyyxlabs.com\/sv\/produkt\/zx742\/\",\"url\":\"https:\/\/www.zyyxlabs.com\/sv\/produkt\/zx742\/\",\"name\":\"ZX742 SwiftTool24\u2122 Multi0,2, med printmunstycke i m\u00e4ssing, \u00d80,2 mm - ZYYX Labs\",\"isPartOf\":{\"@id\":\"https:\/\/www.zyyxlabs.com\/#website\"},\"primaryImageOfPage\":{\"@id\":\"https:\/\/www.zyyxlabs.com\/sv\/produkt\/zx742\/#primaryimage\"},\"image\":{\"@id\":\"https:\/\/www.zyyxlabs.com\/sv\/produkt\/zx742\/#primaryimage\"},\"thumbnailUrl\":\"https:\/\/www.zyyxlabs.com\/wp-content\/uploads\/2022\/03\/ST24-Multi0.2-LR.png\",\"datePublished\":\"2022-03-21T11:14:09+00:00\",\"dateModified\":\"2023-11-28T14:30:57+00:00\",\"description\":\"Ett m\u00e4ssingsmunstycke av typ SwiftTool24 Multi0,2 f\u00f6r anv\u00e4ndning med icke-slipande filament som PLA, ABS, ASA, PETG eller proNylon\u2122. Multi0,2 k\u00e4nns igen p\u00e5 sin r\u00f6da kabel.\",\"breadcrumb\":{\"@id\":\"https:\/\/www.zyyxlabs.com\/sv\/produkt\/zx742\/#breadcrumb\"},\"inLanguage\":\"sv-SE\",\"potentialAction\":[{\"@type\":\"ReadAction\",\"target\":[\"https:\/\/www.zyyxlabs.com\/sv\/produkt\/zx742\/\"]}]},{\"@type\":\"ImageObject\",\"inLanguage\":\"sv-SE\",\"@id\":\"https:\/\/www.zyyxlabs.com\/sv\/produkt\/zx742\/#primaryimage\",\"url\":\"https:\/\/www.zyyxlabs.com\/wp-content\/uploads\/2022\/03\/ST24-Multi0.2-LR.png\",\"contentUrl\":\"https:\/\/www.zyyxlabs.com\/wp-content\/uploads\/2022\/03\/ST24-Multi0.2-LR.png\",\"width\":600,\"height\":600},{\"@type\":\"BreadcrumbList\",\"@id\":\"https:\/\/www.zyyxlabs.com\/sv\/produkt\/zx742\/#breadcrumb\",\"itemListElement\":[{\"@type\":\"ListItem\",\"position\":1,\"name\":\"Home\",\"item\":\"https:\/\/www.zyyxlabs.com\/\"},{\"@type\":\"ListItem\",\"position\":2,\"name\":\"Webbshop\",\"item\":\"https:\/\/www.zyyxlabs.com\/sv\/webbshop\/\"},{\"@type\":\"ListItem\",\"position\":3,\"name\":\"F\u00f6rbrukningsartiklar\",\"item\":\"https:\/\/www.zyyxlabs.com\/sv\/etikett\/forbrukningsartiklar\/\"},{\"@type\":\"ListItem\",\"position\":4,\"name\":\"ZX742 SwiftTool24\u2122 Multi0,2, med printmunstycke i m\u00e4ssing, \u00d80,2 mm\"}]},{\"@type\":\"WebSite\",\"@id\":\"https:\/\/www.zyyxlabs.com\/#website\",\"url\":\"https:\/\/www.zyyxlabs.com\/\",\"name\":\"ZYYX Labs\",\"description\":\"Professionella 3d-skrivare\",\"publisher\":{\"@id\":\"https:\/\/www.zyyxlabs.com\/#organization\"},\"potentialAction\":[{\"@type\":\"SearchAction\",\"target\":{\"@type\":\"EntryPoint\",\"urlTemplate\":\"https:\/\/www.zyyxlabs.com\/?s={search_term_string}\"},\"query-input\":{\"@type\":\"PropertyValueSpecification\",\"valueRequired\":true,\"valueName\":\"search_term_string\"}}],\"inLanguage\":\"sv-SE\"},{\"@type\":\"Organization\",\"@id\":\"https:\/\/www.zyyxlabs.com\/#organization\",\"name\":\"ZYYX Labs AB\",\"url\":\"https:\/\/www.zyyxlabs.com\/\",\"logo\":{\"@type\":\"ImageObject\",\"inLanguage\":\"sv-SE\",\"@id\":\"https:\/\/www.zyyxlabs.com\/#\/schema\/logo\/image\/\",\"url\":\"https:\/\/www.zyyxlabs.com\/wp-content\/uploads\/2019\/03\/logo.svg\",\"contentUrl\":\"https:\/\/www.zyyxlabs.com\/wp-content\/uploads\/2019\/03\/logo.svg\",\"width\":1,\"height\":1,\"caption\":\"ZYYX Labs AB\"},\"image\":{\"@id\":\"https:\/\/www.zyyxlabs.com\/#\/schema\/logo\/image\/\"},\"sameAs\":[\"https:\/\/www.linkedin.com\/company\/zyyx-3d-printer\"]}]}<\/script>\n<!-- \/ Yoast SEO plugin. -->","yoast_head_json":{"title":"ZX742 SwiftTool24\u2122 Multi0,2, med printmunstycke i m\u00e4ssing, \u00d80,2 mm - ZYYX Labs","description":"Ett m\u00e4ssingsmunstycke av typ SwiftTool24 Multi0,2 f\u00f6r anv\u00e4ndning med icke-slipande filament som PLA, ABS, ASA, PETG eller proNylon\u2122. Multi0,2 k\u00e4nns igen p\u00e5 sin r\u00f6da kabel.","robots":{"index":"index","follow":"follow","max-snippet":"max-snippet:-1","max-image-preview":"max-image-preview:large","max-video-preview":"max-video-preview:-1"},"canonical":"https:\/\/www.zyyxlabs.com\/sv\/produkt\/zx742\/","og_locale":"sv_SE","og_type":"article","og_title":"ZX742 SwiftTool24\u2122 Multi0,2, med printmunstycke i m\u00e4ssing, \u00d80,2 mm - ZYYX Labs","og_description":"Ett m\u00e4ssingsmunstycke av typ SwiftTool24 Multi0,2 f\u00f6r anv\u00e4ndning med icke-slipande filament som PLA, ABS, ASA, PETG eller proNylon\u2122. Multi0,2 k\u00e4nns igen p\u00e5 sin r\u00f6da kabel.","og_url":"https:\/\/www.zyyxlabs.com\/sv\/produkt\/zx742\/","og_site_name":"ZYYX Labs","article_modified_time":"2023-11-28T14:30:57+00:00","og_image":[{"width":600,"height":600,"url":"https:\/\/www.zyyxlabs.com\/wp-content\/uploads\/2022\/03\/ST24-Multi0.2-LR.png","type":"image\/png"}],"twitter_card":"summary_large_image","twitter_misc":{"Ber\u00e4knad l\u00e4stid":"1 minut"},"schema":{"@context":"https:\/\/schema.org","@graph":[{"@type":"WebPage","@id":"https:\/\/www.zyyxlabs.com\/sv\/produkt\/zx742\/","url":"https:\/\/www.zyyxlabs.com\/sv\/produkt\/zx742\/","name":"ZX742 SwiftTool24\u2122 Multi0,2, med printmunstycke i m\u00e4ssing, \u00d80,2 mm - ZYYX Labs","isPartOf":{"@id":"https:\/\/www.zyyxlabs.com\/#website"},"primaryImageOfPage":{"@id":"https:\/\/www.zyyxlabs.com\/sv\/produkt\/zx742\/#primaryimage"},"image":{"@id":"https:\/\/www.zyyxlabs.com\/sv\/produkt\/zx742\/#primaryimage"},"thumbnailUrl":"https:\/\/www.zyyxlabs.com\/wp-content\/uploads\/2022\/03\/ST24-Multi0.2-LR.png","datePublished":"2022-03-21T11:14:09+00:00","dateModified":"2023-11-28T14:30:57+00:00","description":"Ett m\u00e4ssingsmunstycke av typ SwiftTool24 Multi0,2 f\u00f6r anv\u00e4ndning med icke-slipande filament som PLA, ABS, ASA, PETG eller proNylon\u2122. Multi0,2 k\u00e4nns igen p\u00e5 sin r\u00f6da kabel.","breadcrumb":{"@id":"https:\/\/www.zyyxlabs.com\/sv\/produkt\/zx742\/#breadcrumb"},"inLanguage":"sv-SE","potentialAction":[{"@type":"ReadAction","target":["https:\/\/www.zyyxlabs.com\/sv\/produkt\/zx742\/"]}]},{"@type":"ImageObject","inLanguage":"sv-SE","@id":"https:\/\/www.zyyxlabs.com\/sv\/produkt\/zx742\/#primaryimage","url":"https:\/\/www.zyyxlabs.com\/wp-content\/uploads\/2022\/03\/ST24-Multi0.2-LR.png","contentUrl":"https:\/\/www.zyyxlabs.com\/wp-content\/uploads\/2022\/03\/ST24-Multi0.2-LR.png","width":600,"height":600},{"@type":"BreadcrumbList","@id":"https:\/\/www.zyyxlabs.com\/sv\/produkt\/zx742\/#breadcrumb","itemListElement":[{"@type":"ListItem","position":1,"name":"Home","item":"https:\/\/www.zyyxlabs.com\/"},{"@type":"ListItem","position":2,"name":"Webbshop","item":"https:\/\/www.zyyxlabs.com\/sv\/webbshop\/"},{"@type":"ListItem","position":3,"name":"F\u00f6rbrukningsartiklar","item":"https:\/\/www.zyyxlabs.com\/sv\/etikett\/forbrukningsartiklar\/"},{"@type":"ListItem","position":4,"name":"ZX742 SwiftTool24\u2122 Multi0,2, med printmunstycke i m\u00e4ssing, \u00d80,2 mm"}]},{"@type":"WebSite","@id":"https:\/\/www.zyyxlabs.com\/#website","url":"https:\/\/www.zyyxlabs.com\/","name":"ZYYX Labs","description":"Professionella 3d-skrivare","publisher":{"@id":"https:\/\/www.zyyxlabs.com\/#organization"},"potentialAction":[{"@type":"SearchAction","target":{"@type":"EntryPoint","urlTemplate":"https:\/\/www.zyyxlabs.com\/?s={search_term_string}"},"query-input":{"@type":"PropertyValueSpecification","valueRequired":true,"valueName":"search_term_string"}}],"inLanguage":"sv-SE"},{"@type":"Organization","@id":"https:\/\/www.zyyxlabs.com\/#organization","name":"ZYYX Labs AB","url":"https:\/\/www.zyyxlabs.com\/","logo":{"@type":"ImageObject","inLanguage":"sv-SE","@id":"https:\/\/www.zyyxlabs.com\/#\/schema\/logo\/image\/","url":"https:\/\/www.zyyxlabs.com\/wp-content\/uploads\/2019\/03\/logo.svg","contentUrl":"https:\/\/www.zyyxlabs.com\/wp-content\/uploads\/2019\/03\/logo.svg","width":1,"height":1,"caption":"ZYYX Labs AB"},"image":{"@id":"https:\/\/www.zyyxlabs.com\/#\/schema\/logo\/image\/"},"sameAs":["https:\/\/www.linkedin.com\/company\/zyyx-3d-printer"]}]}},"_links":{"self":[{"href":"https:\/\/www.zyyxlabs.com\/sv\/wp-json\/wp\/v2\/product\/12495","targetHints":{"allow":["GET"]}}],"collection":[{"href":"https:\/\/www.zyyxlabs.com\/sv\/wp-json\/wp\/v2\/product"}],"about":[{"href":"https:\/\/www.zyyxlabs.com\/sv\/wp-json\/wp\/v2\/types\/product"}],"replies":[{"embeddable":true,"href":"https:\/\/www.zyyxlabs.com\/sv\/wp-json\/wp\/v2\/comments?post=12495"}],"wp:featuredmedia":[{"embeddable":true,"href":"https:\/\/www.zyyxlabs.com\/sv\/wp-json\/wp\/v2\/media\/12484"}],"wp:attachment":[{"href":"https:\/\/www.zyyxlabs.com\/sv\/wp-json\/wp\/v2\/media?parent=12495"}],"wp:term":[{"taxonomy":"product_brand","embeddable":true,"href":"https:\/\/www.zyyxlabs.com\/sv\/wp-json\/wp\/v2\/product_brand?post=12495"},{"taxonomy":"product_cat","embeddable":true,"href":"https:\/\/www.zyyxlabs.com\/sv\/wp-json\/wp\/v2\/product_cat?post=12495"},{"taxonomy":"product_tag","embeddable":true,"href":"https:\/\/www.zyyxlabs.com\/sv\/wp-json\/wp\/v2\/product_tag?post=12495"}],"curies":[{"name":"wp","href":"https:\/\/api.w.org\/{rel}","templated":true}]}}