{"id":12493,"date":"2022-03-21T12:09:39","date_gmt":"2022-03-21T11:09:39","guid":{"rendered":"https:\/\/www.zyyxlabs.com\/?post_type=product&#038;p=12493"},"modified":"2023-11-29T12:50:35","modified_gmt":"2023-11-29T11:50:35","slug":"zx752","status":"publish","type":"product","link":"https:\/\/www.zyyxlabs.com\/sv\/produkt\/zx752\/","title":{"rendered":"ZX752 SwiftTool24\u2122 Carbon1,2, med h\u00e4rdat munstycke i st\u00e5l, \u00d81,2 mm"},"content":{"rendered":"<p>En SwiftTool24 Carbon1,2 av h\u00e4rdat st\u00e5l f\u00f6r anv\u00e4ndning med de flesta typerna av filament inklusive proCarbon\u2122 eller proGlass\u2122. Dessa kompositmaterial inneh\u00e5ller h\u00e5rda fibrer som snabbt sliter ut enklare standardmunstycken. Carbon1,2 k\u00e4nns igen p\u00e5 en bl\u00e5 kabel, s\u00e5 att du enkelt kan h\u00e5lla is\u00e4r de olika storlekarna.<br \/>\nDenna storlek \u00e4r v\u00e5rt st\u00f6rsta munstycke, en av v\u00e5ra till\u00e4ggsstorlekar och den kan k\u00f6pas till f\u00f6r anv\u00e4ndning i alla modeller av ZYYX Pro II.<\/p>\n<p><strong>Skrivarkompatibilitet<\/strong><br \/>\nZYYX Pro II: JA, alla modeller<br \/>\nZYYX Pro: NEJ<br \/>\nZYYX+: NEJ<br \/>\nZYYX\/ZYYX Classic: NEJ<\/p>\n","protected":false},"excerpt":{"rendered":"<p>En SwiftTool24 Carbon1,2 av h\u00e4rdat st\u00e5l f\u00f6r anv\u00e4ndning med de flesta typerna av filament inklusive proCarbon\u2122 eller proGlass\u2122. Dessa kompositmaterial inneh\u00e5ller h\u00e5rda fibrer som snabbt sliter ut enklare standardmunstycken. Carbon1,2 k\u00e4nns igen p\u00e5 en bl\u00e5 kabel, s\u00e5 att du enkelt kan h\u00e5lla is\u00e4r de olika storlekarna. Denna storlek \u00e4r v\u00e5rt st\u00f6rsta munstycke, en av v\u00e5ra <a href=\"https:\/\/www.zyyxlabs.com\/sv\/produkt\/zx752\/\" class=\"more-link\">&#8230;<span class=\"screen-reader-text\">  ZX752 SwiftTool24\u2122 Carbon1,2, med h\u00e4rdat munstycke i st\u00e5l, \u00d81,2 mm<\/span><\/a><\/p>\n","protected":false},"featured_media":12480,"comment_status":"open","ping_status":"closed","template":"","meta":{"_acf_changed":false,"inline_featured_image":false},"product_brand":[],"product_cat":[66,69],"product_tag":[288,111,259,241],"class_list":{"0":"post-12493","1":"product","2":"type-product","3":"status-publish","4":"has-post-thumbnail","6":"product_cat-forbrukningsartiklar","7":"product_cat-reservdelar","8":"product_tag-carbon12","9":"product_tag-forbrukningsartiklar","10":"product_tag-swifttool24-sv","11":"product_tag-zyyx-pro-ii-sv-2","12":"product_shipping_class-standard-shipping","14":"first","15":"instock","16":"taxable","17":"shipping-taxable","18":"purchasable","19":"product-type-simple"},"acf":[],"yoast_head":"<!-- This site is optimized with the Yoast SEO plugin v24.8.1 - https:\/\/yoast.com\/wordpress\/plugins\/seo\/ -->\n<title>ZX752 SwiftTool24\u2122 Carbon1,2, med h\u00e4rdat munstycke i st\u00e5l, \u00d81,2 mm - ZYYX Labs<\/title>\n<meta name=\"description\" content=\"Ett h\u00e4rdat st\u00e5lmunstycke av typ SwiftTool24 Carbon1,2 f\u00f6r anv\u00e4ndning med alla typer av filament inklusive slipande filament som proCarbon\u2122 och proGlass\u2122. Carbon1,2 k\u00e4nnetecknas av en bl\u00e5 kabel.\" \/>\n<meta name=\"robots\" content=\"index, follow, max-snippet:-1, max-image-preview:large, max-video-preview:-1\" \/>\n<link rel=\"canonical\" href=\"https:\/\/www.zyyxlabs.com\/sv\/produkt\/zx752\/\" \/>\n<meta property=\"og:locale\" content=\"sv_SE\" \/>\n<meta property=\"og:type\" content=\"article\" \/>\n<meta property=\"og:title\" content=\"ZX752 SwiftTool24\u2122 Carbon1,2, med h\u00e4rdat munstycke i st\u00e5l, \u00d81,2 mm - ZYYX Labs\" \/>\n<meta property=\"og:description\" content=\"Ett h\u00e4rdat st\u00e5lmunstycke av typ SwiftTool24 Carbon1,2 f\u00f6r anv\u00e4ndning med alla typer av filament inklusive slipande filament som proCarbon\u2122 och proGlass\u2122. Carbon1,2 k\u00e4nnetecknas av en bl\u00e5 kabel.\" \/>\n<meta property=\"og:url\" content=\"https:\/\/www.zyyxlabs.com\/sv\/produkt\/zx752\/\" \/>\n<meta property=\"og:site_name\" content=\"ZYYX Labs\" \/>\n<meta property=\"article:modified_time\" content=\"2023-11-29T11:50:35+00:00\" \/>\n<meta property=\"og:image\" content=\"https:\/\/www.zyyxlabs.com\/wp-content\/uploads\/2022\/03\/ST24-Carbon0.6-LR.png\" \/>\n\t<meta property=\"og:image:width\" content=\"600\" \/>\n\t<meta property=\"og:image:height\" content=\"600\" \/>\n\t<meta property=\"og:image:type\" content=\"image\/png\" \/>\n<meta name=\"twitter:card\" content=\"summary_large_image\" \/>\n<meta name=\"twitter:label1\" content=\"Ber\u00e4knad l\u00e4stid\" \/>\n\t<meta name=\"twitter:data1\" content=\"1 minut\" \/>\n<script type=\"application\/ld+json\" class=\"yoast-schema-graph\">{\"@context\":\"https:\/\/schema.org\",\"@graph\":[{\"@type\":\"WebPage\",\"@id\":\"https:\/\/www.zyyxlabs.com\/sv\/produkt\/zx752\/\",\"url\":\"https:\/\/www.zyyxlabs.com\/sv\/produkt\/zx752\/\",\"name\":\"ZX752 SwiftTool24\u2122 Carbon1,2, med h\u00e4rdat munstycke i st\u00e5l, \u00d81,2 mm - ZYYX Labs\",\"isPartOf\":{\"@id\":\"https:\/\/www.zyyxlabs.com\/#website\"},\"primaryImageOfPage\":{\"@id\":\"https:\/\/www.zyyxlabs.com\/sv\/produkt\/zx752\/#primaryimage\"},\"image\":{\"@id\":\"https:\/\/www.zyyxlabs.com\/sv\/produkt\/zx752\/#primaryimage\"},\"thumbnailUrl\":\"https:\/\/www.zyyxlabs.com\/wp-content\/uploads\/2022\/03\/ST24-Carbon0.6-LR.png\",\"datePublished\":\"2022-03-21T11:09:39+00:00\",\"dateModified\":\"2023-11-29T11:50:35+00:00\",\"description\":\"Ett h\u00e4rdat st\u00e5lmunstycke av typ SwiftTool24 Carbon1,2 f\u00f6r anv\u00e4ndning med alla typer av filament inklusive slipande filament som proCarbon\u2122 och proGlass\u2122. Carbon1,2 k\u00e4nnetecknas av en bl\u00e5 kabel.\",\"breadcrumb\":{\"@id\":\"https:\/\/www.zyyxlabs.com\/sv\/produkt\/zx752\/#breadcrumb\"},\"inLanguage\":\"sv-SE\",\"potentialAction\":[{\"@type\":\"ReadAction\",\"target\":[\"https:\/\/www.zyyxlabs.com\/sv\/produkt\/zx752\/\"]}]},{\"@type\":\"ImageObject\",\"inLanguage\":\"sv-SE\",\"@id\":\"https:\/\/www.zyyxlabs.com\/sv\/produkt\/zx752\/#primaryimage\",\"url\":\"https:\/\/www.zyyxlabs.com\/wp-content\/uploads\/2022\/03\/ST24-Carbon0.6-LR.png\",\"contentUrl\":\"https:\/\/www.zyyxlabs.com\/wp-content\/uploads\/2022\/03\/ST24-Carbon0.6-LR.png\",\"width\":600,\"height\":600},{\"@type\":\"BreadcrumbList\",\"@id\":\"https:\/\/www.zyyxlabs.com\/sv\/produkt\/zx752\/#breadcrumb\",\"itemListElement\":[{\"@type\":\"ListItem\",\"position\":1,\"name\":\"Home\",\"item\":\"https:\/\/www.zyyxlabs.com\/\"},{\"@type\":\"ListItem\",\"position\":2,\"name\":\"Webbshop\",\"item\":\"https:\/\/www.zyyxlabs.com\/sv\/webbshop\/\"},{\"@type\":\"ListItem\",\"position\":3,\"name\":\"Carbon1,2\u2122\",\"item\":\"https:\/\/www.zyyxlabs.com\/sv\/etikett\/carbon12\/\"},{\"@type\":\"ListItem\",\"position\":4,\"name\":\"ZX752 SwiftTool24\u2122 Carbon1,2, med h\u00e4rdat munstycke i st\u00e5l, \u00d81,2 mm\"}]},{\"@type\":\"WebSite\",\"@id\":\"https:\/\/www.zyyxlabs.com\/#website\",\"url\":\"https:\/\/www.zyyxlabs.com\/\",\"name\":\"ZYYX Labs\",\"description\":\"Professionella 3d-skrivare\",\"publisher\":{\"@id\":\"https:\/\/www.zyyxlabs.com\/#organization\"},\"potentialAction\":[{\"@type\":\"SearchAction\",\"target\":{\"@type\":\"EntryPoint\",\"urlTemplate\":\"https:\/\/www.zyyxlabs.com\/?s={search_term_string}\"},\"query-input\":{\"@type\":\"PropertyValueSpecification\",\"valueRequired\":true,\"valueName\":\"search_term_string\"}}],\"inLanguage\":\"sv-SE\"},{\"@type\":\"Organization\",\"@id\":\"https:\/\/www.zyyxlabs.com\/#organization\",\"name\":\"ZYYX Labs AB\",\"url\":\"https:\/\/www.zyyxlabs.com\/\",\"logo\":{\"@type\":\"ImageObject\",\"inLanguage\":\"sv-SE\",\"@id\":\"https:\/\/www.zyyxlabs.com\/#\/schema\/logo\/image\/\",\"url\":\"https:\/\/www.zyyxlabs.com\/wp-content\/uploads\/2019\/03\/logo.svg\",\"contentUrl\":\"https:\/\/www.zyyxlabs.com\/wp-content\/uploads\/2019\/03\/logo.svg\",\"width\":1,\"height\":1,\"caption\":\"ZYYX Labs AB\"},\"image\":{\"@id\":\"https:\/\/www.zyyxlabs.com\/#\/schema\/logo\/image\/\"},\"sameAs\":[\"https:\/\/www.linkedin.com\/company\/zyyx-3d-printer\"]}]}<\/script>\n<!-- \/ Yoast SEO plugin. -->","yoast_head_json":{"title":"ZX752 SwiftTool24\u2122 Carbon1,2, med h\u00e4rdat munstycke i st\u00e5l, \u00d81,2 mm - ZYYX Labs","description":"Ett h\u00e4rdat st\u00e5lmunstycke av typ SwiftTool24 Carbon1,2 f\u00f6r anv\u00e4ndning med alla typer av filament inklusive slipande filament som proCarbon\u2122 och proGlass\u2122. Carbon1,2 k\u00e4nnetecknas av en bl\u00e5 kabel.","robots":{"index":"index","follow":"follow","max-snippet":"max-snippet:-1","max-image-preview":"max-image-preview:large","max-video-preview":"max-video-preview:-1"},"canonical":"https:\/\/www.zyyxlabs.com\/sv\/produkt\/zx752\/","og_locale":"sv_SE","og_type":"article","og_title":"ZX752 SwiftTool24\u2122 Carbon1,2, med h\u00e4rdat munstycke i st\u00e5l, \u00d81,2 mm - ZYYX Labs","og_description":"Ett h\u00e4rdat st\u00e5lmunstycke av typ SwiftTool24 Carbon1,2 f\u00f6r anv\u00e4ndning med alla typer av filament inklusive slipande filament som proCarbon\u2122 och proGlass\u2122. Carbon1,2 k\u00e4nnetecknas av en bl\u00e5 kabel.","og_url":"https:\/\/www.zyyxlabs.com\/sv\/produkt\/zx752\/","og_site_name":"ZYYX Labs","article_modified_time":"2023-11-29T11:50:35+00:00","og_image":[{"width":600,"height":600,"url":"https:\/\/www.zyyxlabs.com\/wp-content\/uploads\/2022\/03\/ST24-Carbon0.6-LR.png","type":"image\/png"}],"twitter_card":"summary_large_image","twitter_misc":{"Ber\u00e4knad l\u00e4stid":"1 minut"},"schema":{"@context":"https:\/\/schema.org","@graph":[{"@type":"WebPage","@id":"https:\/\/www.zyyxlabs.com\/sv\/produkt\/zx752\/","url":"https:\/\/www.zyyxlabs.com\/sv\/produkt\/zx752\/","name":"ZX752 SwiftTool24\u2122 Carbon1,2, med h\u00e4rdat munstycke i st\u00e5l, \u00d81,2 mm - ZYYX Labs","isPartOf":{"@id":"https:\/\/www.zyyxlabs.com\/#website"},"primaryImageOfPage":{"@id":"https:\/\/www.zyyxlabs.com\/sv\/produkt\/zx752\/#primaryimage"},"image":{"@id":"https:\/\/www.zyyxlabs.com\/sv\/produkt\/zx752\/#primaryimage"},"thumbnailUrl":"https:\/\/www.zyyxlabs.com\/wp-content\/uploads\/2022\/03\/ST24-Carbon0.6-LR.png","datePublished":"2022-03-21T11:09:39+00:00","dateModified":"2023-11-29T11:50:35+00:00","description":"Ett h\u00e4rdat st\u00e5lmunstycke av typ SwiftTool24 Carbon1,2 f\u00f6r anv\u00e4ndning med alla typer av filament inklusive slipande filament som proCarbon\u2122 och proGlass\u2122. Carbon1,2 k\u00e4nnetecknas av en bl\u00e5 kabel.","breadcrumb":{"@id":"https:\/\/www.zyyxlabs.com\/sv\/produkt\/zx752\/#breadcrumb"},"inLanguage":"sv-SE","potentialAction":[{"@type":"ReadAction","target":["https:\/\/www.zyyxlabs.com\/sv\/produkt\/zx752\/"]}]},{"@type":"ImageObject","inLanguage":"sv-SE","@id":"https:\/\/www.zyyxlabs.com\/sv\/produkt\/zx752\/#primaryimage","url":"https:\/\/www.zyyxlabs.com\/wp-content\/uploads\/2022\/03\/ST24-Carbon0.6-LR.png","contentUrl":"https:\/\/www.zyyxlabs.com\/wp-content\/uploads\/2022\/03\/ST24-Carbon0.6-LR.png","width":600,"height":600},{"@type":"BreadcrumbList","@id":"https:\/\/www.zyyxlabs.com\/sv\/produkt\/zx752\/#breadcrumb","itemListElement":[{"@type":"ListItem","position":1,"name":"Home","item":"https:\/\/www.zyyxlabs.com\/"},{"@type":"ListItem","position":2,"name":"Webbshop","item":"https:\/\/www.zyyxlabs.com\/sv\/webbshop\/"},{"@type":"ListItem","position":3,"name":"Carbon1,2\u2122","item":"https:\/\/www.zyyxlabs.com\/sv\/etikett\/carbon12\/"},{"@type":"ListItem","position":4,"name":"ZX752 SwiftTool24\u2122 Carbon1,2, med h\u00e4rdat munstycke i st\u00e5l, \u00d81,2 mm"}]},{"@type":"WebSite","@id":"https:\/\/www.zyyxlabs.com\/#website","url":"https:\/\/www.zyyxlabs.com\/","name":"ZYYX Labs","description":"Professionella 3d-skrivare","publisher":{"@id":"https:\/\/www.zyyxlabs.com\/#organization"},"potentialAction":[{"@type":"SearchAction","target":{"@type":"EntryPoint","urlTemplate":"https:\/\/www.zyyxlabs.com\/?s={search_term_string}"},"query-input":{"@type":"PropertyValueSpecification","valueRequired":true,"valueName":"search_term_string"}}],"inLanguage":"sv-SE"},{"@type":"Organization","@id":"https:\/\/www.zyyxlabs.com\/#organization","name":"ZYYX Labs AB","url":"https:\/\/www.zyyxlabs.com\/","logo":{"@type":"ImageObject","inLanguage":"sv-SE","@id":"https:\/\/www.zyyxlabs.com\/#\/schema\/logo\/image\/","url":"https:\/\/www.zyyxlabs.com\/wp-content\/uploads\/2019\/03\/logo.svg","contentUrl":"https:\/\/www.zyyxlabs.com\/wp-content\/uploads\/2019\/03\/logo.svg","width":1,"height":1,"caption":"ZYYX Labs AB"},"image":{"@id":"https:\/\/www.zyyxlabs.com\/#\/schema\/logo\/image\/"},"sameAs":["https:\/\/www.linkedin.com\/company\/zyyx-3d-printer"]}]}},"_links":{"self":[{"href":"https:\/\/www.zyyxlabs.com\/sv\/wp-json\/wp\/v2\/product\/12493","targetHints":{"allow":["GET"]}}],"collection":[{"href":"https:\/\/www.zyyxlabs.com\/sv\/wp-json\/wp\/v2\/product"}],"about":[{"href":"https:\/\/www.zyyxlabs.com\/sv\/wp-json\/wp\/v2\/types\/product"}],"replies":[{"embeddable":true,"href":"https:\/\/www.zyyxlabs.com\/sv\/wp-json\/wp\/v2\/comments?post=12493"}],"wp:featuredmedia":[{"embeddable":true,"href":"https:\/\/www.zyyxlabs.com\/sv\/wp-json\/wp\/v2\/media\/12480"}],"wp:attachment":[{"href":"https:\/\/www.zyyxlabs.com\/sv\/wp-json\/wp\/v2\/media?parent=12493"}],"wp:term":[{"taxonomy":"product_brand","embeddable":true,"href":"https:\/\/www.zyyxlabs.com\/sv\/wp-json\/wp\/v2\/product_brand?post=12493"},{"taxonomy":"product_cat","embeddable":true,"href":"https:\/\/www.zyyxlabs.com\/sv\/wp-json\/wp\/v2\/product_cat?post=12493"},{"taxonomy":"product_tag","embeddable":true,"href":"https:\/\/www.zyyxlabs.com\/sv\/wp-json\/wp\/v2\/product_tag?post=12493"}],"curies":[{"name":"wp","href":"https:\/\/api.w.org\/{rel}","templated":true}]}}