{"id":12409,"date":"2022-03-05T17:06:59","date_gmt":"2022-03-05T16:07:01","guid":{"rendered":"https:\/\/www.zyyxlabs.com\/?post_type=product&#038;p=12409"},"modified":"2024-10-10T12:53:02","modified_gmt":"2024-10-10T10:53:02","slug":"zx618","status":"publish","type":"product","link":"https:\/\/www.zyyxlabs.com\/sv\/produkt\/zx618\/","title":{"rendered":"ZX618 ZYYX filamentrullst\u00e4ll med kullagerupph\u00e4ngning (f\u00f6r standardrullar)"},"content":{"rendered":"<p>Uppgraderat filamentrullst\u00e4ll f\u00f6r anv\u00e4ndning utanf\u00f6r 3d-skrivaren. Detta st\u00e4ll inneh\u00e5ller tv\u00e5 metallst\u00e4nger som \u00e4r kullagerupph\u00e4ngda f\u00f6r l\u00e4gsta m\u00f6jliga friktion och ing\u00e5r med alla ZYYX Pro II.<br \/>\nSt\u00e4llet har \u00e4ven gummif\u00f6tter, s\u00e5 det st\u00e5r stadigt.<\/p>\n<p>Vid anv\u00e4ndning s\u00e5 placeras det l\u00e4mpligast bakom skrivaren, och filamenttr\u00e5den matas underifr\u00e5n upp i filamentmonitoring\u00e5ngen.<\/p>\n<p> <strong>Skrivarkompatibilitet<\/strong> <br \/>\nSt\u00e4llet kan anv\u00e4ndas f\u00f6r alla skrivare och alla filamentrullar, s\u00e5 l\u00e4nge som de \u00e4r smalare \u00e4n 82 mm. Den passar f\u00f6r alla ZYYX filamentrullar upp till 1 kg<br \/>\nOm du beh\u00f6ver ett st\u00e4ll f\u00f6r st\u00f6rre rullar, se <a href=\"https:\/\/www.zyyxlabs.com\/sv\/produkt\/zx619\/\">ZX619<\/a>. <\/p>\n","protected":false},"excerpt":{"rendered":"<p>Uppgraderat filamentrullst\u00e4ll f\u00f6r anv\u00e4ndning utanf\u00f6r 3d-skrivaren. Detta st\u00e4ll inneh\u00e5ller tv\u00e5 metallst\u00e4nger som \u00e4r kullagerupph\u00e4ngda f\u00f6r l\u00e4gsta m\u00f6jliga friktion och ing\u00e5r med alla ZYYX Pro II. St\u00e4llet har \u00e4ven gummif\u00f6tter, s\u00e5 det st\u00e5r stadigt. Vid anv\u00e4ndning s\u00e5 placeras det l\u00e4mpligast bakom skrivaren, och filamenttr\u00e5den matas underifr\u00e5n upp i filamentmonitoring\u00e5ngen. Skrivarkompatibilitet St\u00e4llet kan anv\u00e4ndas f\u00f6r alla skrivare <a href=\"https:\/\/www.zyyxlabs.com\/sv\/produkt\/zx618\/\" class=\"more-link\">&#8230;<span class=\"screen-reader-text\">  ZX618 ZYYX filamentrullst\u00e4ll med kullagerupph\u00e4ngning (f\u00f6r standardrullar)<\/span><\/a><\/p>\n","protected":false},"featured_media":12411,"comment_status":"open","ping_status":"closed","template":"","meta":{"_acf_changed":false,"inline_featured_image":false},"product_brand":[],"product_cat":[299,69,65,96],"product_tag":[300,202,187,125,241,115,122],"class_list":{"0":"post-12409","1":"product","2":"type-product","3":"status-publish","4":"has-post-thumbnail","6":"product_cat-filamenthantering","7":"product_cat-reservdelar","8":"product_cat-tillbehor","9":"product_cat-uppgraderingar","10":"product_tag-filamenthantering","11":"product_tag-filamentstod","12":"product_tag-uppgraderingar","13":"product_tag-zyyx-classic-sv-2","14":"product_tag-zyyx-pro-ii-sv-2","15":"product_tag-zyyx-pro-sv","16":"product_tag-zyyx-plus","18":"first","19":"instock","20":"taxable","21":"shipping-taxable","22":"purchasable","23":"product-type-simple"},"acf":[],"yoast_head":"<!-- This site is optimized with the Yoast SEO plugin v24.8.1 - https:\/\/yoast.com\/wordpress\/plugins\/seo\/ -->\n<title>ZX618 ZYYX filamentrullst\u00e4ll med kullagerupph\u00e4ngning (f\u00f6r standardrullar) - ZYYX Labs<\/title>\n<meta name=\"description\" content=\"ZYYX filamentst\u00e4ll med kullager f\u00f6r anv\u00e4ndning utanf\u00f6r 3d-skrivaren. Detta inneh\u00e5ller tv\u00e5 metallst\u00e4nger som \u00e4r kullagerupph\u00e4ngda f\u00f6r l\u00e4gsta m\u00f6jliga friktion.\" \/>\n<meta name=\"robots\" content=\"index, follow, max-snippet:-1, max-image-preview:large, max-video-preview:-1\" \/>\n<link rel=\"canonical\" href=\"https:\/\/www.zyyxlabs.com\/sv\/produkt\/zx618\/\" \/>\n<meta property=\"og:locale\" content=\"sv_SE\" \/>\n<meta property=\"og:type\" content=\"article\" \/>\n<meta property=\"og:title\" content=\"ZX618 ZYYX filamentrullst\u00e4ll med kullagerupph\u00e4ngning (f\u00f6r standardrullar) - ZYYX Labs\" \/>\n<meta property=\"og:description\" content=\"ZYYX filamentst\u00e4ll med kullager f\u00f6r anv\u00e4ndning utanf\u00f6r 3d-skrivaren. Detta inneh\u00e5ller tv\u00e5 metallst\u00e4nger som \u00e4r kullagerupph\u00e4ngda f\u00f6r l\u00e4gsta m\u00f6jliga friktion.\" \/>\n<meta property=\"og:url\" content=\"https:\/\/www.zyyxlabs.com\/sv\/produkt\/zx618\/\" \/>\n<meta property=\"og:site_name\" content=\"ZYYX Labs\" \/>\n<meta property=\"article:modified_time\" content=\"2024-10-10T10:53:02+00:00\" \/>\n<meta property=\"og:image\" content=\"https:\/\/www.zyyxlabs.com\/wp-content\/uploads\/2022\/03\/ZX618-ZYYX-Pro-II-external-filament-roller-with-bearings-max-82-mm-1-LR.png\" \/>\n\t<meta property=\"og:image:width\" content=\"600\" \/>\n\t<meta property=\"og:image:height\" content=\"600\" \/>\n\t<meta property=\"og:image:type\" content=\"image\/png\" \/>\n<meta name=\"twitter:card\" content=\"summary_large_image\" \/>\n<meta name=\"twitter:label1\" content=\"Ber\u00e4knad l\u00e4stid\" \/>\n\t<meta name=\"twitter:data1\" content=\"1 minut\" \/>\n<script type=\"application\/ld+json\" class=\"yoast-schema-graph\">{\"@context\":\"https:\/\/schema.org\",\"@graph\":[{\"@type\":\"WebPage\",\"@id\":\"https:\/\/www.zyyxlabs.com\/sv\/produkt\/zx618\/\",\"url\":\"https:\/\/www.zyyxlabs.com\/sv\/produkt\/zx618\/\",\"name\":\"ZX618 ZYYX filamentrullst\u00e4ll med kullagerupph\u00e4ngning (f\u00f6r standardrullar) - ZYYX Labs\",\"isPartOf\":{\"@id\":\"https:\/\/www.zyyxlabs.com\/#website\"},\"primaryImageOfPage\":{\"@id\":\"https:\/\/www.zyyxlabs.com\/sv\/produkt\/zx618\/#primaryimage\"},\"image\":{\"@id\":\"https:\/\/www.zyyxlabs.com\/sv\/produkt\/zx618\/#primaryimage\"},\"thumbnailUrl\":\"https:\/\/www.zyyxlabs.com\/wp-content\/uploads\/2022\/03\/ZX618-ZYYX-Pro-II-external-filament-roller-with-bearings-max-82-mm-1-LR.png\",\"datePublished\":\"2022-03-05T16:07:01+00:00\",\"dateModified\":\"2024-10-10T10:53:02+00:00\",\"description\":\"ZYYX filamentst\u00e4ll med kullager f\u00f6r anv\u00e4ndning utanf\u00f6r 3d-skrivaren. Detta inneh\u00e5ller tv\u00e5 metallst\u00e4nger som \u00e4r kullagerupph\u00e4ngda f\u00f6r l\u00e4gsta m\u00f6jliga friktion.\",\"breadcrumb\":{\"@id\":\"https:\/\/www.zyyxlabs.com\/sv\/produkt\/zx618\/#breadcrumb\"},\"inLanguage\":\"sv-SE\",\"potentialAction\":[{\"@type\":\"ReadAction\",\"target\":[\"https:\/\/www.zyyxlabs.com\/sv\/produkt\/zx618\/\"]}]},{\"@type\":\"ImageObject\",\"inLanguage\":\"sv-SE\",\"@id\":\"https:\/\/www.zyyxlabs.com\/sv\/produkt\/zx618\/#primaryimage\",\"url\":\"https:\/\/www.zyyxlabs.com\/wp-content\/uploads\/2022\/03\/ZX618-ZYYX-Pro-II-external-filament-roller-with-bearings-max-82-mm-1-LR.png\",\"contentUrl\":\"https:\/\/www.zyyxlabs.com\/wp-content\/uploads\/2022\/03\/ZX618-ZYYX-Pro-II-external-filament-roller-with-bearings-max-82-mm-1-LR.png\",\"width\":600,\"height\":600},{\"@type\":\"BreadcrumbList\",\"@id\":\"https:\/\/www.zyyxlabs.com\/sv\/produkt\/zx618\/#breadcrumb\",\"itemListElement\":[{\"@type\":\"ListItem\",\"position\":1,\"name\":\"Home\",\"item\":\"https:\/\/www.zyyxlabs.com\/\"},{\"@type\":\"ListItem\",\"position\":2,\"name\":\"Webbshop\",\"item\":\"https:\/\/www.zyyxlabs.com\/sv\/webbshop\/\"},{\"@type\":\"ListItem\",\"position\":3,\"name\":\"Filamenthantering\",\"item\":\"https:\/\/www.zyyxlabs.com\/sv\/etikett\/filamenthantering\/\"},{\"@type\":\"ListItem\",\"position\":4,\"name\":\"ZX618 ZYYX filamentrullst\u00e4ll med kullagerupph\u00e4ngning (f\u00f6r standardrullar)\"}]},{\"@type\":\"WebSite\",\"@id\":\"https:\/\/www.zyyxlabs.com\/#website\",\"url\":\"https:\/\/www.zyyxlabs.com\/\",\"name\":\"ZYYX Labs\",\"description\":\"Professionella 3d-skrivare\",\"publisher\":{\"@id\":\"https:\/\/www.zyyxlabs.com\/#organization\"},\"potentialAction\":[{\"@type\":\"SearchAction\",\"target\":{\"@type\":\"EntryPoint\",\"urlTemplate\":\"https:\/\/www.zyyxlabs.com\/?s={search_term_string}\"},\"query-input\":{\"@type\":\"PropertyValueSpecification\",\"valueRequired\":true,\"valueName\":\"search_term_string\"}}],\"inLanguage\":\"sv-SE\"},{\"@type\":\"Organization\",\"@id\":\"https:\/\/www.zyyxlabs.com\/#organization\",\"name\":\"ZYYX Labs AB\",\"url\":\"https:\/\/www.zyyxlabs.com\/\",\"logo\":{\"@type\":\"ImageObject\",\"inLanguage\":\"sv-SE\",\"@id\":\"https:\/\/www.zyyxlabs.com\/#\/schema\/logo\/image\/\",\"url\":\"https:\/\/www.zyyxlabs.com\/wp-content\/uploads\/2019\/03\/logo.svg\",\"contentUrl\":\"https:\/\/www.zyyxlabs.com\/wp-content\/uploads\/2019\/03\/logo.svg\",\"width\":1,\"height\":1,\"caption\":\"ZYYX Labs AB\"},\"image\":{\"@id\":\"https:\/\/www.zyyxlabs.com\/#\/schema\/logo\/image\/\"},\"sameAs\":[\"https:\/\/www.linkedin.com\/company\/zyyx-3d-printer\"]}]}<\/script>\n<!-- \/ Yoast SEO plugin. -->","yoast_head_json":{"title":"ZX618 ZYYX filamentrullst\u00e4ll med kullagerupph\u00e4ngning (f\u00f6r standardrullar) - ZYYX Labs","description":"ZYYX filamentst\u00e4ll med kullager f\u00f6r anv\u00e4ndning utanf\u00f6r 3d-skrivaren. Detta inneh\u00e5ller tv\u00e5 metallst\u00e4nger som \u00e4r kullagerupph\u00e4ngda f\u00f6r l\u00e4gsta m\u00f6jliga friktion.","robots":{"index":"index","follow":"follow","max-snippet":"max-snippet:-1","max-image-preview":"max-image-preview:large","max-video-preview":"max-video-preview:-1"},"canonical":"https:\/\/www.zyyxlabs.com\/sv\/produkt\/zx618\/","og_locale":"sv_SE","og_type":"article","og_title":"ZX618 ZYYX filamentrullst\u00e4ll med kullagerupph\u00e4ngning (f\u00f6r standardrullar) - ZYYX Labs","og_description":"ZYYX filamentst\u00e4ll med kullager f\u00f6r anv\u00e4ndning utanf\u00f6r 3d-skrivaren. Detta inneh\u00e5ller tv\u00e5 metallst\u00e4nger som \u00e4r kullagerupph\u00e4ngda f\u00f6r l\u00e4gsta m\u00f6jliga friktion.","og_url":"https:\/\/www.zyyxlabs.com\/sv\/produkt\/zx618\/","og_site_name":"ZYYX Labs","article_modified_time":"2024-10-10T10:53:02+00:00","og_image":[{"width":600,"height":600,"url":"https:\/\/www.zyyxlabs.com\/wp-content\/uploads\/2022\/03\/ZX618-ZYYX-Pro-II-external-filament-roller-with-bearings-max-82-mm-1-LR.png","type":"image\/png"}],"twitter_card":"summary_large_image","twitter_misc":{"Ber\u00e4knad l\u00e4stid":"1 minut"},"schema":{"@context":"https:\/\/schema.org","@graph":[{"@type":"WebPage","@id":"https:\/\/www.zyyxlabs.com\/sv\/produkt\/zx618\/","url":"https:\/\/www.zyyxlabs.com\/sv\/produkt\/zx618\/","name":"ZX618 ZYYX filamentrullst\u00e4ll med kullagerupph\u00e4ngning (f\u00f6r standardrullar) - ZYYX Labs","isPartOf":{"@id":"https:\/\/www.zyyxlabs.com\/#website"},"primaryImageOfPage":{"@id":"https:\/\/www.zyyxlabs.com\/sv\/produkt\/zx618\/#primaryimage"},"image":{"@id":"https:\/\/www.zyyxlabs.com\/sv\/produkt\/zx618\/#primaryimage"},"thumbnailUrl":"https:\/\/www.zyyxlabs.com\/wp-content\/uploads\/2022\/03\/ZX618-ZYYX-Pro-II-external-filament-roller-with-bearings-max-82-mm-1-LR.png","datePublished":"2022-03-05T16:07:01+00:00","dateModified":"2024-10-10T10:53:02+00:00","description":"ZYYX filamentst\u00e4ll med kullager f\u00f6r anv\u00e4ndning utanf\u00f6r 3d-skrivaren. Detta inneh\u00e5ller tv\u00e5 metallst\u00e4nger som \u00e4r kullagerupph\u00e4ngda f\u00f6r l\u00e4gsta m\u00f6jliga friktion.","breadcrumb":{"@id":"https:\/\/www.zyyxlabs.com\/sv\/produkt\/zx618\/#breadcrumb"},"inLanguage":"sv-SE","potentialAction":[{"@type":"ReadAction","target":["https:\/\/www.zyyxlabs.com\/sv\/produkt\/zx618\/"]}]},{"@type":"ImageObject","inLanguage":"sv-SE","@id":"https:\/\/www.zyyxlabs.com\/sv\/produkt\/zx618\/#primaryimage","url":"https:\/\/www.zyyxlabs.com\/wp-content\/uploads\/2022\/03\/ZX618-ZYYX-Pro-II-external-filament-roller-with-bearings-max-82-mm-1-LR.png","contentUrl":"https:\/\/www.zyyxlabs.com\/wp-content\/uploads\/2022\/03\/ZX618-ZYYX-Pro-II-external-filament-roller-with-bearings-max-82-mm-1-LR.png","width":600,"height":600},{"@type":"BreadcrumbList","@id":"https:\/\/www.zyyxlabs.com\/sv\/produkt\/zx618\/#breadcrumb","itemListElement":[{"@type":"ListItem","position":1,"name":"Home","item":"https:\/\/www.zyyxlabs.com\/"},{"@type":"ListItem","position":2,"name":"Webbshop","item":"https:\/\/www.zyyxlabs.com\/sv\/webbshop\/"},{"@type":"ListItem","position":3,"name":"Filamenthantering","item":"https:\/\/www.zyyxlabs.com\/sv\/etikett\/filamenthantering\/"},{"@type":"ListItem","position":4,"name":"ZX618 ZYYX filamentrullst\u00e4ll med kullagerupph\u00e4ngning (f\u00f6r standardrullar)"}]},{"@type":"WebSite","@id":"https:\/\/www.zyyxlabs.com\/#website","url":"https:\/\/www.zyyxlabs.com\/","name":"ZYYX Labs","description":"Professionella 3d-skrivare","publisher":{"@id":"https:\/\/www.zyyxlabs.com\/#organization"},"potentialAction":[{"@type":"SearchAction","target":{"@type":"EntryPoint","urlTemplate":"https:\/\/www.zyyxlabs.com\/?s={search_term_string}"},"query-input":{"@type":"PropertyValueSpecification","valueRequired":true,"valueName":"search_term_string"}}],"inLanguage":"sv-SE"},{"@type":"Organization","@id":"https:\/\/www.zyyxlabs.com\/#organization","name":"ZYYX Labs AB","url":"https:\/\/www.zyyxlabs.com\/","logo":{"@type":"ImageObject","inLanguage":"sv-SE","@id":"https:\/\/www.zyyxlabs.com\/#\/schema\/logo\/image\/","url":"https:\/\/www.zyyxlabs.com\/wp-content\/uploads\/2019\/03\/logo.svg","contentUrl":"https:\/\/www.zyyxlabs.com\/wp-content\/uploads\/2019\/03\/logo.svg","width":1,"height":1,"caption":"ZYYX Labs AB"},"image":{"@id":"https:\/\/www.zyyxlabs.com\/#\/schema\/logo\/image\/"},"sameAs":["https:\/\/www.linkedin.com\/company\/zyyx-3d-printer"]}]}},"_links":{"self":[{"href":"https:\/\/www.zyyxlabs.com\/sv\/wp-json\/wp\/v2\/product\/12409","targetHints":{"allow":["GET"]}}],"collection":[{"href":"https:\/\/www.zyyxlabs.com\/sv\/wp-json\/wp\/v2\/product"}],"about":[{"href":"https:\/\/www.zyyxlabs.com\/sv\/wp-json\/wp\/v2\/types\/product"}],"replies":[{"embeddable":true,"href":"https:\/\/www.zyyxlabs.com\/sv\/wp-json\/wp\/v2\/comments?post=12409"}],"wp:featuredmedia":[{"embeddable":true,"href":"https:\/\/www.zyyxlabs.com\/sv\/wp-json\/wp\/v2\/media\/12411"}],"wp:attachment":[{"href":"https:\/\/www.zyyxlabs.com\/sv\/wp-json\/wp\/v2\/media?parent=12409"}],"wp:term":[{"taxonomy":"product_brand","embeddable":true,"href":"https:\/\/www.zyyxlabs.com\/sv\/wp-json\/wp\/v2\/product_brand?post=12409"},{"taxonomy":"product_cat","embeddable":true,"href":"https:\/\/www.zyyxlabs.com\/sv\/wp-json\/wp\/v2\/product_cat?post=12409"},{"taxonomy":"product_tag","embeddable":true,"href":"https:\/\/www.zyyxlabs.com\/sv\/wp-json\/wp\/v2\/product_tag?post=12409"}],"curies":[{"name":"wp","href":"https:\/\/api.w.org\/{rel}","templated":true}]}}