{"id":12013,"date":"2021-05-30T10:50:58","date_gmt":"2021-05-30T10:50:58","guid":{"rendered":"https:\/\/www.zyyxlabs.com\/product\/zx312\/"},"modified":"2025-03-07T10:56:51","modified_gmt":"2025-03-07T09:56:51","slug":"zx312","status":"publish","type":"product","link":"https:\/\/www.zyyxlabs.com\/sv\/produkt\/zx312\/","title":{"rendered":"ZX312 MagFlex\u2122 fj\u00e4derpl\u00e5t Multi-Material (f\u00f6r PLA, PETG, Flex)"},"content":{"rendered":"<p>The ZYYX MagFlex\u2122 fj\u00e4derpl\u00e5t Multi-Material best\u00e5r av en fj\u00e4derst\u00e5lplatta med ett svart ZYYX Multi-Material-topplager.<br \/>\nDet finns \u00e4ven ett alternativ som \u00e4r n\u00e4rmare ytan p\u00e5 ZYYX Classic <a href=\"https:\/\/www.zyyxlabs.com\/sv\/produkt\/zx317\/\">ZX317 MagFlex\u2122 fj\u00e4derpl\u00e5t Multi-Material Classic (f\u00f6r PLA, PETG, Flex)<\/a>.<\/p>\n<p>Multimaterialytan \u00e4r anpassad f\u00f6r utskrift med PLA, PETG och Flex\/TPU.<br \/>\nDenna ZYYX MagFlex\u2122 fj\u00e4derpl\u00e5t passar alla ZYYX-skrivare med MagFlex\u2122 byggplattform.<\/p>\n<p>Storlek: 300 x 258 mm <\/p>\n<p> <strong> Skrivarkompatibilitet <\/strong> <br \/>\nZYYX Pro II: Ja<br \/>\nZYYX Pro: Ja, om uppgraderad med MagFlex\u2122 byggplattform<br \/>\nZYYX+: Ja, om uppgraderad med MagFlex\u2122 byggplattform f\u00f6r ZYYX+<br \/>\nZYYX \/ ZYYX Classic: Ja, se ZYYX+<\/p>\n","protected":false},"excerpt":{"rendered":"<p>The ZYYX MagFlex\u2122 fj\u00e4derpl\u00e5t Multi-Material best\u00e5r av en fj\u00e4derst\u00e5lplatta med ett svart ZYYX Multi-Material-topplager. Det finns \u00e4ven ett alternativ som \u00e4r n\u00e4rmare ytan p\u00e5 ZYYX Classic ZX317 MagFlex\u2122 fj\u00e4derpl\u00e5t Multi-Material Classic (f\u00f6r PLA, PETG, Flex). Multimaterialytan \u00e4r anpassad f\u00f6r utskrift med PLA, PETG och Flex\/TPU. Denna ZYYX MagFlex\u2122 fj\u00e4derpl\u00e5t passar alla ZYYX-skrivare med MagFlex\u2122 byggplattform. <a href=\"https:\/\/www.zyyxlabs.com\/sv\/produkt\/zx312\/\" class=\"more-link\">&#8230;<span class=\"screen-reader-text\">  ZX312 MagFlex\u2122 fj\u00e4derpl\u00e5t Multi-Material (f\u00f6r PLA, PETG, Flex)<\/span><\/a><\/p>\n","protected":false},"featured_media":11957,"comment_status":"open","ping_status":"closed","template":"","meta":{"_acf_changed":false,"inline_featured_image":false},"product_brand":[],"product_cat":[66,69,96],"product_tag":[242,125,243,241,115,122],"class_list":{"0":"post-12013","1":"product","2":"type-product","3":"status-publish","4":"has-post-thumbnail","6":"product_cat-forbrukningsartiklar","7":"product_cat-reservdelar","8":"product_cat-uppgraderingar","9":"product_tag-magflex","10":"product_tag-zyyx-classic-sv-2","11":"product_tag-zyyx-magflex","12":"product_tag-zyyx-pro-ii-sv-2","13":"product_tag-zyyx-pro-sv","14":"product_tag-zyyx-plus","15":"product_shipping_class-standard-shipping","17":"first","18":"instock","19":"taxable","20":"shipping-taxable","21":"purchasable","22":"product-type-simple"},"acf":[],"yoast_head":"<!-- This site is optimized with the Yoast SEO plugin v24.8.1 - https:\/\/yoast.com\/wordpress\/plugins\/seo\/ -->\n<title>ZX312 MagFlex\u2122 fj\u00e4derpl\u00e5t Multi-Material (f\u00f6r PLA, PETG, Flex) - ZYYX Labs<\/title>\n<meta name=\"description\" content=\"ZYYX MagFlex\u2122 fj\u00e4derpl\u00e5t multimaterial\" \/>\n<meta name=\"robots\" content=\"index, follow, max-snippet:-1, max-image-preview:large, max-video-preview:-1\" \/>\n<link rel=\"canonical\" href=\"https:\/\/www.zyyxlabs.com\/sv\/produkt\/zx312\/\" \/>\n<meta property=\"og:locale\" content=\"sv_SE\" \/>\n<meta property=\"og:type\" content=\"article\" \/>\n<meta property=\"og:title\" content=\"ZX312 MagFlex\u2122 fj\u00e4derpl\u00e5t Multi-Material (f\u00f6r PLA, PETG, Flex) - ZYYX Labs\" \/>\n<meta property=\"og:description\" content=\"ZYYX MagFlex\u2122 fj\u00e4derpl\u00e5t multimaterial\" \/>\n<meta property=\"og:url\" content=\"https:\/\/www.zyyxlabs.com\/sv\/produkt\/zx312\/\" \/>\n<meta property=\"og:site_name\" content=\"ZYYX Labs\" \/>\n<meta property=\"article:modified_time\" content=\"2025-03-07T09:56:51+00:00\" \/>\n<meta property=\"og:image\" content=\"https:\/\/www.zyyxlabs.com\/wp-content\/uploads\/2021\/05\/MagFlex-MM-front-LR.png\" \/>\n\t<meta property=\"og:image:width\" content=\"800\" \/>\n\t<meta property=\"og:image:height\" content=\"800\" \/>\n\t<meta property=\"og:image:type\" content=\"image\/png\" \/>\n<meta name=\"twitter:card\" content=\"summary_large_image\" \/>\n<meta name=\"twitter:label1\" content=\"Ber\u00e4knad l\u00e4stid\" \/>\n\t<meta name=\"twitter:data1\" content=\"1 minut\" \/>\n<script type=\"application\/ld+json\" class=\"yoast-schema-graph\">{\"@context\":\"https:\/\/schema.org\",\"@graph\":[{\"@type\":\"WebPage\",\"@id\":\"https:\/\/www.zyyxlabs.com\/sv\/produkt\/zx312\/\",\"url\":\"https:\/\/www.zyyxlabs.com\/sv\/produkt\/zx312\/\",\"name\":\"ZX312 MagFlex\u2122 fj\u00e4derpl\u00e5t Multi-Material (f\u00f6r PLA, PETG, Flex) - ZYYX Labs\",\"isPartOf\":{\"@id\":\"https:\/\/www.zyyxlabs.com\/#website\"},\"primaryImageOfPage\":{\"@id\":\"https:\/\/www.zyyxlabs.com\/sv\/produkt\/zx312\/#primaryimage\"},\"image\":{\"@id\":\"https:\/\/www.zyyxlabs.com\/sv\/produkt\/zx312\/#primaryimage\"},\"thumbnailUrl\":\"https:\/\/www.zyyxlabs.com\/wp-content\/uploads\/2021\/05\/MagFlex-MM-front-LR.png\",\"datePublished\":\"2021-05-30T10:50:58+00:00\",\"dateModified\":\"2025-03-07T09:56:51+00:00\",\"description\":\"ZYYX MagFlex\u2122 fj\u00e4derpl\u00e5t multimaterial\",\"breadcrumb\":{\"@id\":\"https:\/\/www.zyyxlabs.com\/sv\/produkt\/zx312\/#breadcrumb\"},\"inLanguage\":\"sv-SE\",\"potentialAction\":[{\"@type\":\"ReadAction\",\"target\":[\"https:\/\/www.zyyxlabs.com\/sv\/produkt\/zx312\/\"]}]},{\"@type\":\"ImageObject\",\"inLanguage\":\"sv-SE\",\"@id\":\"https:\/\/www.zyyxlabs.com\/sv\/produkt\/zx312\/#primaryimage\",\"url\":\"https:\/\/www.zyyxlabs.com\/wp-content\/uploads\/2021\/05\/MagFlex-MM-front-LR.png\",\"contentUrl\":\"https:\/\/www.zyyxlabs.com\/wp-content\/uploads\/2021\/05\/MagFlex-MM-front-LR.png\",\"width\":800,\"height\":800},{\"@type\":\"BreadcrumbList\",\"@id\":\"https:\/\/www.zyyxlabs.com\/sv\/produkt\/zx312\/#breadcrumb\",\"itemListElement\":[{\"@type\":\"ListItem\",\"position\":1,\"name\":\"Home\",\"item\":\"https:\/\/www.zyyxlabs.com\/\"},{\"@type\":\"ListItem\",\"position\":2,\"name\":\"Webbshop\",\"item\":\"https:\/\/www.zyyxlabs.com\/sv\/webbshop\/\"},{\"@type\":\"ListItem\",\"position\":3,\"name\":\"MagFlex\u2122\",\"item\":\"https:\/\/www.zyyxlabs.com\/sv\/etikett\/magflex\/\"},{\"@type\":\"ListItem\",\"position\":4,\"name\":\"ZX312 MagFlex\u2122 fj\u00e4derpl\u00e5t Multi-Material (f\u00f6r PLA, PETG, Flex)\"}]},{\"@type\":\"WebSite\",\"@id\":\"https:\/\/www.zyyxlabs.com\/#website\",\"url\":\"https:\/\/www.zyyxlabs.com\/\",\"name\":\"ZYYX Labs\",\"description\":\"Professionella 3d-skrivare\",\"publisher\":{\"@id\":\"https:\/\/www.zyyxlabs.com\/#organization\"},\"potentialAction\":[{\"@type\":\"SearchAction\",\"target\":{\"@type\":\"EntryPoint\",\"urlTemplate\":\"https:\/\/www.zyyxlabs.com\/?s={search_term_string}\"},\"query-input\":{\"@type\":\"PropertyValueSpecification\",\"valueRequired\":true,\"valueName\":\"search_term_string\"}}],\"inLanguage\":\"sv-SE\"},{\"@type\":\"Organization\",\"@id\":\"https:\/\/www.zyyxlabs.com\/#organization\",\"name\":\"ZYYX Labs AB\",\"url\":\"https:\/\/www.zyyxlabs.com\/\",\"logo\":{\"@type\":\"ImageObject\",\"inLanguage\":\"sv-SE\",\"@id\":\"https:\/\/www.zyyxlabs.com\/#\/schema\/logo\/image\/\",\"url\":\"https:\/\/www.zyyxlabs.com\/wp-content\/uploads\/2019\/03\/logo.svg\",\"contentUrl\":\"https:\/\/www.zyyxlabs.com\/wp-content\/uploads\/2019\/03\/logo.svg\",\"width\":1,\"height\":1,\"caption\":\"ZYYX Labs AB\"},\"image\":{\"@id\":\"https:\/\/www.zyyxlabs.com\/#\/schema\/logo\/image\/\"},\"sameAs\":[\"https:\/\/www.linkedin.com\/company\/zyyx-3d-printer\"]}]}<\/script>\n<!-- \/ Yoast SEO plugin. -->","yoast_head_json":{"title":"ZX312 MagFlex\u2122 fj\u00e4derpl\u00e5t Multi-Material (f\u00f6r PLA, PETG, Flex) - ZYYX Labs","description":"ZYYX MagFlex\u2122 fj\u00e4derpl\u00e5t multimaterial","robots":{"index":"index","follow":"follow","max-snippet":"max-snippet:-1","max-image-preview":"max-image-preview:large","max-video-preview":"max-video-preview:-1"},"canonical":"https:\/\/www.zyyxlabs.com\/sv\/produkt\/zx312\/","og_locale":"sv_SE","og_type":"article","og_title":"ZX312 MagFlex\u2122 fj\u00e4derpl\u00e5t Multi-Material (f\u00f6r PLA, PETG, Flex) - ZYYX Labs","og_description":"ZYYX MagFlex\u2122 fj\u00e4derpl\u00e5t multimaterial","og_url":"https:\/\/www.zyyxlabs.com\/sv\/produkt\/zx312\/","og_site_name":"ZYYX Labs","article_modified_time":"2025-03-07T09:56:51+00:00","og_image":[{"width":800,"height":800,"url":"https:\/\/www.zyyxlabs.com\/wp-content\/uploads\/2021\/05\/MagFlex-MM-front-LR.png","type":"image\/png"}],"twitter_card":"summary_large_image","twitter_misc":{"Ber\u00e4knad l\u00e4stid":"1 minut"},"schema":{"@context":"https:\/\/schema.org","@graph":[{"@type":"WebPage","@id":"https:\/\/www.zyyxlabs.com\/sv\/produkt\/zx312\/","url":"https:\/\/www.zyyxlabs.com\/sv\/produkt\/zx312\/","name":"ZX312 MagFlex\u2122 fj\u00e4derpl\u00e5t Multi-Material (f\u00f6r PLA, PETG, Flex) - ZYYX Labs","isPartOf":{"@id":"https:\/\/www.zyyxlabs.com\/#website"},"primaryImageOfPage":{"@id":"https:\/\/www.zyyxlabs.com\/sv\/produkt\/zx312\/#primaryimage"},"image":{"@id":"https:\/\/www.zyyxlabs.com\/sv\/produkt\/zx312\/#primaryimage"},"thumbnailUrl":"https:\/\/www.zyyxlabs.com\/wp-content\/uploads\/2021\/05\/MagFlex-MM-front-LR.png","datePublished":"2021-05-30T10:50:58+00:00","dateModified":"2025-03-07T09:56:51+00:00","description":"ZYYX MagFlex\u2122 fj\u00e4derpl\u00e5t multimaterial","breadcrumb":{"@id":"https:\/\/www.zyyxlabs.com\/sv\/produkt\/zx312\/#breadcrumb"},"inLanguage":"sv-SE","potentialAction":[{"@type":"ReadAction","target":["https:\/\/www.zyyxlabs.com\/sv\/produkt\/zx312\/"]}]},{"@type":"ImageObject","inLanguage":"sv-SE","@id":"https:\/\/www.zyyxlabs.com\/sv\/produkt\/zx312\/#primaryimage","url":"https:\/\/www.zyyxlabs.com\/wp-content\/uploads\/2021\/05\/MagFlex-MM-front-LR.png","contentUrl":"https:\/\/www.zyyxlabs.com\/wp-content\/uploads\/2021\/05\/MagFlex-MM-front-LR.png","width":800,"height":800},{"@type":"BreadcrumbList","@id":"https:\/\/www.zyyxlabs.com\/sv\/produkt\/zx312\/#breadcrumb","itemListElement":[{"@type":"ListItem","position":1,"name":"Home","item":"https:\/\/www.zyyxlabs.com\/"},{"@type":"ListItem","position":2,"name":"Webbshop","item":"https:\/\/www.zyyxlabs.com\/sv\/webbshop\/"},{"@type":"ListItem","position":3,"name":"MagFlex\u2122","item":"https:\/\/www.zyyxlabs.com\/sv\/etikett\/magflex\/"},{"@type":"ListItem","position":4,"name":"ZX312 MagFlex\u2122 fj\u00e4derpl\u00e5t Multi-Material (f\u00f6r PLA, PETG, Flex)"}]},{"@type":"WebSite","@id":"https:\/\/www.zyyxlabs.com\/#website","url":"https:\/\/www.zyyxlabs.com\/","name":"ZYYX Labs","description":"Professionella 3d-skrivare","publisher":{"@id":"https:\/\/www.zyyxlabs.com\/#organization"},"potentialAction":[{"@type":"SearchAction","target":{"@type":"EntryPoint","urlTemplate":"https:\/\/www.zyyxlabs.com\/?s={search_term_string}"},"query-input":{"@type":"PropertyValueSpecification","valueRequired":true,"valueName":"search_term_string"}}],"inLanguage":"sv-SE"},{"@type":"Organization","@id":"https:\/\/www.zyyxlabs.com\/#organization","name":"ZYYX Labs AB","url":"https:\/\/www.zyyxlabs.com\/","logo":{"@type":"ImageObject","inLanguage":"sv-SE","@id":"https:\/\/www.zyyxlabs.com\/#\/schema\/logo\/image\/","url":"https:\/\/www.zyyxlabs.com\/wp-content\/uploads\/2019\/03\/logo.svg","contentUrl":"https:\/\/www.zyyxlabs.com\/wp-content\/uploads\/2019\/03\/logo.svg","width":1,"height":1,"caption":"ZYYX Labs AB"},"image":{"@id":"https:\/\/www.zyyxlabs.com\/#\/schema\/logo\/image\/"},"sameAs":["https:\/\/www.linkedin.com\/company\/zyyx-3d-printer"]}]}},"_links":{"self":[{"href":"https:\/\/www.zyyxlabs.com\/sv\/wp-json\/wp\/v2\/product\/12013","targetHints":{"allow":["GET"]}}],"collection":[{"href":"https:\/\/www.zyyxlabs.com\/sv\/wp-json\/wp\/v2\/product"}],"about":[{"href":"https:\/\/www.zyyxlabs.com\/sv\/wp-json\/wp\/v2\/types\/product"}],"replies":[{"embeddable":true,"href":"https:\/\/www.zyyxlabs.com\/sv\/wp-json\/wp\/v2\/comments?post=12013"}],"wp:featuredmedia":[{"embeddable":true,"href":"https:\/\/www.zyyxlabs.com\/sv\/wp-json\/wp\/v2\/media\/11957"}],"wp:attachment":[{"href":"https:\/\/www.zyyxlabs.com\/sv\/wp-json\/wp\/v2\/media?parent=12013"}],"wp:term":[{"taxonomy":"product_brand","embeddable":true,"href":"https:\/\/www.zyyxlabs.com\/sv\/wp-json\/wp\/v2\/product_brand?post=12013"},{"taxonomy":"product_cat","embeddable":true,"href":"https:\/\/www.zyyxlabs.com\/sv\/wp-json\/wp\/v2\/product_cat?post=12013"},{"taxonomy":"product_tag","embeddable":true,"href":"https:\/\/www.zyyxlabs.com\/sv\/wp-json\/wp\/v2\/product_tag?post=12013"}],"curies":[{"name":"wp","href":"https:\/\/api.w.org\/{rel}","templated":true}]}}