{"id":11998,"date":"2021-06-01T15:38:28","date_gmt":"2021-06-01T15:38:29","guid":{"rendered":"https:\/\/www.zyyxlabs.com\/?post_type=product&#038;p=11998"},"modified":"2024-10-10T12:47:26","modified_gmt":"2024-10-10T10:47:26","slug":"zx404","status":"publish","type":"product","link":"https:\/\/www.zyyxlabs.com\/sv\/produkt\/zx404\/","title":{"rendered":"ZX404 proTect-sats med tork-\/indikatorp\u00e5sar samt vakuump\u00e5sar, 5+5 st."},"content":{"rendered":"<p>Sats med 5 st proTect torkkapsar och 5 st vakuump\u00e5sar.<br \/>\nAnv\u00e4nds f\u00f6r att h\u00e5lla fuktk\u00e4nsligt filament, som proCarbon, proNylon och proGlass, torrt medan det inte anv\u00e4nds. <\/p>\n<p>Anv\u00e4nds med f\u00f6rdel tillsammans med ZYYXs nya elektriska vakuumpump <a href=\"https:\/\/www.zyyxlabs.com\/product\/zx405\/\">ZX405 ZYYX proTect elektrisk vakuumpump<\/a>.<br \/>\nDet finns \u00e4ven en sats best\u00e5ende av denna produkt samt den elektriska vakuumpumpen, se <a href=\"https:\/\/www.zyyxlabs.com\/sv\/produkt\/zx406\/\">ZX406 ZYYX proTect sats (Elektrisk pump + 5 p\u00e5sar + 5 kapslar)<\/a>.<\/p>\n","protected":false},"excerpt":{"rendered":"<p>Sats med 5 st proTect torkkapsar och 5 st vakuump\u00e5sar. Anv\u00e4nds f\u00f6r att h\u00e5lla fuktk\u00e4nsligt filament, som proCarbon, proNylon och proGlass, torrt medan det inte anv\u00e4nds. Anv\u00e4nds med f\u00f6rdel tillsammans med ZYYXs nya elektriska vakuumpump ZX405 ZYYX proTect elektrisk vakuumpump. Det finns \u00e4ven en sats best\u00e5ende av denna produkt samt den elektriska vakuumpumpen, se ZX406 <a href=\"https:\/\/www.zyyxlabs.com\/sv\/produkt\/zx404\/\" class=\"more-link\">&#8230;<span class=\"screen-reader-text\">  ZX404 proTect-sats med tork-\/indikatorp\u00e5sar samt vakuump\u00e5sar, 5+5 st.<\/span><\/a><\/p>\n","protected":false},"featured_media":11329,"comment_status":"open","ping_status":"closed","template":"","meta":{"_acf_changed":false,"inline_featured_image":false},"product_brand":[],"product_cat":[299,66,65],"product_tag":[124],"class_list":{"0":"post-11998","1":"product","2":"type-product","3":"status-publish","4":"has-post-thumbnail","6":"product_cat-filamenthantering","7":"product_cat-forbrukningsartiklar","8":"product_cat-tillbehor","9":"product_tag-protect-sv","10":"product_shipping_class-standard-shipping","12":"first","13":"instock","14":"taxable","15":"shipping-taxable","16":"purchasable","17":"product-type-simple"},"acf":[],"yoast_head":"<!-- This site is optimized with the Yoast SEO plugin v24.8.1 - https:\/\/yoast.com\/wordpress\/plugins\/seo\/ -->\n<title>ZX404 proTect-sats med tork-\/indikatorp\u00e5sar samt vakuump\u00e5sar, 5+5 st. - ZYYX Labs<\/title>\n<meta name=\"description\" content=\"Anv\u00e4nds f\u00f6r att h\u00e5lla fuktk\u00e4nsligt filament, som proCarbon, proNylon och proGlass, torrt medan det inte anv\u00e4nds.\" \/>\n<meta name=\"robots\" content=\"index, follow, max-snippet:-1, max-image-preview:large, max-video-preview:-1\" \/>\n<link rel=\"canonical\" href=\"https:\/\/www.zyyxlabs.com\/sv\/produkt\/zx404\/\" \/>\n<meta property=\"og:locale\" content=\"sv_SE\" \/>\n<meta property=\"og:type\" content=\"article\" \/>\n<meta property=\"og:title\" content=\"ZX404 proTect-sats med tork-\/indikatorp\u00e5sar samt vakuump\u00e5sar, 5+5 st. - ZYYX Labs\" \/>\n<meta property=\"og:description\" content=\"Anv\u00e4nds f\u00f6r att h\u00e5lla fuktk\u00e4nsligt filament, som proCarbon, proNylon och proGlass, torrt medan det inte anv\u00e4nds.\" \/>\n<meta property=\"og:url\" content=\"https:\/\/www.zyyxlabs.com\/sv\/produkt\/zx404\/\" \/>\n<meta property=\"og:site_name\" content=\"ZYYX Labs\" \/>\n<meta property=\"article:modified_time\" content=\"2024-10-10T10:47:26+00:00\" \/>\n<meta property=\"og:image\" content=\"https:\/\/www.zyyxlabs.com\/wp-content\/uploads\/2020\/09\/ZX401-proTect-Storage-System-5-Bags-5-Capsules-LR.png\" \/>\n\t<meta property=\"og:image:width\" content=\"1000\" \/>\n\t<meta property=\"og:image:height\" content=\"1000\" \/>\n\t<meta property=\"og:image:type\" content=\"image\/png\" \/>\n<meta name=\"twitter:card\" content=\"summary_large_image\" \/>\n<script type=\"application\/ld+json\" class=\"yoast-schema-graph\">{\"@context\":\"https:\/\/schema.org\",\"@graph\":[{\"@type\":\"WebPage\",\"@id\":\"https:\/\/www.zyyxlabs.com\/sv\/produkt\/zx404\/\",\"url\":\"https:\/\/www.zyyxlabs.com\/sv\/produkt\/zx404\/\",\"name\":\"ZX404 proTect-sats med tork-\/indikatorp\u00e5sar samt vakuump\u00e5sar, 5+5 st. - ZYYX Labs\",\"isPartOf\":{\"@id\":\"https:\/\/www.zyyxlabs.com\/#website\"},\"primaryImageOfPage\":{\"@id\":\"https:\/\/www.zyyxlabs.com\/sv\/produkt\/zx404\/#primaryimage\"},\"image\":{\"@id\":\"https:\/\/www.zyyxlabs.com\/sv\/produkt\/zx404\/#primaryimage\"},\"thumbnailUrl\":\"https:\/\/www.zyyxlabs.com\/wp-content\/uploads\/2020\/09\/ZX401-proTect-Storage-System-5-Bags-5-Capsules-LR.png\",\"datePublished\":\"2021-06-01T15:38:29+00:00\",\"dateModified\":\"2024-10-10T10:47:26+00:00\",\"description\":\"Anv\u00e4nds f\u00f6r att h\u00e5lla fuktk\u00e4nsligt filament, som proCarbon, proNylon och proGlass, torrt medan det inte anv\u00e4nds.\",\"breadcrumb\":{\"@id\":\"https:\/\/www.zyyxlabs.com\/sv\/produkt\/zx404\/#breadcrumb\"},\"inLanguage\":\"sv-SE\",\"potentialAction\":[{\"@type\":\"ReadAction\",\"target\":[\"https:\/\/www.zyyxlabs.com\/sv\/produkt\/zx404\/\"]}]},{\"@type\":\"ImageObject\",\"inLanguage\":\"sv-SE\",\"@id\":\"https:\/\/www.zyyxlabs.com\/sv\/produkt\/zx404\/#primaryimage\",\"url\":\"https:\/\/www.zyyxlabs.com\/wp-content\/uploads\/2020\/09\/ZX401-proTect-Storage-System-5-Bags-5-Capsules-LR.png\",\"contentUrl\":\"https:\/\/www.zyyxlabs.com\/wp-content\/uploads\/2020\/09\/ZX401-proTect-Storage-System-5-Bags-5-Capsules-LR.png\",\"width\":1000,\"height\":1000},{\"@type\":\"BreadcrumbList\",\"@id\":\"https:\/\/www.zyyxlabs.com\/sv\/produkt\/zx404\/#breadcrumb\",\"itemListElement\":[{\"@type\":\"ListItem\",\"position\":1,\"name\":\"Home\",\"item\":\"https:\/\/www.zyyxlabs.com\/\"},{\"@type\":\"ListItem\",\"position\":2,\"name\":\"Webbshop\",\"item\":\"https:\/\/www.zyyxlabs.com\/sv\/webbshop\/\"},{\"@type\":\"ListItem\",\"position\":3,\"name\":\"proTect\u2122\",\"item\":\"https:\/\/www.zyyxlabs.com\/sv\/etikett\/protect-sv\/\"},{\"@type\":\"ListItem\",\"position\":4,\"name\":\"ZX404 proTect-sats med tork-\/indikatorp\u00e5sar samt vakuump\u00e5sar, 5+5 st.\"}]},{\"@type\":\"WebSite\",\"@id\":\"https:\/\/www.zyyxlabs.com\/#website\",\"url\":\"https:\/\/www.zyyxlabs.com\/\",\"name\":\"ZYYX Labs\",\"description\":\"Professionella 3d-skrivare\",\"publisher\":{\"@id\":\"https:\/\/www.zyyxlabs.com\/#organization\"},\"potentialAction\":[{\"@type\":\"SearchAction\",\"target\":{\"@type\":\"EntryPoint\",\"urlTemplate\":\"https:\/\/www.zyyxlabs.com\/?s={search_term_string}\"},\"query-input\":{\"@type\":\"PropertyValueSpecification\",\"valueRequired\":true,\"valueName\":\"search_term_string\"}}],\"inLanguage\":\"sv-SE\"},{\"@type\":\"Organization\",\"@id\":\"https:\/\/www.zyyxlabs.com\/#organization\",\"name\":\"ZYYX Labs AB\",\"url\":\"https:\/\/www.zyyxlabs.com\/\",\"logo\":{\"@type\":\"ImageObject\",\"inLanguage\":\"sv-SE\",\"@id\":\"https:\/\/www.zyyxlabs.com\/#\/schema\/logo\/image\/\",\"url\":\"https:\/\/www.zyyxlabs.com\/wp-content\/uploads\/2019\/03\/logo.svg\",\"contentUrl\":\"https:\/\/www.zyyxlabs.com\/wp-content\/uploads\/2019\/03\/logo.svg\",\"width\":1,\"height\":1,\"caption\":\"ZYYX Labs AB\"},\"image\":{\"@id\":\"https:\/\/www.zyyxlabs.com\/#\/schema\/logo\/image\/\"},\"sameAs\":[\"https:\/\/www.linkedin.com\/company\/zyyx-3d-printer\"]}]}<\/script>\n<!-- \/ Yoast SEO plugin. -->","yoast_head_json":{"title":"ZX404 proTect-sats med tork-\/indikatorp\u00e5sar samt vakuump\u00e5sar, 5+5 st. - ZYYX Labs","description":"Anv\u00e4nds f\u00f6r att h\u00e5lla fuktk\u00e4nsligt filament, som proCarbon, proNylon och proGlass, torrt medan det inte anv\u00e4nds.","robots":{"index":"index","follow":"follow","max-snippet":"max-snippet:-1","max-image-preview":"max-image-preview:large","max-video-preview":"max-video-preview:-1"},"canonical":"https:\/\/www.zyyxlabs.com\/sv\/produkt\/zx404\/","og_locale":"sv_SE","og_type":"article","og_title":"ZX404 proTect-sats med tork-\/indikatorp\u00e5sar samt vakuump\u00e5sar, 5+5 st. - ZYYX Labs","og_description":"Anv\u00e4nds f\u00f6r att h\u00e5lla fuktk\u00e4nsligt filament, som proCarbon, proNylon och proGlass, torrt medan det inte anv\u00e4nds.","og_url":"https:\/\/www.zyyxlabs.com\/sv\/produkt\/zx404\/","og_site_name":"ZYYX Labs","article_modified_time":"2024-10-10T10:47:26+00:00","og_image":[{"width":1000,"height":1000,"url":"https:\/\/www.zyyxlabs.com\/wp-content\/uploads\/2020\/09\/ZX401-proTect-Storage-System-5-Bags-5-Capsules-LR.png","type":"image\/png"}],"twitter_card":"summary_large_image","schema":{"@context":"https:\/\/schema.org","@graph":[{"@type":"WebPage","@id":"https:\/\/www.zyyxlabs.com\/sv\/produkt\/zx404\/","url":"https:\/\/www.zyyxlabs.com\/sv\/produkt\/zx404\/","name":"ZX404 proTect-sats med tork-\/indikatorp\u00e5sar samt vakuump\u00e5sar, 5+5 st. - ZYYX Labs","isPartOf":{"@id":"https:\/\/www.zyyxlabs.com\/#website"},"primaryImageOfPage":{"@id":"https:\/\/www.zyyxlabs.com\/sv\/produkt\/zx404\/#primaryimage"},"image":{"@id":"https:\/\/www.zyyxlabs.com\/sv\/produkt\/zx404\/#primaryimage"},"thumbnailUrl":"https:\/\/www.zyyxlabs.com\/wp-content\/uploads\/2020\/09\/ZX401-proTect-Storage-System-5-Bags-5-Capsules-LR.png","datePublished":"2021-06-01T15:38:29+00:00","dateModified":"2024-10-10T10:47:26+00:00","description":"Anv\u00e4nds f\u00f6r att h\u00e5lla fuktk\u00e4nsligt filament, som proCarbon, proNylon och proGlass, torrt medan det inte anv\u00e4nds.","breadcrumb":{"@id":"https:\/\/www.zyyxlabs.com\/sv\/produkt\/zx404\/#breadcrumb"},"inLanguage":"sv-SE","potentialAction":[{"@type":"ReadAction","target":["https:\/\/www.zyyxlabs.com\/sv\/produkt\/zx404\/"]}]},{"@type":"ImageObject","inLanguage":"sv-SE","@id":"https:\/\/www.zyyxlabs.com\/sv\/produkt\/zx404\/#primaryimage","url":"https:\/\/www.zyyxlabs.com\/wp-content\/uploads\/2020\/09\/ZX401-proTect-Storage-System-5-Bags-5-Capsules-LR.png","contentUrl":"https:\/\/www.zyyxlabs.com\/wp-content\/uploads\/2020\/09\/ZX401-proTect-Storage-System-5-Bags-5-Capsules-LR.png","width":1000,"height":1000},{"@type":"BreadcrumbList","@id":"https:\/\/www.zyyxlabs.com\/sv\/produkt\/zx404\/#breadcrumb","itemListElement":[{"@type":"ListItem","position":1,"name":"Home","item":"https:\/\/www.zyyxlabs.com\/"},{"@type":"ListItem","position":2,"name":"Webbshop","item":"https:\/\/www.zyyxlabs.com\/sv\/webbshop\/"},{"@type":"ListItem","position":3,"name":"proTect\u2122","item":"https:\/\/www.zyyxlabs.com\/sv\/etikett\/protect-sv\/"},{"@type":"ListItem","position":4,"name":"ZX404 proTect-sats med tork-\/indikatorp\u00e5sar samt vakuump\u00e5sar, 5+5 st."}]},{"@type":"WebSite","@id":"https:\/\/www.zyyxlabs.com\/#website","url":"https:\/\/www.zyyxlabs.com\/","name":"ZYYX Labs","description":"Professionella 3d-skrivare","publisher":{"@id":"https:\/\/www.zyyxlabs.com\/#organization"},"potentialAction":[{"@type":"SearchAction","target":{"@type":"EntryPoint","urlTemplate":"https:\/\/www.zyyxlabs.com\/?s={search_term_string}"},"query-input":{"@type":"PropertyValueSpecification","valueRequired":true,"valueName":"search_term_string"}}],"inLanguage":"sv-SE"},{"@type":"Organization","@id":"https:\/\/www.zyyxlabs.com\/#organization","name":"ZYYX Labs AB","url":"https:\/\/www.zyyxlabs.com\/","logo":{"@type":"ImageObject","inLanguage":"sv-SE","@id":"https:\/\/www.zyyxlabs.com\/#\/schema\/logo\/image\/","url":"https:\/\/www.zyyxlabs.com\/wp-content\/uploads\/2019\/03\/logo.svg","contentUrl":"https:\/\/www.zyyxlabs.com\/wp-content\/uploads\/2019\/03\/logo.svg","width":1,"height":1,"caption":"ZYYX Labs AB"},"image":{"@id":"https:\/\/www.zyyxlabs.com\/#\/schema\/logo\/image\/"},"sameAs":["https:\/\/www.linkedin.com\/company\/zyyx-3d-printer"]}]}},"_links":{"self":[{"href":"https:\/\/www.zyyxlabs.com\/sv\/wp-json\/wp\/v2\/product\/11998","targetHints":{"allow":["GET"]}}],"collection":[{"href":"https:\/\/www.zyyxlabs.com\/sv\/wp-json\/wp\/v2\/product"}],"about":[{"href":"https:\/\/www.zyyxlabs.com\/sv\/wp-json\/wp\/v2\/types\/product"}],"replies":[{"embeddable":true,"href":"https:\/\/www.zyyxlabs.com\/sv\/wp-json\/wp\/v2\/comments?post=11998"}],"wp:featuredmedia":[{"embeddable":true,"href":"https:\/\/www.zyyxlabs.com\/sv\/wp-json\/wp\/v2\/media\/11329"}],"wp:attachment":[{"href":"https:\/\/www.zyyxlabs.com\/sv\/wp-json\/wp\/v2\/media?parent=11998"}],"wp:term":[{"taxonomy":"product_brand","embeddable":true,"href":"https:\/\/www.zyyxlabs.com\/sv\/wp-json\/wp\/v2\/product_brand?post=11998"},{"taxonomy":"product_cat","embeddable":true,"href":"https:\/\/www.zyyxlabs.com\/sv\/wp-json\/wp\/v2\/product_cat?post=11998"},{"taxonomy":"product_tag","embeddable":true,"href":"https:\/\/www.zyyxlabs.com\/sv\/wp-json\/wp\/v2\/product_tag?post=11998"}],"curies":[{"name":"wp","href":"https:\/\/api.w.org\/{rel}","templated":true}]}}