{"id":11698,"date":"2021-01-05T12:56:05","date_gmt":"2021-01-05T12:56:05","guid":{"rendered":"https:\/\/www.zyyxlabs.com\/product\/e0-0051\/"},"modified":"2023-08-31T13:43:35","modified_gmt":"2023-08-31T11:43:35","slug":"e0-0051","status":"publish","type":"product","link":"https:\/\/www.zyyxlabs.com\/sv\/produkt\/e0-0051\/","title":{"rendered":"E0.0051 Radialfl\u00e4kt 24V med 140 cm kabel och resistor"},"content":{"rendered":"<p>Radiell printfl\u00e4kt f\u00f6r ZYYX Classic, 24 V, med 140 cm kabel. Den passar \u00e4ven tidiga ZYYX+ med 24V-system.<br \/>\nObs! Den h\u00e4r fl\u00e4kten designades om 2018 av tillverkaren, s\u00e5 den passar inte direkt med \u00e4ldre utskrivna h\u00e5llare. Se bilder:<br \/>\n<a href=\"https:\/\/www.zyyxlabs.com\/wp-content\/uploads\/2021\/01\/E0.0745-Old-vs-New-2-LR.png\"><img loading=\"lazy\" decoding=\"async\" class=\"alignnone size-medium wp-image-11606\" src=\"https:\/\/www.zyyxlabs.com\/wp-content\/uploads\/2021\/01\/E0.0745-Old-vs-New-2-LR-300x300.png\" alt=\"\" width=\"300\" height=\"300\" srcset=\"https:\/\/www.zyyxlabs.com\/wp-content\/uploads\/2021\/01\/E0.0745-Old-vs-New-2-LR-300x300.png 300w, https:\/\/www.zyyxlabs.com\/wp-content\/uploads\/2021\/01\/E0.0745-Old-vs-New-2-LR-150x150.png 150w, https:\/\/www.zyyxlabs.com\/wp-content\/uploads\/2021\/01\/E0.0745-Old-vs-New-2-LR-600x600.png 600w, https:\/\/www.zyyxlabs.com\/wp-content\/uploads\/2021\/01\/E0.0745-Old-vs-New-2-LR-100x100.png 100w, https:\/\/www.zyyxlabs.com\/wp-content\/uploads\/2021\/01\/E0.0745-Old-vs-New-2-LR.png 690w\" sizes=\"auto, (max-width: 300px) 100vw, 300px\" \/><\/a> <a href=\"https:\/\/www.zyyxlabs.com\/wp-content\/uploads\/2021\/01\/E0.0745-Old-vs-New-1-LR.png\"><img loading=\"lazy\" decoding=\"async\" class=\"alignnone size-medium wp-image-11608\" src=\"https:\/\/www.zyyxlabs.com\/wp-content\/uploads\/2021\/01\/E0.0745-Old-vs-New-1-LR-300x224.png\" alt=\"\" width=\"300\" height=\"224\" srcset=\"https:\/\/www.zyyxlabs.com\/wp-content\/uploads\/2021\/01\/E0.0745-Old-vs-New-1-LR-300x224.png 300w, https:\/\/www.zyyxlabs.com\/wp-content\/uploads\/2021\/01\/E0.0745-Old-vs-New-1-LR-600x447.png 600w, https:\/\/www.zyyxlabs.com\/wp-content\/uploads\/2021\/01\/E0.0745-Old-vs-New-1-LR.png 800w\" sizes=\"auto, (max-width: 300px) 100vw, 300px\" \/><\/a><\/p>\n<p>H\u00e4r \u00e4r l\u00e4nkar till motsvarande fl\u00e4kth\u00e5llare:<br \/>\nFor ZYYX+: <a href=\"https:\/\/www.zyyxlabs.com\/product\/p4-0194\/\">P4.0194 ZYYX+ fl\u00e4kth\u00e5llare och kylkanal (NY fl\u00e4kttyp)<\/a><br \/>\nFor ZYYX Pro: <a href=\"https:\/\/www.zyyxlabs.com\/product\/p4-0529\/\">P4.0529 ZYYX Pro fl\u00e4kth\u00e5llare och kylkanal (NY fl\u00e4kttyp)<\/a><\/p>\n<p>&nbsp;<\/p>\n<p><strong>Skrivarkompatibilitet<\/strong><br \/>\nZYYX\/ZYYX Classic (24 V): Ja, men skrivare fr\u00e5n 2017 och tidigare kan beh\u00f6va en ny fl\u00e4kth\u00e5llare som visas ovan.<br \/>\nZYYX+ (24 V): Ja, men skrivare fr\u00e5n 2017 och tidigare kan beh\u00f6va en ny fl\u00e4kth\u00e5llare som visas ovan.<br \/>\nZYYX+ (12 V): Nej, see <a href=\"https:\/\/www.zyyxlabs.com\/product\/e0-0745\/\">E0.0745 Radialfl\u00e4kt, 12 V, 180 cm kabel<\/a>.<br \/>\nZYYX Pro: Nej, see <a href=\"https:\/\/www.zyyxlabs.com\/product\/e0-0745\/\">E0.0745 Radialfl\u00e4kt, 12 V, 180 cm kabel<\/a>.<\/p>\n","protected":false},"excerpt":{"rendered":"<p>Radiell printfl\u00e4kt f\u00f6r ZYYX Classic, 24 V, med 140 cm kabel. Den passar \u00e4ven tidiga ZYYX+ med 24V-system. Obs! Den h\u00e4r fl\u00e4kten designades om 2018 av tillverkaren, s\u00e5 den passar inte direkt med \u00e4ldre utskrivna h\u00e5llare. Se bilder: H\u00e4r \u00e4r l\u00e4nkar till motsvarande fl\u00e4kth\u00e5llare: For ZYYX+: P4.0194 ZYYX+ fl\u00e4kth\u00e5llare och kylkanal (NY fl\u00e4kttyp) For ZYYX <a href=\"https:\/\/www.zyyxlabs.com\/sv\/produkt\/e0-0051\/\" class=\"more-link\">&#8230;<span class=\"screen-reader-text\">  E0.0051 Radialfl\u00e4kt 24V med 140 cm kabel och resistor<\/span><\/a><\/p>\n","protected":false},"featured_media":11612,"comment_status":"open","ping_status":"closed","template":"","meta":{"_acf_changed":false,"inline_featured_image":false},"product_brand":[],"product_cat":[96,69],"product_tag":[231,129,125,122],"class_list":{"0":"post-11698","1":"product","2":"type-product","3":"status-publish","4":"has-post-thumbnail","6":"product_cat-uppgraderingar","7":"product_cat-reservdelar","8":"product_tag-24v-sv","9":"product_tag-spare-parts-sv","10":"product_tag-zyyx-classic-sv-2","11":"product_tag-zyyx-plus","12":"product_shipping_class-standard-shipping","14":"first","15":"instock","16":"taxable","17":"shipping-taxable","18":"purchasable","19":"product-type-simple"},"acf":[],"yoast_head":"<!-- This site is optimized with the Yoast SEO plugin v24.8.1 - https:\/\/yoast.com\/wordpress\/plugins\/seo\/ -->\n<title>E0.0051 Radialfl\u00e4kt 24V med 140 cm kabel och resistor - ZYYX Labs<\/title>\n<meta name=\"robots\" content=\"index, follow, max-snippet:-1, max-image-preview:large, max-video-preview:-1\" \/>\n<link rel=\"canonical\" href=\"https:\/\/www.zyyxlabs.com\/sv\/produkt\/e0-0051\/\" \/>\n<meta property=\"og:locale\" content=\"sv_SE\" \/>\n<meta property=\"og:type\" content=\"article\" \/>\n<meta property=\"og:title\" content=\"E0.0051 Radialfl\u00e4kt 24V med 140 cm kabel och resistor - ZYYX Labs\" \/>\n<meta property=\"og:description\" content=\"Radiell printfl\u00e4kt f\u00f6r ZYYX Classic, 24 V, med 140 cm kabel. Den passar \u00e4ven tidiga ZYYX+ med 24V-system. Obs! Den h\u00e4r fl\u00e4kten designades om 2018 av tillverkaren, s\u00e5 den passar inte direkt med \u00e4ldre utskrivna h\u00e5llare. Se bilder: H\u00e4r \u00e4r l\u00e4nkar till motsvarande fl\u00e4kth\u00e5llare: For ZYYX+: P4.0194 ZYYX+ fl\u00e4kth\u00e5llare och kylkanal (NY fl\u00e4kttyp) For ZYYX ... E0.0051 Radialfl\u00e4kt 24V med 140 cm kabel och resistor\" \/>\n<meta property=\"og:url\" content=\"https:\/\/www.zyyxlabs.com\/sv\/produkt\/e0-0051\/\" \/>\n<meta property=\"og:site_name\" content=\"ZYYX Labs\" \/>\n<meta property=\"article:modified_time\" content=\"2023-08-31T11:43:35+00:00\" \/>\n<meta property=\"og:image\" content=\"https:\/\/www.zyyxlabs.com\/wp-content\/uploads\/2021\/01\/E0.0051-Radial-fan-24-V-E0.0745-with-resistor-LR.png\" \/>\n\t<meta property=\"og:image:width\" content=\"800\" \/>\n\t<meta property=\"og:image:height\" content=\"800\" \/>\n\t<meta property=\"og:image:type\" content=\"image\/png\" \/>\n<meta name=\"twitter:card\" content=\"summary_large_image\" \/>\n<meta name=\"twitter:label1\" content=\"Ber\u00e4knad l\u00e4stid\" \/>\n\t<meta name=\"twitter:data1\" content=\"1 minut\" \/>\n<script type=\"application\/ld+json\" class=\"yoast-schema-graph\">{\"@context\":\"https:\/\/schema.org\",\"@graph\":[{\"@type\":\"WebPage\",\"@id\":\"https:\/\/www.zyyxlabs.com\/sv\/produkt\/e0-0051\/\",\"url\":\"https:\/\/www.zyyxlabs.com\/sv\/produkt\/e0-0051\/\",\"name\":\"E0.0051 Radialfl\u00e4kt 24V med 140 cm kabel och resistor - ZYYX Labs\",\"isPartOf\":{\"@id\":\"https:\/\/www.zyyxlabs.com\/#website\"},\"primaryImageOfPage\":{\"@id\":\"https:\/\/www.zyyxlabs.com\/sv\/produkt\/e0-0051\/#primaryimage\"},\"image\":{\"@id\":\"https:\/\/www.zyyxlabs.com\/sv\/produkt\/e0-0051\/#primaryimage\"},\"thumbnailUrl\":\"https:\/\/www.zyyxlabs.com\/wp-content\/uploads\/2021\/01\/E0.0051-Radial-fan-24-V-E0.0745-with-resistor-LR.png\",\"datePublished\":\"2021-01-05T12:56:05+00:00\",\"dateModified\":\"2023-08-31T11:43:35+00:00\",\"breadcrumb\":{\"@id\":\"https:\/\/www.zyyxlabs.com\/sv\/produkt\/e0-0051\/#breadcrumb\"},\"inLanguage\":\"sv-SE\",\"potentialAction\":[{\"@type\":\"ReadAction\",\"target\":[\"https:\/\/www.zyyxlabs.com\/sv\/produkt\/e0-0051\/\"]}]},{\"@type\":\"ImageObject\",\"inLanguage\":\"sv-SE\",\"@id\":\"https:\/\/www.zyyxlabs.com\/sv\/produkt\/e0-0051\/#primaryimage\",\"url\":\"https:\/\/www.zyyxlabs.com\/wp-content\/uploads\/2021\/01\/E0.0051-Radial-fan-24-V-E0.0745-with-resistor-LR.png\",\"contentUrl\":\"https:\/\/www.zyyxlabs.com\/wp-content\/uploads\/2021\/01\/E0.0051-Radial-fan-24-V-E0.0745-with-resistor-LR.png\",\"width\":800,\"height\":800},{\"@type\":\"BreadcrumbList\",\"@id\":\"https:\/\/www.zyyxlabs.com\/sv\/produkt\/e0-0051\/#breadcrumb\",\"itemListElement\":[{\"@type\":\"ListItem\",\"position\":1,\"name\":\"Home\",\"item\":\"https:\/\/www.zyyxlabs.com\/\"},{\"@type\":\"ListItem\",\"position\":2,\"name\":\"Webbshop\",\"item\":\"https:\/\/www.zyyxlabs.com\/sv\/webbshop\/\"},{\"@type\":\"ListItem\",\"position\":3,\"name\":\"24 V\",\"item\":\"https:\/\/www.zyyxlabs.com\/sv\/etikett\/24v-sv\/\"},{\"@type\":\"ListItem\",\"position\":4,\"name\":\"E0.0051 Radialfl\u00e4kt 24V med 140 cm kabel och resistor\"}]},{\"@type\":\"WebSite\",\"@id\":\"https:\/\/www.zyyxlabs.com\/#website\",\"url\":\"https:\/\/www.zyyxlabs.com\/\",\"name\":\"ZYYX Labs\",\"description\":\"Professionella 3d-skrivare\",\"publisher\":{\"@id\":\"https:\/\/www.zyyxlabs.com\/#organization\"},\"potentialAction\":[{\"@type\":\"SearchAction\",\"target\":{\"@type\":\"EntryPoint\",\"urlTemplate\":\"https:\/\/www.zyyxlabs.com\/?s={search_term_string}\"},\"query-input\":{\"@type\":\"PropertyValueSpecification\",\"valueRequired\":true,\"valueName\":\"search_term_string\"}}],\"inLanguage\":\"sv-SE\"},{\"@type\":\"Organization\",\"@id\":\"https:\/\/www.zyyxlabs.com\/#organization\",\"name\":\"ZYYX Labs AB\",\"url\":\"https:\/\/www.zyyxlabs.com\/\",\"logo\":{\"@type\":\"ImageObject\",\"inLanguage\":\"sv-SE\",\"@id\":\"https:\/\/www.zyyxlabs.com\/#\/schema\/logo\/image\/\",\"url\":\"https:\/\/www.zyyxlabs.com\/wp-content\/uploads\/2019\/03\/logo.svg\",\"contentUrl\":\"https:\/\/www.zyyxlabs.com\/wp-content\/uploads\/2019\/03\/logo.svg\",\"width\":1,\"height\":1,\"caption\":\"ZYYX Labs AB\"},\"image\":{\"@id\":\"https:\/\/www.zyyxlabs.com\/#\/schema\/logo\/image\/\"},\"sameAs\":[\"https:\/\/www.linkedin.com\/company\/zyyx-3d-printer\"]}]}<\/script>\n<!-- \/ Yoast SEO plugin. -->","yoast_head_json":{"title":"E0.0051 Radialfl\u00e4kt 24V med 140 cm kabel och resistor - ZYYX Labs","robots":{"index":"index","follow":"follow","max-snippet":"max-snippet:-1","max-image-preview":"max-image-preview:large","max-video-preview":"max-video-preview:-1"},"canonical":"https:\/\/www.zyyxlabs.com\/sv\/produkt\/e0-0051\/","og_locale":"sv_SE","og_type":"article","og_title":"E0.0051 Radialfl\u00e4kt 24V med 140 cm kabel och resistor - ZYYX Labs","og_description":"Radiell printfl\u00e4kt f\u00f6r ZYYX Classic, 24 V, med 140 cm kabel. Den passar \u00e4ven tidiga ZYYX+ med 24V-system. Obs! Den h\u00e4r fl\u00e4kten designades om 2018 av tillverkaren, s\u00e5 den passar inte direkt med \u00e4ldre utskrivna h\u00e5llare. Se bilder: H\u00e4r \u00e4r l\u00e4nkar till motsvarande fl\u00e4kth\u00e5llare: For ZYYX+: P4.0194 ZYYX+ fl\u00e4kth\u00e5llare och kylkanal (NY fl\u00e4kttyp) For ZYYX ... E0.0051 Radialfl\u00e4kt 24V med 140 cm kabel och resistor","og_url":"https:\/\/www.zyyxlabs.com\/sv\/produkt\/e0-0051\/","og_site_name":"ZYYX Labs","article_modified_time":"2023-08-31T11:43:35+00:00","og_image":[{"width":800,"height":800,"url":"https:\/\/www.zyyxlabs.com\/wp-content\/uploads\/2021\/01\/E0.0051-Radial-fan-24-V-E0.0745-with-resistor-LR.png","type":"image\/png"}],"twitter_card":"summary_large_image","twitter_misc":{"Ber\u00e4knad l\u00e4stid":"1 minut"},"schema":{"@context":"https:\/\/schema.org","@graph":[{"@type":"WebPage","@id":"https:\/\/www.zyyxlabs.com\/sv\/produkt\/e0-0051\/","url":"https:\/\/www.zyyxlabs.com\/sv\/produkt\/e0-0051\/","name":"E0.0051 Radialfl\u00e4kt 24V med 140 cm kabel och resistor - ZYYX Labs","isPartOf":{"@id":"https:\/\/www.zyyxlabs.com\/#website"},"primaryImageOfPage":{"@id":"https:\/\/www.zyyxlabs.com\/sv\/produkt\/e0-0051\/#primaryimage"},"image":{"@id":"https:\/\/www.zyyxlabs.com\/sv\/produkt\/e0-0051\/#primaryimage"},"thumbnailUrl":"https:\/\/www.zyyxlabs.com\/wp-content\/uploads\/2021\/01\/E0.0051-Radial-fan-24-V-E0.0745-with-resistor-LR.png","datePublished":"2021-01-05T12:56:05+00:00","dateModified":"2023-08-31T11:43:35+00:00","breadcrumb":{"@id":"https:\/\/www.zyyxlabs.com\/sv\/produkt\/e0-0051\/#breadcrumb"},"inLanguage":"sv-SE","potentialAction":[{"@type":"ReadAction","target":["https:\/\/www.zyyxlabs.com\/sv\/produkt\/e0-0051\/"]}]},{"@type":"ImageObject","inLanguage":"sv-SE","@id":"https:\/\/www.zyyxlabs.com\/sv\/produkt\/e0-0051\/#primaryimage","url":"https:\/\/www.zyyxlabs.com\/wp-content\/uploads\/2021\/01\/E0.0051-Radial-fan-24-V-E0.0745-with-resistor-LR.png","contentUrl":"https:\/\/www.zyyxlabs.com\/wp-content\/uploads\/2021\/01\/E0.0051-Radial-fan-24-V-E0.0745-with-resistor-LR.png","width":800,"height":800},{"@type":"BreadcrumbList","@id":"https:\/\/www.zyyxlabs.com\/sv\/produkt\/e0-0051\/#breadcrumb","itemListElement":[{"@type":"ListItem","position":1,"name":"Home","item":"https:\/\/www.zyyxlabs.com\/"},{"@type":"ListItem","position":2,"name":"Webbshop","item":"https:\/\/www.zyyxlabs.com\/sv\/webbshop\/"},{"@type":"ListItem","position":3,"name":"24 V","item":"https:\/\/www.zyyxlabs.com\/sv\/etikett\/24v-sv\/"},{"@type":"ListItem","position":4,"name":"E0.0051 Radialfl\u00e4kt 24V med 140 cm kabel och resistor"}]},{"@type":"WebSite","@id":"https:\/\/www.zyyxlabs.com\/#website","url":"https:\/\/www.zyyxlabs.com\/","name":"ZYYX Labs","description":"Professionella 3d-skrivare","publisher":{"@id":"https:\/\/www.zyyxlabs.com\/#organization"},"potentialAction":[{"@type":"SearchAction","target":{"@type":"EntryPoint","urlTemplate":"https:\/\/www.zyyxlabs.com\/?s={search_term_string}"},"query-input":{"@type":"PropertyValueSpecification","valueRequired":true,"valueName":"search_term_string"}}],"inLanguage":"sv-SE"},{"@type":"Organization","@id":"https:\/\/www.zyyxlabs.com\/#organization","name":"ZYYX Labs AB","url":"https:\/\/www.zyyxlabs.com\/","logo":{"@type":"ImageObject","inLanguage":"sv-SE","@id":"https:\/\/www.zyyxlabs.com\/#\/schema\/logo\/image\/","url":"https:\/\/www.zyyxlabs.com\/wp-content\/uploads\/2019\/03\/logo.svg","contentUrl":"https:\/\/www.zyyxlabs.com\/wp-content\/uploads\/2019\/03\/logo.svg","width":1,"height":1,"caption":"ZYYX Labs AB"},"image":{"@id":"https:\/\/www.zyyxlabs.com\/#\/schema\/logo\/image\/"},"sameAs":["https:\/\/www.linkedin.com\/company\/zyyx-3d-printer"]}]}},"_links":{"self":[{"href":"https:\/\/www.zyyxlabs.com\/sv\/wp-json\/wp\/v2\/product\/11698","targetHints":{"allow":["GET"]}}],"collection":[{"href":"https:\/\/www.zyyxlabs.com\/sv\/wp-json\/wp\/v2\/product"}],"about":[{"href":"https:\/\/www.zyyxlabs.com\/sv\/wp-json\/wp\/v2\/types\/product"}],"replies":[{"embeddable":true,"href":"https:\/\/www.zyyxlabs.com\/sv\/wp-json\/wp\/v2\/comments?post=11698"}],"wp:featuredmedia":[{"embeddable":true,"href":"https:\/\/www.zyyxlabs.com\/sv\/wp-json\/wp\/v2\/media\/11612"}],"wp:attachment":[{"href":"https:\/\/www.zyyxlabs.com\/sv\/wp-json\/wp\/v2\/media?parent=11698"}],"wp:term":[{"taxonomy":"product_brand","embeddable":true,"href":"https:\/\/www.zyyxlabs.com\/sv\/wp-json\/wp\/v2\/product_brand?post=11698"},{"taxonomy":"product_cat","embeddable":true,"href":"https:\/\/www.zyyxlabs.com\/sv\/wp-json\/wp\/v2\/product_cat?post=11698"},{"taxonomy":"product_tag","embeddable":true,"href":"https:\/\/www.zyyxlabs.com\/sv\/wp-json\/wp\/v2\/product_tag?post=11698"}],"curies":[{"name":"wp","href":"https:\/\/api.w.org\/{rel}","templated":true}]}}