{"id":11479,"date":"2020-10-07T09:38:17","date_gmt":"2020-10-07T09:38:18","guid":{"rendered":"https:\/\/www.zyyxlabs.com\/?post_type=product&#038;p=11479"},"modified":"2023-11-29T12:40:17","modified_gmt":"2023-11-29T11:40:17","slug":"zx704s","status":"publish","type":"product","link":"https:\/\/www.zyyxlabs.com\/sv\/produkt\/zx704s\/","title":{"rendered":"ZX704S SwiftTool\u2122 Multi, printmunstycke 0,4 mm med silikonskal"},"content":{"rendered":"<p>En SwiftTool Multi0,4 med skyddande silikonskal f\u00f6r anv\u00e4ndning med icke-slipande filament som PLA, ABS, ASA eller proNylon\u2122. Multi0,4 mm \u00e4r f\u00f6rsedd med en gul kabel s\u00e5 att du enkelt kan h\u00e5lla is\u00e4r dem. Denna storlek \u00e4r v\u00e5r standardstorlek.<\/p>\n<p>De kan k\u00f6pas f\u00f6r sig sj\u00e4lva eller som ett paket. Paketet hittar du h\u00e4r.<\/p>\n<p>Detta \u00e4r en uppgraderad version som \u00e4r ingjuten i silikon f\u00f6r att minska risken att materialet kletar fast p\u00e5 munstycks\u00e4ndan och p\u00e5 v\u00e4rmeelementet samt \u00e4ven skydda kablarna. Du hittar den gamla sorten <a href=\"https:\/\/www.zyyxlabs.com\/sv\/produkt\/zx704\/\">h\u00e4r<\/a>.<\/p>\n<p>Observera ocks\u00e5 att dessa munstycken av typ Multi aldrig skall anv\u00e4ndas med proCarbon\u2122 eller proGlass\u2122, d\u00e5 de snabbt slits ut av de materialen.<\/p>\n<p><strong>Skrivarkompatibilitet<\/strong><br \/>\nZYYX Pro II: NEJ, se <a href=\"https:\/\/www.zyyxlabs.com\/sv\/produkt\/zx744\/\">ZX744<\/a><br \/>\nZYYX Pro: Ja, alla modeller<br \/>\nZYYX+: NEJ, endast enheter fr\u00e5n efter 2018 med SwiftTool-kontakt.<br \/>\nZYYX\/ZYYX Classic: NEJ<\/p>\n","protected":false},"excerpt":{"rendered":"<p>En SwiftTool Multi0,4 med skyddande silikonskal f\u00f6r anv\u00e4ndning med icke-slipande filament som PLA, ABS, ASA eller proNylon\u2122. Multi0,4 mm \u00e4r f\u00f6rsedd med en gul kabel s\u00e5 att du enkelt kan h\u00e5lla is\u00e4r dem. Denna storlek \u00e4r v\u00e5r standardstorlek. De kan k\u00f6pas f\u00f6r sig sj\u00e4lva eller som ett paket. Paketet hittar du h\u00e4r. Detta \u00e4r en <a href=\"https:\/\/www.zyyxlabs.com\/sv\/produkt\/zx704s\/\" class=\"more-link\">&#8230;<span class=\"screen-reader-text\">  ZX704S SwiftTool\u2122 Multi, printmunstycke 0,4 mm med silikonskal<\/span><\/a><\/p>\n","protected":false},"featured_media":11493,"comment_status":"open","ping_status":"closed","template":"","meta":{"_acf_changed":false,"inline_featured_image":false},"product_brand":[],"product_cat":[66,69],"product_tag":[111,198,205,147],"class_list":{"0":"post-11479","1":"product","2":"type-product","3":"status-publish","4":"has-post-thumbnail","6":"product_cat-forbrukningsartiklar","7":"product_cat-reservdelar","8":"product_tag-forbrukningsartiklar","9":"product_tag-multi04","10":"product_tag-silikonskal","11":"product_tag-swifttool-sv","13":"first","14":"outofstock","15":"taxable","16":"shipping-taxable","17":"purchasable","18":"product-type-simple"},"acf":[],"yoast_head":"<!-- This site is optimized with the Yoast SEO plugin v24.8.1 - https:\/\/yoast.com\/wordpress\/plugins\/seo\/ -->\n<title>ZX704S SwiftTool\u2122 Multi, printmunstycke 0,4 mm med silikonskal - ZYYX Labs<\/title>\n<meta name=\"description\" content=\"En SwiftTool Multi0,4 med skyddande silikonskal f\u00f6r anv\u00e4ndning med icke-slipande filament som PLA, ABS, ASA eller proNylon\u2122. Multi0,4 mm \u00e4r markerad med en gul kabel s\u00e5 att du enkelt kan separera dem. Denna storlek \u00e4r v\u00e5r standardstorlek.\" \/>\n<meta name=\"robots\" content=\"index, follow, max-snippet:-1, max-image-preview:large, max-video-preview:-1\" \/>\n<link rel=\"canonical\" href=\"https:\/\/www.zyyxlabs.com\/sv\/produkt\/zx704s\/\" \/>\n<meta property=\"og:locale\" content=\"sv_SE\" \/>\n<meta property=\"og:type\" content=\"article\" \/>\n<meta property=\"og:title\" content=\"ZX704S SwiftTool\u2122 Multi, printmunstycke 0,4 mm med silikonskal - ZYYX Labs\" \/>\n<meta property=\"og:description\" content=\"En SwiftTool Multi0,4 med skyddande silikonskal f\u00f6r anv\u00e4ndning med icke-slipande filament som PLA, ABS, ASA eller proNylon\u2122. Multi0,4 mm \u00e4r markerad med en gul kabel s\u00e5 att du enkelt kan separera dem. Denna storlek \u00e4r v\u00e5r standardstorlek.\" \/>\n<meta property=\"og:url\" content=\"https:\/\/www.zyyxlabs.com\/sv\/produkt\/zx704s\/\" \/>\n<meta property=\"og:site_name\" content=\"ZYYX Labs\" \/>\n<meta property=\"article:modified_time\" content=\"2023-11-29T11:40:17+00:00\" \/>\n<meta property=\"og:image\" content=\"https:\/\/www.zyyxlabs.com\/wp-content\/uploads\/2020\/10\/ZX704S-SwiftTool-Multi0.4.png\" \/>\n\t<meta property=\"og:image:width\" content=\"800\" \/>\n\t<meta property=\"og:image:height\" content=\"800\" \/>\n\t<meta property=\"og:image:type\" content=\"image\/png\" \/>\n<meta name=\"twitter:card\" content=\"summary_large_image\" \/>\n<meta name=\"twitter:label1\" content=\"Ber\u00e4knad l\u00e4stid\" \/>\n\t<meta name=\"twitter:data1\" content=\"1 minut\" \/>\n<script type=\"application\/ld+json\" class=\"yoast-schema-graph\">{\"@context\":\"https:\/\/schema.org\",\"@graph\":[{\"@type\":\"WebPage\",\"@id\":\"https:\/\/www.zyyxlabs.com\/sv\/produkt\/zx704s\/\",\"url\":\"https:\/\/www.zyyxlabs.com\/sv\/produkt\/zx704s\/\",\"name\":\"ZX704S SwiftTool\u2122 Multi, printmunstycke 0,4 mm med silikonskal - ZYYX Labs\",\"isPartOf\":{\"@id\":\"https:\/\/www.zyyxlabs.com\/#website\"},\"primaryImageOfPage\":{\"@id\":\"https:\/\/www.zyyxlabs.com\/sv\/produkt\/zx704s\/#primaryimage\"},\"image\":{\"@id\":\"https:\/\/www.zyyxlabs.com\/sv\/produkt\/zx704s\/#primaryimage\"},\"thumbnailUrl\":\"https:\/\/www.zyyxlabs.com\/wp-content\/uploads\/2020\/10\/ZX704S-SwiftTool-Multi0.4.png\",\"datePublished\":\"2020-10-07T09:38:18+00:00\",\"dateModified\":\"2023-11-29T11:40:17+00:00\",\"description\":\"En SwiftTool Multi0,4 med skyddande silikonskal f\u00f6r anv\u00e4ndning med icke-slipande filament som PLA, ABS, ASA eller proNylon\u2122. Multi0,4 mm \u00e4r markerad med en gul kabel s\u00e5 att du enkelt kan separera dem. Denna storlek \u00e4r v\u00e5r standardstorlek.\",\"breadcrumb\":{\"@id\":\"https:\/\/www.zyyxlabs.com\/sv\/produkt\/zx704s\/#breadcrumb\"},\"inLanguage\":\"sv-SE\",\"potentialAction\":[{\"@type\":\"ReadAction\",\"target\":[\"https:\/\/www.zyyxlabs.com\/sv\/produkt\/zx704s\/\"]}]},{\"@type\":\"ImageObject\",\"inLanguage\":\"sv-SE\",\"@id\":\"https:\/\/www.zyyxlabs.com\/sv\/produkt\/zx704s\/#primaryimage\",\"url\":\"https:\/\/www.zyyxlabs.com\/wp-content\/uploads\/2020\/10\/ZX704S-SwiftTool-Multi0.4.png\",\"contentUrl\":\"https:\/\/www.zyyxlabs.com\/wp-content\/uploads\/2020\/10\/ZX704S-SwiftTool-Multi0.4.png\",\"width\":800,\"height\":800},{\"@type\":\"BreadcrumbList\",\"@id\":\"https:\/\/www.zyyxlabs.com\/sv\/produkt\/zx704s\/#breadcrumb\",\"itemListElement\":[{\"@type\":\"ListItem\",\"position\":1,\"name\":\"Home\",\"item\":\"https:\/\/www.zyyxlabs.com\/\"},{\"@type\":\"ListItem\",\"position\":2,\"name\":\"Webbshop\",\"item\":\"https:\/\/www.zyyxlabs.com\/sv\/webbshop\/\"},{\"@type\":\"ListItem\",\"position\":3,\"name\":\"F\u00f6rbrukningsartiklar\",\"item\":\"https:\/\/www.zyyxlabs.com\/sv\/etikett\/forbrukningsartiklar\/\"},{\"@type\":\"ListItem\",\"position\":4,\"name\":\"ZX704S SwiftTool\u2122 Multi, printmunstycke 0,4 mm med silikonskal\"}]},{\"@type\":\"WebSite\",\"@id\":\"https:\/\/www.zyyxlabs.com\/#website\",\"url\":\"https:\/\/www.zyyxlabs.com\/\",\"name\":\"ZYYX Labs\",\"description\":\"Professionella 3d-skrivare\",\"publisher\":{\"@id\":\"https:\/\/www.zyyxlabs.com\/#organization\"},\"potentialAction\":[{\"@type\":\"SearchAction\",\"target\":{\"@type\":\"EntryPoint\",\"urlTemplate\":\"https:\/\/www.zyyxlabs.com\/?s={search_term_string}\"},\"query-input\":{\"@type\":\"PropertyValueSpecification\",\"valueRequired\":true,\"valueName\":\"search_term_string\"}}],\"inLanguage\":\"sv-SE\"},{\"@type\":\"Organization\",\"@id\":\"https:\/\/www.zyyxlabs.com\/#organization\",\"name\":\"ZYYX Labs AB\",\"url\":\"https:\/\/www.zyyxlabs.com\/\",\"logo\":{\"@type\":\"ImageObject\",\"inLanguage\":\"sv-SE\",\"@id\":\"https:\/\/www.zyyxlabs.com\/#\/schema\/logo\/image\/\",\"url\":\"https:\/\/www.zyyxlabs.com\/wp-content\/uploads\/2019\/03\/logo.svg\",\"contentUrl\":\"https:\/\/www.zyyxlabs.com\/wp-content\/uploads\/2019\/03\/logo.svg\",\"width\":1,\"height\":1,\"caption\":\"ZYYX Labs AB\"},\"image\":{\"@id\":\"https:\/\/www.zyyxlabs.com\/#\/schema\/logo\/image\/\"},\"sameAs\":[\"https:\/\/www.linkedin.com\/company\/zyyx-3d-printer\"]}]}<\/script>\n<!-- \/ Yoast SEO plugin. -->","yoast_head_json":{"title":"ZX704S SwiftTool\u2122 Multi, printmunstycke 0,4 mm med silikonskal - ZYYX Labs","description":"En SwiftTool Multi0,4 med skyddande silikonskal f\u00f6r anv\u00e4ndning med icke-slipande filament som PLA, ABS, ASA eller proNylon\u2122. Multi0,4 mm \u00e4r markerad med en gul kabel s\u00e5 att du enkelt kan separera dem. Denna storlek \u00e4r v\u00e5r standardstorlek.","robots":{"index":"index","follow":"follow","max-snippet":"max-snippet:-1","max-image-preview":"max-image-preview:large","max-video-preview":"max-video-preview:-1"},"canonical":"https:\/\/www.zyyxlabs.com\/sv\/produkt\/zx704s\/","og_locale":"sv_SE","og_type":"article","og_title":"ZX704S SwiftTool\u2122 Multi, printmunstycke 0,4 mm med silikonskal - ZYYX Labs","og_description":"En SwiftTool Multi0,4 med skyddande silikonskal f\u00f6r anv\u00e4ndning med icke-slipande filament som PLA, ABS, ASA eller proNylon\u2122. Multi0,4 mm \u00e4r markerad med en gul kabel s\u00e5 att du enkelt kan separera dem. Denna storlek \u00e4r v\u00e5r standardstorlek.","og_url":"https:\/\/www.zyyxlabs.com\/sv\/produkt\/zx704s\/","og_site_name":"ZYYX Labs","article_modified_time":"2023-11-29T11:40:17+00:00","og_image":[{"width":800,"height":800,"url":"https:\/\/www.zyyxlabs.com\/wp-content\/uploads\/2020\/10\/ZX704S-SwiftTool-Multi0.4.png","type":"image\/png"}],"twitter_card":"summary_large_image","twitter_misc":{"Ber\u00e4knad l\u00e4stid":"1 minut"},"schema":{"@context":"https:\/\/schema.org","@graph":[{"@type":"WebPage","@id":"https:\/\/www.zyyxlabs.com\/sv\/produkt\/zx704s\/","url":"https:\/\/www.zyyxlabs.com\/sv\/produkt\/zx704s\/","name":"ZX704S SwiftTool\u2122 Multi, printmunstycke 0,4 mm med silikonskal - ZYYX Labs","isPartOf":{"@id":"https:\/\/www.zyyxlabs.com\/#website"},"primaryImageOfPage":{"@id":"https:\/\/www.zyyxlabs.com\/sv\/produkt\/zx704s\/#primaryimage"},"image":{"@id":"https:\/\/www.zyyxlabs.com\/sv\/produkt\/zx704s\/#primaryimage"},"thumbnailUrl":"https:\/\/www.zyyxlabs.com\/wp-content\/uploads\/2020\/10\/ZX704S-SwiftTool-Multi0.4.png","datePublished":"2020-10-07T09:38:18+00:00","dateModified":"2023-11-29T11:40:17+00:00","description":"En SwiftTool Multi0,4 med skyddande silikonskal f\u00f6r anv\u00e4ndning med icke-slipande filament som PLA, ABS, ASA eller proNylon\u2122. Multi0,4 mm \u00e4r markerad med en gul kabel s\u00e5 att du enkelt kan separera dem. Denna storlek \u00e4r v\u00e5r standardstorlek.","breadcrumb":{"@id":"https:\/\/www.zyyxlabs.com\/sv\/produkt\/zx704s\/#breadcrumb"},"inLanguage":"sv-SE","potentialAction":[{"@type":"ReadAction","target":["https:\/\/www.zyyxlabs.com\/sv\/produkt\/zx704s\/"]}]},{"@type":"ImageObject","inLanguage":"sv-SE","@id":"https:\/\/www.zyyxlabs.com\/sv\/produkt\/zx704s\/#primaryimage","url":"https:\/\/www.zyyxlabs.com\/wp-content\/uploads\/2020\/10\/ZX704S-SwiftTool-Multi0.4.png","contentUrl":"https:\/\/www.zyyxlabs.com\/wp-content\/uploads\/2020\/10\/ZX704S-SwiftTool-Multi0.4.png","width":800,"height":800},{"@type":"BreadcrumbList","@id":"https:\/\/www.zyyxlabs.com\/sv\/produkt\/zx704s\/#breadcrumb","itemListElement":[{"@type":"ListItem","position":1,"name":"Home","item":"https:\/\/www.zyyxlabs.com\/"},{"@type":"ListItem","position":2,"name":"Webbshop","item":"https:\/\/www.zyyxlabs.com\/sv\/webbshop\/"},{"@type":"ListItem","position":3,"name":"F\u00f6rbrukningsartiklar","item":"https:\/\/www.zyyxlabs.com\/sv\/etikett\/forbrukningsartiklar\/"},{"@type":"ListItem","position":4,"name":"ZX704S SwiftTool\u2122 Multi, printmunstycke 0,4 mm med silikonskal"}]},{"@type":"WebSite","@id":"https:\/\/www.zyyxlabs.com\/#website","url":"https:\/\/www.zyyxlabs.com\/","name":"ZYYX Labs","description":"Professionella 3d-skrivare","publisher":{"@id":"https:\/\/www.zyyxlabs.com\/#organization"},"potentialAction":[{"@type":"SearchAction","target":{"@type":"EntryPoint","urlTemplate":"https:\/\/www.zyyxlabs.com\/?s={search_term_string}"},"query-input":{"@type":"PropertyValueSpecification","valueRequired":true,"valueName":"search_term_string"}}],"inLanguage":"sv-SE"},{"@type":"Organization","@id":"https:\/\/www.zyyxlabs.com\/#organization","name":"ZYYX Labs AB","url":"https:\/\/www.zyyxlabs.com\/","logo":{"@type":"ImageObject","inLanguage":"sv-SE","@id":"https:\/\/www.zyyxlabs.com\/#\/schema\/logo\/image\/","url":"https:\/\/www.zyyxlabs.com\/wp-content\/uploads\/2019\/03\/logo.svg","contentUrl":"https:\/\/www.zyyxlabs.com\/wp-content\/uploads\/2019\/03\/logo.svg","width":1,"height":1,"caption":"ZYYX Labs AB"},"image":{"@id":"https:\/\/www.zyyxlabs.com\/#\/schema\/logo\/image\/"},"sameAs":["https:\/\/www.linkedin.com\/company\/zyyx-3d-printer"]}]}},"_links":{"self":[{"href":"https:\/\/www.zyyxlabs.com\/sv\/wp-json\/wp\/v2\/product\/11479","targetHints":{"allow":["GET"]}}],"collection":[{"href":"https:\/\/www.zyyxlabs.com\/sv\/wp-json\/wp\/v2\/product"}],"about":[{"href":"https:\/\/www.zyyxlabs.com\/sv\/wp-json\/wp\/v2\/types\/product"}],"replies":[{"embeddable":true,"href":"https:\/\/www.zyyxlabs.com\/sv\/wp-json\/wp\/v2\/comments?post=11479"}],"wp:featuredmedia":[{"embeddable":true,"href":"https:\/\/www.zyyxlabs.com\/sv\/wp-json\/wp\/v2\/media\/11493"}],"wp:attachment":[{"href":"https:\/\/www.zyyxlabs.com\/sv\/wp-json\/wp\/v2\/media?parent=11479"}],"wp:term":[{"taxonomy":"product_brand","embeddable":true,"href":"https:\/\/www.zyyxlabs.com\/sv\/wp-json\/wp\/v2\/product_brand?post=11479"},{"taxonomy":"product_cat","embeddable":true,"href":"https:\/\/www.zyyxlabs.com\/sv\/wp-json\/wp\/v2\/product_cat?post=11479"},{"taxonomy":"product_tag","embeddable":true,"href":"https:\/\/www.zyyxlabs.com\/sv\/wp-json\/wp\/v2\/product_tag?post=11479"}],"curies":[{"name":"wp","href":"https:\/\/api.w.org\/{rel}","templated":true}]}}