{"id":11457,"date":"2020-10-06T11:51:27","date_gmt":"2020-10-06T11:51:28","guid":{"rendered":"https:\/\/www.zyyxlabs.com\/?post_type=product&#038;p=11457"},"modified":"2023-11-29T12:46:00","modified_gmt":"2023-11-29T11:46:00","slug":"zx726","status":"publish","type":"product","link":"https:\/\/www.zyyxlabs.com\/sv\/produkt\/zx726\/","title":{"rendered":"ZX726 SwiftTool\u2122 Carbon, printmunstycke 0,6 mm"},"content":{"rendered":"<p>En SwiftTool Carbon0,6 av h\u00e4rdat st\u00e5l f\u00f6r anv\u00e4ndning med de flesta typerna av filament inklusive de slipande fiberf\u00f6rst\u00e4rkta materialen som proCarbon\u2122 eller proGlass\u2122. Carbon0,6 mm \u00e4r markerad med en svart kabel s\u00e5 att du enkelt kan separera dem fr\u00e5n \u00f6vriga storlekar.<\/p>\n<p>Det finns ocks\u00e5 en uppgraderad version som \u00e4r ingjuten i silikon f\u00f6r att minska risken att materialet kletar fast p\u00e5 munstycks\u00e4ndan och p\u00e5 v\u00e4rmeelementet samt \u00e4ven skydda kablarna. Du hittar den <a href=\"https:\/\/www.zyyxlabs.com\/sv\/produkt\/zx726s\/\">h\u00e4r (ZX726S)<\/a>.<\/p>\n<p><strong>Skrivarkompatibilitet<\/strong><br \/>\nZYYX Pro II: Nej, se <a href=\"https:\/\/www.zyyxlabs.com\/sv\/produkt\/zx746\/\">ZX746<\/a><br \/>\nZYYX Pro: Ja, alla modeller<br \/>\nZYYX+: NEJ<br \/>\nZYYX\/ZYYX Classic: NEJ<\/p>\n","protected":false},"excerpt":{"rendered":"<p>En SwiftTool Carbon0,6 av h\u00e4rdat st\u00e5l f\u00f6r anv\u00e4ndning med de flesta typerna av filament inklusive de slipande fiberf\u00f6rst\u00e4rkta materialen som proCarbon\u2122 eller proGlass\u2122. Carbon0,6 mm \u00e4r markerad med en svart kabel s\u00e5 att du enkelt kan separera dem fr\u00e5n \u00f6vriga storlekar. Det finns ocks\u00e5 en uppgraderad version som \u00e4r ingjuten i silikon f\u00f6r att minska <a href=\"https:\/\/www.zyyxlabs.com\/sv\/produkt\/zx726\/\" class=\"more-link\">&#8230;<span class=\"screen-reader-text\">  ZX726 SwiftTool\u2122 Carbon, printmunstycke 0,6 mm<\/span><\/a><\/p>\n","protected":false},"featured_media":11510,"comment_status":"open","ping_status":"closed","template":"","meta":{"_acf_changed":false,"inline_featured_image":false},"product_brand":[],"product_cat":[66,69],"product_tag":[194,111,147],"class_list":{"0":"post-11457","1":"product","2":"type-product","3":"status-publish","4":"has-post-thumbnail","6":"product_cat-forbrukningsartiklar","7":"product_cat-reservdelar","8":"product_tag-carbon0-6-sv","9":"product_tag-forbrukningsartiklar","10":"product_tag-swifttool-sv","11":"product_shipping_class-standard-shipping","13":"first","14":"instock","15":"taxable","16":"shipping-taxable","17":"purchasable","18":"product-type-simple"},"acf":[],"yoast_head":"<!-- This site is optimized with the Yoast SEO plugin v24.8.1 - https:\/\/yoast.com\/wordpress\/plugins\/seo\/ -->\n<title>ZX726 SwiftTool\u2122 Carbon, printmunstycke 0,6 mm - ZYYX Labs<\/title>\n<meta name=\"description\" content=\"En SwiftTool Carbon0,6 av h\u00e4rdat st\u00e5l f\u00f6r anv\u00e4ndning med de flesta typerna av filament inklusive proCarbon\u2122 eller proGlass\u2122. Carbon0,6 mm \u00e4r markerad med en svart kabel s\u00e5 att du enkelt kan separera dem fr\u00e5n \u00f6vriga storlekar.\" \/>\n<meta name=\"robots\" content=\"index, follow, max-snippet:-1, max-image-preview:large, max-video-preview:-1\" \/>\n<link rel=\"canonical\" href=\"https:\/\/www.zyyxlabs.com\/sv\/produkt\/zx726\/\" \/>\n<meta property=\"og:locale\" content=\"sv_SE\" \/>\n<meta property=\"og:type\" content=\"article\" \/>\n<meta property=\"og:title\" content=\"ZX726 SwiftTool\u2122 Carbon, printmunstycke 0,6 mm - ZYYX Labs\" \/>\n<meta property=\"og:description\" content=\"En SwiftTool Carbon0,6 av h\u00e4rdat st\u00e5l f\u00f6r anv\u00e4ndning med de flesta typerna av filament inklusive proCarbon\u2122 eller proGlass\u2122. Carbon0,6 mm \u00e4r markerad med en svart kabel s\u00e5 att du enkelt kan separera dem fr\u00e5n \u00f6vriga storlekar.\" \/>\n<meta property=\"og:url\" content=\"https:\/\/www.zyyxlabs.com\/sv\/produkt\/zx726\/\" \/>\n<meta property=\"og:site_name\" content=\"ZYYX Labs\" \/>\n<meta property=\"article:modified_time\" content=\"2023-11-29T11:46:00+00:00\" \/>\n<meta property=\"og:image\" content=\"https:\/\/www.zyyxlabs.com\/wp-content\/uploads\/2020\/10\/ZX706-SwiftTool-Carbon0.6-1.png\" \/>\n\t<meta property=\"og:image:width\" content=\"700\" \/>\n\t<meta property=\"og:image:height\" content=\"700\" \/>\n\t<meta property=\"og:image:type\" content=\"image\/png\" \/>\n<meta name=\"twitter:card\" content=\"summary_large_image\" \/>\n<meta name=\"twitter:label1\" content=\"Ber\u00e4knad l\u00e4stid\" \/>\n\t<meta name=\"twitter:data1\" content=\"1 minut\" \/>\n<script type=\"application\/ld+json\" class=\"yoast-schema-graph\">{\"@context\":\"https:\/\/schema.org\",\"@graph\":[{\"@type\":\"WebPage\",\"@id\":\"https:\/\/www.zyyxlabs.com\/sv\/produkt\/zx726\/\",\"url\":\"https:\/\/www.zyyxlabs.com\/sv\/produkt\/zx726\/\",\"name\":\"ZX726 SwiftTool\u2122 Carbon, printmunstycke 0,6 mm - ZYYX Labs\",\"isPartOf\":{\"@id\":\"https:\/\/www.zyyxlabs.com\/#website\"},\"primaryImageOfPage\":{\"@id\":\"https:\/\/www.zyyxlabs.com\/sv\/produkt\/zx726\/#primaryimage\"},\"image\":{\"@id\":\"https:\/\/www.zyyxlabs.com\/sv\/produkt\/zx726\/#primaryimage\"},\"thumbnailUrl\":\"https:\/\/www.zyyxlabs.com\/wp-content\/uploads\/2020\/10\/ZX706-SwiftTool-Carbon0.6-1.png\",\"datePublished\":\"2020-10-06T11:51:28+00:00\",\"dateModified\":\"2023-11-29T11:46:00+00:00\",\"description\":\"En SwiftTool Carbon0,6 av h\u00e4rdat st\u00e5l f\u00f6r anv\u00e4ndning med de flesta typerna av filament inklusive proCarbon\u2122 eller proGlass\u2122. Carbon0,6 mm \u00e4r markerad med en svart kabel s\u00e5 att du enkelt kan separera dem fr\u00e5n \u00f6vriga storlekar.\",\"breadcrumb\":{\"@id\":\"https:\/\/www.zyyxlabs.com\/sv\/produkt\/zx726\/#breadcrumb\"},\"inLanguage\":\"sv-SE\",\"potentialAction\":[{\"@type\":\"ReadAction\",\"target\":[\"https:\/\/www.zyyxlabs.com\/sv\/produkt\/zx726\/\"]}]},{\"@type\":\"ImageObject\",\"inLanguage\":\"sv-SE\",\"@id\":\"https:\/\/www.zyyxlabs.com\/sv\/produkt\/zx726\/#primaryimage\",\"url\":\"https:\/\/www.zyyxlabs.com\/wp-content\/uploads\/2020\/10\/ZX706-SwiftTool-Carbon0.6-1.png\",\"contentUrl\":\"https:\/\/www.zyyxlabs.com\/wp-content\/uploads\/2020\/10\/ZX706-SwiftTool-Carbon0.6-1.png\",\"width\":700,\"height\":700},{\"@type\":\"BreadcrumbList\",\"@id\":\"https:\/\/www.zyyxlabs.com\/sv\/produkt\/zx726\/#breadcrumb\",\"itemListElement\":[{\"@type\":\"ListItem\",\"position\":1,\"name\":\"Home\",\"item\":\"https:\/\/www.zyyxlabs.com\/\"},{\"@type\":\"ListItem\",\"position\":2,\"name\":\"Webbshop\",\"item\":\"https:\/\/www.zyyxlabs.com\/sv\/webbshop\/\"},{\"@type\":\"ListItem\",\"position\":3,\"name\":\"Carbon0,6\u2122\",\"item\":\"https:\/\/www.zyyxlabs.com\/sv\/etikett\/carbon0-6-sv\/\"},{\"@type\":\"ListItem\",\"position\":4,\"name\":\"ZX726 SwiftTool\u2122 Carbon, printmunstycke 0,6 mm\"}]},{\"@type\":\"WebSite\",\"@id\":\"https:\/\/www.zyyxlabs.com\/#website\",\"url\":\"https:\/\/www.zyyxlabs.com\/\",\"name\":\"ZYYX Labs\",\"description\":\"Professionella 3d-skrivare\",\"publisher\":{\"@id\":\"https:\/\/www.zyyxlabs.com\/#organization\"},\"potentialAction\":[{\"@type\":\"SearchAction\",\"target\":{\"@type\":\"EntryPoint\",\"urlTemplate\":\"https:\/\/www.zyyxlabs.com\/?s={search_term_string}\"},\"query-input\":{\"@type\":\"PropertyValueSpecification\",\"valueRequired\":true,\"valueName\":\"search_term_string\"}}],\"inLanguage\":\"sv-SE\"},{\"@type\":\"Organization\",\"@id\":\"https:\/\/www.zyyxlabs.com\/#organization\",\"name\":\"ZYYX Labs AB\",\"url\":\"https:\/\/www.zyyxlabs.com\/\",\"logo\":{\"@type\":\"ImageObject\",\"inLanguage\":\"sv-SE\",\"@id\":\"https:\/\/www.zyyxlabs.com\/#\/schema\/logo\/image\/\",\"url\":\"https:\/\/www.zyyxlabs.com\/wp-content\/uploads\/2019\/03\/logo.svg\",\"contentUrl\":\"https:\/\/www.zyyxlabs.com\/wp-content\/uploads\/2019\/03\/logo.svg\",\"width\":1,\"height\":1,\"caption\":\"ZYYX Labs AB\"},\"image\":{\"@id\":\"https:\/\/www.zyyxlabs.com\/#\/schema\/logo\/image\/\"},\"sameAs\":[\"https:\/\/www.linkedin.com\/company\/zyyx-3d-printer\"]}]}<\/script>\n<!-- \/ Yoast SEO plugin. -->","yoast_head_json":{"title":"ZX726 SwiftTool\u2122 Carbon, printmunstycke 0,6 mm - ZYYX Labs","description":"En SwiftTool Carbon0,6 av h\u00e4rdat st\u00e5l f\u00f6r anv\u00e4ndning med de flesta typerna av filament inklusive proCarbon\u2122 eller proGlass\u2122. Carbon0,6 mm \u00e4r markerad med en svart kabel s\u00e5 att du enkelt kan separera dem fr\u00e5n \u00f6vriga storlekar.","robots":{"index":"index","follow":"follow","max-snippet":"max-snippet:-1","max-image-preview":"max-image-preview:large","max-video-preview":"max-video-preview:-1"},"canonical":"https:\/\/www.zyyxlabs.com\/sv\/produkt\/zx726\/","og_locale":"sv_SE","og_type":"article","og_title":"ZX726 SwiftTool\u2122 Carbon, printmunstycke 0,6 mm - ZYYX Labs","og_description":"En SwiftTool Carbon0,6 av h\u00e4rdat st\u00e5l f\u00f6r anv\u00e4ndning med de flesta typerna av filament inklusive proCarbon\u2122 eller proGlass\u2122. Carbon0,6 mm \u00e4r markerad med en svart kabel s\u00e5 att du enkelt kan separera dem fr\u00e5n \u00f6vriga storlekar.","og_url":"https:\/\/www.zyyxlabs.com\/sv\/produkt\/zx726\/","og_site_name":"ZYYX Labs","article_modified_time":"2023-11-29T11:46:00+00:00","og_image":[{"width":700,"height":700,"url":"https:\/\/www.zyyxlabs.com\/wp-content\/uploads\/2020\/10\/ZX706-SwiftTool-Carbon0.6-1.png","type":"image\/png"}],"twitter_card":"summary_large_image","twitter_misc":{"Ber\u00e4knad l\u00e4stid":"1 minut"},"schema":{"@context":"https:\/\/schema.org","@graph":[{"@type":"WebPage","@id":"https:\/\/www.zyyxlabs.com\/sv\/produkt\/zx726\/","url":"https:\/\/www.zyyxlabs.com\/sv\/produkt\/zx726\/","name":"ZX726 SwiftTool\u2122 Carbon, printmunstycke 0,6 mm - ZYYX Labs","isPartOf":{"@id":"https:\/\/www.zyyxlabs.com\/#website"},"primaryImageOfPage":{"@id":"https:\/\/www.zyyxlabs.com\/sv\/produkt\/zx726\/#primaryimage"},"image":{"@id":"https:\/\/www.zyyxlabs.com\/sv\/produkt\/zx726\/#primaryimage"},"thumbnailUrl":"https:\/\/www.zyyxlabs.com\/wp-content\/uploads\/2020\/10\/ZX706-SwiftTool-Carbon0.6-1.png","datePublished":"2020-10-06T11:51:28+00:00","dateModified":"2023-11-29T11:46:00+00:00","description":"En SwiftTool Carbon0,6 av h\u00e4rdat st\u00e5l f\u00f6r anv\u00e4ndning med de flesta typerna av filament inklusive proCarbon\u2122 eller proGlass\u2122. Carbon0,6 mm \u00e4r markerad med en svart kabel s\u00e5 att du enkelt kan separera dem fr\u00e5n \u00f6vriga storlekar.","breadcrumb":{"@id":"https:\/\/www.zyyxlabs.com\/sv\/produkt\/zx726\/#breadcrumb"},"inLanguage":"sv-SE","potentialAction":[{"@type":"ReadAction","target":["https:\/\/www.zyyxlabs.com\/sv\/produkt\/zx726\/"]}]},{"@type":"ImageObject","inLanguage":"sv-SE","@id":"https:\/\/www.zyyxlabs.com\/sv\/produkt\/zx726\/#primaryimage","url":"https:\/\/www.zyyxlabs.com\/wp-content\/uploads\/2020\/10\/ZX706-SwiftTool-Carbon0.6-1.png","contentUrl":"https:\/\/www.zyyxlabs.com\/wp-content\/uploads\/2020\/10\/ZX706-SwiftTool-Carbon0.6-1.png","width":700,"height":700},{"@type":"BreadcrumbList","@id":"https:\/\/www.zyyxlabs.com\/sv\/produkt\/zx726\/#breadcrumb","itemListElement":[{"@type":"ListItem","position":1,"name":"Home","item":"https:\/\/www.zyyxlabs.com\/"},{"@type":"ListItem","position":2,"name":"Webbshop","item":"https:\/\/www.zyyxlabs.com\/sv\/webbshop\/"},{"@type":"ListItem","position":3,"name":"Carbon0,6\u2122","item":"https:\/\/www.zyyxlabs.com\/sv\/etikett\/carbon0-6-sv\/"},{"@type":"ListItem","position":4,"name":"ZX726 SwiftTool\u2122 Carbon, printmunstycke 0,6 mm"}]},{"@type":"WebSite","@id":"https:\/\/www.zyyxlabs.com\/#website","url":"https:\/\/www.zyyxlabs.com\/","name":"ZYYX Labs","description":"Professionella 3d-skrivare","publisher":{"@id":"https:\/\/www.zyyxlabs.com\/#organization"},"potentialAction":[{"@type":"SearchAction","target":{"@type":"EntryPoint","urlTemplate":"https:\/\/www.zyyxlabs.com\/?s={search_term_string}"},"query-input":{"@type":"PropertyValueSpecification","valueRequired":true,"valueName":"search_term_string"}}],"inLanguage":"sv-SE"},{"@type":"Organization","@id":"https:\/\/www.zyyxlabs.com\/#organization","name":"ZYYX Labs AB","url":"https:\/\/www.zyyxlabs.com\/","logo":{"@type":"ImageObject","inLanguage":"sv-SE","@id":"https:\/\/www.zyyxlabs.com\/#\/schema\/logo\/image\/","url":"https:\/\/www.zyyxlabs.com\/wp-content\/uploads\/2019\/03\/logo.svg","contentUrl":"https:\/\/www.zyyxlabs.com\/wp-content\/uploads\/2019\/03\/logo.svg","width":1,"height":1,"caption":"ZYYX Labs AB"},"image":{"@id":"https:\/\/www.zyyxlabs.com\/#\/schema\/logo\/image\/"},"sameAs":["https:\/\/www.linkedin.com\/company\/zyyx-3d-printer"]}]}},"_links":{"self":[{"href":"https:\/\/www.zyyxlabs.com\/sv\/wp-json\/wp\/v2\/product\/11457","targetHints":{"allow":["GET"]}}],"collection":[{"href":"https:\/\/www.zyyxlabs.com\/sv\/wp-json\/wp\/v2\/product"}],"about":[{"href":"https:\/\/www.zyyxlabs.com\/sv\/wp-json\/wp\/v2\/types\/product"}],"replies":[{"embeddable":true,"href":"https:\/\/www.zyyxlabs.com\/sv\/wp-json\/wp\/v2\/comments?post=11457"}],"wp:featuredmedia":[{"embeddable":true,"href":"https:\/\/www.zyyxlabs.com\/sv\/wp-json\/wp\/v2\/media\/11510"}],"wp:attachment":[{"href":"https:\/\/www.zyyxlabs.com\/sv\/wp-json\/wp\/v2\/media?parent=11457"}],"wp:term":[{"taxonomy":"product_brand","embeddable":true,"href":"https:\/\/www.zyyxlabs.com\/sv\/wp-json\/wp\/v2\/product_brand?post=11457"},{"taxonomy":"product_cat","embeddable":true,"href":"https:\/\/www.zyyxlabs.com\/sv\/wp-json\/wp\/v2\/product_cat?post=11457"},{"taxonomy":"product_tag","embeddable":true,"href":"https:\/\/www.zyyxlabs.com\/sv\/wp-json\/wp\/v2\/product_tag?post=11457"}],"curies":[{"name":"wp","href":"https:\/\/api.w.org\/{rel}","templated":true}]}}