{"id":11442,"date":"2020-10-06T09:56:33","date_gmt":"2020-10-06T09:56:33","guid":{"rendered":"https:\/\/www.zyyxlabs.com\/product\/zx702-swifttool-multi-printmunstycke-02-mm\/"},"modified":"2023-11-29T12:49:46","modified_gmt":"2023-11-29T11:49:46","slug":"zx702","status":"publish","type":"product","link":"https:\/\/www.zyyxlabs.com\/sv\/produkt\/zx702\/","title":{"rendered":"ZX702 SwiftTool\u2122 Multi, printmunstycke \u00d80,2 mm"},"content":{"rendered":"<p>En standard SwiftTool Multi0,2 f\u00f6r anv\u00e4ndning med icke-slipande filament som PLA, ABS, ASA eller proNylon\u2122. Multi0,2 mm utm\u00e4rks av en r\u00f6d kabel s\u00e5 att du enkelt kan h\u00e5lla is\u00e4r dem. Observera att p\u00e5 grund av det lilla munstycket s\u00e5 \u00e4r denna SwiftTool 4-8 g\u00e5nger l\u00e5ngsammare \u00e4n Multi0.4 n\u00e4r du skriver ut samma modell. Delen f\u00e5r d\u00e4remot mycket finare yta.<br \/>\nObservera dessutom att f\u00f6r f\u00f6rb\u00e4ttrad prestanda med dessa sm\u00e5 munstycken rekommenderar vi att du uppgraderar din ZYYX Pro med <a href=\"https:\/\/www.zyyxlabs.com\/sv\/produkt\/zx611\/\">ZX611 ZYYX Pro-BT1 Bondtech extruder< \/a>. Det kommer att ge en st\u00f6rre marginal s\u00e5 du inte riskerar att f\u00e5r problem med filamentmatningen vid extrudering pga det \u00f6kade motst\u00e5ndet i munstycket. Detta \u00e4r s\u00e4rskilt f\u00f6rdelaktigt i och med de l\u00e4ngre utskriftstiderna som blir en konsekvens av bytet till den mindre munstycksstorleken.<\/p>\n<p> De kan k\u00f6pas f\u00f6r sig sj\u00e4lva eller som ett paket.<\/p>\n<p> Det finns ocks\u00e5 en uppgraderad version som \u00e4r ingjuten i silikon f\u00f6r att minska risken att materialet kletar fast p\u00e5 munstycks\u00e4ndan och p\u00e5 v\u00e4rmeelementet samt \u00e4ven skydda kablarna. Du hittar det <a href=\"https:\/\/www.zyyxlabs.com\/sv\/produkt\/zx702s\/\">h\u00e4r<\/a>. <\/p>\n<p><P> Observera ocks\u00e5 att dessa munstycken av typ Multi aldrig skall anv\u00e4ndas med proCarbon\u2122 eller proGlass\u2122, d\u00e5 dessa snabbt slits ut av de materialen.<\/p>\n<p><strong>Skrivarkompatibilitet<\/strong><br \/>\nZYYX Pro II: NEJ, se <a href=\"https:\/\/www.zyyxlabs.com\/sv\/produkt\/zx742\/\">ZX742<\/a><br \/>\nZYYX Pro: alla modeller, <a href=\"https:\/\/www.zyyxlabs.com\/sv\/produkt\/zx611\/\">ZX611<\/a>-uppgradering rekommenderas.<br \/>\nZYYX+: NEJ, endast enheter fr\u00e5n efter 2018 med SwiftTool-kontakt.<br \/>\nZYYX\/ZYYX Classic: NEJ<\/p>\n","protected":false},"excerpt":{"rendered":"<p>En standard SwiftTool Multi0,2 f\u00f6r anv\u00e4ndning med icke-slipande filament som PLA, ABS, ASA eller proNylon\u2122. Multi0,2 mm utm\u00e4rks av en r\u00f6d kabel s\u00e5 att du enkelt kan h\u00e5lla is\u00e4r dem. Observera att p\u00e5 grund av det lilla munstycket s\u00e5 \u00e4r denna SwiftTool 4-8 g\u00e5nger l\u00e5ngsammare \u00e4n Multi0.4 n\u00e4r du skriver ut samma modell. Delen f\u00e5r <a href=\"https:\/\/www.zyyxlabs.com\/sv\/produkt\/zx702\/\" class=\"more-link\">&#8230;<span class=\"screen-reader-text\">  ZX702 SwiftTool\u2122 Multi, printmunstycke \u00d80,2 mm<\/span><\/a><\/p>\n","protected":false},"featured_media":11504,"comment_status":"open","ping_status":"closed","template":"","meta":{"_acf_changed":false,"inline_featured_image":false},"product_brand":[],"product_cat":[66,69],"product_tag":[111,197,147],"class_list":{"0":"post-11442","1":"product","2":"type-product","3":"status-publish","4":"has-post-thumbnail","6":"product_cat-forbrukningsartiklar","7":"product_cat-reservdelar","8":"product_tag-forbrukningsartiklar","9":"product_tag-multi02","10":"product_tag-swifttool-sv","11":"product_shipping_class-standard-shipping","13":"first","14":"instock","15":"taxable","16":"shipping-taxable","17":"purchasable","18":"product-type-simple"},"acf":[],"yoast_head":"<!-- This site is optimized with the Yoast SEO plugin v24.8.1 - https:\/\/yoast.com\/wordpress\/plugins\/seo\/ -->\n<title>ZX702 SwiftTool\u2122 Multi, printmunstycke \u00d80,2 mm - ZYYX Labs<\/title>\n<meta name=\"description\" content=\"En standard SwiftTool Multi0,2 f\u00f6r anv\u00e4ndning med icke-slipande filament som PLA, ABS, ASA eller proNylon \u2122. Multi0,2 mm \u00e4r markerad med en r\u00f6d kabel s\u00e5 att du enkelt kan separera dem. Observera att p\u00e5 grund av det lilla munstycket s\u00e5 \u00e4r SwiftTool 4-8 g\u00e5nger l\u00e5ngsammare \u00e4n Multi0.4 n\u00e4r du skriver ut samma modell.\" \/>\n<meta name=\"robots\" content=\"index, follow, max-snippet:-1, max-image-preview:large, max-video-preview:-1\" \/>\n<link rel=\"canonical\" href=\"https:\/\/www.zyyxlabs.com\/sv\/produkt\/zx702\/\" \/>\n<meta property=\"og:locale\" content=\"sv_SE\" \/>\n<meta property=\"og:type\" content=\"article\" \/>\n<meta property=\"og:title\" content=\"ZX702 SwiftTool\u2122 Multi, printmunstycke \u00d80,2 mm - ZYYX Labs\" \/>\n<meta property=\"og:description\" content=\"En standard SwiftTool Multi0,2 f\u00f6r anv\u00e4ndning med icke-slipande filament som PLA, ABS, ASA eller proNylon \u2122. Multi0,2 mm \u00e4r markerad med en r\u00f6d kabel s\u00e5 att du enkelt kan separera dem. Observera att p\u00e5 grund av det lilla munstycket s\u00e5 \u00e4r SwiftTool 4-8 g\u00e5nger l\u00e5ngsammare \u00e4n Multi0.4 n\u00e4r du skriver ut samma modell.\" \/>\n<meta property=\"og:url\" content=\"https:\/\/www.zyyxlabs.com\/sv\/produkt\/zx702\/\" \/>\n<meta property=\"og:site_name\" content=\"ZYYX Labs\" \/>\n<meta property=\"article:modified_time\" content=\"2023-11-29T11:49:46+00:00\" \/>\n<meta property=\"og:image\" content=\"https:\/\/www.zyyxlabs.com\/wp-content\/uploads\/2020\/10\/ZX702-SwiftTool-Multi0.2-1.png\" \/>\n\t<meta property=\"og:image:width\" content=\"700\" \/>\n\t<meta property=\"og:image:height\" content=\"700\" \/>\n\t<meta property=\"og:image:type\" content=\"image\/png\" \/>\n<meta name=\"twitter:card\" content=\"summary_large_image\" \/>\n<meta name=\"twitter:label1\" content=\"Ber\u00e4knad l\u00e4stid\" \/>\n\t<meta name=\"twitter:data1\" content=\"1 minut\" \/>\n<script type=\"application\/ld+json\" class=\"yoast-schema-graph\">{\"@context\":\"https:\/\/schema.org\",\"@graph\":[{\"@type\":\"WebPage\",\"@id\":\"https:\/\/www.zyyxlabs.com\/sv\/produkt\/zx702\/\",\"url\":\"https:\/\/www.zyyxlabs.com\/sv\/produkt\/zx702\/\",\"name\":\"ZX702 SwiftTool\u2122 Multi, printmunstycke \u00d80,2 mm - ZYYX Labs\",\"isPartOf\":{\"@id\":\"https:\/\/www.zyyxlabs.com\/#website\"},\"primaryImageOfPage\":{\"@id\":\"https:\/\/www.zyyxlabs.com\/sv\/produkt\/zx702\/#primaryimage\"},\"image\":{\"@id\":\"https:\/\/www.zyyxlabs.com\/sv\/produkt\/zx702\/#primaryimage\"},\"thumbnailUrl\":\"https:\/\/www.zyyxlabs.com\/wp-content\/uploads\/2020\/10\/ZX702-SwiftTool-Multi0.2-1.png\",\"datePublished\":\"2020-10-06T09:56:33+00:00\",\"dateModified\":\"2023-11-29T11:49:46+00:00\",\"description\":\"En standard SwiftTool Multi0,2 f\u00f6r anv\u00e4ndning med icke-slipande filament som PLA, ABS, ASA eller proNylon \u2122. Multi0,2 mm \u00e4r markerad med en r\u00f6d kabel s\u00e5 att du enkelt kan separera dem. Observera att p\u00e5 grund av det lilla munstycket s\u00e5 \u00e4r SwiftTool 4-8 g\u00e5nger l\u00e5ngsammare \u00e4n Multi0.4 n\u00e4r du skriver ut samma modell.\",\"breadcrumb\":{\"@id\":\"https:\/\/www.zyyxlabs.com\/sv\/produkt\/zx702\/#breadcrumb\"},\"inLanguage\":\"sv-SE\",\"potentialAction\":[{\"@type\":\"ReadAction\",\"target\":[\"https:\/\/www.zyyxlabs.com\/sv\/produkt\/zx702\/\"]}]},{\"@type\":\"ImageObject\",\"inLanguage\":\"sv-SE\",\"@id\":\"https:\/\/www.zyyxlabs.com\/sv\/produkt\/zx702\/#primaryimage\",\"url\":\"https:\/\/www.zyyxlabs.com\/wp-content\/uploads\/2020\/10\/ZX702-SwiftTool-Multi0.2-1.png\",\"contentUrl\":\"https:\/\/www.zyyxlabs.com\/wp-content\/uploads\/2020\/10\/ZX702-SwiftTool-Multi0.2-1.png\",\"width\":700,\"height\":700},{\"@type\":\"BreadcrumbList\",\"@id\":\"https:\/\/www.zyyxlabs.com\/sv\/produkt\/zx702\/#breadcrumb\",\"itemListElement\":[{\"@type\":\"ListItem\",\"position\":1,\"name\":\"Home\",\"item\":\"https:\/\/www.zyyxlabs.com\/\"},{\"@type\":\"ListItem\",\"position\":2,\"name\":\"Webbshop\",\"item\":\"https:\/\/www.zyyxlabs.com\/sv\/webbshop\/\"},{\"@type\":\"ListItem\",\"position\":3,\"name\":\"F\u00f6rbrukningsartiklar\",\"item\":\"https:\/\/www.zyyxlabs.com\/sv\/etikett\/forbrukningsartiklar\/\"},{\"@type\":\"ListItem\",\"position\":4,\"name\":\"ZX702 SwiftTool\u2122 Multi, printmunstycke \u00d80,2 mm\"}]},{\"@type\":\"WebSite\",\"@id\":\"https:\/\/www.zyyxlabs.com\/#website\",\"url\":\"https:\/\/www.zyyxlabs.com\/\",\"name\":\"ZYYX Labs\",\"description\":\"Professionella 3d-skrivare\",\"publisher\":{\"@id\":\"https:\/\/www.zyyxlabs.com\/#organization\"},\"potentialAction\":[{\"@type\":\"SearchAction\",\"target\":{\"@type\":\"EntryPoint\",\"urlTemplate\":\"https:\/\/www.zyyxlabs.com\/?s={search_term_string}\"},\"query-input\":{\"@type\":\"PropertyValueSpecification\",\"valueRequired\":true,\"valueName\":\"search_term_string\"}}],\"inLanguage\":\"sv-SE\"},{\"@type\":\"Organization\",\"@id\":\"https:\/\/www.zyyxlabs.com\/#organization\",\"name\":\"ZYYX Labs AB\",\"url\":\"https:\/\/www.zyyxlabs.com\/\",\"logo\":{\"@type\":\"ImageObject\",\"inLanguage\":\"sv-SE\",\"@id\":\"https:\/\/www.zyyxlabs.com\/#\/schema\/logo\/image\/\",\"url\":\"https:\/\/www.zyyxlabs.com\/wp-content\/uploads\/2019\/03\/logo.svg\",\"contentUrl\":\"https:\/\/www.zyyxlabs.com\/wp-content\/uploads\/2019\/03\/logo.svg\",\"width\":1,\"height\":1,\"caption\":\"ZYYX Labs AB\"},\"image\":{\"@id\":\"https:\/\/www.zyyxlabs.com\/#\/schema\/logo\/image\/\"},\"sameAs\":[\"https:\/\/www.linkedin.com\/company\/zyyx-3d-printer\"]}]}<\/script>\n<!-- \/ Yoast SEO plugin. -->","yoast_head_json":{"title":"ZX702 SwiftTool\u2122 Multi, printmunstycke \u00d80,2 mm - ZYYX Labs","description":"En standard SwiftTool Multi0,2 f\u00f6r anv\u00e4ndning med icke-slipande filament som PLA, ABS, ASA eller proNylon \u2122. Multi0,2 mm \u00e4r markerad med en r\u00f6d kabel s\u00e5 att du enkelt kan separera dem. Observera att p\u00e5 grund av det lilla munstycket s\u00e5 \u00e4r SwiftTool 4-8 g\u00e5nger l\u00e5ngsammare \u00e4n Multi0.4 n\u00e4r du skriver ut samma modell.","robots":{"index":"index","follow":"follow","max-snippet":"max-snippet:-1","max-image-preview":"max-image-preview:large","max-video-preview":"max-video-preview:-1"},"canonical":"https:\/\/www.zyyxlabs.com\/sv\/produkt\/zx702\/","og_locale":"sv_SE","og_type":"article","og_title":"ZX702 SwiftTool\u2122 Multi, printmunstycke \u00d80,2 mm - ZYYX Labs","og_description":"En standard SwiftTool Multi0,2 f\u00f6r anv\u00e4ndning med icke-slipande filament som PLA, ABS, ASA eller proNylon \u2122. Multi0,2 mm \u00e4r markerad med en r\u00f6d kabel s\u00e5 att du enkelt kan separera dem. Observera att p\u00e5 grund av det lilla munstycket s\u00e5 \u00e4r SwiftTool 4-8 g\u00e5nger l\u00e5ngsammare \u00e4n Multi0.4 n\u00e4r du skriver ut samma modell.","og_url":"https:\/\/www.zyyxlabs.com\/sv\/produkt\/zx702\/","og_site_name":"ZYYX Labs","article_modified_time":"2023-11-29T11:49:46+00:00","og_image":[{"width":700,"height":700,"url":"https:\/\/www.zyyxlabs.com\/wp-content\/uploads\/2020\/10\/ZX702-SwiftTool-Multi0.2-1.png","type":"image\/png"}],"twitter_card":"summary_large_image","twitter_misc":{"Ber\u00e4knad l\u00e4stid":"1 minut"},"schema":{"@context":"https:\/\/schema.org","@graph":[{"@type":"WebPage","@id":"https:\/\/www.zyyxlabs.com\/sv\/produkt\/zx702\/","url":"https:\/\/www.zyyxlabs.com\/sv\/produkt\/zx702\/","name":"ZX702 SwiftTool\u2122 Multi, printmunstycke \u00d80,2 mm - ZYYX Labs","isPartOf":{"@id":"https:\/\/www.zyyxlabs.com\/#website"},"primaryImageOfPage":{"@id":"https:\/\/www.zyyxlabs.com\/sv\/produkt\/zx702\/#primaryimage"},"image":{"@id":"https:\/\/www.zyyxlabs.com\/sv\/produkt\/zx702\/#primaryimage"},"thumbnailUrl":"https:\/\/www.zyyxlabs.com\/wp-content\/uploads\/2020\/10\/ZX702-SwiftTool-Multi0.2-1.png","datePublished":"2020-10-06T09:56:33+00:00","dateModified":"2023-11-29T11:49:46+00:00","description":"En standard SwiftTool Multi0,2 f\u00f6r anv\u00e4ndning med icke-slipande filament som PLA, ABS, ASA eller proNylon \u2122. Multi0,2 mm \u00e4r markerad med en r\u00f6d kabel s\u00e5 att du enkelt kan separera dem. Observera att p\u00e5 grund av det lilla munstycket s\u00e5 \u00e4r SwiftTool 4-8 g\u00e5nger l\u00e5ngsammare \u00e4n Multi0.4 n\u00e4r du skriver ut samma modell.","breadcrumb":{"@id":"https:\/\/www.zyyxlabs.com\/sv\/produkt\/zx702\/#breadcrumb"},"inLanguage":"sv-SE","potentialAction":[{"@type":"ReadAction","target":["https:\/\/www.zyyxlabs.com\/sv\/produkt\/zx702\/"]}]},{"@type":"ImageObject","inLanguage":"sv-SE","@id":"https:\/\/www.zyyxlabs.com\/sv\/produkt\/zx702\/#primaryimage","url":"https:\/\/www.zyyxlabs.com\/wp-content\/uploads\/2020\/10\/ZX702-SwiftTool-Multi0.2-1.png","contentUrl":"https:\/\/www.zyyxlabs.com\/wp-content\/uploads\/2020\/10\/ZX702-SwiftTool-Multi0.2-1.png","width":700,"height":700},{"@type":"BreadcrumbList","@id":"https:\/\/www.zyyxlabs.com\/sv\/produkt\/zx702\/#breadcrumb","itemListElement":[{"@type":"ListItem","position":1,"name":"Home","item":"https:\/\/www.zyyxlabs.com\/"},{"@type":"ListItem","position":2,"name":"Webbshop","item":"https:\/\/www.zyyxlabs.com\/sv\/webbshop\/"},{"@type":"ListItem","position":3,"name":"F\u00f6rbrukningsartiklar","item":"https:\/\/www.zyyxlabs.com\/sv\/etikett\/forbrukningsartiklar\/"},{"@type":"ListItem","position":4,"name":"ZX702 SwiftTool\u2122 Multi, printmunstycke \u00d80,2 mm"}]},{"@type":"WebSite","@id":"https:\/\/www.zyyxlabs.com\/#website","url":"https:\/\/www.zyyxlabs.com\/","name":"ZYYX Labs","description":"Professionella 3d-skrivare","publisher":{"@id":"https:\/\/www.zyyxlabs.com\/#organization"},"potentialAction":[{"@type":"SearchAction","target":{"@type":"EntryPoint","urlTemplate":"https:\/\/www.zyyxlabs.com\/?s={search_term_string}"},"query-input":{"@type":"PropertyValueSpecification","valueRequired":true,"valueName":"search_term_string"}}],"inLanguage":"sv-SE"},{"@type":"Organization","@id":"https:\/\/www.zyyxlabs.com\/#organization","name":"ZYYX Labs AB","url":"https:\/\/www.zyyxlabs.com\/","logo":{"@type":"ImageObject","inLanguage":"sv-SE","@id":"https:\/\/www.zyyxlabs.com\/#\/schema\/logo\/image\/","url":"https:\/\/www.zyyxlabs.com\/wp-content\/uploads\/2019\/03\/logo.svg","contentUrl":"https:\/\/www.zyyxlabs.com\/wp-content\/uploads\/2019\/03\/logo.svg","width":1,"height":1,"caption":"ZYYX Labs AB"},"image":{"@id":"https:\/\/www.zyyxlabs.com\/#\/schema\/logo\/image\/"},"sameAs":["https:\/\/www.linkedin.com\/company\/zyyx-3d-printer"]}]}},"_links":{"self":[{"href":"https:\/\/www.zyyxlabs.com\/sv\/wp-json\/wp\/v2\/product\/11442","targetHints":{"allow":["GET"]}}],"collection":[{"href":"https:\/\/www.zyyxlabs.com\/sv\/wp-json\/wp\/v2\/product"}],"about":[{"href":"https:\/\/www.zyyxlabs.com\/sv\/wp-json\/wp\/v2\/types\/product"}],"replies":[{"embeddable":true,"href":"https:\/\/www.zyyxlabs.com\/sv\/wp-json\/wp\/v2\/comments?post=11442"}],"wp:featuredmedia":[{"embeddable":true,"href":"https:\/\/www.zyyxlabs.com\/sv\/wp-json\/wp\/v2\/media\/11504"}],"wp:attachment":[{"href":"https:\/\/www.zyyxlabs.com\/sv\/wp-json\/wp\/v2\/media?parent=11442"}],"wp:term":[{"taxonomy":"product_brand","embeddable":true,"href":"https:\/\/www.zyyxlabs.com\/sv\/wp-json\/wp\/v2\/product_brand?post=11442"},{"taxonomy":"product_cat","embeddable":true,"href":"https:\/\/www.zyyxlabs.com\/sv\/wp-json\/wp\/v2\/product_cat?post=11442"},{"taxonomy":"product_tag","embeddable":true,"href":"https:\/\/www.zyyxlabs.com\/sv\/wp-json\/wp\/v2\/product_tag?post=11442"}],"curies":[{"name":"wp","href":"https:\/\/api.w.org\/{rel}","templated":true}]}}