{"id":11354,"date":"2020-10-02T10:16:56","date_gmt":"2020-10-02T10:16:56","guid":{"rendered":"https:\/\/www.zyyxlabs.com\/product\/zx611-zyyx-bondtech-extruder-upgrade-for-zyyx-pro\/"},"modified":"2021-05-18T08:56:55","modified_gmt":"2021-05-18T08:56:55","slug":"zx611","status":"publish","type":"product","link":"https:\/\/www.zyyxlabs.com\/sv\/produkt\/zx611\/","title":{"rendered":"ZX611 Bondtech drivhjulsuppgradering f\u00f6r ZYYX Pro med utv\u00e4xling"},"content":{"rendered":"<p>Detta \u00e4r en uppgradering f\u00f6r extrudern i ZYYX Pro med optimerad prestanda. F\u00f6r det f\u00f6rsta anv\u00e4nder den ett internt utv\u00e4xlingsf\u00f6rh\u00e5llande p\u00e5 3:1 fr\u00e5n motoraxeln. F\u00f6r det andra anv\u00e4nds s.k. Dual-Drive-drivhjul fr\u00e5n Bondtech. Dessa greppar filamenttr\u00e5den fr\u00e5n tv\u00e5 h\u00e5ll vilket medf\u00f6r f\u00f6rb\u00e4ttrat grepp och mycket mindre risk f\u00f6r att drivhjulen slirar eller gr\u00e4ver sig in i tr\u00e5den, ungef\u00e4r som fyrhjulsdrift f\u00f6r bilar.<br \/>\nUppgraderingen \u00e4r baserad p\u00e5 Bondtech-designen men anpassad f\u00f6r att passa till ZYYX Pro. Delarna \u00e4r tillverkade av ZYYX proCarbon f\u00f6r att vara extra stabila \u00e4ven i den uppv\u00e4rmda kammaren i ZYYX Pro. <\/p>\n<p> Bondtech Dual-Drive-teknik ger oavbrutet materialfl\u00f6de utan r\u00e4dsla f\u00f6r slirning eller glidning \u00e4ven under de mest kr\u00e4vande f\u00f6rh\u00e5llandena. <br \/>\nUppgraderingen integrerar ZYYX z-probsgivaren och levereras med en ny kompakt stegmotor som passar inuti ZYYX Pro-huset med n\u00e5gra sm\u00e5 modifieringar. Det kr\u00e4vs dock en firmwareuppdatering och nya profiler i Simplify3D f\u00f6r att fungera korrekt.<\/p>\n","protected":false},"excerpt":{"rendered":"<p>Detta \u00e4r en uppgradering f\u00f6r extrudern i ZYYX Pro med optimerad prestanda. F\u00f6r det f\u00f6rsta anv\u00e4nder den ett internt utv\u00e4xlingsf\u00f6rh\u00e5llande p\u00e5 3:1 fr\u00e5n motoraxeln. F\u00f6r det andra anv\u00e4nds s.k. Dual-Drive-drivhjul fr\u00e5n Bondtech. Dessa greppar filamenttr\u00e5den fr\u00e5n tv\u00e5 h\u00e5ll vilket medf\u00f6r f\u00f6rb\u00e4ttrat grepp och mycket mindre risk f\u00f6r att drivhjulen slirar eller gr\u00e4ver sig in i <a href=\"https:\/\/www.zyyxlabs.com\/sv\/produkt\/zx611\/\" class=\"more-link\">&#8230;<span class=\"screen-reader-text\">  ZX611 Bondtech drivhjulsuppgradering f\u00f6r ZYYX Pro med utv\u00e4xling<\/span><\/a><\/p>\n","protected":false},"featured_media":11353,"comment_status":"open","ping_status":"closed","template":"","meta":{"_acf_changed":false,"inline_featured_image":false},"product_brand":[],"product_cat":[96],"product_tag":[159,158,130],"class_list":{"0":"post-11354","1":"product","2":"type-product","3":"status-publish","4":"has-post-thumbnail","6":"product_cat-uppgraderingar","7":"product_tag-bondtech-dual-drive-sv","8":"product_tag-extruder-sv-2","9":"product_tag-uppgradering","10":"product_shipping_class-standard-shipping","12":"first","13":"instock","14":"taxable","15":"shipping-taxable","16":"purchasable","17":"product-type-simple"},"acf":[],"yoast_head":"<!-- This site is optimized with the Yoast SEO plugin v24.8.1 - https:\/\/yoast.com\/wordpress\/plugins\/seo\/ -->\n<title>ZX611 Bondtech drivhjulsuppgradering f\u00f6r ZYYX Pro med utv\u00e4xling - ZYYX Labs<\/title>\n<meta name=\"description\" content=\"Detta \u00e4r en uppgradering f\u00f6r extrudern i ZYYX Pro med optimerad prestanda. F\u00f6r det f\u00f6rsta anv\u00e4nder den ett internt utv\u00e4xlingsf\u00f6rh\u00e5llande p\u00e5 3:1 fr\u00e5n motoraxeln. F\u00f6r det andra anv\u00e4nds s.k. Dual-Drive-drivhjul fr\u00e5n Bondtech. Dessa greppar filamenttr\u00e5den fr\u00e5n tv\u00e5 h\u00e5ll vilket medf\u00f6r f\u00f6rb\u00e4ttrat grepp och mycket mindre risk f\u00f6r att drivhjulen slirar eller gr\u00e4ver sig in i tr\u00e5den, ungef\u00e4r som fyrhjulsdrift f\u00f6r bilar.\" \/>\n<meta name=\"robots\" content=\"index, follow, max-snippet:-1, max-image-preview:large, max-video-preview:-1\" \/>\n<link rel=\"canonical\" href=\"https:\/\/www.zyyxlabs.com\/sv\/produkt\/zx611\/\" \/>\n<meta property=\"og:locale\" content=\"sv_SE\" \/>\n<meta property=\"og:type\" content=\"article\" \/>\n<meta property=\"og:title\" content=\"ZX611 Bondtech drivhjulsuppgradering f\u00f6r ZYYX Pro med utv\u00e4xling - ZYYX Labs\" \/>\n<meta property=\"og:description\" content=\"Detta \u00e4r en uppgradering f\u00f6r extrudern i ZYYX Pro med optimerad prestanda. F\u00f6r det f\u00f6rsta anv\u00e4nder den ett internt utv\u00e4xlingsf\u00f6rh\u00e5llande p\u00e5 3:1 fr\u00e5n motoraxeln. F\u00f6r det andra anv\u00e4nds s.k. Dual-Drive-drivhjul fr\u00e5n Bondtech. Dessa greppar filamenttr\u00e5den fr\u00e5n tv\u00e5 h\u00e5ll vilket medf\u00f6r f\u00f6rb\u00e4ttrat grepp och mycket mindre risk f\u00f6r att drivhjulen slirar eller gr\u00e4ver sig in i tr\u00e5den, ungef\u00e4r som fyrhjulsdrift f\u00f6r bilar.\" \/>\n<meta property=\"og:url\" content=\"https:\/\/www.zyyxlabs.com\/sv\/produkt\/zx611\/\" \/>\n<meta property=\"og:site_name\" content=\"ZYYX Labs\" \/>\n<meta property=\"article:modified_time\" content=\"2021-05-18T08:56:55+00:00\" \/>\n<meta property=\"og:image\" content=\"https:\/\/www.zyyxlabs.com\/wp-content\/uploads\/2020\/10\/ZX611-Bondtech-extruder-upgrade-for-ZYYX-Pro-with-gear-ratio-LR.png\" \/>\n\t<meta property=\"og:image:width\" content=\"500\" \/>\n\t<meta property=\"og:image:height\" content=\"500\" \/>\n\t<meta property=\"og:image:type\" content=\"image\/png\" \/>\n<meta name=\"twitter:card\" content=\"summary_large_image\" \/>\n<meta name=\"twitter:label1\" content=\"Ber\u00e4knad l\u00e4stid\" \/>\n\t<meta name=\"twitter:data1\" content=\"1 minut\" \/>\n<script type=\"application\/ld+json\" class=\"yoast-schema-graph\">{\"@context\":\"https:\/\/schema.org\",\"@graph\":[{\"@type\":\"WebPage\",\"@id\":\"https:\/\/www.zyyxlabs.com\/sv\/produkt\/zx611\/\",\"url\":\"https:\/\/www.zyyxlabs.com\/sv\/produkt\/zx611\/\",\"name\":\"ZX611 Bondtech drivhjulsuppgradering f\u00f6r ZYYX Pro med utv\u00e4xling - ZYYX Labs\",\"isPartOf\":{\"@id\":\"https:\/\/www.zyyxlabs.com\/#website\"},\"primaryImageOfPage\":{\"@id\":\"https:\/\/www.zyyxlabs.com\/sv\/produkt\/zx611\/#primaryimage\"},\"image\":{\"@id\":\"https:\/\/www.zyyxlabs.com\/sv\/produkt\/zx611\/#primaryimage\"},\"thumbnailUrl\":\"https:\/\/www.zyyxlabs.com\/wp-content\/uploads\/2020\/10\/ZX611-Bondtech-extruder-upgrade-for-ZYYX-Pro-with-gear-ratio-LR.png\",\"datePublished\":\"2020-10-02T10:16:56+00:00\",\"dateModified\":\"2021-05-18T08:56:55+00:00\",\"description\":\"Detta \u00e4r en uppgradering f\u00f6r extrudern i ZYYX Pro med optimerad prestanda. F\u00f6r det f\u00f6rsta anv\u00e4nder den ett internt utv\u00e4xlingsf\u00f6rh\u00e5llande p\u00e5 3:1 fr\u00e5n motoraxeln. F\u00f6r det andra anv\u00e4nds s.k. Dual-Drive-drivhjul fr\u00e5n Bondtech. Dessa greppar filamenttr\u00e5den fr\u00e5n tv\u00e5 h\u00e5ll vilket medf\u00f6r f\u00f6rb\u00e4ttrat grepp och mycket mindre risk f\u00f6r att drivhjulen slirar eller gr\u00e4ver sig in i tr\u00e5den, ungef\u00e4r som fyrhjulsdrift f\u00f6r bilar.\",\"breadcrumb\":{\"@id\":\"https:\/\/www.zyyxlabs.com\/sv\/produkt\/zx611\/#breadcrumb\"},\"inLanguage\":\"sv-SE\",\"potentialAction\":[{\"@type\":\"ReadAction\",\"target\":[\"https:\/\/www.zyyxlabs.com\/sv\/produkt\/zx611\/\"]}]},{\"@type\":\"ImageObject\",\"inLanguage\":\"sv-SE\",\"@id\":\"https:\/\/www.zyyxlabs.com\/sv\/produkt\/zx611\/#primaryimage\",\"url\":\"https:\/\/www.zyyxlabs.com\/wp-content\/uploads\/2020\/10\/ZX611-Bondtech-extruder-upgrade-for-ZYYX-Pro-with-gear-ratio-LR.png\",\"contentUrl\":\"https:\/\/www.zyyxlabs.com\/wp-content\/uploads\/2020\/10\/ZX611-Bondtech-extruder-upgrade-for-ZYYX-Pro-with-gear-ratio-LR.png\",\"width\":500,\"height\":500},{\"@type\":\"BreadcrumbList\",\"@id\":\"https:\/\/www.zyyxlabs.com\/sv\/produkt\/zx611\/#breadcrumb\",\"itemListElement\":[{\"@type\":\"ListItem\",\"position\":1,\"name\":\"Home\",\"item\":\"https:\/\/www.zyyxlabs.com\/\"},{\"@type\":\"ListItem\",\"position\":2,\"name\":\"Webbshop\",\"item\":\"https:\/\/www.zyyxlabs.com\/sv\/webbshop\/\"},{\"@type\":\"ListItem\",\"position\":3,\"name\":\"Bondtech Dual-Drive\",\"item\":\"https:\/\/www.zyyxlabs.com\/sv\/etikett\/bondtech-dual-drive-sv\/\"},{\"@type\":\"ListItem\",\"position\":4,\"name\":\"ZX611 Bondtech drivhjulsuppgradering f\u00f6r ZYYX Pro med utv\u00e4xling\"}]},{\"@type\":\"WebSite\",\"@id\":\"https:\/\/www.zyyxlabs.com\/#website\",\"url\":\"https:\/\/www.zyyxlabs.com\/\",\"name\":\"ZYYX Labs\",\"description\":\"Professionella 3d-skrivare\",\"publisher\":{\"@id\":\"https:\/\/www.zyyxlabs.com\/#organization\"},\"potentialAction\":[{\"@type\":\"SearchAction\",\"target\":{\"@type\":\"EntryPoint\",\"urlTemplate\":\"https:\/\/www.zyyxlabs.com\/?s={search_term_string}\"},\"query-input\":{\"@type\":\"PropertyValueSpecification\",\"valueRequired\":true,\"valueName\":\"search_term_string\"}}],\"inLanguage\":\"sv-SE\"},{\"@type\":\"Organization\",\"@id\":\"https:\/\/www.zyyxlabs.com\/#organization\",\"name\":\"ZYYX Labs AB\",\"url\":\"https:\/\/www.zyyxlabs.com\/\",\"logo\":{\"@type\":\"ImageObject\",\"inLanguage\":\"sv-SE\",\"@id\":\"https:\/\/www.zyyxlabs.com\/#\/schema\/logo\/image\/\",\"url\":\"https:\/\/www.zyyxlabs.com\/wp-content\/uploads\/2019\/03\/logo.svg\",\"contentUrl\":\"https:\/\/www.zyyxlabs.com\/wp-content\/uploads\/2019\/03\/logo.svg\",\"width\":1,\"height\":1,\"caption\":\"ZYYX Labs AB\"},\"image\":{\"@id\":\"https:\/\/www.zyyxlabs.com\/#\/schema\/logo\/image\/\"},\"sameAs\":[\"https:\/\/www.linkedin.com\/company\/zyyx-3d-printer\"]}]}<\/script>\n<!-- \/ Yoast SEO plugin. -->","yoast_head_json":{"title":"ZX611 Bondtech drivhjulsuppgradering f\u00f6r ZYYX Pro med utv\u00e4xling - ZYYX Labs","description":"Detta \u00e4r en uppgradering f\u00f6r extrudern i ZYYX Pro med optimerad prestanda. F\u00f6r det f\u00f6rsta anv\u00e4nder den ett internt utv\u00e4xlingsf\u00f6rh\u00e5llande p\u00e5 3:1 fr\u00e5n motoraxeln. F\u00f6r det andra anv\u00e4nds s.k. Dual-Drive-drivhjul fr\u00e5n Bondtech. Dessa greppar filamenttr\u00e5den fr\u00e5n tv\u00e5 h\u00e5ll vilket medf\u00f6r f\u00f6rb\u00e4ttrat grepp och mycket mindre risk f\u00f6r att drivhjulen slirar eller gr\u00e4ver sig in i tr\u00e5den, ungef\u00e4r som fyrhjulsdrift f\u00f6r bilar.","robots":{"index":"index","follow":"follow","max-snippet":"max-snippet:-1","max-image-preview":"max-image-preview:large","max-video-preview":"max-video-preview:-1"},"canonical":"https:\/\/www.zyyxlabs.com\/sv\/produkt\/zx611\/","og_locale":"sv_SE","og_type":"article","og_title":"ZX611 Bondtech drivhjulsuppgradering f\u00f6r ZYYX Pro med utv\u00e4xling - ZYYX Labs","og_description":"Detta \u00e4r en uppgradering f\u00f6r extrudern i ZYYX Pro med optimerad prestanda. F\u00f6r det f\u00f6rsta anv\u00e4nder den ett internt utv\u00e4xlingsf\u00f6rh\u00e5llande p\u00e5 3:1 fr\u00e5n motoraxeln. F\u00f6r det andra anv\u00e4nds s.k. Dual-Drive-drivhjul fr\u00e5n Bondtech. Dessa greppar filamenttr\u00e5den fr\u00e5n tv\u00e5 h\u00e5ll vilket medf\u00f6r f\u00f6rb\u00e4ttrat grepp och mycket mindre risk f\u00f6r att drivhjulen slirar eller gr\u00e4ver sig in i tr\u00e5den, ungef\u00e4r som fyrhjulsdrift f\u00f6r bilar.","og_url":"https:\/\/www.zyyxlabs.com\/sv\/produkt\/zx611\/","og_site_name":"ZYYX Labs","article_modified_time":"2021-05-18T08:56:55+00:00","og_image":[{"width":500,"height":500,"url":"https:\/\/www.zyyxlabs.com\/wp-content\/uploads\/2020\/10\/ZX611-Bondtech-extruder-upgrade-for-ZYYX-Pro-with-gear-ratio-LR.png","type":"image\/png"}],"twitter_card":"summary_large_image","twitter_misc":{"Ber\u00e4knad l\u00e4stid":"1 minut"},"schema":{"@context":"https:\/\/schema.org","@graph":[{"@type":"WebPage","@id":"https:\/\/www.zyyxlabs.com\/sv\/produkt\/zx611\/","url":"https:\/\/www.zyyxlabs.com\/sv\/produkt\/zx611\/","name":"ZX611 Bondtech drivhjulsuppgradering f\u00f6r ZYYX Pro med utv\u00e4xling - ZYYX Labs","isPartOf":{"@id":"https:\/\/www.zyyxlabs.com\/#website"},"primaryImageOfPage":{"@id":"https:\/\/www.zyyxlabs.com\/sv\/produkt\/zx611\/#primaryimage"},"image":{"@id":"https:\/\/www.zyyxlabs.com\/sv\/produkt\/zx611\/#primaryimage"},"thumbnailUrl":"https:\/\/www.zyyxlabs.com\/wp-content\/uploads\/2020\/10\/ZX611-Bondtech-extruder-upgrade-for-ZYYX-Pro-with-gear-ratio-LR.png","datePublished":"2020-10-02T10:16:56+00:00","dateModified":"2021-05-18T08:56:55+00:00","description":"Detta \u00e4r en uppgradering f\u00f6r extrudern i ZYYX Pro med optimerad prestanda. F\u00f6r det f\u00f6rsta anv\u00e4nder den ett internt utv\u00e4xlingsf\u00f6rh\u00e5llande p\u00e5 3:1 fr\u00e5n motoraxeln. F\u00f6r det andra anv\u00e4nds s.k. Dual-Drive-drivhjul fr\u00e5n Bondtech. Dessa greppar filamenttr\u00e5den fr\u00e5n tv\u00e5 h\u00e5ll vilket medf\u00f6r f\u00f6rb\u00e4ttrat grepp och mycket mindre risk f\u00f6r att drivhjulen slirar eller gr\u00e4ver sig in i tr\u00e5den, ungef\u00e4r som fyrhjulsdrift f\u00f6r bilar.","breadcrumb":{"@id":"https:\/\/www.zyyxlabs.com\/sv\/produkt\/zx611\/#breadcrumb"},"inLanguage":"sv-SE","potentialAction":[{"@type":"ReadAction","target":["https:\/\/www.zyyxlabs.com\/sv\/produkt\/zx611\/"]}]},{"@type":"ImageObject","inLanguage":"sv-SE","@id":"https:\/\/www.zyyxlabs.com\/sv\/produkt\/zx611\/#primaryimage","url":"https:\/\/www.zyyxlabs.com\/wp-content\/uploads\/2020\/10\/ZX611-Bondtech-extruder-upgrade-for-ZYYX-Pro-with-gear-ratio-LR.png","contentUrl":"https:\/\/www.zyyxlabs.com\/wp-content\/uploads\/2020\/10\/ZX611-Bondtech-extruder-upgrade-for-ZYYX-Pro-with-gear-ratio-LR.png","width":500,"height":500},{"@type":"BreadcrumbList","@id":"https:\/\/www.zyyxlabs.com\/sv\/produkt\/zx611\/#breadcrumb","itemListElement":[{"@type":"ListItem","position":1,"name":"Home","item":"https:\/\/www.zyyxlabs.com\/"},{"@type":"ListItem","position":2,"name":"Webbshop","item":"https:\/\/www.zyyxlabs.com\/sv\/webbshop\/"},{"@type":"ListItem","position":3,"name":"Bondtech Dual-Drive","item":"https:\/\/www.zyyxlabs.com\/sv\/etikett\/bondtech-dual-drive-sv\/"},{"@type":"ListItem","position":4,"name":"ZX611 Bondtech drivhjulsuppgradering f\u00f6r ZYYX Pro med utv\u00e4xling"}]},{"@type":"WebSite","@id":"https:\/\/www.zyyxlabs.com\/#website","url":"https:\/\/www.zyyxlabs.com\/","name":"ZYYX Labs","description":"Professionella 3d-skrivare","publisher":{"@id":"https:\/\/www.zyyxlabs.com\/#organization"},"potentialAction":[{"@type":"SearchAction","target":{"@type":"EntryPoint","urlTemplate":"https:\/\/www.zyyxlabs.com\/?s={search_term_string}"},"query-input":{"@type":"PropertyValueSpecification","valueRequired":true,"valueName":"search_term_string"}}],"inLanguage":"sv-SE"},{"@type":"Organization","@id":"https:\/\/www.zyyxlabs.com\/#organization","name":"ZYYX Labs AB","url":"https:\/\/www.zyyxlabs.com\/","logo":{"@type":"ImageObject","inLanguage":"sv-SE","@id":"https:\/\/www.zyyxlabs.com\/#\/schema\/logo\/image\/","url":"https:\/\/www.zyyxlabs.com\/wp-content\/uploads\/2019\/03\/logo.svg","contentUrl":"https:\/\/www.zyyxlabs.com\/wp-content\/uploads\/2019\/03\/logo.svg","width":1,"height":1,"caption":"ZYYX Labs AB"},"image":{"@id":"https:\/\/www.zyyxlabs.com\/#\/schema\/logo\/image\/"},"sameAs":["https:\/\/www.linkedin.com\/company\/zyyx-3d-printer"]}]}},"_links":{"self":[{"href":"https:\/\/www.zyyxlabs.com\/sv\/wp-json\/wp\/v2\/product\/11354","targetHints":{"allow":["GET"]}}],"collection":[{"href":"https:\/\/www.zyyxlabs.com\/sv\/wp-json\/wp\/v2\/product"}],"about":[{"href":"https:\/\/www.zyyxlabs.com\/sv\/wp-json\/wp\/v2\/types\/product"}],"replies":[{"embeddable":true,"href":"https:\/\/www.zyyxlabs.com\/sv\/wp-json\/wp\/v2\/comments?post=11354"}],"wp:featuredmedia":[{"embeddable":true,"href":"https:\/\/www.zyyxlabs.com\/sv\/wp-json\/wp\/v2\/media\/11353"}],"wp:attachment":[{"href":"https:\/\/www.zyyxlabs.com\/sv\/wp-json\/wp\/v2\/media?parent=11354"}],"wp:term":[{"taxonomy":"product_brand","embeddable":true,"href":"https:\/\/www.zyyxlabs.com\/sv\/wp-json\/wp\/v2\/product_brand?post=11354"},{"taxonomy":"product_cat","embeddable":true,"href":"https:\/\/www.zyyxlabs.com\/sv\/wp-json\/wp\/v2\/product_cat?post=11354"},{"taxonomy":"product_tag","embeddable":true,"href":"https:\/\/www.zyyxlabs.com\/sv\/wp-json\/wp\/v2\/product_tag?post=11354"}],"curies":[{"name":"wp","href":"https:\/\/api.w.org\/{rel}","templated":true}]}}