{"id":11300,"date":"2020-09-24T23:34:07","date_gmt":"2020-09-24T23:34:07","guid":{"rendered":"https:\/\/www.zyyxlabs.com\/product\/tillbehorsstall-for-swifttool-inkl-skruvmejsel\/"},"modified":"2025-04-13T13:43:07","modified_gmt":"2025-04-13T11:43:07","slug":"zx308","status":"publish","type":"product","link":"https:\/\/www.zyyxlabs.com\/sv\/produkt\/zx308\/","title":{"rendered":"ZX308 Tillbeh\u00f6rsst\u00e4ll f\u00f6r SwiftTool inkl. skruvmejsel"},"content":{"rendered":"<p>Detta \u00e4r ett praktiskt tillbeh\u00f6rsst\u00e4ll f\u00f6r SwiftTool, dvs ett stativ f\u00f6r att h\u00e5lla reda p\u00e5 dina SwiftTool-munstycken och tillbeh\u00f6r. St\u00e4llet f\u00f6ljer med nya ZYYX Pro sedan 2020.<br \/>\nDet fungerar som h\u00e5llare f\u00f6r SwiftTool, hex-skruvmejsel och justeringsratt f\u00f6r byggplatta. <br \/>\nHar inbyggda magneter s\u00e5 att den enkelt kan f\u00e4stas p\u00e5 skrivarens inre v\u00e4nstra v\u00e4gg. <\/p>\n","protected":false},"excerpt":{"rendered":"<p>Detta \u00e4r ett praktiskt tillbeh\u00f6rsst\u00e4ll f\u00f6r SwiftTool, dvs ett stativ f\u00f6r att h\u00e5lla reda p\u00e5 dina SwiftTool-munstycken och tillbeh\u00f6r. St\u00e4llet f\u00f6ljer med nya ZYYX Pro sedan 2020. Det fungerar som h\u00e5llare f\u00f6r SwiftTool, hex-skruvmejsel och justeringsratt f\u00f6r byggplatta. Har inbyggda magneter s\u00e5 att den enkelt kan f\u00e4stas p\u00e5 skrivarens inre v\u00e4nstra v\u00e4gg.<\/p>\n","protected":false},"featured_media":11298,"comment_status":"open","ping_status":"closed","template":"","meta":{"_acf_changed":false,"inline_featured_image":false},"product_brand":[],"product_cat":[65],"product_tag":[147,123],"class_list":{"0":"post-11300","1":"product","2":"type-product","3":"status-publish","4":"has-post-thumbnail","6":"product_cat-tillbehor","7":"product_tag-swifttool-sv","8":"product_tag-tillbehor","9":"product_shipping_class-standard-shipping","11":"first","12":"instock","13":"taxable","14":"shipping-taxable","15":"purchasable","16":"product-type-simple"},"acf":[],"yoast_head":"<!-- This site is optimized with the Yoast SEO plugin v24.8.1 - https:\/\/yoast.com\/wordpress\/plugins\/seo\/ -->\n<title>ZX308 Tillbeh\u00f6rsst\u00e4ll f\u00f6r SwiftTool inkl. skruvmejsel - ZYYX Labs<\/title>\n<meta name=\"description\" content=\"H\u00e5llare f\u00f6r SwiftTool, hex-skruvmejsel och justeringsratt f\u00f6r byggplatta. Har inbyggda magneter s\u00e5 att den enkelt kan f\u00e4stas p\u00e5 skrivarens inre v\u00e4gg.\" \/>\n<meta name=\"robots\" content=\"index, follow, max-snippet:-1, max-image-preview:large, max-video-preview:-1\" \/>\n<link rel=\"canonical\" href=\"https:\/\/www.zyyxlabs.com\/sv\/produkt\/zx308\/\" \/>\n<meta property=\"og:locale\" content=\"sv_SE\" \/>\n<meta property=\"og:type\" content=\"article\" \/>\n<meta property=\"og:title\" content=\"ZX308 Tillbeh\u00f6rsst\u00e4ll f\u00f6r SwiftTool inkl. skruvmejsel - ZYYX Labs\" \/>\n<meta property=\"og:description\" content=\"H\u00e5llare f\u00f6r SwiftTool, hex-skruvmejsel och justeringsratt f\u00f6r byggplatta. Har inbyggda magneter s\u00e5 att den enkelt kan f\u00e4stas p\u00e5 skrivarens inre v\u00e4gg.\" \/>\n<meta property=\"og:url\" content=\"https:\/\/www.zyyxlabs.com\/sv\/produkt\/zx308\/\" \/>\n<meta property=\"og:site_name\" content=\"ZYYX Labs\" \/>\n<meta property=\"article:modified_time\" content=\"2025-04-13T11:43:07+00:00\" \/>\n<meta property=\"og:image\" content=\"https:\/\/www.zyyxlabs.com\/wp-content\/uploads\/2020\/09\/ZX308-Accessory-holder-for-SwiftTool-magnetic-Hex-driver-25-mm-for-SwiftTool-LR.png\" \/>\n\t<meta property=\"og:image:width\" content=\"1000\" \/>\n\t<meta property=\"og:image:height\" content=\"1000\" \/>\n\t<meta property=\"og:image:type\" content=\"image\/png\" \/>\n<meta name=\"twitter:card\" content=\"summary_large_image\" \/>\n<script type=\"application\/ld+json\" class=\"yoast-schema-graph\">{\"@context\":\"https:\/\/schema.org\",\"@graph\":[{\"@type\":\"WebPage\",\"@id\":\"https:\/\/www.zyyxlabs.com\/sv\/produkt\/zx308\/\",\"url\":\"https:\/\/www.zyyxlabs.com\/sv\/produkt\/zx308\/\",\"name\":\"ZX308 Tillbeh\u00f6rsst\u00e4ll f\u00f6r SwiftTool inkl. skruvmejsel - ZYYX Labs\",\"isPartOf\":{\"@id\":\"https:\/\/www.zyyxlabs.com\/#website\"},\"primaryImageOfPage\":{\"@id\":\"https:\/\/www.zyyxlabs.com\/sv\/produkt\/zx308\/#primaryimage\"},\"image\":{\"@id\":\"https:\/\/www.zyyxlabs.com\/sv\/produkt\/zx308\/#primaryimage\"},\"thumbnailUrl\":\"https:\/\/www.zyyxlabs.com\/wp-content\/uploads\/2020\/09\/ZX308-Accessory-holder-for-SwiftTool-magnetic-Hex-driver-25-mm-for-SwiftTool-LR.png\",\"datePublished\":\"2020-09-24T23:34:07+00:00\",\"dateModified\":\"2025-04-13T11:43:07+00:00\",\"description\":\"H\u00e5llare f\u00f6r SwiftTool, hex-skruvmejsel och justeringsratt f\u00f6r byggplatta. Har inbyggda magneter s\u00e5 att den enkelt kan f\u00e4stas p\u00e5 skrivarens inre v\u00e4gg.\",\"breadcrumb\":{\"@id\":\"https:\/\/www.zyyxlabs.com\/sv\/produkt\/zx308\/#breadcrumb\"},\"inLanguage\":\"sv-SE\",\"potentialAction\":[{\"@type\":\"ReadAction\",\"target\":[\"https:\/\/www.zyyxlabs.com\/sv\/produkt\/zx308\/\"]}]},{\"@type\":\"ImageObject\",\"inLanguage\":\"sv-SE\",\"@id\":\"https:\/\/www.zyyxlabs.com\/sv\/produkt\/zx308\/#primaryimage\",\"url\":\"https:\/\/www.zyyxlabs.com\/wp-content\/uploads\/2020\/09\/ZX308-Accessory-holder-for-SwiftTool-magnetic-Hex-driver-25-mm-for-SwiftTool-LR.png\",\"contentUrl\":\"https:\/\/www.zyyxlabs.com\/wp-content\/uploads\/2020\/09\/ZX308-Accessory-holder-for-SwiftTool-magnetic-Hex-driver-25-mm-for-SwiftTool-LR.png\",\"width\":1000,\"height\":1000},{\"@type\":\"BreadcrumbList\",\"@id\":\"https:\/\/www.zyyxlabs.com\/sv\/produkt\/zx308\/#breadcrumb\",\"itemListElement\":[{\"@type\":\"ListItem\",\"position\":1,\"name\":\"Home\",\"item\":\"https:\/\/www.zyyxlabs.com\/\"},{\"@type\":\"ListItem\",\"position\":2,\"name\":\"Webbshop\",\"item\":\"https:\/\/www.zyyxlabs.com\/sv\/webbshop\/\"},{\"@type\":\"ListItem\",\"position\":3,\"name\":\"SwiftTool\",\"item\":\"https:\/\/www.zyyxlabs.com\/sv\/etikett\/swifttool-sv\/\"},{\"@type\":\"ListItem\",\"position\":4,\"name\":\"ZX308 Tillbeh\u00f6rsst\u00e4ll f\u00f6r SwiftTool inkl. skruvmejsel\"}]},{\"@type\":\"WebSite\",\"@id\":\"https:\/\/www.zyyxlabs.com\/#website\",\"url\":\"https:\/\/www.zyyxlabs.com\/\",\"name\":\"ZYYX Labs\",\"description\":\"Professionella 3d-skrivare\",\"publisher\":{\"@id\":\"https:\/\/www.zyyxlabs.com\/#organization\"},\"potentialAction\":[{\"@type\":\"SearchAction\",\"target\":{\"@type\":\"EntryPoint\",\"urlTemplate\":\"https:\/\/www.zyyxlabs.com\/?s={search_term_string}\"},\"query-input\":{\"@type\":\"PropertyValueSpecification\",\"valueRequired\":true,\"valueName\":\"search_term_string\"}}],\"inLanguage\":\"sv-SE\"},{\"@type\":\"Organization\",\"@id\":\"https:\/\/www.zyyxlabs.com\/#organization\",\"name\":\"ZYYX Labs AB\",\"url\":\"https:\/\/www.zyyxlabs.com\/\",\"logo\":{\"@type\":\"ImageObject\",\"inLanguage\":\"sv-SE\",\"@id\":\"https:\/\/www.zyyxlabs.com\/#\/schema\/logo\/image\/\",\"url\":\"https:\/\/www.zyyxlabs.com\/wp-content\/uploads\/2019\/03\/logo.svg\",\"contentUrl\":\"https:\/\/www.zyyxlabs.com\/wp-content\/uploads\/2019\/03\/logo.svg\",\"width\":1,\"height\":1,\"caption\":\"ZYYX Labs AB\"},\"image\":{\"@id\":\"https:\/\/www.zyyxlabs.com\/#\/schema\/logo\/image\/\"},\"sameAs\":[\"https:\/\/www.linkedin.com\/company\/zyyx-3d-printer\"]}]}<\/script>\n<!-- \/ Yoast SEO plugin. -->","yoast_head_json":{"title":"ZX308 Tillbeh\u00f6rsst\u00e4ll f\u00f6r SwiftTool inkl. skruvmejsel - ZYYX Labs","description":"H\u00e5llare f\u00f6r SwiftTool, hex-skruvmejsel och justeringsratt f\u00f6r byggplatta. Har inbyggda magneter s\u00e5 att den enkelt kan f\u00e4stas p\u00e5 skrivarens inre v\u00e4gg.","robots":{"index":"index","follow":"follow","max-snippet":"max-snippet:-1","max-image-preview":"max-image-preview:large","max-video-preview":"max-video-preview:-1"},"canonical":"https:\/\/www.zyyxlabs.com\/sv\/produkt\/zx308\/","og_locale":"sv_SE","og_type":"article","og_title":"ZX308 Tillbeh\u00f6rsst\u00e4ll f\u00f6r SwiftTool inkl. skruvmejsel - ZYYX Labs","og_description":"H\u00e5llare f\u00f6r SwiftTool, hex-skruvmejsel och justeringsratt f\u00f6r byggplatta. Har inbyggda magneter s\u00e5 att den enkelt kan f\u00e4stas p\u00e5 skrivarens inre v\u00e4gg.","og_url":"https:\/\/www.zyyxlabs.com\/sv\/produkt\/zx308\/","og_site_name":"ZYYX Labs","article_modified_time":"2025-04-13T11:43:07+00:00","og_image":[{"width":1000,"height":1000,"url":"https:\/\/www.zyyxlabs.com\/wp-content\/uploads\/2020\/09\/ZX308-Accessory-holder-for-SwiftTool-magnetic-Hex-driver-25-mm-for-SwiftTool-LR.png","type":"image\/png"}],"twitter_card":"summary_large_image","schema":{"@context":"https:\/\/schema.org","@graph":[{"@type":"WebPage","@id":"https:\/\/www.zyyxlabs.com\/sv\/produkt\/zx308\/","url":"https:\/\/www.zyyxlabs.com\/sv\/produkt\/zx308\/","name":"ZX308 Tillbeh\u00f6rsst\u00e4ll f\u00f6r SwiftTool inkl. skruvmejsel - ZYYX Labs","isPartOf":{"@id":"https:\/\/www.zyyxlabs.com\/#website"},"primaryImageOfPage":{"@id":"https:\/\/www.zyyxlabs.com\/sv\/produkt\/zx308\/#primaryimage"},"image":{"@id":"https:\/\/www.zyyxlabs.com\/sv\/produkt\/zx308\/#primaryimage"},"thumbnailUrl":"https:\/\/www.zyyxlabs.com\/wp-content\/uploads\/2020\/09\/ZX308-Accessory-holder-for-SwiftTool-magnetic-Hex-driver-25-mm-for-SwiftTool-LR.png","datePublished":"2020-09-24T23:34:07+00:00","dateModified":"2025-04-13T11:43:07+00:00","description":"H\u00e5llare f\u00f6r SwiftTool, hex-skruvmejsel och justeringsratt f\u00f6r byggplatta. Har inbyggda magneter s\u00e5 att den enkelt kan f\u00e4stas p\u00e5 skrivarens inre v\u00e4gg.","breadcrumb":{"@id":"https:\/\/www.zyyxlabs.com\/sv\/produkt\/zx308\/#breadcrumb"},"inLanguage":"sv-SE","potentialAction":[{"@type":"ReadAction","target":["https:\/\/www.zyyxlabs.com\/sv\/produkt\/zx308\/"]}]},{"@type":"ImageObject","inLanguage":"sv-SE","@id":"https:\/\/www.zyyxlabs.com\/sv\/produkt\/zx308\/#primaryimage","url":"https:\/\/www.zyyxlabs.com\/wp-content\/uploads\/2020\/09\/ZX308-Accessory-holder-for-SwiftTool-magnetic-Hex-driver-25-mm-for-SwiftTool-LR.png","contentUrl":"https:\/\/www.zyyxlabs.com\/wp-content\/uploads\/2020\/09\/ZX308-Accessory-holder-for-SwiftTool-magnetic-Hex-driver-25-mm-for-SwiftTool-LR.png","width":1000,"height":1000},{"@type":"BreadcrumbList","@id":"https:\/\/www.zyyxlabs.com\/sv\/produkt\/zx308\/#breadcrumb","itemListElement":[{"@type":"ListItem","position":1,"name":"Home","item":"https:\/\/www.zyyxlabs.com\/"},{"@type":"ListItem","position":2,"name":"Webbshop","item":"https:\/\/www.zyyxlabs.com\/sv\/webbshop\/"},{"@type":"ListItem","position":3,"name":"SwiftTool","item":"https:\/\/www.zyyxlabs.com\/sv\/etikett\/swifttool-sv\/"},{"@type":"ListItem","position":4,"name":"ZX308 Tillbeh\u00f6rsst\u00e4ll f\u00f6r SwiftTool inkl. skruvmejsel"}]},{"@type":"WebSite","@id":"https:\/\/www.zyyxlabs.com\/#website","url":"https:\/\/www.zyyxlabs.com\/","name":"ZYYX Labs","description":"Professionella 3d-skrivare","publisher":{"@id":"https:\/\/www.zyyxlabs.com\/#organization"},"potentialAction":[{"@type":"SearchAction","target":{"@type":"EntryPoint","urlTemplate":"https:\/\/www.zyyxlabs.com\/?s={search_term_string}"},"query-input":{"@type":"PropertyValueSpecification","valueRequired":true,"valueName":"search_term_string"}}],"inLanguage":"sv-SE"},{"@type":"Organization","@id":"https:\/\/www.zyyxlabs.com\/#organization","name":"ZYYX Labs AB","url":"https:\/\/www.zyyxlabs.com\/","logo":{"@type":"ImageObject","inLanguage":"sv-SE","@id":"https:\/\/www.zyyxlabs.com\/#\/schema\/logo\/image\/","url":"https:\/\/www.zyyxlabs.com\/wp-content\/uploads\/2019\/03\/logo.svg","contentUrl":"https:\/\/www.zyyxlabs.com\/wp-content\/uploads\/2019\/03\/logo.svg","width":1,"height":1,"caption":"ZYYX Labs AB"},"image":{"@id":"https:\/\/www.zyyxlabs.com\/#\/schema\/logo\/image\/"},"sameAs":["https:\/\/www.linkedin.com\/company\/zyyx-3d-printer"]}]}},"_links":{"self":[{"href":"https:\/\/www.zyyxlabs.com\/sv\/wp-json\/wp\/v2\/product\/11300","targetHints":{"allow":["GET"]}}],"collection":[{"href":"https:\/\/www.zyyxlabs.com\/sv\/wp-json\/wp\/v2\/product"}],"about":[{"href":"https:\/\/www.zyyxlabs.com\/sv\/wp-json\/wp\/v2\/types\/product"}],"replies":[{"embeddable":true,"href":"https:\/\/www.zyyxlabs.com\/sv\/wp-json\/wp\/v2\/comments?post=11300"}],"wp:featuredmedia":[{"embeddable":true,"href":"https:\/\/www.zyyxlabs.com\/sv\/wp-json\/wp\/v2\/media\/11298"}],"wp:attachment":[{"href":"https:\/\/www.zyyxlabs.com\/sv\/wp-json\/wp\/v2\/media?parent=11300"}],"wp:term":[{"taxonomy":"product_brand","embeddable":true,"href":"https:\/\/www.zyyxlabs.com\/sv\/wp-json\/wp\/v2\/product_brand?post=11300"},{"taxonomy":"product_cat","embeddable":true,"href":"https:\/\/www.zyyxlabs.com\/sv\/wp-json\/wp\/v2\/product_cat?post=11300"},{"taxonomy":"product_tag","embeddable":true,"href":"https:\/\/www.zyyxlabs.com\/sv\/wp-json\/wp\/v2\/product_tag?post=11300"}],"curies":[{"name":"wp","href":"https:\/\/api.w.org\/{rel}","templated":true}]}}