{"id":11147,"date":"2020-06-02T06:54:36","date_gmt":"2020-06-02T06:54:36","guid":{"rendered":"https:\/\/www.zyyxlabs.com\/product\/zx304-perforerad-byggplatta-for-zyyx-pro\/"},"modified":"2022-09-25T23:21:00","modified_gmt":"2022-09-25T21:21:00","slug":"zx304","status":"publish","type":"product","link":"https:\/\/www.zyyxlabs.com\/sv\/produkt\/zx304\/","title":{"rendered":"ZX304 Perforerad byggplatta f\u00f6r ZYYX Pro"},"content":{"rendered":"<p>Byggplatta f\u00f6r ZYYX Pro optimerad f\u00f6r utskrift av sv\u00e5rprintade material, som ABS. Funkar \u00e4ven fint f\u00f6r ASA, Nylon och TPEE. Anv\u00e4nder en annan princip, d\u00e4r flotten f\u00e4ster h\u00e5rt i h\u00e5len.<br \/>\nAnv\u00e4nd en ZYYX-skrapa f\u00f6r att ta bort flotten fr\u00e5n &#8220;nabbarna&#8221; i byggplattan. V\u00e5r nya <a href=\"https:\/\/www.zyyxlabs.com\/product\/zx307-zyyx-stainless-steel-buildplate-spatula-scraper\/\">ZX307 ZYYX byggplatteskrapa rostfri, 75 mm, tr\u00e4handtag<\/a> rekommenderas.<\/p>\n<p><strong>Skrivarkompatibilitet<\/strong><br \/>\nZYYX Pro: all modeller<br \/>\nZYYX+: NEJ (se <a href=\"https:\/\/www.zyyxlabs.com\/product\/zx508-perforated-build-plate-zplus\/\">Perforerad byggplatta f\u00f6r ZYYX+<\/a>)<br \/>\nZYYX\/ZYYX Classic: NEJ (se ovan f\u00f6r ZYYX+)<\/p>\n<p><strong>Utskriftsinst\u00e4llningar<\/strong><br \/>\nAnv\u00e4nd profiler f\u00f6r ZYYX perf-byggplattan eller g\u00f6r f\u00f6ljande justeringar i Simplify3D:<br \/>\nZ-offset: ABS\/ASA = -1 mm (printa 1 mm n\u00e4rmre), \u00f6vriga material = -0,5 mm (printa 0,5 mm n\u00e4rmre).<br \/>\nBottenlagerinst\u00e4llningar: H\u00f6jd f\u00f6rsta lager: 250%, bredd f\u00f6rsta lager: 250%, hastighet f\u00f6r f\u00f6rsta lager: 30%, Lager 1 temperatur: +5-10 C.<br \/>\n<i>Additions\/Raft: Top layers 2, Base layers 4, Offset from part 4 mm<\/i>.<\/p>\n<p>Nedan visas en bild p\u00e5 den justerade z-offsetinst\u00e4llningen i Simplify3D f\u00f6r ABS\/ASA.<a href=\"https:\/\/www.zyyxlabs.com\/wp-content\/uploads\/2020\/06\/Perfboard-Simplify-Settings.png\"><img loading=\"lazy\" decoding=\"async\" class=\"size-thumbnail wp-image-11140\" src=\"https:\/\/www.zyyxlabs.com\/wp-content\/uploads\/2020\/06\/Perfboard-Simplify-Settings-150x150.png\" alt=\"\" width=\"150\" height=\"150\" srcset=\"https:\/\/www.zyyxlabs.com\/wp-content\/uploads\/2020\/06\/Perfboard-Simplify-Settings-150x150.png 150w, https:\/\/www.zyyxlabs.com\/wp-content\/uploads\/2020\/06\/Perfboard-Simplify-Settings-300x300.png 300w, https:\/\/www.zyyxlabs.com\/wp-content\/uploads\/2020\/06\/Perfboard-Simplify-Settings-100x100.png 100w\" sizes=\"auto, (max-width: 150px) 100vw, 150px\" \/><\/a><\/p>\n","protected":false},"excerpt":{"rendered":"<p>Byggplatta f\u00f6r ZYYX Pro optimerad f\u00f6r utskrift av sv\u00e5rprintade material, som ABS. Funkar \u00e4ven fint f\u00f6r ASA, Nylon och TPEE. Anv\u00e4nder en annan princip, d\u00e4r flotten f\u00e4ster h\u00e5rt i h\u00e5len. Anv\u00e4nd en ZYYX-skrapa f\u00f6r att ta bort flotten fr\u00e5n &#8220;nabbarna&#8221; i byggplattan. V\u00e5r nya ZX307 ZYYX byggplatteskrapa rostfri, 75 mm, tr\u00e4handtag rekommenderas. Skrivarkompatibilitet ZYYX Pro: <a href=\"https:\/\/www.zyyxlabs.com\/sv\/produkt\/zx304\/\" class=\"more-link\">&#8230;<span class=\"screen-reader-text\">  ZX304 Perforerad byggplatta f\u00f6r ZYYX Pro<\/span><\/a><\/p>\n","protected":false},"featured_media":11136,"comment_status":"open","ping_status":"closed","template":"","meta":{"_acf_changed":false,"inline_featured_image":false},"product_brand":[],"product_cat":[96,66],"product_tag":[121,111,215,214,115],"class_list":{"0":"post-11147","1":"product","2":"type-product","3":"status-publish","4":"has-post-thumbnail","6":"product_cat-uppgraderingar","7":"product_cat-forbrukningsartiklar","8":"product_tag-byggplatta","9":"product_tag-forbrukningsartiklar","10":"product_tag-perfboard-sv","11":"product_tag-perforerad-byggplatta","12":"product_tag-zyyx-pro-sv","14":"first","15":"instock","16":"taxable","17":"shipping-taxable","18":"purchasable","19":"product-type-simple"},"acf":[],"yoast_head":"<!-- This site is optimized with the Yoast SEO plugin v24.8.1 - https:\/\/yoast.com\/wordpress\/plugins\/seo\/ -->\n<title>ZX304 Perforerad byggplatta f\u00f6r ZYYX Pro - ZYYX Labs<\/title>\n<meta name=\"description\" content=\"Perforerad byggplatta f\u00f6r ZYYX Pro. Bra f\u00f6r att krympande filament, som ABS och ASA.\" \/>\n<meta name=\"robots\" content=\"index, follow, max-snippet:-1, max-image-preview:large, max-video-preview:-1\" \/>\n<link rel=\"canonical\" href=\"https:\/\/www.zyyxlabs.com\/sv\/produkt\/zx304\/\" \/>\n<meta property=\"og:locale\" content=\"sv_SE\" \/>\n<meta property=\"og:type\" content=\"article\" \/>\n<meta property=\"og:title\" content=\"ZX304 Perforerad byggplatta f\u00f6r ZYYX Pro - ZYYX Labs\" \/>\n<meta property=\"og:description\" content=\"Perforerad byggplatta f\u00f6r ZYYX Pro. Bra f\u00f6r att krympande filament, som ABS och ASA.\" \/>\n<meta property=\"og:url\" content=\"https:\/\/www.zyyxlabs.com\/sv\/produkt\/zx304\/\" \/>\n<meta property=\"og:site_name\" content=\"ZYYX Labs\" \/>\n<meta property=\"article:modified_time\" content=\"2022-09-25T21:21:00+00:00\" \/>\n<meta property=\"og:image\" content=\"https:\/\/www.zyyxlabs.com\/wp-content\/uploads\/2020\/06\/ZX304-Perforated-Build-Plate-for-most-filaments-that-warp-LR.png\" \/>\n\t<meta property=\"og:image:width\" content=\"1000\" \/>\n\t<meta property=\"og:image:height\" content=\"1000\" \/>\n\t<meta property=\"og:image:type\" content=\"image\/png\" \/>\n<meta name=\"twitter:card\" content=\"summary_large_image\" \/>\n<meta name=\"twitter:label1\" content=\"Ber\u00e4knad l\u00e4stid\" \/>\n\t<meta name=\"twitter:data1\" content=\"1 minut\" \/>\n<script type=\"application\/ld+json\" class=\"yoast-schema-graph\">{\"@context\":\"https:\/\/schema.org\",\"@graph\":[{\"@type\":\"WebPage\",\"@id\":\"https:\/\/www.zyyxlabs.com\/sv\/produkt\/zx304\/\",\"url\":\"https:\/\/www.zyyxlabs.com\/sv\/produkt\/zx304\/\",\"name\":\"ZX304 Perforerad byggplatta f\u00f6r ZYYX Pro - ZYYX Labs\",\"isPartOf\":{\"@id\":\"https:\/\/www.zyyxlabs.com\/#website\"},\"primaryImageOfPage\":{\"@id\":\"https:\/\/www.zyyxlabs.com\/sv\/produkt\/zx304\/#primaryimage\"},\"image\":{\"@id\":\"https:\/\/www.zyyxlabs.com\/sv\/produkt\/zx304\/#primaryimage\"},\"thumbnailUrl\":\"https:\/\/www.zyyxlabs.com\/wp-content\/uploads\/2020\/06\/ZX304-Perforated-Build-Plate-for-most-filaments-that-warp-LR.png\",\"datePublished\":\"2020-06-02T06:54:36+00:00\",\"dateModified\":\"2022-09-25T21:21:00+00:00\",\"description\":\"Perforerad byggplatta f\u00f6r ZYYX Pro. Bra f\u00f6r att krympande filament, som ABS och ASA.\",\"breadcrumb\":{\"@id\":\"https:\/\/www.zyyxlabs.com\/sv\/produkt\/zx304\/#breadcrumb\"},\"inLanguage\":\"sv-SE\",\"potentialAction\":[{\"@type\":\"ReadAction\",\"target\":[\"https:\/\/www.zyyxlabs.com\/sv\/produkt\/zx304\/\"]}]},{\"@type\":\"ImageObject\",\"inLanguage\":\"sv-SE\",\"@id\":\"https:\/\/www.zyyxlabs.com\/sv\/produkt\/zx304\/#primaryimage\",\"url\":\"https:\/\/www.zyyxlabs.com\/wp-content\/uploads\/2020\/06\/ZX304-Perforated-Build-Plate-for-most-filaments-that-warp-LR.png\",\"contentUrl\":\"https:\/\/www.zyyxlabs.com\/wp-content\/uploads\/2020\/06\/ZX304-Perforated-Build-Plate-for-most-filaments-that-warp-LR.png\",\"width\":1000,\"height\":1000,\"caption\":\"ZX304 Perforerad byggplatta f\u00f6r ZYYX Pro\"},{\"@type\":\"BreadcrumbList\",\"@id\":\"https:\/\/www.zyyxlabs.com\/sv\/produkt\/zx304\/#breadcrumb\",\"itemListElement\":[{\"@type\":\"ListItem\",\"position\":1,\"name\":\"Home\",\"item\":\"https:\/\/www.zyyxlabs.com\/\"},{\"@type\":\"ListItem\",\"position\":2,\"name\":\"Webbshop\",\"item\":\"https:\/\/www.zyyxlabs.com\/sv\/webbshop\/\"},{\"@type\":\"ListItem\",\"position\":3,\"name\":\"Byggplatta\",\"item\":\"https:\/\/www.zyyxlabs.com\/sv\/etikett\/byggplatta\/\"},{\"@type\":\"ListItem\",\"position\":4,\"name\":\"ZX304 Perforerad byggplatta f\u00f6r ZYYX Pro\"}]},{\"@type\":\"WebSite\",\"@id\":\"https:\/\/www.zyyxlabs.com\/#website\",\"url\":\"https:\/\/www.zyyxlabs.com\/\",\"name\":\"ZYYX Labs\",\"description\":\"Professionella 3d-skrivare\",\"publisher\":{\"@id\":\"https:\/\/www.zyyxlabs.com\/#organization\"},\"potentialAction\":[{\"@type\":\"SearchAction\",\"target\":{\"@type\":\"EntryPoint\",\"urlTemplate\":\"https:\/\/www.zyyxlabs.com\/?s={search_term_string}\"},\"query-input\":{\"@type\":\"PropertyValueSpecification\",\"valueRequired\":true,\"valueName\":\"search_term_string\"}}],\"inLanguage\":\"sv-SE\"},{\"@type\":\"Organization\",\"@id\":\"https:\/\/www.zyyxlabs.com\/#organization\",\"name\":\"ZYYX Labs AB\",\"url\":\"https:\/\/www.zyyxlabs.com\/\",\"logo\":{\"@type\":\"ImageObject\",\"inLanguage\":\"sv-SE\",\"@id\":\"https:\/\/www.zyyxlabs.com\/#\/schema\/logo\/image\/\",\"url\":\"https:\/\/www.zyyxlabs.com\/wp-content\/uploads\/2019\/03\/logo.svg\",\"contentUrl\":\"https:\/\/www.zyyxlabs.com\/wp-content\/uploads\/2019\/03\/logo.svg\",\"width\":1,\"height\":1,\"caption\":\"ZYYX Labs AB\"},\"image\":{\"@id\":\"https:\/\/www.zyyxlabs.com\/#\/schema\/logo\/image\/\"},\"sameAs\":[\"https:\/\/www.linkedin.com\/company\/zyyx-3d-printer\"]}]}<\/script>\n<!-- \/ Yoast SEO plugin. -->","yoast_head_json":{"title":"ZX304 Perforerad byggplatta f\u00f6r ZYYX Pro - ZYYX Labs","description":"Perforerad byggplatta f\u00f6r ZYYX Pro. Bra f\u00f6r att krympande filament, som ABS och ASA.","robots":{"index":"index","follow":"follow","max-snippet":"max-snippet:-1","max-image-preview":"max-image-preview:large","max-video-preview":"max-video-preview:-1"},"canonical":"https:\/\/www.zyyxlabs.com\/sv\/produkt\/zx304\/","og_locale":"sv_SE","og_type":"article","og_title":"ZX304 Perforerad byggplatta f\u00f6r ZYYX Pro - ZYYX Labs","og_description":"Perforerad byggplatta f\u00f6r ZYYX Pro. Bra f\u00f6r att krympande filament, som ABS och ASA.","og_url":"https:\/\/www.zyyxlabs.com\/sv\/produkt\/zx304\/","og_site_name":"ZYYX Labs","article_modified_time":"2022-09-25T21:21:00+00:00","og_image":[{"width":1000,"height":1000,"url":"https:\/\/www.zyyxlabs.com\/wp-content\/uploads\/2020\/06\/ZX304-Perforated-Build-Plate-for-most-filaments-that-warp-LR.png","type":"image\/png"}],"twitter_card":"summary_large_image","twitter_misc":{"Ber\u00e4knad l\u00e4stid":"1 minut"},"schema":{"@context":"https:\/\/schema.org","@graph":[{"@type":"WebPage","@id":"https:\/\/www.zyyxlabs.com\/sv\/produkt\/zx304\/","url":"https:\/\/www.zyyxlabs.com\/sv\/produkt\/zx304\/","name":"ZX304 Perforerad byggplatta f\u00f6r ZYYX Pro - ZYYX Labs","isPartOf":{"@id":"https:\/\/www.zyyxlabs.com\/#website"},"primaryImageOfPage":{"@id":"https:\/\/www.zyyxlabs.com\/sv\/produkt\/zx304\/#primaryimage"},"image":{"@id":"https:\/\/www.zyyxlabs.com\/sv\/produkt\/zx304\/#primaryimage"},"thumbnailUrl":"https:\/\/www.zyyxlabs.com\/wp-content\/uploads\/2020\/06\/ZX304-Perforated-Build-Plate-for-most-filaments-that-warp-LR.png","datePublished":"2020-06-02T06:54:36+00:00","dateModified":"2022-09-25T21:21:00+00:00","description":"Perforerad byggplatta f\u00f6r ZYYX Pro. Bra f\u00f6r att krympande filament, som ABS och ASA.","breadcrumb":{"@id":"https:\/\/www.zyyxlabs.com\/sv\/produkt\/zx304\/#breadcrumb"},"inLanguage":"sv-SE","potentialAction":[{"@type":"ReadAction","target":["https:\/\/www.zyyxlabs.com\/sv\/produkt\/zx304\/"]}]},{"@type":"ImageObject","inLanguage":"sv-SE","@id":"https:\/\/www.zyyxlabs.com\/sv\/produkt\/zx304\/#primaryimage","url":"https:\/\/www.zyyxlabs.com\/wp-content\/uploads\/2020\/06\/ZX304-Perforated-Build-Plate-for-most-filaments-that-warp-LR.png","contentUrl":"https:\/\/www.zyyxlabs.com\/wp-content\/uploads\/2020\/06\/ZX304-Perforated-Build-Plate-for-most-filaments-that-warp-LR.png","width":1000,"height":1000,"caption":"ZX304 Perforerad byggplatta f\u00f6r ZYYX Pro"},{"@type":"BreadcrumbList","@id":"https:\/\/www.zyyxlabs.com\/sv\/produkt\/zx304\/#breadcrumb","itemListElement":[{"@type":"ListItem","position":1,"name":"Home","item":"https:\/\/www.zyyxlabs.com\/"},{"@type":"ListItem","position":2,"name":"Webbshop","item":"https:\/\/www.zyyxlabs.com\/sv\/webbshop\/"},{"@type":"ListItem","position":3,"name":"Byggplatta","item":"https:\/\/www.zyyxlabs.com\/sv\/etikett\/byggplatta\/"},{"@type":"ListItem","position":4,"name":"ZX304 Perforerad byggplatta f\u00f6r ZYYX Pro"}]},{"@type":"WebSite","@id":"https:\/\/www.zyyxlabs.com\/#website","url":"https:\/\/www.zyyxlabs.com\/","name":"ZYYX Labs","description":"Professionella 3d-skrivare","publisher":{"@id":"https:\/\/www.zyyxlabs.com\/#organization"},"potentialAction":[{"@type":"SearchAction","target":{"@type":"EntryPoint","urlTemplate":"https:\/\/www.zyyxlabs.com\/?s={search_term_string}"},"query-input":{"@type":"PropertyValueSpecification","valueRequired":true,"valueName":"search_term_string"}}],"inLanguage":"sv-SE"},{"@type":"Organization","@id":"https:\/\/www.zyyxlabs.com\/#organization","name":"ZYYX Labs AB","url":"https:\/\/www.zyyxlabs.com\/","logo":{"@type":"ImageObject","inLanguage":"sv-SE","@id":"https:\/\/www.zyyxlabs.com\/#\/schema\/logo\/image\/","url":"https:\/\/www.zyyxlabs.com\/wp-content\/uploads\/2019\/03\/logo.svg","contentUrl":"https:\/\/www.zyyxlabs.com\/wp-content\/uploads\/2019\/03\/logo.svg","width":1,"height":1,"caption":"ZYYX Labs AB"},"image":{"@id":"https:\/\/www.zyyxlabs.com\/#\/schema\/logo\/image\/"},"sameAs":["https:\/\/www.linkedin.com\/company\/zyyx-3d-printer"]}]}},"_links":{"self":[{"href":"https:\/\/www.zyyxlabs.com\/sv\/wp-json\/wp\/v2\/product\/11147","targetHints":{"allow":["GET"]}}],"collection":[{"href":"https:\/\/www.zyyxlabs.com\/sv\/wp-json\/wp\/v2\/product"}],"about":[{"href":"https:\/\/www.zyyxlabs.com\/sv\/wp-json\/wp\/v2\/types\/product"}],"replies":[{"embeddable":true,"href":"https:\/\/www.zyyxlabs.com\/sv\/wp-json\/wp\/v2\/comments?post=11147"}],"wp:featuredmedia":[{"embeddable":true,"href":"https:\/\/www.zyyxlabs.com\/sv\/wp-json\/wp\/v2\/media\/11136"}],"wp:attachment":[{"href":"https:\/\/www.zyyxlabs.com\/sv\/wp-json\/wp\/v2\/media?parent=11147"}],"wp:term":[{"taxonomy":"product_brand","embeddable":true,"href":"https:\/\/www.zyyxlabs.com\/sv\/wp-json\/wp\/v2\/product_brand?post=11147"},{"taxonomy":"product_cat","embeddable":true,"href":"https:\/\/www.zyyxlabs.com\/sv\/wp-json\/wp\/v2\/product_cat?post=11147"},{"taxonomy":"product_tag","embeddable":true,"href":"https:\/\/www.zyyxlabs.com\/sv\/wp-json\/wp\/v2\/product_tag?post=11147"}],"curies":[{"name":"wp","href":"https:\/\/api.w.org\/{rel}","templated":true}]}}