{"id":11095,"date":"2019-10-24T10:49:01","date_gmt":"2019-10-24T10:49:01","guid":{"rendered":"https:\/\/www.zyyxlabs.com\/product\/pro-standardbyggplatta-for-nylonbaserade-filament\/"},"modified":"2022-09-25T23:24:09","modified_gmt":"2022-09-25T21:24:09","slug":"zx303","status":"publish","type":"product","link":"https:\/\/www.zyyxlabs.com\/sv\/produkt\/zx303\/","title":{"rendered":"ZX303 ZYYX Pro standardbyggplatta (f\u00f6r nylonbaserade filament)"},"content":{"rendered":"<p>En ZYYX Pro standardbyggplatta \u00e4r tillverkad av en v\u00e4rmet\u00e5lig glasplatta av borosilikatglas som \u00e4r laminerad med en specialanpassad plastyta f\u00f6r proNylon, proCarbon, and proGlass. Denna g\u00f6r det m\u00f6jligt att enkelt skriva ut med nylonbaserade material utan behov av lim, tejp eller andra f\u00e4st\u00e4mnen.<\/p>\n<p>Byggplattan h\u00e5lls p\u00e5 plats med tre neodymmagneter, vilket g\u00f6r det enkelt att f\u00f6rst ta bort plattan fr\u00e5n skrivaren innan du tar bort utskriften fr\u00e5n plattan.<\/p>\n<p>En ZYYX Pro Multimaterialbyggplatta\u2122 h\u00e5ller i cirka 6-24 m\u00e5nader vid normal anv\u00e4ndning. Efter denna tid kommer ytan att uppvisa lite slitage, men det g\u00f6r bara att utskrifterna f\u00e4ster b\u00e4ttre, s\u00e5vida h\u00e5let inte g\u00e5r igenom materialet.<\/p>\n<p>Storlek: 300 x 250 mm<\/p>\n<p><strong>Skrivarkompatibilitet<\/strong><br \/>\nZYYX Pro II: Ja, men <a href=\"https:\/\/www.zyyxlabs.com\/product\/zx313\/\">ZX313 MagFlex\u2122 PA fj\u00e4derst\u00e5lplatta (f\u00f6r nylonbaserade filament)<\/a> rekommenderas.<br \/>\nZYYX Pro: Ja<br \/>\nZYYX+: NEJ<br \/>\nZYYX\/ZYYX Classic: NEJ<\/p>\n","protected":false},"excerpt":{"rendered":"<p>En ZYYX Pro standardbyggplatta \u00e4r tillverkad av en v\u00e4rmet\u00e5lig glasplatta av borosilikatglas som \u00e4r laminerad med en specialanpassad plastyta f\u00f6r proNylon, proCarbon, and proGlass. Denna g\u00f6r det m\u00f6jligt att enkelt skriva ut med nylonbaserade material utan behov av lim, tejp eller andra f\u00e4st\u00e4mnen. Byggplattan h\u00e5lls p\u00e5 plats med tre neodymmagneter, vilket g\u00f6r det enkelt att <a href=\"https:\/\/www.zyyxlabs.com\/sv\/produkt\/zx303\/\" class=\"more-link\">&#8230;<span class=\"screen-reader-text\">  ZX303 ZYYX Pro standardbyggplatta (f\u00f6r nylonbaserade filament)<\/span><\/a><\/p>\n","protected":false},"featured_media":419,"comment_status":"closed","ping_status":"closed","template":"","meta":{"_acf_changed":false,"inline_featured_image":false},"product_brand":[],"product_cat":[66,69],"product_tag":[121,111,131,114,132,115],"class_list":{"0":"post-11095","1":"product","2":"type-product","3":"status-publish","4":"has-post-thumbnail","6":"product_cat-forbrukningsartiklar","7":"product_cat-reservdelar","8":"product_tag-byggplatta","9":"product_tag-forbrukningsartiklar","10":"product_tag-procarbon-sv","11":"product_tag-proglass-sv","12":"product_tag-pronylon-sv","13":"product_tag-zyyx-pro-sv","14":"product_shipping_class-standard-shipping","16":"first","17":"instock","18":"taxable","19":"shipping-taxable","20":"purchasable","21":"product-type-simple"},"acf":[],"yoast_head":"<!-- This site is optimized with the Yoast SEO plugin v24.8.1 - https:\/\/yoast.com\/wordpress\/plugins\/seo\/ -->\n<title>ZX303 ZYYX Pro standardbyggplatta (f\u00f6r nylonbaserade filament) - ZYYX Labs<\/title>\n<meta name=\"description\" content=\"En ZYYX Pro standardbyggplatta \u00e4r tillverkad av en v\u00e4rmet\u00e5lig glasplatta av borosilikatglas som \u00e4r laminerad med en specialanpassad plastyta f\u00f6r proNylon, proCarbon, and proGlass. Denna g\u00f6r det m\u00f6jligt att enkelt skriva ut med nylonbaserade material utan behov av lim, tejp eller andra f\u00e4st\u00e4mnen.\" \/>\n<meta name=\"robots\" content=\"index, follow, max-snippet:-1, max-image-preview:large, max-video-preview:-1\" \/>\n<link rel=\"canonical\" href=\"https:\/\/www.zyyxlabs.com\/sv\/produkt\/zx303\/\" \/>\n<meta property=\"og:locale\" content=\"sv_SE\" \/>\n<meta property=\"og:type\" content=\"article\" \/>\n<meta property=\"og:title\" content=\"ZX303 ZYYX Pro standardbyggplatta (f\u00f6r nylonbaserade filament) - ZYYX Labs\" \/>\n<meta property=\"og:description\" content=\"En ZYYX Pro standardbyggplatta \u00e4r tillverkad av en v\u00e4rmet\u00e5lig glasplatta av borosilikatglas som \u00e4r laminerad med en specialanpassad plastyta f\u00f6r proNylon, proCarbon, and proGlass. Denna g\u00f6r det m\u00f6jligt att enkelt skriva ut med nylonbaserade material utan behov av lim, tejp eller andra f\u00e4st\u00e4mnen.\" \/>\n<meta property=\"og:url\" content=\"https:\/\/www.zyyxlabs.com\/sv\/produkt\/zx303\/\" \/>\n<meta property=\"og:site_name\" content=\"ZYYX Labs\" \/>\n<meta property=\"article:modified_time\" content=\"2022-09-25T21:24:09+00:00\" \/>\n<meta property=\"og:image\" content=\"https:\/\/www.zyyxlabs.com\/wp-content\/uploads\/2019\/04\/BP-pro-50.png\" \/>\n\t<meta property=\"og:image:width\" content=\"1179\" \/>\n\t<meta property=\"og:image:height\" content=\"1054\" \/>\n\t<meta property=\"og:image:type\" content=\"image\/png\" \/>\n<meta name=\"twitter:card\" content=\"summary_large_image\" \/>\n<meta name=\"twitter:label1\" content=\"Ber\u00e4knad l\u00e4stid\" \/>\n\t<meta name=\"twitter:data1\" content=\"1 minut\" \/>\n<script type=\"application\/ld+json\" class=\"yoast-schema-graph\">{\"@context\":\"https:\/\/schema.org\",\"@graph\":[{\"@type\":\"WebPage\",\"@id\":\"https:\/\/www.zyyxlabs.com\/sv\/produkt\/zx303\/\",\"url\":\"https:\/\/www.zyyxlabs.com\/sv\/produkt\/zx303\/\",\"name\":\"ZX303 ZYYX Pro standardbyggplatta (f\u00f6r nylonbaserade filament) - ZYYX Labs\",\"isPartOf\":{\"@id\":\"https:\/\/www.zyyxlabs.com\/#website\"},\"primaryImageOfPage\":{\"@id\":\"https:\/\/www.zyyxlabs.com\/sv\/produkt\/zx303\/#primaryimage\"},\"image\":{\"@id\":\"https:\/\/www.zyyxlabs.com\/sv\/produkt\/zx303\/#primaryimage\"},\"thumbnailUrl\":\"https:\/\/www.zyyxlabs.com\/wp-content\/uploads\/2019\/04\/BP-pro-50.png\",\"datePublished\":\"2019-10-24T10:49:01+00:00\",\"dateModified\":\"2022-09-25T21:24:09+00:00\",\"description\":\"En ZYYX Pro standardbyggplatta \u00e4r tillverkad av en v\u00e4rmet\u00e5lig glasplatta av borosilikatglas som \u00e4r laminerad med en specialanpassad plastyta f\u00f6r proNylon, proCarbon, and proGlass. Denna g\u00f6r det m\u00f6jligt att enkelt skriva ut med nylonbaserade material utan behov av lim, tejp eller andra f\u00e4st\u00e4mnen.\",\"breadcrumb\":{\"@id\":\"https:\/\/www.zyyxlabs.com\/sv\/produkt\/zx303\/#breadcrumb\"},\"inLanguage\":\"sv-SE\",\"potentialAction\":[{\"@type\":\"ReadAction\",\"target\":[\"https:\/\/www.zyyxlabs.com\/sv\/produkt\/zx303\/\"]}]},{\"@type\":\"ImageObject\",\"inLanguage\":\"sv-SE\",\"@id\":\"https:\/\/www.zyyxlabs.com\/sv\/produkt\/zx303\/#primaryimage\",\"url\":\"https:\/\/www.zyyxlabs.com\/wp-content\/uploads\/2019\/04\/BP-pro-50.png\",\"contentUrl\":\"https:\/\/www.zyyxlabs.com\/wp-content\/uploads\/2019\/04\/BP-pro-50.png\",\"width\":1179,\"height\":1054,\"caption\":\"ZYYX Pro byggplatta\u2122\"},{\"@type\":\"BreadcrumbList\",\"@id\":\"https:\/\/www.zyyxlabs.com\/sv\/produkt\/zx303\/#breadcrumb\",\"itemListElement\":[{\"@type\":\"ListItem\",\"position\":1,\"name\":\"Home\",\"item\":\"https:\/\/www.zyyxlabs.com\/\"},{\"@type\":\"ListItem\",\"position\":2,\"name\":\"Webbshop\",\"item\":\"https:\/\/www.zyyxlabs.com\/sv\/webbshop\/\"},{\"@type\":\"ListItem\",\"position\":3,\"name\":\"Byggplatta\",\"item\":\"https:\/\/www.zyyxlabs.com\/sv\/etikett\/byggplatta\/\"},{\"@type\":\"ListItem\",\"position\":4,\"name\":\"ZX303 ZYYX Pro standardbyggplatta (f\u00f6r nylonbaserade filament)\"}]},{\"@type\":\"WebSite\",\"@id\":\"https:\/\/www.zyyxlabs.com\/#website\",\"url\":\"https:\/\/www.zyyxlabs.com\/\",\"name\":\"ZYYX Labs\",\"description\":\"Professionella 3d-skrivare\",\"publisher\":{\"@id\":\"https:\/\/www.zyyxlabs.com\/#organization\"},\"potentialAction\":[{\"@type\":\"SearchAction\",\"target\":{\"@type\":\"EntryPoint\",\"urlTemplate\":\"https:\/\/www.zyyxlabs.com\/?s={search_term_string}\"},\"query-input\":{\"@type\":\"PropertyValueSpecification\",\"valueRequired\":true,\"valueName\":\"search_term_string\"}}],\"inLanguage\":\"sv-SE\"},{\"@type\":\"Organization\",\"@id\":\"https:\/\/www.zyyxlabs.com\/#organization\",\"name\":\"ZYYX Labs AB\",\"url\":\"https:\/\/www.zyyxlabs.com\/\",\"logo\":{\"@type\":\"ImageObject\",\"inLanguage\":\"sv-SE\",\"@id\":\"https:\/\/www.zyyxlabs.com\/#\/schema\/logo\/image\/\",\"url\":\"https:\/\/www.zyyxlabs.com\/wp-content\/uploads\/2019\/03\/logo.svg\",\"contentUrl\":\"https:\/\/www.zyyxlabs.com\/wp-content\/uploads\/2019\/03\/logo.svg\",\"width\":1,\"height\":1,\"caption\":\"ZYYX Labs AB\"},\"image\":{\"@id\":\"https:\/\/www.zyyxlabs.com\/#\/schema\/logo\/image\/\"},\"sameAs\":[\"https:\/\/www.linkedin.com\/company\/zyyx-3d-printer\"]}]}<\/script>\n<!-- \/ Yoast SEO plugin. -->","yoast_head_json":{"title":"ZX303 ZYYX Pro standardbyggplatta (f\u00f6r nylonbaserade filament) - ZYYX Labs","description":"En ZYYX Pro standardbyggplatta \u00e4r tillverkad av en v\u00e4rmet\u00e5lig glasplatta av borosilikatglas som \u00e4r laminerad med en specialanpassad plastyta f\u00f6r proNylon, proCarbon, and proGlass. Denna g\u00f6r det m\u00f6jligt att enkelt skriva ut med nylonbaserade material utan behov av lim, tejp eller andra f\u00e4st\u00e4mnen.","robots":{"index":"index","follow":"follow","max-snippet":"max-snippet:-1","max-image-preview":"max-image-preview:large","max-video-preview":"max-video-preview:-1"},"canonical":"https:\/\/www.zyyxlabs.com\/sv\/produkt\/zx303\/","og_locale":"sv_SE","og_type":"article","og_title":"ZX303 ZYYX Pro standardbyggplatta (f\u00f6r nylonbaserade filament) - ZYYX Labs","og_description":"En ZYYX Pro standardbyggplatta \u00e4r tillverkad av en v\u00e4rmet\u00e5lig glasplatta av borosilikatglas som \u00e4r laminerad med en specialanpassad plastyta f\u00f6r proNylon, proCarbon, and proGlass. Denna g\u00f6r det m\u00f6jligt att enkelt skriva ut med nylonbaserade material utan behov av lim, tejp eller andra f\u00e4st\u00e4mnen.","og_url":"https:\/\/www.zyyxlabs.com\/sv\/produkt\/zx303\/","og_site_name":"ZYYX Labs","article_modified_time":"2022-09-25T21:24:09+00:00","og_image":[{"width":1179,"height":1054,"url":"https:\/\/www.zyyxlabs.com\/wp-content\/uploads\/2019\/04\/BP-pro-50.png","type":"image\/png"}],"twitter_card":"summary_large_image","twitter_misc":{"Ber\u00e4knad l\u00e4stid":"1 minut"},"schema":{"@context":"https:\/\/schema.org","@graph":[{"@type":"WebPage","@id":"https:\/\/www.zyyxlabs.com\/sv\/produkt\/zx303\/","url":"https:\/\/www.zyyxlabs.com\/sv\/produkt\/zx303\/","name":"ZX303 ZYYX Pro standardbyggplatta (f\u00f6r nylonbaserade filament) - ZYYX Labs","isPartOf":{"@id":"https:\/\/www.zyyxlabs.com\/#website"},"primaryImageOfPage":{"@id":"https:\/\/www.zyyxlabs.com\/sv\/produkt\/zx303\/#primaryimage"},"image":{"@id":"https:\/\/www.zyyxlabs.com\/sv\/produkt\/zx303\/#primaryimage"},"thumbnailUrl":"https:\/\/www.zyyxlabs.com\/wp-content\/uploads\/2019\/04\/BP-pro-50.png","datePublished":"2019-10-24T10:49:01+00:00","dateModified":"2022-09-25T21:24:09+00:00","description":"En ZYYX Pro standardbyggplatta \u00e4r tillverkad av en v\u00e4rmet\u00e5lig glasplatta av borosilikatglas som \u00e4r laminerad med en specialanpassad plastyta f\u00f6r proNylon, proCarbon, and proGlass. Denna g\u00f6r det m\u00f6jligt att enkelt skriva ut med nylonbaserade material utan behov av lim, tejp eller andra f\u00e4st\u00e4mnen.","breadcrumb":{"@id":"https:\/\/www.zyyxlabs.com\/sv\/produkt\/zx303\/#breadcrumb"},"inLanguage":"sv-SE","potentialAction":[{"@type":"ReadAction","target":["https:\/\/www.zyyxlabs.com\/sv\/produkt\/zx303\/"]}]},{"@type":"ImageObject","inLanguage":"sv-SE","@id":"https:\/\/www.zyyxlabs.com\/sv\/produkt\/zx303\/#primaryimage","url":"https:\/\/www.zyyxlabs.com\/wp-content\/uploads\/2019\/04\/BP-pro-50.png","contentUrl":"https:\/\/www.zyyxlabs.com\/wp-content\/uploads\/2019\/04\/BP-pro-50.png","width":1179,"height":1054,"caption":"ZYYX Pro byggplatta\u2122"},{"@type":"BreadcrumbList","@id":"https:\/\/www.zyyxlabs.com\/sv\/produkt\/zx303\/#breadcrumb","itemListElement":[{"@type":"ListItem","position":1,"name":"Home","item":"https:\/\/www.zyyxlabs.com\/"},{"@type":"ListItem","position":2,"name":"Webbshop","item":"https:\/\/www.zyyxlabs.com\/sv\/webbshop\/"},{"@type":"ListItem","position":3,"name":"Byggplatta","item":"https:\/\/www.zyyxlabs.com\/sv\/etikett\/byggplatta\/"},{"@type":"ListItem","position":4,"name":"ZX303 ZYYX Pro standardbyggplatta (f\u00f6r nylonbaserade filament)"}]},{"@type":"WebSite","@id":"https:\/\/www.zyyxlabs.com\/#website","url":"https:\/\/www.zyyxlabs.com\/","name":"ZYYX Labs","description":"Professionella 3d-skrivare","publisher":{"@id":"https:\/\/www.zyyxlabs.com\/#organization"},"potentialAction":[{"@type":"SearchAction","target":{"@type":"EntryPoint","urlTemplate":"https:\/\/www.zyyxlabs.com\/?s={search_term_string}"},"query-input":{"@type":"PropertyValueSpecification","valueRequired":true,"valueName":"search_term_string"}}],"inLanguage":"sv-SE"},{"@type":"Organization","@id":"https:\/\/www.zyyxlabs.com\/#organization","name":"ZYYX Labs AB","url":"https:\/\/www.zyyxlabs.com\/","logo":{"@type":"ImageObject","inLanguage":"sv-SE","@id":"https:\/\/www.zyyxlabs.com\/#\/schema\/logo\/image\/","url":"https:\/\/www.zyyxlabs.com\/wp-content\/uploads\/2019\/03\/logo.svg","contentUrl":"https:\/\/www.zyyxlabs.com\/wp-content\/uploads\/2019\/03\/logo.svg","width":1,"height":1,"caption":"ZYYX Labs AB"},"image":{"@id":"https:\/\/www.zyyxlabs.com\/#\/schema\/logo\/image\/"},"sameAs":["https:\/\/www.linkedin.com\/company\/zyyx-3d-printer"]}]}},"_links":{"self":[{"href":"https:\/\/www.zyyxlabs.com\/sv\/wp-json\/wp\/v2\/product\/11095","targetHints":{"allow":["GET"]}}],"collection":[{"href":"https:\/\/www.zyyxlabs.com\/sv\/wp-json\/wp\/v2\/product"}],"about":[{"href":"https:\/\/www.zyyxlabs.com\/sv\/wp-json\/wp\/v2\/types\/product"}],"replies":[{"embeddable":true,"href":"https:\/\/www.zyyxlabs.com\/sv\/wp-json\/wp\/v2\/comments?post=11095"}],"wp:featuredmedia":[{"embeddable":true,"href":"https:\/\/www.zyyxlabs.com\/sv\/wp-json\/wp\/v2\/media\/419"}],"wp:attachment":[{"href":"https:\/\/www.zyyxlabs.com\/sv\/wp-json\/wp\/v2\/media?parent=11095"}],"wp:term":[{"taxonomy":"product_brand","embeddable":true,"href":"https:\/\/www.zyyxlabs.com\/sv\/wp-json\/wp\/v2\/product_brand?post=11095"},{"taxonomy":"product_cat","embeddable":true,"href":"https:\/\/www.zyyxlabs.com\/sv\/wp-json\/wp\/v2\/product_cat?post=11095"},{"taxonomy":"product_tag","embeddable":true,"href":"https:\/\/www.zyyxlabs.com\/sv\/wp-json\/wp\/v2\/product_tag?post=11095"}],"curies":[{"name":"wp","href":"https:\/\/api.w.org\/{rel}","templated":true}]}}