{"id":11093,"date":"2019-10-24T10:48:52","date_gmt":"2019-10-24T10:48:52","guid":{"rendered":"https:\/\/www.zyyxlabs.com\/product\/zyyx-zyyx-classic-byggplatta-ny-svart-design-2018\/"},"modified":"2025-03-19T16:00:39","modified_gmt":"2025-03-19T15:00:39","slug":"zx502","status":"publish","type":"product","link":"https:\/\/www.zyyxlabs.com\/sv\/produkt\/zx502\/","title":{"rendered":"ZX502 ZYYX+\/ZYYX Classic byggplatta (svart design)"},"content":{"rendered":"<p>Byggplattan \u00e4r tillverkad av en v\u00e4rmet\u00e5lig glasplatta av borosilikatglas som \u00e4r laminerad med en specialanpassad plastyta. Denna g\u00f6r det m\u00f6jligt f\u00f6r dig att skriva ut med olika material utan behov av lim, tejp eller andra f\u00e4st\u00e4mnen. Byggplatteytan m\u00f6jligg\u00f6r utskrift med PLA och Flex\/TPU samt mindre ABS-delar. F\u00f6r ABS och ASA s\u00e5 rekommenderar vi ist\u00e4llet <a href=\"https:\/\/www.zyyxlabs.com\/sv\/produkt\/zx508\/\">ZX508 Perforerad byggplatta f\u00f6r ZYYX+<\/a>.<\/p>\n<p>Byggplattan h\u00e5lls p\u00e5 plats med tre neodymmagneter, vilket g\u00f6r att du enkelt kan ta ur plattan fr\u00e5n skrivaren innan du tar bort utskriften fr\u00e5n plattan.<\/p>\n<p>En ZYYX+\/ZYYX Classic byggplatta h\u00e5ller i cirka 3-6 m\u00e5nader vid normal anv\u00e4ndning. Toppytan kan \u00e4ven k\u00f6pas separat, se <a href=\"https:\/\/www.zyyxlabs.com\/sv\/produkt\/zx507\/\">ZX507<\/a>.<\/p>\n<p>F\u00f6r en uppgradering till den mer anv\u00e4ndarv\u00e4nliga MagFlex-byggplattan, se <a href=\"https:\/\/www.zyyxlabs.com\/sv\/produkt\/zx510\/\">ZX510 ZYYX+ MagFlex byggplattformssats (komplett med MM-pl\u00e5t Classic)<\/a>.<\/p>\n<p><strong>Storlek<\/strong><br \/>\n300 x 250 mm<\/p>\n<p><strong>Skrivarkompatibilitet<\/strong><br \/>\nZYYX+: Ja<br \/>\nZYYX Classic: Ja<br \/>\nZYYX Pro I\/II: Nej, se <a href=\"https:\/\/www.zyyxlabs.com\/sv\/produkt\/zx302\/\">ZX302 ZYYX Pro Multimaterialbyggplatta\u2122<\/a><\/p>\n","protected":false},"excerpt":{"rendered":"<p>Byggplattan \u00e4r tillverkad av en v\u00e4rmet\u00e5lig glasplatta av borosilikatglas som \u00e4r laminerad med en specialanpassad plastyta. Denna g\u00f6r det m\u00f6jligt f\u00f6r dig att skriva ut med olika material utan behov av lim, tejp eller andra f\u00e4st\u00e4mnen. Byggplatteytan m\u00f6jligg\u00f6r utskrift med PLA och Flex\/TPU samt mindre ABS-delar. F\u00f6r ABS och ASA s\u00e5 rekommenderar vi ist\u00e4llet ZX508 <a href=\"https:\/\/www.zyyxlabs.com\/sv\/produkt\/zx502\/\" class=\"more-link\">&#8230;<span class=\"screen-reader-text\">  ZX502 ZYYX+\/ZYYX Classic byggplatta (svart design)<\/span><\/a><\/p>\n","protected":false},"featured_media":411,"comment_status":"closed","ping_status":"closed","template":"","meta":{"_acf_changed":false,"inline_featured_image":false},"product_brand":[],"product_cat":[96,66,69],"product_tag":[121,111,125,122],"class_list":{"0":"post-11093","1":"product","2":"type-product","3":"status-publish","4":"has-post-thumbnail","6":"product_cat-uppgraderingar","7":"product_cat-forbrukningsartiklar","8":"product_cat-reservdelar","9":"product_tag-byggplatta","10":"product_tag-forbrukningsartiklar","11":"product_tag-zyyx-classic-sv-2","12":"product_tag-zyyx-plus","13":"product_shipping_class-standard-shipping","15":"first","16":"instock","17":"taxable","18":"shipping-taxable","19":"purchasable","20":"product-type-simple"},"acf":[],"yoast_head":"<!-- This site is optimized with the Yoast SEO plugin v24.8.1 - https:\/\/yoast.com\/wordpress\/plugins\/seo\/ -->\n<title>ZX502 ZYYX+\/ZYYX Classic byggplatta (svart design) - ZYYX Labs<\/title>\n<meta name=\"description\" content=\"Byggplattan \u00e4r tillverkad av en v\u00e4rmet\u00e5lig glasplatta av borosilikatglas som \u00e4r laminerad med en specialanpassad plastyta, vilket g\u00f6r det m\u00f6jligt att skriva ut med olika material utan behov av lim, tejp eller andra f\u00e4st\u00e4mnen. Denna byggplatteyta m\u00f6jligg\u00f6r utskrift med ABS, PLA, ASA och Flex\/TPU. Byggplattan h\u00e5lls p\u00e5 plats med magneter, vilket g\u00f6r det enkelt att f\u00f6rst ta bort plattan fr\u00e5n skrivaren innan du tar bort utskriften fr\u00e5n plattan. Storlek: 300 x 250 mm\" \/>\n<meta name=\"robots\" content=\"index, follow, max-snippet:-1, max-image-preview:large, max-video-preview:-1\" \/>\n<link rel=\"canonical\" href=\"https:\/\/www.zyyxlabs.com\/sv\/produkt\/zx502\/\" \/>\n<meta property=\"og:locale\" content=\"sv_SE\" \/>\n<meta property=\"og:type\" content=\"article\" \/>\n<meta property=\"og:title\" content=\"ZX502 ZYYX+\/ZYYX Classic byggplatta (svart design) - ZYYX Labs\" \/>\n<meta property=\"og:description\" content=\"Byggplattan \u00e4r tillverkad av en v\u00e4rmet\u00e5lig glasplatta av borosilikatglas som \u00e4r laminerad med en specialanpassad plastyta, vilket g\u00f6r det m\u00f6jligt att skriva ut med olika material utan behov av lim, tejp eller andra f\u00e4st\u00e4mnen. Denna byggplatteyta m\u00f6jligg\u00f6r utskrift med ABS, PLA, ASA och Flex\/TPU. Byggplattan h\u00e5lls p\u00e5 plats med magneter, vilket g\u00f6r det enkelt att f\u00f6rst ta bort plattan fr\u00e5n skrivaren innan du tar bort utskriften fr\u00e5n plattan. Storlek: 300 x 250 mm\" \/>\n<meta property=\"og:url\" content=\"https:\/\/www.zyyxlabs.com\/sv\/produkt\/zx502\/\" \/>\n<meta property=\"og:site_name\" content=\"ZYYX Labs\" \/>\n<meta property=\"article:modified_time\" content=\"2025-03-19T15:00:39+00:00\" \/>\n<meta property=\"og:image\" content=\"https:\/\/www.zyyxlabs.com\/wp-content\/uploads\/2019\/04\/BP50-1.png\" \/>\n\t<meta property=\"og:image:width\" content=\"991\" \/>\n\t<meta property=\"og:image:height\" content=\"851\" \/>\n\t<meta property=\"og:image:type\" content=\"image\/png\" \/>\n<meta name=\"twitter:card\" content=\"summary_large_image\" \/>\n<meta name=\"twitter:label1\" content=\"Ber\u00e4knad l\u00e4stid\" \/>\n\t<meta name=\"twitter:data1\" content=\"1 minut\" \/>\n<script type=\"application\/ld+json\" class=\"yoast-schema-graph\">{\"@context\":\"https:\/\/schema.org\",\"@graph\":[{\"@type\":\"WebPage\",\"@id\":\"https:\/\/www.zyyxlabs.com\/sv\/produkt\/zx502\/\",\"url\":\"https:\/\/www.zyyxlabs.com\/sv\/produkt\/zx502\/\",\"name\":\"ZX502 ZYYX+\/ZYYX Classic byggplatta (svart design) - ZYYX Labs\",\"isPartOf\":{\"@id\":\"https:\/\/www.zyyxlabs.com\/#website\"},\"primaryImageOfPage\":{\"@id\":\"https:\/\/www.zyyxlabs.com\/sv\/produkt\/zx502\/#primaryimage\"},\"image\":{\"@id\":\"https:\/\/www.zyyxlabs.com\/sv\/produkt\/zx502\/#primaryimage\"},\"thumbnailUrl\":\"https:\/\/www.zyyxlabs.com\/wp-content\/uploads\/2019\/04\/BP50-1.png\",\"datePublished\":\"2019-10-24T10:48:52+00:00\",\"dateModified\":\"2025-03-19T15:00:39+00:00\",\"description\":\"Byggplattan \u00e4r tillverkad av en v\u00e4rmet\u00e5lig glasplatta av borosilikatglas som \u00e4r laminerad med en specialanpassad plastyta, vilket g\u00f6r det m\u00f6jligt att skriva ut med olika material utan behov av lim, tejp eller andra f\u00e4st\u00e4mnen. Denna byggplatteyta m\u00f6jligg\u00f6r utskrift med ABS, PLA, ASA och Flex\/TPU. Byggplattan h\u00e5lls p\u00e5 plats med magneter, vilket g\u00f6r det enkelt att f\u00f6rst ta bort plattan fr\u00e5n skrivaren innan du tar bort utskriften fr\u00e5n plattan. Storlek: 300 x 250 mm\",\"breadcrumb\":{\"@id\":\"https:\/\/www.zyyxlabs.com\/sv\/produkt\/zx502\/#breadcrumb\"},\"inLanguage\":\"sv-SE\",\"potentialAction\":[{\"@type\":\"ReadAction\",\"target\":[\"https:\/\/www.zyyxlabs.com\/sv\/produkt\/zx502\/\"]}]},{\"@type\":\"ImageObject\",\"inLanguage\":\"sv-SE\",\"@id\":\"https:\/\/www.zyyxlabs.com\/sv\/produkt\/zx502\/#primaryimage\",\"url\":\"https:\/\/www.zyyxlabs.com\/wp-content\/uploads\/2019\/04\/BP50-1.png\",\"contentUrl\":\"https:\/\/www.zyyxlabs.com\/wp-content\/uploads\/2019\/04\/BP50-1.png\",\"width\":991,\"height\":851,\"caption\":\"ZX502 ZYYX+ Build-Plate\u2122 for ZYYX Classic and ZYYX+\"},{\"@type\":\"BreadcrumbList\",\"@id\":\"https:\/\/www.zyyxlabs.com\/sv\/produkt\/zx502\/#breadcrumb\",\"itemListElement\":[{\"@type\":\"ListItem\",\"position\":1,\"name\":\"Home\",\"item\":\"https:\/\/www.zyyxlabs.com\/\"},{\"@type\":\"ListItem\",\"position\":2,\"name\":\"Webbshop\",\"item\":\"https:\/\/www.zyyxlabs.com\/sv\/webbshop\/\"},{\"@type\":\"ListItem\",\"position\":3,\"name\":\"Byggplatta\",\"item\":\"https:\/\/www.zyyxlabs.com\/sv\/etikett\/byggplatta\/\"},{\"@type\":\"ListItem\",\"position\":4,\"name\":\"ZX502 ZYYX+\/ZYYX Classic byggplatta (svart design)\"}]},{\"@type\":\"WebSite\",\"@id\":\"https:\/\/www.zyyxlabs.com\/#website\",\"url\":\"https:\/\/www.zyyxlabs.com\/\",\"name\":\"ZYYX Labs\",\"description\":\"Professionella 3d-skrivare\",\"publisher\":{\"@id\":\"https:\/\/www.zyyxlabs.com\/#organization\"},\"potentialAction\":[{\"@type\":\"SearchAction\",\"target\":{\"@type\":\"EntryPoint\",\"urlTemplate\":\"https:\/\/www.zyyxlabs.com\/?s={search_term_string}\"},\"query-input\":{\"@type\":\"PropertyValueSpecification\",\"valueRequired\":true,\"valueName\":\"search_term_string\"}}],\"inLanguage\":\"sv-SE\"},{\"@type\":\"Organization\",\"@id\":\"https:\/\/www.zyyxlabs.com\/#organization\",\"name\":\"ZYYX Labs AB\",\"url\":\"https:\/\/www.zyyxlabs.com\/\",\"logo\":{\"@type\":\"ImageObject\",\"inLanguage\":\"sv-SE\",\"@id\":\"https:\/\/www.zyyxlabs.com\/#\/schema\/logo\/image\/\",\"url\":\"https:\/\/www.zyyxlabs.com\/wp-content\/uploads\/2019\/03\/logo.svg\",\"contentUrl\":\"https:\/\/www.zyyxlabs.com\/wp-content\/uploads\/2019\/03\/logo.svg\",\"width\":1,\"height\":1,\"caption\":\"ZYYX Labs AB\"},\"image\":{\"@id\":\"https:\/\/www.zyyxlabs.com\/#\/schema\/logo\/image\/\"},\"sameAs\":[\"https:\/\/www.linkedin.com\/company\/zyyx-3d-printer\"]}]}<\/script>\n<!-- \/ Yoast SEO plugin. -->","yoast_head_json":{"title":"ZX502 ZYYX+\/ZYYX Classic byggplatta (svart design) - ZYYX Labs","description":"Byggplattan \u00e4r tillverkad av en v\u00e4rmet\u00e5lig glasplatta av borosilikatglas som \u00e4r laminerad med en specialanpassad plastyta, vilket g\u00f6r det m\u00f6jligt att skriva ut med olika material utan behov av lim, tejp eller andra f\u00e4st\u00e4mnen. Denna byggplatteyta m\u00f6jligg\u00f6r utskrift med ABS, PLA, ASA och Flex\/TPU. Byggplattan h\u00e5lls p\u00e5 plats med magneter, vilket g\u00f6r det enkelt att f\u00f6rst ta bort plattan fr\u00e5n skrivaren innan du tar bort utskriften fr\u00e5n plattan. Storlek: 300 x 250 mm","robots":{"index":"index","follow":"follow","max-snippet":"max-snippet:-1","max-image-preview":"max-image-preview:large","max-video-preview":"max-video-preview:-1"},"canonical":"https:\/\/www.zyyxlabs.com\/sv\/produkt\/zx502\/","og_locale":"sv_SE","og_type":"article","og_title":"ZX502 ZYYX+\/ZYYX Classic byggplatta (svart design) - ZYYX Labs","og_description":"Byggplattan \u00e4r tillverkad av en v\u00e4rmet\u00e5lig glasplatta av borosilikatglas som \u00e4r laminerad med en specialanpassad plastyta, vilket g\u00f6r det m\u00f6jligt att skriva ut med olika material utan behov av lim, tejp eller andra f\u00e4st\u00e4mnen. Denna byggplatteyta m\u00f6jligg\u00f6r utskrift med ABS, PLA, ASA och Flex\/TPU. Byggplattan h\u00e5lls p\u00e5 plats med magneter, vilket g\u00f6r det enkelt att f\u00f6rst ta bort plattan fr\u00e5n skrivaren innan du tar bort utskriften fr\u00e5n plattan. Storlek: 300 x 250 mm","og_url":"https:\/\/www.zyyxlabs.com\/sv\/produkt\/zx502\/","og_site_name":"ZYYX Labs","article_modified_time":"2025-03-19T15:00:39+00:00","og_image":[{"width":991,"height":851,"url":"https:\/\/www.zyyxlabs.com\/wp-content\/uploads\/2019\/04\/BP50-1.png","type":"image\/png"}],"twitter_card":"summary_large_image","twitter_misc":{"Ber\u00e4knad l\u00e4stid":"1 minut"},"schema":{"@context":"https:\/\/schema.org","@graph":[{"@type":"WebPage","@id":"https:\/\/www.zyyxlabs.com\/sv\/produkt\/zx502\/","url":"https:\/\/www.zyyxlabs.com\/sv\/produkt\/zx502\/","name":"ZX502 ZYYX+\/ZYYX Classic byggplatta (svart design) - ZYYX Labs","isPartOf":{"@id":"https:\/\/www.zyyxlabs.com\/#website"},"primaryImageOfPage":{"@id":"https:\/\/www.zyyxlabs.com\/sv\/produkt\/zx502\/#primaryimage"},"image":{"@id":"https:\/\/www.zyyxlabs.com\/sv\/produkt\/zx502\/#primaryimage"},"thumbnailUrl":"https:\/\/www.zyyxlabs.com\/wp-content\/uploads\/2019\/04\/BP50-1.png","datePublished":"2019-10-24T10:48:52+00:00","dateModified":"2025-03-19T15:00:39+00:00","description":"Byggplattan \u00e4r tillverkad av en v\u00e4rmet\u00e5lig glasplatta av borosilikatglas som \u00e4r laminerad med en specialanpassad plastyta, vilket g\u00f6r det m\u00f6jligt att skriva ut med olika material utan behov av lim, tejp eller andra f\u00e4st\u00e4mnen. Denna byggplatteyta m\u00f6jligg\u00f6r utskrift med ABS, PLA, ASA och Flex\/TPU. Byggplattan h\u00e5lls p\u00e5 plats med magneter, vilket g\u00f6r det enkelt att f\u00f6rst ta bort plattan fr\u00e5n skrivaren innan du tar bort utskriften fr\u00e5n plattan. Storlek: 300 x 250 mm","breadcrumb":{"@id":"https:\/\/www.zyyxlabs.com\/sv\/produkt\/zx502\/#breadcrumb"},"inLanguage":"sv-SE","potentialAction":[{"@type":"ReadAction","target":["https:\/\/www.zyyxlabs.com\/sv\/produkt\/zx502\/"]}]},{"@type":"ImageObject","inLanguage":"sv-SE","@id":"https:\/\/www.zyyxlabs.com\/sv\/produkt\/zx502\/#primaryimage","url":"https:\/\/www.zyyxlabs.com\/wp-content\/uploads\/2019\/04\/BP50-1.png","contentUrl":"https:\/\/www.zyyxlabs.com\/wp-content\/uploads\/2019\/04\/BP50-1.png","width":991,"height":851,"caption":"ZX502 ZYYX+ Build-Plate\u2122 for ZYYX Classic and ZYYX+"},{"@type":"BreadcrumbList","@id":"https:\/\/www.zyyxlabs.com\/sv\/produkt\/zx502\/#breadcrumb","itemListElement":[{"@type":"ListItem","position":1,"name":"Home","item":"https:\/\/www.zyyxlabs.com\/"},{"@type":"ListItem","position":2,"name":"Webbshop","item":"https:\/\/www.zyyxlabs.com\/sv\/webbshop\/"},{"@type":"ListItem","position":3,"name":"Byggplatta","item":"https:\/\/www.zyyxlabs.com\/sv\/etikett\/byggplatta\/"},{"@type":"ListItem","position":4,"name":"ZX502 ZYYX+\/ZYYX Classic byggplatta (svart design)"}]},{"@type":"WebSite","@id":"https:\/\/www.zyyxlabs.com\/#website","url":"https:\/\/www.zyyxlabs.com\/","name":"ZYYX Labs","description":"Professionella 3d-skrivare","publisher":{"@id":"https:\/\/www.zyyxlabs.com\/#organization"},"potentialAction":[{"@type":"SearchAction","target":{"@type":"EntryPoint","urlTemplate":"https:\/\/www.zyyxlabs.com\/?s={search_term_string}"},"query-input":{"@type":"PropertyValueSpecification","valueRequired":true,"valueName":"search_term_string"}}],"inLanguage":"sv-SE"},{"@type":"Organization","@id":"https:\/\/www.zyyxlabs.com\/#organization","name":"ZYYX Labs AB","url":"https:\/\/www.zyyxlabs.com\/","logo":{"@type":"ImageObject","inLanguage":"sv-SE","@id":"https:\/\/www.zyyxlabs.com\/#\/schema\/logo\/image\/","url":"https:\/\/www.zyyxlabs.com\/wp-content\/uploads\/2019\/03\/logo.svg","contentUrl":"https:\/\/www.zyyxlabs.com\/wp-content\/uploads\/2019\/03\/logo.svg","width":1,"height":1,"caption":"ZYYX Labs AB"},"image":{"@id":"https:\/\/www.zyyxlabs.com\/#\/schema\/logo\/image\/"},"sameAs":["https:\/\/www.linkedin.com\/company\/zyyx-3d-printer"]}]}},"_links":{"self":[{"href":"https:\/\/www.zyyxlabs.com\/sv\/wp-json\/wp\/v2\/product\/11093","targetHints":{"allow":["GET"]}}],"collection":[{"href":"https:\/\/www.zyyxlabs.com\/sv\/wp-json\/wp\/v2\/product"}],"about":[{"href":"https:\/\/www.zyyxlabs.com\/sv\/wp-json\/wp\/v2\/types\/product"}],"replies":[{"embeddable":true,"href":"https:\/\/www.zyyxlabs.com\/sv\/wp-json\/wp\/v2\/comments?post=11093"}],"wp:featuredmedia":[{"embeddable":true,"href":"https:\/\/www.zyyxlabs.com\/sv\/wp-json\/wp\/v2\/media\/411"}],"wp:attachment":[{"href":"https:\/\/www.zyyxlabs.com\/sv\/wp-json\/wp\/v2\/media?parent=11093"}],"wp:term":[{"taxonomy":"product_brand","embeddable":true,"href":"https:\/\/www.zyyxlabs.com\/sv\/wp-json\/wp\/v2\/product_brand?post=11093"},{"taxonomy":"product_cat","embeddable":true,"href":"https:\/\/www.zyyxlabs.com\/sv\/wp-json\/wp\/v2\/product_cat?post=11093"},{"taxonomy":"product_tag","embeddable":true,"href":"https:\/\/www.zyyxlabs.com\/sv\/wp-json\/wp\/v2\/product_tag?post=11093"}],"curies":[{"name":"wp","href":"https:\/\/api.w.org\/{rel}","templated":true}]}}