{"id":11090,"date":"2019-10-24T10:49:01","date_gmt":"2019-10-24T10:49:01","guid":{"rendered":"https:\/\/www.zyyxlabs.com\/product\/officesafe-filterkassett-3-pack\/"},"modified":"2021-09-24T11:54:59","modified_gmt":"2021-09-24T09:54:59","slug":"zx407","status":"publish","type":"product","link":"https:\/\/www.zyyxlabs.com\/sv\/produkt\/zx407\/","title":{"rendered":"ZX407 OfficeSafe\u2122 filterkassetter (3-pack)"},"content":{"rendered":"<p>Paket med 3 st OfficeSafe\u2122 filterkassetter (HEPA och aktivt kolfilter) f\u00f6r ZYYX Pro\u2122 och nyare eller uppgraderad ZYYX+\u2122 (med 20 mm sp\u00e5r).<br \/>\nDetta paket ger filtrerad och luktfria utskrifter under ett halv\u00e5r, eftersom luftfiltret b\u00f6r bytas ut varannan m\u00e5nad.<\/p>\n<p>Du kan hitta mer information p\u00e5 <a href=\"https:\/\/www.zyyxlabs.com\/sv\/forbrukningsartiklar\/\">produktsidan<\/a>.<\/p>\n<p><strong>Skrivarkompatibilitet<\/strong><br \/>\nZYYX\/ZYYX Classic: Nej, men kan uppgraderas till dessa, kontakta ZYYX. Gammal typ, se <a href=\"https:\/\/www.zyyxlabs.com\/sv\/produkt\/zx501\/\">ZX501 ZYYX\/ZYYX+ luftfilterpaket, 3 st<\/a><br \/>\nZYYX+: Ja, efter 2017 eller med f\u00f6rl\u00e4ngare. Kontakta ZYYX.<br \/>\nZYYX Pro: Ja<br \/>\nZYYX Pro II: NEJ<\/p>\n","protected":false},"excerpt":{"rendered":"<p>Paket med 3 st OfficeSafe\u2122 filterkassetter (HEPA och aktivt kolfilter) f\u00f6r ZYYX Pro\u2122 och nyare eller uppgraderad ZYYX+\u2122 (med 20 mm sp\u00e5r). Detta paket ger filtrerad och luktfria utskrifter under ett halv\u00e5r, eftersom luftfiltret b\u00f6r bytas ut varannan m\u00e5nad. Du kan hitta mer information p\u00e5 produktsidan. Skrivarkompatibilitet ZYYX\/ZYYX Classic: Nej, men kan uppgraderas till dessa, <a href=\"https:\/\/www.zyyxlabs.com\/sv\/produkt\/zx407\/\" class=\"more-link\">&#8230;<span class=\"screen-reader-text\">  ZX407 OfficeSafe\u2122 filterkassetter (3-pack)<\/span><\/a><\/p>\n","protected":false},"featured_media":672,"comment_status":"closed","ping_status":"closed","template":"","meta":{"_acf_changed":false,"inline_featured_image":false},"product_brand":[],"product_cat":[66,69],"product_tag":[74,111,126,84,253,115],"class_list":{"0":"post-11090","1":"product","2":"type-product","3":"status-publish","4":"has-post-thumbnail","6":"product_cat-forbrukningsartiklar","7":"product_cat-reservdelar","8":"product_tag-filter-sv-2","9":"product_tag-forbrukningsartiklar","10":"product_tag-luftfilter","11":"product_tag-officesafe-sv","12":"product_tag-zx503-sv","13":"product_tag-zyyx-pro-sv","14":"product_shipping_class-standard-shipping","16":"first","17":"instock","18":"taxable","19":"shipping-taxable","20":"purchasable","21":"product-type-simple"},"acf":[],"yoast_head":"<!-- This site is optimized with the Yoast SEO plugin v24.8.1 - https:\/\/yoast.com\/wordpress\/plugins\/seo\/ -->\n<title>ZX407 OfficeSafe\u2122 filterkassetter (3-pack) - ZYYX Labs<\/title>\n<meta name=\"description\" content=\"Paket med 3 st OfficeSafe\u2122 filterkassetter (HEPA och aktivt kolfilter) f\u00f6r ZYYX Pro\u2122 och nyare eller uppgraderad ZYYX+\u2122 (med 20 mm sp\u00e5r).\" \/>\n<meta name=\"robots\" content=\"index, follow, max-snippet:-1, max-image-preview:large, max-video-preview:-1\" \/>\n<link rel=\"canonical\" href=\"https:\/\/www.zyyxlabs.com\/sv\/produkt\/zx407\/\" \/>\n<meta property=\"og:locale\" content=\"sv_SE\" \/>\n<meta property=\"og:type\" content=\"article\" \/>\n<meta property=\"og:title\" content=\"ZX407 OfficeSafe\u2122 filterkassetter (3-pack) - ZYYX Labs\" \/>\n<meta property=\"og:description\" content=\"Paket med 3 st OfficeSafe\u2122 filterkassetter (HEPA och aktivt kolfilter) f\u00f6r ZYYX Pro\u2122 och nyare eller uppgraderad ZYYX+\u2122 (med 20 mm sp\u00e5r).\" \/>\n<meta property=\"og:url\" content=\"https:\/\/www.zyyxlabs.com\/sv\/produkt\/zx407\/\" \/>\n<meta property=\"og:site_name\" content=\"ZYYX Labs\" \/>\n<meta property=\"article:modified_time\" content=\"2021-09-24T09:54:59+00:00\" \/>\n<meta property=\"og:image\" content=\"https:\/\/www.zyyxlabs.com\/wp-content\/uploads\/2019\/10\/ZYYXpro-Filter-3-pack_png.png\" \/>\n\t<meta property=\"og:image:width\" content=\"800\" \/>\n\t<meta property=\"og:image:height\" content=\"558\" \/>\n\t<meta property=\"og:image:type\" content=\"image\/png\" \/>\n<meta name=\"twitter:card\" content=\"summary_large_image\" \/>\n<script type=\"application\/ld+json\" class=\"yoast-schema-graph\">{\"@context\":\"https:\/\/schema.org\",\"@graph\":[{\"@type\":\"WebPage\",\"@id\":\"https:\/\/www.zyyxlabs.com\/sv\/produkt\/zx407\/\",\"url\":\"https:\/\/www.zyyxlabs.com\/sv\/produkt\/zx407\/\",\"name\":\"ZX407 OfficeSafe\u2122 filterkassetter (3-pack) - ZYYX Labs\",\"isPartOf\":{\"@id\":\"https:\/\/www.zyyxlabs.com\/#website\"},\"primaryImageOfPage\":{\"@id\":\"https:\/\/www.zyyxlabs.com\/sv\/produkt\/zx407\/#primaryimage\"},\"image\":{\"@id\":\"https:\/\/www.zyyxlabs.com\/sv\/produkt\/zx407\/#primaryimage\"},\"thumbnailUrl\":\"https:\/\/www.zyyxlabs.com\/wp-content\/uploads\/2019\/10\/ZYYXpro-Filter-3-pack_png.png\",\"datePublished\":\"2019-10-24T10:49:01+00:00\",\"dateModified\":\"2021-09-24T09:54:59+00:00\",\"description\":\"Paket med 3 st OfficeSafe\u2122 filterkassetter (HEPA och aktivt kolfilter) f\u00f6r ZYYX Pro\u2122 och nyare eller uppgraderad ZYYX+\u2122 (med 20 mm sp\u00e5r).\",\"breadcrumb\":{\"@id\":\"https:\/\/www.zyyxlabs.com\/sv\/produkt\/zx407\/#breadcrumb\"},\"inLanguage\":\"sv-SE\",\"potentialAction\":[{\"@type\":\"ReadAction\",\"target\":[\"https:\/\/www.zyyxlabs.com\/sv\/produkt\/zx407\/\"]}]},{\"@type\":\"ImageObject\",\"inLanguage\":\"sv-SE\",\"@id\":\"https:\/\/www.zyyxlabs.com\/sv\/produkt\/zx407\/#primaryimage\",\"url\":\"https:\/\/www.zyyxlabs.com\/wp-content\/uploads\/2019\/10\/ZYYXpro-Filter-3-pack_png.png\",\"contentUrl\":\"https:\/\/www.zyyxlabs.com\/wp-content\/uploads\/2019\/10\/ZYYXpro-Filter-3-pack_png.png\",\"width\":800,\"height\":558,\"caption\":\"ZX407 OfficeSafe\u2122 filterkassetter\"},{\"@type\":\"BreadcrumbList\",\"@id\":\"https:\/\/www.zyyxlabs.com\/sv\/produkt\/zx407\/#breadcrumb\",\"itemListElement\":[{\"@type\":\"ListItem\",\"position\":1,\"name\":\"Home\",\"item\":\"https:\/\/www.zyyxlabs.com\/\"},{\"@type\":\"ListItem\",\"position\":2,\"name\":\"Webbshop\",\"item\":\"https:\/\/www.zyyxlabs.com\/sv\/webbshop\/\"},{\"@type\":\"ListItem\",\"position\":3,\"name\":\"Filter\",\"item\":\"https:\/\/www.zyyxlabs.com\/sv\/etikett\/filter-sv-2\/\"},{\"@type\":\"ListItem\",\"position\":4,\"name\":\"ZX407 OfficeSafe\u2122 filterkassetter (3-pack)\"}]},{\"@type\":\"WebSite\",\"@id\":\"https:\/\/www.zyyxlabs.com\/#website\",\"url\":\"https:\/\/www.zyyxlabs.com\/\",\"name\":\"ZYYX Labs\",\"description\":\"Professionella 3d-skrivare\",\"publisher\":{\"@id\":\"https:\/\/www.zyyxlabs.com\/#organization\"},\"potentialAction\":[{\"@type\":\"SearchAction\",\"target\":{\"@type\":\"EntryPoint\",\"urlTemplate\":\"https:\/\/www.zyyxlabs.com\/?s={search_term_string}\"},\"query-input\":{\"@type\":\"PropertyValueSpecification\",\"valueRequired\":true,\"valueName\":\"search_term_string\"}}],\"inLanguage\":\"sv-SE\"},{\"@type\":\"Organization\",\"@id\":\"https:\/\/www.zyyxlabs.com\/#organization\",\"name\":\"ZYYX Labs AB\",\"url\":\"https:\/\/www.zyyxlabs.com\/\",\"logo\":{\"@type\":\"ImageObject\",\"inLanguage\":\"sv-SE\",\"@id\":\"https:\/\/www.zyyxlabs.com\/#\/schema\/logo\/image\/\",\"url\":\"https:\/\/www.zyyxlabs.com\/wp-content\/uploads\/2019\/03\/logo.svg\",\"contentUrl\":\"https:\/\/www.zyyxlabs.com\/wp-content\/uploads\/2019\/03\/logo.svg\",\"width\":1,\"height\":1,\"caption\":\"ZYYX Labs AB\"},\"image\":{\"@id\":\"https:\/\/www.zyyxlabs.com\/#\/schema\/logo\/image\/\"},\"sameAs\":[\"https:\/\/www.linkedin.com\/company\/zyyx-3d-printer\"]}]}<\/script>\n<!-- \/ Yoast SEO plugin. -->","yoast_head_json":{"title":"ZX407 OfficeSafe\u2122 filterkassetter (3-pack) - ZYYX Labs","description":"Paket med 3 st OfficeSafe\u2122 filterkassetter (HEPA och aktivt kolfilter) f\u00f6r ZYYX Pro\u2122 och nyare eller uppgraderad ZYYX+\u2122 (med 20 mm sp\u00e5r).","robots":{"index":"index","follow":"follow","max-snippet":"max-snippet:-1","max-image-preview":"max-image-preview:large","max-video-preview":"max-video-preview:-1"},"canonical":"https:\/\/www.zyyxlabs.com\/sv\/produkt\/zx407\/","og_locale":"sv_SE","og_type":"article","og_title":"ZX407 OfficeSafe\u2122 filterkassetter (3-pack) - ZYYX Labs","og_description":"Paket med 3 st OfficeSafe\u2122 filterkassetter (HEPA och aktivt kolfilter) f\u00f6r ZYYX Pro\u2122 och nyare eller uppgraderad ZYYX+\u2122 (med 20 mm sp\u00e5r).","og_url":"https:\/\/www.zyyxlabs.com\/sv\/produkt\/zx407\/","og_site_name":"ZYYX Labs","article_modified_time":"2021-09-24T09:54:59+00:00","og_image":[{"width":800,"height":558,"url":"https:\/\/www.zyyxlabs.com\/wp-content\/uploads\/2019\/10\/ZYYXpro-Filter-3-pack_png.png","type":"image\/png"}],"twitter_card":"summary_large_image","schema":{"@context":"https:\/\/schema.org","@graph":[{"@type":"WebPage","@id":"https:\/\/www.zyyxlabs.com\/sv\/produkt\/zx407\/","url":"https:\/\/www.zyyxlabs.com\/sv\/produkt\/zx407\/","name":"ZX407 OfficeSafe\u2122 filterkassetter (3-pack) - ZYYX Labs","isPartOf":{"@id":"https:\/\/www.zyyxlabs.com\/#website"},"primaryImageOfPage":{"@id":"https:\/\/www.zyyxlabs.com\/sv\/produkt\/zx407\/#primaryimage"},"image":{"@id":"https:\/\/www.zyyxlabs.com\/sv\/produkt\/zx407\/#primaryimage"},"thumbnailUrl":"https:\/\/www.zyyxlabs.com\/wp-content\/uploads\/2019\/10\/ZYYXpro-Filter-3-pack_png.png","datePublished":"2019-10-24T10:49:01+00:00","dateModified":"2021-09-24T09:54:59+00:00","description":"Paket med 3 st OfficeSafe\u2122 filterkassetter (HEPA och aktivt kolfilter) f\u00f6r ZYYX Pro\u2122 och nyare eller uppgraderad ZYYX+\u2122 (med 20 mm sp\u00e5r).","breadcrumb":{"@id":"https:\/\/www.zyyxlabs.com\/sv\/produkt\/zx407\/#breadcrumb"},"inLanguage":"sv-SE","potentialAction":[{"@type":"ReadAction","target":["https:\/\/www.zyyxlabs.com\/sv\/produkt\/zx407\/"]}]},{"@type":"ImageObject","inLanguage":"sv-SE","@id":"https:\/\/www.zyyxlabs.com\/sv\/produkt\/zx407\/#primaryimage","url":"https:\/\/www.zyyxlabs.com\/wp-content\/uploads\/2019\/10\/ZYYXpro-Filter-3-pack_png.png","contentUrl":"https:\/\/www.zyyxlabs.com\/wp-content\/uploads\/2019\/10\/ZYYXpro-Filter-3-pack_png.png","width":800,"height":558,"caption":"ZX407 OfficeSafe\u2122 filterkassetter"},{"@type":"BreadcrumbList","@id":"https:\/\/www.zyyxlabs.com\/sv\/produkt\/zx407\/#breadcrumb","itemListElement":[{"@type":"ListItem","position":1,"name":"Home","item":"https:\/\/www.zyyxlabs.com\/"},{"@type":"ListItem","position":2,"name":"Webbshop","item":"https:\/\/www.zyyxlabs.com\/sv\/webbshop\/"},{"@type":"ListItem","position":3,"name":"Filter","item":"https:\/\/www.zyyxlabs.com\/sv\/etikett\/filter-sv-2\/"},{"@type":"ListItem","position":4,"name":"ZX407 OfficeSafe\u2122 filterkassetter (3-pack)"}]},{"@type":"WebSite","@id":"https:\/\/www.zyyxlabs.com\/#website","url":"https:\/\/www.zyyxlabs.com\/","name":"ZYYX Labs","description":"Professionella 3d-skrivare","publisher":{"@id":"https:\/\/www.zyyxlabs.com\/#organization"},"potentialAction":[{"@type":"SearchAction","target":{"@type":"EntryPoint","urlTemplate":"https:\/\/www.zyyxlabs.com\/?s={search_term_string}"},"query-input":{"@type":"PropertyValueSpecification","valueRequired":true,"valueName":"search_term_string"}}],"inLanguage":"sv-SE"},{"@type":"Organization","@id":"https:\/\/www.zyyxlabs.com\/#organization","name":"ZYYX Labs AB","url":"https:\/\/www.zyyxlabs.com\/","logo":{"@type":"ImageObject","inLanguage":"sv-SE","@id":"https:\/\/www.zyyxlabs.com\/#\/schema\/logo\/image\/","url":"https:\/\/www.zyyxlabs.com\/wp-content\/uploads\/2019\/03\/logo.svg","contentUrl":"https:\/\/www.zyyxlabs.com\/wp-content\/uploads\/2019\/03\/logo.svg","width":1,"height":1,"caption":"ZYYX Labs AB"},"image":{"@id":"https:\/\/www.zyyxlabs.com\/#\/schema\/logo\/image\/"},"sameAs":["https:\/\/www.linkedin.com\/company\/zyyx-3d-printer"]}]}},"_links":{"self":[{"href":"https:\/\/www.zyyxlabs.com\/sv\/wp-json\/wp\/v2\/product\/11090","targetHints":{"allow":["GET"]}}],"collection":[{"href":"https:\/\/www.zyyxlabs.com\/sv\/wp-json\/wp\/v2\/product"}],"about":[{"href":"https:\/\/www.zyyxlabs.com\/sv\/wp-json\/wp\/v2\/types\/product"}],"replies":[{"embeddable":true,"href":"https:\/\/www.zyyxlabs.com\/sv\/wp-json\/wp\/v2\/comments?post=11090"}],"wp:featuredmedia":[{"embeddable":true,"href":"https:\/\/www.zyyxlabs.com\/sv\/wp-json\/wp\/v2\/media\/672"}],"wp:attachment":[{"href":"https:\/\/www.zyyxlabs.com\/sv\/wp-json\/wp\/v2\/media?parent=11090"}],"wp:term":[{"taxonomy":"product_brand","embeddable":true,"href":"https:\/\/www.zyyxlabs.com\/sv\/wp-json\/wp\/v2\/product_brand?post=11090"},{"taxonomy":"product_cat","embeddable":true,"href":"https:\/\/www.zyyxlabs.com\/sv\/wp-json\/wp\/v2\/product_cat?post=11090"},{"taxonomy":"product_tag","embeddable":true,"href":"https:\/\/www.zyyxlabs.com\/sv\/wp-json\/wp\/v2\/product_tag?post=11090"}],"curies":[{"name":"wp","href":"https:\/\/api.w.org\/{rel}","templated":true}]}}