{"id":10914,"date":"2019-10-24T10:48:48","date_gmt":"2019-10-24T10:48:48","guid":{"rendered":"https:\/\/www.zyyxlabs.com\/product\/zyyx-abs-filament-white\/"},"modified":"2026-02-08T20:54:08","modified_gmt":"2026-02-08T19:54:08","slug":"faxx","status":"publish","type":"product","link":"https:\/\/www.zyyxlabs.com\/sv\/produkt\/faxx\/","title":{"rendered":"FAXX ZYYX ABS\u2122 filamentmaterial"},"content":{"rendered":"<p>ZYYX ABS\u2122 \u00e4r en ABS-blandning (akrylonitrilbutadienstyren) som fungerar med ZYYX-byggplattan och har minimal varp p\u00e5 grund av polymerblandningen. F\u00f6r b\u00e4ttre prestanda rekommenderas ZYYX perforerade byggplatta. ZYYX ABS\u2122 \u00e4r utm\u00e4rkt f\u00f6r att skriva ut prototyper eller produktionsdelar som uts\u00e4tts f\u00f6r medelstora mekaniska p\u00e5frestningar. Ytan p\u00e5 ett ZYYX ABS\u2122-utskrift \u00e4r matt och materialet finns i flera f\u00e4rger.<\/p>\n<p>Exempel p\u00e5 anv\u00e4ndningsomr\u00e5den:<\/p>\n<ul>\n<li>Prototyper av delar som ska produceras i ABS<\/li>\n<\/ul>\n<p><strong>Nettovikt<\/strong><br \/>\n1\u00a0kg<\/p>\n<p><strong>F\u00e4rger<\/strong><br \/>\n<img loading=\"lazy\" decoding=\"async\" class=\"circle\" src=\"https:\/\/www.zyyxlabs.com\/wp-content\/uploads\/2019\/04\/white-75x75.jpg\" width=\"50\" height=\"50\" \/> FA01 Vit (Pantone n\/a)<br \/>\n<img loading=\"lazy\" decoding=\"async\" class=\"circle alignnone wp-image-341 size-full\" src=\"https:\/\/www.zyyxlabs.com\/wp-content\/uploads\/2019\/04\/grey-75x75.jpg\" alt=\"\" width=\"50\" height=\"50\" \/> FA02 Gr\u00e5 (~Pantone 428 U, RAL 820-2, NCS 3005-R80B)<br \/>\n<img loading=\"lazy\" decoding=\"async\" class=\"circle alignnone wp-image-339 size-full\" src=\"https:\/\/www.zyyxlabs.com\/wp-content\/uploads\/2019\/04\/black-75x75.jpg\" alt=\"\" width=\"50\" height=\"50\" \/> FA03 Svart(~Pantone\u00a0Black U, RAL 060 40 05, NCS 7000-N)<br \/>\n<img loading=\"lazy\" decoding=\"async\" class=\"circle alignnone size-medium wp-image-11014\" src=\"https:\/\/www.zyyxlabs.com\/wp-content\/uploads\/2019\/10\/PLA-R\u00f6d-2020-03-25-F\u00e4rgruta-300x300.jpg\" alt=\"\" width=\"50\" height=\"50\" srcset=\"https:\/\/www.zyyxlabs.com\/wp-content\/uploads\/2019\/10\/PLA-R\u00f6d-2020-03-25-F\u00e4rgruta-300x300.jpg 300w, https:\/\/www.zyyxlabs.com\/wp-content\/uploads\/2019\/10\/PLA-R\u00f6d-2020-03-25-F\u00e4rgruta-150x150.jpg 150w, https:\/\/www.zyyxlabs.com\/wp-content\/uploads\/2019\/10\/PLA-R\u00f6d-2020-03-25-F\u00e4rgruta-600x600.jpg 600w, https:\/\/www.zyyxlabs.com\/wp-content\/uploads\/2019\/10\/PLA-R\u00f6d-2020-03-25-F\u00e4rgruta-100x100.jpg 100w, https:\/\/www.zyyxlabs.com\/wp-content\/uploads\/2019\/10\/PLA-R\u00f6d-2020-03-25-F\u00e4rgruta.jpg 800w\" sizes=\"auto, (max-width: 50px) 100vw, 50px\" \/> FA04 R\u00f6d (~Pantone 485\u00a0U, RAL -, NCS 1070-Y80R)<br \/>\n<img loading=\"lazy\" decoding=\"async\" class=\"circle alignnone size-medium wp-image-11020\" src=\"https:\/\/www.zyyxlabs.com\/wp-content\/uploads\/2019\/10\/PLA-Gul-2020-03-25-F\u00e4rgruta-300x300.jpg\" alt=\"\" width=\"50\" height=\"50\" srcset=\"https:\/\/www.zyyxlabs.com\/wp-content\/uploads\/2019\/10\/PLA-Gul-2020-03-25-F\u00e4rgruta-300x300.jpg 300w, https:\/\/www.zyyxlabs.com\/wp-content\/uploads\/2019\/10\/PLA-Gul-2020-03-25-F\u00e4rgruta-150x150.jpg 150w, https:\/\/www.zyyxlabs.com\/wp-content\/uploads\/2019\/10\/PLA-Gul-2020-03-25-F\u00e4rgruta-600x600.jpg 600w, https:\/\/www.zyyxlabs.com\/wp-content\/uploads\/2019\/10\/PLA-Gul-2020-03-25-F\u00e4rgruta-100x100.jpg 100w, https:\/\/www.zyyxlabs.com\/wp-content\/uploads\/2019\/10\/PLA-Gul-2020-03-25-F\u00e4rgruta.jpg 800w\" sizes=\"auto, (max-width: 50px) 100vw, 50px\" \/> FA06 Gul (~Pantone\u00a03965 U, RAL -, NCS -)<br \/>\n<img loading=\"lazy\" decoding=\"async\" class=\"circle alignnone wp-image-333 size-full\" src=\"https:\/\/www.zyyxlabs.com\/wp-content\/uploads\/2019\/04\/green-75x75.jpg\" alt=\"\" width=\"50\" height=\"50\" \/> FA07 Ljusgr\u00f6n (~Pantone 7488 U, RAL -, NCS -)<br \/>\n<img loading=\"lazy\" decoding=\"async\" class=\"circle alignnone size-medium wp-image-11022\" src=\"https:\/\/www.zyyxlabs.com\/wp-content\/uploads\/2019\/10\/PLA-Ljusbl\u00e5-2020-04-17-F\u00e4rgruta-300x285.jpg\" alt=\"\" width=\"50\" height=\"50\" srcset=\"https:\/\/www.zyyxlabs.com\/wp-content\/uploads\/2019\/10\/PLA-Ljusbl\u00e5-2020-04-17-F\u00e4rgruta-150x150.jpg 150w, https:\/\/www.zyyxlabs.com\/wp-content\/uploads\/2019\/10\/PLA-Ljusbl\u00e5-2020-04-17-F\u00e4rgruta-300x300.jpg 300w, https:\/\/www.zyyxlabs.com\/wp-content\/uploads\/2019\/10\/PLA-Ljusbl\u00e5-2020-04-17-F\u00e4rgruta-100x100.jpg 100w\" sizes=\"auto, (max-width: 50px) 100vw, 50px\" \/> FA09 Ljusbl\u00e5 (~Pantone 638 U, RAL -, NCS -)<\/p>\n<p><strong>Skrivarkompatibilitet<\/strong><br \/>\nZYYX Pro II med alla SwiftTool24 och perforerad byggyta<br \/>\nZYYX Pro med Multi-Material- eller perforerad byggplatta (b\u00e4ttre)<br \/>\nZYYX+: Begr\u00e4nsade storlekar, Ja (med perforerad byggplatta)<br \/>\nZYYX Classic: Se ZYYX+<\/p>\n<p><strong>Utskriftsinst\u00e4llningar<\/strong><br \/>\nZYYX ABS\u00a0i Simplify3D<\/p>\n","protected":false},"excerpt":{"rendered":"<p>ZYYX ABS\u2122 \u00e4r en ABS-blandning (akrylonitrilbutadienstyren) som fungerar med ZYYX-byggplattan och har minimal varp p\u00e5 grund av polymerblandningen. F\u00f6r b\u00e4ttre prestanda rekommenderas ZYYX perforerade byggplatta. ZYYX ABS\u2122 \u00e4r utm\u00e4rkt f\u00f6r att skriva ut prototyper eller produktionsdelar som uts\u00e4tts f\u00f6r medelstora mekaniska p\u00e5frestningar. Ytan p\u00e5 ett ZYYX ABS\u2122-utskrift \u00e4r matt och materialet finns i flera f\u00e4rger. <a href=\"https:\/\/www.zyyxlabs.com\/sv\/produkt\/faxx\/\" class=\"more-link\">&#8230;<span class=\"screen-reader-text\">  FAXX ZYYX ABS\u2122 filamentmaterial<\/span><\/a><\/p>\n","protected":false},"featured_media":543,"comment_status":"closed","ping_status":"closed","template":"","meta":{"_acf_changed":false,"inline_featured_image":false},"product_brand":[],"product_cat":[67],"product_tag":[71,72,112,111,83,87,151,150,113,95,79,81,85],"class_list":{"0":"post-10914","1":"product","2":"type-product","3":"status-publish","4":"has-post-thumbnail","6":"product_cat-filament","7":"product_tag-abs-sv","8":"product_tag-abs-filament-sv","9":"product_tag-filament-sv-2","10":"product_tag-forbrukningsartiklar","11":"product_tag-grey-sv","12":"product_tag-gul","13":"product_tag-ljusbla","14":"product_tag-ljusgron","15":"product_tag-material-sv","16":"product_tag-orange-sv-2","17":"product_tag-rod","18":"product_tag-svart","19":"product_tag-vit","20":"product_shipping_class-standard-shipping","22":"first","23":"instock","24":"taxable","25":"shipping-taxable","26":"purchasable","27":"product-type-variable"},"acf":[],"yoast_head":"<!-- This site is optimized with the Yoast SEO plugin v24.8.1 - https:\/\/yoast.com\/wordpress\/plugins\/seo\/ -->\n<title>FAXX ZYYX ABS\u2122 filamentmaterial - ZYYX Labs<\/title>\n<meta name=\"description\" content=\"ZYYX ABS\u2122 \u00e4r en ABS-blandning (akrylonitrilbutadienstyren) som fungerar med ZYYX-byggplattan och har minimal varp p\u00e5 grund av polymerblandningen. F\u00f6r b\u00e4ttre prestanda rekommenderas ZYYX perforerade byggplatta. ZYYX ABS\u2122 \u00e4r utm\u00e4rkt f\u00f6r att skriva ut prototyper eller produktionsdelar som uts\u00e4tts f\u00f6r medelstora mekaniska p\u00e5frestningar. Ytan p\u00e5 ett ZYYX ABS \u2122 -utskrift \u00e4r matt och materialet finns i flera f\u00e4rger.\" \/>\n<meta name=\"robots\" content=\"index, follow, max-snippet:-1, max-image-preview:large, max-video-preview:-1\" \/>\n<link rel=\"canonical\" href=\"https:\/\/www.zyyxlabs.com\/sv\/produkt\/faxx\/\" \/>\n<meta property=\"og:locale\" content=\"sv_SE\" \/>\n<meta property=\"og:type\" content=\"article\" \/>\n<meta property=\"og:title\" content=\"FAXX ZYYX ABS\u2122 filamentmaterial - ZYYX Labs\" \/>\n<meta property=\"og:description\" content=\"ZYYX ABS\u2122 \u00e4r en ABS-blandning (akrylonitrilbutadienstyren) som fungerar med ZYYX-byggplattan och har minimal varp p\u00e5 grund av polymerblandningen. F\u00f6r b\u00e4ttre prestanda rekommenderas ZYYX perforerade byggplatta. ZYYX ABS\u2122 \u00e4r utm\u00e4rkt f\u00f6r att skriva ut prototyper eller produktionsdelar som uts\u00e4tts f\u00f6r medelstora mekaniska p\u00e5frestningar. Ytan p\u00e5 ett ZYYX ABS \u2122 -utskrift \u00e4r matt och materialet finns i flera f\u00e4rger.\" \/>\n<meta property=\"og:url\" content=\"https:\/\/www.zyyxlabs.com\/sv\/produkt\/faxx\/\" \/>\n<meta property=\"og:site_name\" content=\"ZYYX Labs\" \/>\n<meta property=\"article:modified_time\" content=\"2026-02-08T19:54:08+00:00\" \/>\n<meta property=\"og:image\" content=\"https:\/\/www.zyyxlabs.com\/wp-content\/uploads\/2019\/07\/Rullar-ABS-r\u00f6d-gul-svart-_DSC5494-2.png\" \/>\n\t<meta property=\"og:image:width\" content=\"1524\" \/>\n\t<meta property=\"og:image:height\" content=\"785\" \/>\n\t<meta property=\"og:image:type\" content=\"image\/png\" \/>\n<meta name=\"twitter:card\" content=\"summary_large_image\" \/>\n<meta name=\"twitter:label1\" content=\"Ber\u00e4knad l\u00e4stid\" \/>\n\t<meta name=\"twitter:data1\" content=\"1 minut\" \/>\n<script type=\"application\/ld+json\" class=\"yoast-schema-graph\">{\"@context\":\"https:\/\/schema.org\",\"@graph\":[{\"@type\":\"WebPage\",\"@id\":\"https:\/\/www.zyyxlabs.com\/sv\/produkt\/faxx\/\",\"url\":\"https:\/\/www.zyyxlabs.com\/sv\/produkt\/faxx\/\",\"name\":\"FAXX ZYYX ABS\u2122 filamentmaterial - ZYYX Labs\",\"isPartOf\":{\"@id\":\"https:\/\/www.zyyxlabs.com\/#website\"},\"primaryImageOfPage\":{\"@id\":\"https:\/\/www.zyyxlabs.com\/sv\/produkt\/faxx\/#primaryimage\"},\"image\":{\"@id\":\"https:\/\/www.zyyxlabs.com\/sv\/produkt\/faxx\/#primaryimage\"},\"thumbnailUrl\":\"https:\/\/www.zyyxlabs.com\/wp-content\/uploads\/2019\/07\/Rullar-ABS-r\u00f6d-gul-svart-_DSC5494-2.png\",\"datePublished\":\"2019-10-24T10:48:48+00:00\",\"dateModified\":\"2026-02-08T19:54:08+00:00\",\"description\":\"ZYYX ABS\u2122 \u00e4r en ABS-blandning (akrylonitrilbutadienstyren) som fungerar med ZYYX-byggplattan och har minimal varp p\u00e5 grund av polymerblandningen. F\u00f6r b\u00e4ttre prestanda rekommenderas ZYYX perforerade byggplatta. ZYYX ABS\u2122 \u00e4r utm\u00e4rkt f\u00f6r att skriva ut prototyper eller produktionsdelar som uts\u00e4tts f\u00f6r medelstora mekaniska p\u00e5frestningar. Ytan p\u00e5 ett ZYYX ABS \u2122 -utskrift \u00e4r matt och materialet finns i flera f\u00e4rger.\",\"breadcrumb\":{\"@id\":\"https:\/\/www.zyyxlabs.com\/sv\/produkt\/faxx\/#breadcrumb\"},\"inLanguage\":\"sv-SE\",\"potentialAction\":[{\"@type\":\"ReadAction\",\"target\":[\"https:\/\/www.zyyxlabs.com\/sv\/produkt\/faxx\/\"]}]},{\"@type\":\"ImageObject\",\"inLanguage\":\"sv-SE\",\"@id\":\"https:\/\/www.zyyxlabs.com\/sv\/produkt\/faxx\/#primaryimage\",\"url\":\"https:\/\/www.zyyxlabs.com\/wp-content\/uploads\/2019\/07\/Rullar-ABS-r\u00f6d-gul-svart-_DSC5494-2.png\",\"contentUrl\":\"https:\/\/www.zyyxlabs.com\/wp-content\/uploads\/2019\/07\/Rullar-ABS-r\u00f6d-gul-svart-_DSC5494-2.png\",\"width\":1524,\"height\":785,\"caption\":\"ZYYX ABS\u2122 Filamentmaterial\"},{\"@type\":\"BreadcrumbList\",\"@id\":\"https:\/\/www.zyyxlabs.com\/sv\/produkt\/faxx\/#breadcrumb\",\"itemListElement\":[{\"@type\":\"ListItem\",\"position\":1,\"name\":\"Home\",\"item\":\"https:\/\/www.zyyxlabs.com\/\"},{\"@type\":\"ListItem\",\"position\":2,\"name\":\"Webbshop\",\"item\":\"https:\/\/www.zyyxlabs.com\/sv\/webbshop\/\"},{\"@type\":\"ListItem\",\"position\":3,\"name\":\"ABS\",\"item\":\"https:\/\/www.zyyxlabs.com\/sv\/etikett\/abs-sv\/\"},{\"@type\":\"ListItem\",\"position\":4,\"name\":\"FAXX ZYYX ABS\u2122 filamentmaterial\"}]},{\"@type\":\"WebSite\",\"@id\":\"https:\/\/www.zyyxlabs.com\/#website\",\"url\":\"https:\/\/www.zyyxlabs.com\/\",\"name\":\"ZYYX Labs\",\"description\":\"Professionella 3d-skrivare\",\"publisher\":{\"@id\":\"https:\/\/www.zyyxlabs.com\/#organization\"},\"potentialAction\":[{\"@type\":\"SearchAction\",\"target\":{\"@type\":\"EntryPoint\",\"urlTemplate\":\"https:\/\/www.zyyxlabs.com\/?s={search_term_string}\"},\"query-input\":{\"@type\":\"PropertyValueSpecification\",\"valueRequired\":true,\"valueName\":\"search_term_string\"}}],\"inLanguage\":\"sv-SE\"},{\"@type\":\"Organization\",\"@id\":\"https:\/\/www.zyyxlabs.com\/#organization\",\"name\":\"ZYYX Labs AB\",\"url\":\"https:\/\/www.zyyxlabs.com\/\",\"logo\":{\"@type\":\"ImageObject\",\"inLanguage\":\"sv-SE\",\"@id\":\"https:\/\/www.zyyxlabs.com\/#\/schema\/logo\/image\/\",\"url\":\"https:\/\/www.zyyxlabs.com\/wp-content\/uploads\/2019\/03\/logo.svg\",\"contentUrl\":\"https:\/\/www.zyyxlabs.com\/wp-content\/uploads\/2019\/03\/logo.svg\",\"width\":1,\"height\":1,\"caption\":\"ZYYX Labs AB\"},\"image\":{\"@id\":\"https:\/\/www.zyyxlabs.com\/#\/schema\/logo\/image\/\"},\"sameAs\":[\"https:\/\/www.linkedin.com\/company\/zyyx-3d-printer\"]}]}<\/script>\n<!-- \/ Yoast SEO plugin. -->","yoast_head_json":{"title":"FAXX ZYYX ABS\u2122 filamentmaterial - ZYYX Labs","description":"ZYYX ABS\u2122 \u00e4r en ABS-blandning (akrylonitrilbutadienstyren) som fungerar med ZYYX-byggplattan och har minimal varp p\u00e5 grund av polymerblandningen. F\u00f6r b\u00e4ttre prestanda rekommenderas ZYYX perforerade byggplatta. ZYYX ABS\u2122 \u00e4r utm\u00e4rkt f\u00f6r att skriva ut prototyper eller produktionsdelar som uts\u00e4tts f\u00f6r medelstora mekaniska p\u00e5frestningar. Ytan p\u00e5 ett ZYYX ABS \u2122 -utskrift \u00e4r matt och materialet finns i flera f\u00e4rger.","robots":{"index":"index","follow":"follow","max-snippet":"max-snippet:-1","max-image-preview":"max-image-preview:large","max-video-preview":"max-video-preview:-1"},"canonical":"https:\/\/www.zyyxlabs.com\/sv\/produkt\/faxx\/","og_locale":"sv_SE","og_type":"article","og_title":"FAXX ZYYX ABS\u2122 filamentmaterial - ZYYX Labs","og_description":"ZYYX ABS\u2122 \u00e4r en ABS-blandning (akrylonitrilbutadienstyren) som fungerar med ZYYX-byggplattan och har minimal varp p\u00e5 grund av polymerblandningen. F\u00f6r b\u00e4ttre prestanda rekommenderas ZYYX perforerade byggplatta. ZYYX ABS\u2122 \u00e4r utm\u00e4rkt f\u00f6r att skriva ut prototyper eller produktionsdelar som uts\u00e4tts f\u00f6r medelstora mekaniska p\u00e5frestningar. Ytan p\u00e5 ett ZYYX ABS \u2122 -utskrift \u00e4r matt och materialet finns i flera f\u00e4rger.","og_url":"https:\/\/www.zyyxlabs.com\/sv\/produkt\/faxx\/","og_site_name":"ZYYX Labs","article_modified_time":"2026-02-08T19:54:08+00:00","og_image":[{"width":1524,"height":785,"url":"https:\/\/www.zyyxlabs.com\/wp-content\/uploads\/2019\/07\/Rullar-ABS-r\u00f6d-gul-svart-_DSC5494-2.png","type":"image\/png"}],"twitter_card":"summary_large_image","twitter_misc":{"Ber\u00e4knad l\u00e4stid":"1 minut"},"schema":{"@context":"https:\/\/schema.org","@graph":[{"@type":"WebPage","@id":"https:\/\/www.zyyxlabs.com\/sv\/produkt\/faxx\/","url":"https:\/\/www.zyyxlabs.com\/sv\/produkt\/faxx\/","name":"FAXX ZYYX ABS\u2122 filamentmaterial - ZYYX Labs","isPartOf":{"@id":"https:\/\/www.zyyxlabs.com\/#website"},"primaryImageOfPage":{"@id":"https:\/\/www.zyyxlabs.com\/sv\/produkt\/faxx\/#primaryimage"},"image":{"@id":"https:\/\/www.zyyxlabs.com\/sv\/produkt\/faxx\/#primaryimage"},"thumbnailUrl":"https:\/\/www.zyyxlabs.com\/wp-content\/uploads\/2019\/07\/Rullar-ABS-r\u00f6d-gul-svart-_DSC5494-2.png","datePublished":"2019-10-24T10:48:48+00:00","dateModified":"2026-02-08T19:54:08+00:00","description":"ZYYX ABS\u2122 \u00e4r en ABS-blandning (akrylonitrilbutadienstyren) som fungerar med ZYYX-byggplattan och har minimal varp p\u00e5 grund av polymerblandningen. F\u00f6r b\u00e4ttre prestanda rekommenderas ZYYX perforerade byggplatta. ZYYX ABS\u2122 \u00e4r utm\u00e4rkt f\u00f6r att skriva ut prototyper eller produktionsdelar som uts\u00e4tts f\u00f6r medelstora mekaniska p\u00e5frestningar. Ytan p\u00e5 ett ZYYX ABS \u2122 -utskrift \u00e4r matt och materialet finns i flera f\u00e4rger.","breadcrumb":{"@id":"https:\/\/www.zyyxlabs.com\/sv\/produkt\/faxx\/#breadcrumb"},"inLanguage":"sv-SE","potentialAction":[{"@type":"ReadAction","target":["https:\/\/www.zyyxlabs.com\/sv\/produkt\/faxx\/"]}]},{"@type":"ImageObject","inLanguage":"sv-SE","@id":"https:\/\/www.zyyxlabs.com\/sv\/produkt\/faxx\/#primaryimage","url":"https:\/\/www.zyyxlabs.com\/wp-content\/uploads\/2019\/07\/Rullar-ABS-r\u00f6d-gul-svart-_DSC5494-2.png","contentUrl":"https:\/\/www.zyyxlabs.com\/wp-content\/uploads\/2019\/07\/Rullar-ABS-r\u00f6d-gul-svart-_DSC5494-2.png","width":1524,"height":785,"caption":"ZYYX ABS\u2122 Filamentmaterial"},{"@type":"BreadcrumbList","@id":"https:\/\/www.zyyxlabs.com\/sv\/produkt\/faxx\/#breadcrumb","itemListElement":[{"@type":"ListItem","position":1,"name":"Home","item":"https:\/\/www.zyyxlabs.com\/"},{"@type":"ListItem","position":2,"name":"Webbshop","item":"https:\/\/www.zyyxlabs.com\/sv\/webbshop\/"},{"@type":"ListItem","position":3,"name":"ABS","item":"https:\/\/www.zyyxlabs.com\/sv\/etikett\/abs-sv\/"},{"@type":"ListItem","position":4,"name":"FAXX ZYYX ABS\u2122 filamentmaterial"}]},{"@type":"WebSite","@id":"https:\/\/www.zyyxlabs.com\/#website","url":"https:\/\/www.zyyxlabs.com\/","name":"ZYYX Labs","description":"Professionella 3d-skrivare","publisher":{"@id":"https:\/\/www.zyyxlabs.com\/#organization"},"potentialAction":[{"@type":"SearchAction","target":{"@type":"EntryPoint","urlTemplate":"https:\/\/www.zyyxlabs.com\/?s={search_term_string}"},"query-input":{"@type":"PropertyValueSpecification","valueRequired":true,"valueName":"search_term_string"}}],"inLanguage":"sv-SE"},{"@type":"Organization","@id":"https:\/\/www.zyyxlabs.com\/#organization","name":"ZYYX Labs AB","url":"https:\/\/www.zyyxlabs.com\/","logo":{"@type":"ImageObject","inLanguage":"sv-SE","@id":"https:\/\/www.zyyxlabs.com\/#\/schema\/logo\/image\/","url":"https:\/\/www.zyyxlabs.com\/wp-content\/uploads\/2019\/03\/logo.svg","contentUrl":"https:\/\/www.zyyxlabs.com\/wp-content\/uploads\/2019\/03\/logo.svg","width":1,"height":1,"caption":"ZYYX Labs AB"},"image":{"@id":"https:\/\/www.zyyxlabs.com\/#\/schema\/logo\/image\/"},"sameAs":["https:\/\/www.linkedin.com\/company\/zyyx-3d-printer"]}]}},"_links":{"self":[{"href":"https:\/\/www.zyyxlabs.com\/sv\/wp-json\/wp\/v2\/product\/10914","targetHints":{"allow":["GET"]}}],"collection":[{"href":"https:\/\/www.zyyxlabs.com\/sv\/wp-json\/wp\/v2\/product"}],"about":[{"href":"https:\/\/www.zyyxlabs.com\/sv\/wp-json\/wp\/v2\/types\/product"}],"replies":[{"embeddable":true,"href":"https:\/\/www.zyyxlabs.com\/sv\/wp-json\/wp\/v2\/comments?post=10914"}],"wp:featuredmedia":[{"embeddable":true,"href":"https:\/\/www.zyyxlabs.com\/sv\/wp-json\/wp\/v2\/media\/543"}],"wp:attachment":[{"href":"https:\/\/www.zyyxlabs.com\/sv\/wp-json\/wp\/v2\/media?parent=10914"}],"wp:term":[{"taxonomy":"product_brand","embeddable":true,"href":"https:\/\/www.zyyxlabs.com\/sv\/wp-json\/wp\/v2\/product_brand?post=10914"},{"taxonomy":"product_cat","embeddable":true,"href":"https:\/\/www.zyyxlabs.com\/sv\/wp-json\/wp\/v2\/product_cat?post=10914"},{"taxonomy":"product_tag","embeddable":true,"href":"https:\/\/www.zyyxlabs.com\/sv\/wp-json\/wp\/v2\/product_tag?post=10914"}],"curies":[{"name":"wp","href":"https:\/\/api.w.org\/{rel}","templated":true}]}}