{"id":10883,"date":"2019-10-24T10:49:02","date_gmt":"2019-10-24T10:49:02","guid":{"rendered":"https:\/\/www.zyyxlabs.com\/product\/zyyx-proglass-filament\/"},"modified":"2024-09-05T03:42:19","modified_gmt":"2024-09-05T01:42:19","slug":"fg01","status":"publish","type":"product","link":"https:\/\/www.zyyxlabs.com\/sv\/produkt\/fg01\/","title":{"rendered":"FG01 ZYYX proGlass\u2122 filamenttr\u00e5d"},"content":{"rendered":"<p>ZYYX proGlass\u2122 \u00e4r ett nylonbaserat kompositmaterial f\u00f6rst\u00e4rkt med glasfiber. Vi tog fram detta material material f\u00f6r att du snabbt och enkelt ska kunna f\u00e5 fram starka specialanpassade delar. Med ZYYX proGlass\u2122 kan du enkelt tillverka funktionella prototyper och anv\u00e4ndbara delar som verktyg, jiggar och fixturer. ZYYX proGlass\u2122 \u00e4r dessutom en utm\u00e4rkt elektrisk isolator, och delar tillverkade av materialet har d\u00e4rmed ingen elektrisk ledningsf\u00f6rm\u00e5ga. Slutligen, ZYYX proGlass\u2122 \u00e4r \u00e4ven idealisk f\u00f6r att skapa prototyper till delar som du t\u00e4nker dig att formspruta i glasfiberf\u00f6rst\u00e4rkt nylon.<\/p>\n<p>Exempel p\u00e5 anv\u00e4ndning:<\/p>\n<ul>\n<li>Isolerande kapslingar f\u00f6r elkopplingar<\/li>\n<li>Testfixturh\u00e5llare f\u00f6r kretskort<\/li>\n<li>\u2026<\/li>\n<\/ul>\n<p><strong>Nettovikt<\/strong><br \/>\n1 kg<\/p>\n<p><strong>F\u00e4rg<\/strong><br \/>\nNaturligt beige<\/p>\n<p><strong>Printbarhet<\/strong><br \/>\n3\/5 (Perfboard rekommenderas f\u00f6r mycket stora utskrifter)<\/p>\n<p><strong>Skrivarkompatibilitet<\/strong><br \/>\nZYYX Pro II: Ja, med SwiftTool24 Carbon och Standard\/PA-byggplatta (eller Perf)<br \/>\nZYYX Pro: Ja, med SwiftTool Carbon och Standard\/PA-byggplatta (eller Perf)<br \/>\nZYYX+: Nej<br \/>\nZYYX Classic: Nej<\/p>\n<p><strong>Utskriftsinst\u00e4llningar<\/strong><br \/>\nV\u00e4lj ZYYX proGlass i Simplify3D<br \/>\nOm den anv\u00e4nds med andra skrivare rekommenderar vi <nobr>265 \u00b0C<\/nobr> f\u00f6r det undre lagret, <nobr>255 \u00b0C<\/nobr> \u00f6ver det, en <nobr>65 \u00b0C<\/nobr> uppv\u00e4rmd kammare, ett h\u00e4rdat munstycke och h\u00e4rdade dubbelsidiga drivhjul.<\/p>\n<p><strong>F\u00f6rvaring<\/strong><br \/>\nDet \u00e4r mycket viktigt att skydda filamentet fr\u00e5n fukt och fuktig luft f\u00f6r att h\u00e5lla utskriftskvaliteten. F\u00f6rvara alltid filamentet i den uppv\u00e4rmda kammaren, vakuumf\u00f6rsluten (med torkmedel) eller i en torkl\u00e5da.<\/p>\n<p><strong>Tekniskt datablad<\/strong><br \/>\nSe <a href=\"https:\/\/www.zyyxlabs.com\/sv\/datablad\/\">broschyrer och datablad<\/a><\/p>\n<p><strong>S\u00e4kerhetsdatablad (SDS)<\/strong><br \/>\nSe <a href=\"https:\/\/www.zyyxlabs.com\/sv\/datablad\/\">broschyrer och datablad<\/a><\/p>\n","protected":false},"excerpt":{"rendered":"<p>ZYYX proGlass\u2122 \u00e4r ett nylonbaserat kompositmaterial f\u00f6rst\u00e4rkt med glasfiber. Vi tog fram detta material material f\u00f6r att du snabbt och enkelt ska kunna f\u00e5 fram starka specialanpassade delar. Med ZYYX proGlass\u2122 kan du enkelt tillverka funktionella prototyper och anv\u00e4ndbara delar som verktyg, jiggar och fixturer. ZYYX proGlass\u2122 \u00e4r dessutom en utm\u00e4rkt elektrisk isolator, och delar <a href=\"https:\/\/www.zyyxlabs.com\/sv\/produkt\/fg01\/\" class=\"more-link\">&#8230;<span class=\"screen-reader-text\">  FG01 ZYYX proGlass\u2122 filamenttr\u00e5d<\/span><\/a><\/p>\n","protected":false},"featured_media":12001,"comment_status":"closed","ping_status":"closed","template":"","meta":{"_acf_changed":false,"inline_featured_image":false},"product_brand":[],"product_cat":[67],"product_tag":[112,111,310,113,114,241,115],"class_list":{"0":"post-10883","1":"product","2":"type-product","3":"status-publish","4":"has-post-thumbnail","6":"product_cat-filament","7":"product_tag-filament-sv-2","8":"product_tag-forbrukningsartiklar","9":"product_tag-kompositfilament","10":"product_tag-material-sv","11":"product_tag-proglass-sv","12":"product_tag-zyyx-pro-ii-sv-2","13":"product_tag-zyyx-pro-sv","15":"first","16":"instock","17":"taxable","18":"shipping-taxable","19":"purchasable","20":"product-type-simple"},"acf":[],"yoast_head":"<!-- This site is optimized with the Yoast SEO plugin v24.8.1 - https:\/\/yoast.com\/wordpress\/plugins\/seo\/ -->\n<title>FG01 ZYYX proGlass\u2122 filamenttr\u00e5d - ZYYX Labs<\/title>\n<meta name=\"description\" content=\"ZYYX proGlass\u2122 \u00e4r ett nylonbaserat kompositmaterial f\u00f6rst\u00e4rkt med glasfiber. Vi tog fram detta material material f\u00f6r att du snabbt och enkelt ska kunna f\u00e5 fram starka specialanpassade delar. Med ZYYX proGlass\u2122 kan du enkelt tillverka funktionella prototyper och anv\u00e4ndbara delar som verktyg, jiggar och fixturer. ZYYX proGlass\u2122 \u00e4r dessutom en utm\u00e4rkt elektrisk isolator, och delar tillverkade av materialet har d\u00e4rmed ingen elektrisk ledningsf\u00f6rm\u00e5ga. Slutligen, ZYYX proGlass\u2122 \u00e4r \u00e4ven idealisk f\u00f6r att skapa prototyper till delar som du t\u00e4nker dig att formspruta i glasfiberf\u00f6rst\u00e4rkt nylon.\" \/>\n<meta name=\"robots\" content=\"index, follow, max-snippet:-1, max-image-preview:large, max-video-preview:-1\" \/>\n<link rel=\"canonical\" href=\"https:\/\/www.zyyxlabs.com\/sv\/produkt\/fg01\/\" \/>\n<meta property=\"og:locale\" content=\"sv_SE\" \/>\n<meta property=\"og:type\" content=\"article\" \/>\n<meta property=\"og:title\" content=\"FG01 ZYYX proGlass\u2122 filamenttr\u00e5d - ZYYX Labs\" \/>\n<meta property=\"og:description\" content=\"ZYYX proGlass\u2122 \u00e4r ett nylonbaserat kompositmaterial f\u00f6rst\u00e4rkt med glasfiber. Vi tog fram detta material material f\u00f6r att du snabbt och enkelt ska kunna f\u00e5 fram starka specialanpassade delar. Med ZYYX proGlass\u2122 kan du enkelt tillverka funktionella prototyper och anv\u00e4ndbara delar som verktyg, jiggar och fixturer. ZYYX proGlass\u2122 \u00e4r dessutom en utm\u00e4rkt elektrisk isolator, och delar tillverkade av materialet har d\u00e4rmed ingen elektrisk ledningsf\u00f6rm\u00e5ga. Slutligen, ZYYX proGlass\u2122 \u00e4r \u00e4ven idealisk f\u00f6r att skapa prototyper till delar som du t\u00e4nker dig att formspruta i glasfiberf\u00f6rst\u00e4rkt nylon.\" \/>\n<meta property=\"og:url\" content=\"https:\/\/www.zyyxlabs.com\/sv\/produkt\/fg01\/\" \/>\n<meta property=\"og:site_name\" content=\"ZYYX Labs\" \/>\n<meta property=\"article:modified_time\" content=\"2024-09-05T01:42:19+00:00\" \/>\n<meta property=\"og:image\" content=\"https:\/\/www.zyyxlabs.com\/wp-content\/uploads\/2019\/10\/FG01-proGlass-rulle-LR.png\" \/>\n\t<meta property=\"og:image:width\" content=\"800\" \/>\n\t<meta property=\"og:image:height\" content=\"800\" \/>\n\t<meta property=\"og:image:type\" content=\"image\/png\" \/>\n<meta name=\"twitter:card\" content=\"summary_large_image\" \/>\n<meta name=\"twitter:label1\" content=\"Ber\u00e4knad l\u00e4stid\" \/>\n\t<meta name=\"twitter:data1\" content=\"1 minut\" \/>\n<script type=\"application\/ld+json\" class=\"yoast-schema-graph\">{\"@context\":\"https:\/\/schema.org\",\"@graph\":[{\"@type\":\"WebPage\",\"@id\":\"https:\/\/www.zyyxlabs.com\/sv\/produkt\/fg01\/\",\"url\":\"https:\/\/www.zyyxlabs.com\/sv\/produkt\/fg01\/\",\"name\":\"FG01 ZYYX proGlass\u2122 filamenttr\u00e5d - ZYYX Labs\",\"isPartOf\":{\"@id\":\"https:\/\/www.zyyxlabs.com\/#website\"},\"primaryImageOfPage\":{\"@id\":\"https:\/\/www.zyyxlabs.com\/sv\/produkt\/fg01\/#primaryimage\"},\"image\":{\"@id\":\"https:\/\/www.zyyxlabs.com\/sv\/produkt\/fg01\/#primaryimage\"},\"thumbnailUrl\":\"https:\/\/www.zyyxlabs.com\/wp-content\/uploads\/2019\/10\/FG01-proGlass-rulle-LR.png\",\"datePublished\":\"2019-10-24T10:49:02+00:00\",\"dateModified\":\"2024-09-05T01:42:19+00:00\",\"description\":\"ZYYX proGlass\u2122 \u00e4r ett nylonbaserat kompositmaterial f\u00f6rst\u00e4rkt med glasfiber. Vi tog fram detta material material f\u00f6r att du snabbt och enkelt ska kunna f\u00e5 fram starka specialanpassade delar. Med ZYYX proGlass\u2122 kan du enkelt tillverka funktionella prototyper och anv\u00e4ndbara delar som verktyg, jiggar och fixturer. ZYYX proGlass\u2122 \u00e4r dessutom en utm\u00e4rkt elektrisk isolator, och delar tillverkade av materialet har d\u00e4rmed ingen elektrisk ledningsf\u00f6rm\u00e5ga. Slutligen, ZYYX proGlass\u2122 \u00e4r \u00e4ven idealisk f\u00f6r att skapa prototyper till delar som du t\u00e4nker dig att formspruta i glasfiberf\u00f6rst\u00e4rkt nylon.\",\"breadcrumb\":{\"@id\":\"https:\/\/www.zyyxlabs.com\/sv\/produkt\/fg01\/#breadcrumb\"},\"inLanguage\":\"sv-SE\",\"potentialAction\":[{\"@type\":\"ReadAction\",\"target\":[\"https:\/\/www.zyyxlabs.com\/sv\/produkt\/fg01\/\"]}]},{\"@type\":\"ImageObject\",\"inLanguage\":\"sv-SE\",\"@id\":\"https:\/\/www.zyyxlabs.com\/sv\/produkt\/fg01\/#primaryimage\",\"url\":\"https:\/\/www.zyyxlabs.com\/wp-content\/uploads\/2019\/10\/FG01-proGlass-rulle-LR.png\",\"contentUrl\":\"https:\/\/www.zyyxlabs.com\/wp-content\/uploads\/2019\/10\/FG01-proGlass-rulle-LR.png\",\"width\":800,\"height\":800},{\"@type\":\"BreadcrumbList\",\"@id\":\"https:\/\/www.zyyxlabs.com\/sv\/produkt\/fg01\/#breadcrumb\",\"itemListElement\":[{\"@type\":\"ListItem\",\"position\":1,\"name\":\"Home\",\"item\":\"https:\/\/www.zyyxlabs.com\/\"},{\"@type\":\"ListItem\",\"position\":2,\"name\":\"Webbshop\",\"item\":\"https:\/\/www.zyyxlabs.com\/sv\/webbshop\/\"},{\"@type\":\"ListItem\",\"position\":3,\"name\":\"Filament\",\"item\":\"https:\/\/www.zyyxlabs.com\/sv\/etikett\/filament-sv-2\/\"},{\"@type\":\"ListItem\",\"position\":4,\"name\":\"FG01 ZYYX proGlass\u2122 filamenttr\u00e5d\"}]},{\"@type\":\"WebSite\",\"@id\":\"https:\/\/www.zyyxlabs.com\/#website\",\"url\":\"https:\/\/www.zyyxlabs.com\/\",\"name\":\"ZYYX Labs\",\"description\":\"Professionella 3d-skrivare\",\"publisher\":{\"@id\":\"https:\/\/www.zyyxlabs.com\/#organization\"},\"potentialAction\":[{\"@type\":\"SearchAction\",\"target\":{\"@type\":\"EntryPoint\",\"urlTemplate\":\"https:\/\/www.zyyxlabs.com\/?s={search_term_string}\"},\"query-input\":{\"@type\":\"PropertyValueSpecification\",\"valueRequired\":true,\"valueName\":\"search_term_string\"}}],\"inLanguage\":\"sv-SE\"},{\"@type\":\"Organization\",\"@id\":\"https:\/\/www.zyyxlabs.com\/#organization\",\"name\":\"ZYYX Labs AB\",\"url\":\"https:\/\/www.zyyxlabs.com\/\",\"logo\":{\"@type\":\"ImageObject\",\"inLanguage\":\"sv-SE\",\"@id\":\"https:\/\/www.zyyxlabs.com\/#\/schema\/logo\/image\/\",\"url\":\"https:\/\/www.zyyxlabs.com\/wp-content\/uploads\/2019\/03\/logo.svg\",\"contentUrl\":\"https:\/\/www.zyyxlabs.com\/wp-content\/uploads\/2019\/03\/logo.svg\",\"width\":1,\"height\":1,\"caption\":\"ZYYX Labs AB\"},\"image\":{\"@id\":\"https:\/\/www.zyyxlabs.com\/#\/schema\/logo\/image\/\"},\"sameAs\":[\"https:\/\/www.linkedin.com\/company\/zyyx-3d-printer\"]}]}<\/script>\n<!-- \/ Yoast SEO plugin. -->","yoast_head_json":{"title":"FG01 ZYYX proGlass\u2122 filamenttr\u00e5d - ZYYX Labs","description":"ZYYX proGlass\u2122 \u00e4r ett nylonbaserat kompositmaterial f\u00f6rst\u00e4rkt med glasfiber. Vi tog fram detta material material f\u00f6r att du snabbt och enkelt ska kunna f\u00e5 fram starka specialanpassade delar. Med ZYYX proGlass\u2122 kan du enkelt tillverka funktionella prototyper och anv\u00e4ndbara delar som verktyg, jiggar och fixturer. ZYYX proGlass\u2122 \u00e4r dessutom en utm\u00e4rkt elektrisk isolator, och delar tillverkade av materialet har d\u00e4rmed ingen elektrisk ledningsf\u00f6rm\u00e5ga. Slutligen, ZYYX proGlass\u2122 \u00e4r \u00e4ven idealisk f\u00f6r att skapa prototyper till delar som du t\u00e4nker dig att formspruta i glasfiberf\u00f6rst\u00e4rkt nylon.","robots":{"index":"index","follow":"follow","max-snippet":"max-snippet:-1","max-image-preview":"max-image-preview:large","max-video-preview":"max-video-preview:-1"},"canonical":"https:\/\/www.zyyxlabs.com\/sv\/produkt\/fg01\/","og_locale":"sv_SE","og_type":"article","og_title":"FG01 ZYYX proGlass\u2122 filamenttr\u00e5d - ZYYX Labs","og_description":"ZYYX proGlass\u2122 \u00e4r ett nylonbaserat kompositmaterial f\u00f6rst\u00e4rkt med glasfiber. Vi tog fram detta material material f\u00f6r att du snabbt och enkelt ska kunna f\u00e5 fram starka specialanpassade delar. Med ZYYX proGlass\u2122 kan du enkelt tillverka funktionella prototyper och anv\u00e4ndbara delar som verktyg, jiggar och fixturer. ZYYX proGlass\u2122 \u00e4r dessutom en utm\u00e4rkt elektrisk isolator, och delar tillverkade av materialet har d\u00e4rmed ingen elektrisk ledningsf\u00f6rm\u00e5ga. Slutligen, ZYYX proGlass\u2122 \u00e4r \u00e4ven idealisk f\u00f6r att skapa prototyper till delar som du t\u00e4nker dig att formspruta i glasfiberf\u00f6rst\u00e4rkt nylon.","og_url":"https:\/\/www.zyyxlabs.com\/sv\/produkt\/fg01\/","og_site_name":"ZYYX Labs","article_modified_time":"2024-09-05T01:42:19+00:00","og_image":[{"width":800,"height":800,"url":"https:\/\/www.zyyxlabs.com\/wp-content\/uploads\/2019\/10\/FG01-proGlass-rulle-LR.png","type":"image\/png"}],"twitter_card":"summary_large_image","twitter_misc":{"Ber\u00e4knad l\u00e4stid":"1 minut"},"schema":{"@context":"https:\/\/schema.org","@graph":[{"@type":"WebPage","@id":"https:\/\/www.zyyxlabs.com\/sv\/produkt\/fg01\/","url":"https:\/\/www.zyyxlabs.com\/sv\/produkt\/fg01\/","name":"FG01 ZYYX proGlass\u2122 filamenttr\u00e5d - ZYYX Labs","isPartOf":{"@id":"https:\/\/www.zyyxlabs.com\/#website"},"primaryImageOfPage":{"@id":"https:\/\/www.zyyxlabs.com\/sv\/produkt\/fg01\/#primaryimage"},"image":{"@id":"https:\/\/www.zyyxlabs.com\/sv\/produkt\/fg01\/#primaryimage"},"thumbnailUrl":"https:\/\/www.zyyxlabs.com\/wp-content\/uploads\/2019\/10\/FG01-proGlass-rulle-LR.png","datePublished":"2019-10-24T10:49:02+00:00","dateModified":"2024-09-05T01:42:19+00:00","description":"ZYYX proGlass\u2122 \u00e4r ett nylonbaserat kompositmaterial f\u00f6rst\u00e4rkt med glasfiber. Vi tog fram detta material material f\u00f6r att du snabbt och enkelt ska kunna f\u00e5 fram starka specialanpassade delar. Med ZYYX proGlass\u2122 kan du enkelt tillverka funktionella prototyper och anv\u00e4ndbara delar som verktyg, jiggar och fixturer. ZYYX proGlass\u2122 \u00e4r dessutom en utm\u00e4rkt elektrisk isolator, och delar tillverkade av materialet har d\u00e4rmed ingen elektrisk ledningsf\u00f6rm\u00e5ga. Slutligen, ZYYX proGlass\u2122 \u00e4r \u00e4ven idealisk f\u00f6r att skapa prototyper till delar som du t\u00e4nker dig att formspruta i glasfiberf\u00f6rst\u00e4rkt nylon.","breadcrumb":{"@id":"https:\/\/www.zyyxlabs.com\/sv\/produkt\/fg01\/#breadcrumb"},"inLanguage":"sv-SE","potentialAction":[{"@type":"ReadAction","target":["https:\/\/www.zyyxlabs.com\/sv\/produkt\/fg01\/"]}]},{"@type":"ImageObject","inLanguage":"sv-SE","@id":"https:\/\/www.zyyxlabs.com\/sv\/produkt\/fg01\/#primaryimage","url":"https:\/\/www.zyyxlabs.com\/wp-content\/uploads\/2019\/10\/FG01-proGlass-rulle-LR.png","contentUrl":"https:\/\/www.zyyxlabs.com\/wp-content\/uploads\/2019\/10\/FG01-proGlass-rulle-LR.png","width":800,"height":800},{"@type":"BreadcrumbList","@id":"https:\/\/www.zyyxlabs.com\/sv\/produkt\/fg01\/#breadcrumb","itemListElement":[{"@type":"ListItem","position":1,"name":"Home","item":"https:\/\/www.zyyxlabs.com\/"},{"@type":"ListItem","position":2,"name":"Webbshop","item":"https:\/\/www.zyyxlabs.com\/sv\/webbshop\/"},{"@type":"ListItem","position":3,"name":"Filament","item":"https:\/\/www.zyyxlabs.com\/sv\/etikett\/filament-sv-2\/"},{"@type":"ListItem","position":4,"name":"FG01 ZYYX proGlass\u2122 filamenttr\u00e5d"}]},{"@type":"WebSite","@id":"https:\/\/www.zyyxlabs.com\/#website","url":"https:\/\/www.zyyxlabs.com\/","name":"ZYYX Labs","description":"Professionella 3d-skrivare","publisher":{"@id":"https:\/\/www.zyyxlabs.com\/#organization"},"potentialAction":[{"@type":"SearchAction","target":{"@type":"EntryPoint","urlTemplate":"https:\/\/www.zyyxlabs.com\/?s={search_term_string}"},"query-input":{"@type":"PropertyValueSpecification","valueRequired":true,"valueName":"search_term_string"}}],"inLanguage":"sv-SE"},{"@type":"Organization","@id":"https:\/\/www.zyyxlabs.com\/#organization","name":"ZYYX Labs AB","url":"https:\/\/www.zyyxlabs.com\/","logo":{"@type":"ImageObject","inLanguage":"sv-SE","@id":"https:\/\/www.zyyxlabs.com\/#\/schema\/logo\/image\/","url":"https:\/\/www.zyyxlabs.com\/wp-content\/uploads\/2019\/03\/logo.svg","contentUrl":"https:\/\/www.zyyxlabs.com\/wp-content\/uploads\/2019\/03\/logo.svg","width":1,"height":1,"caption":"ZYYX Labs AB"},"image":{"@id":"https:\/\/www.zyyxlabs.com\/#\/schema\/logo\/image\/"},"sameAs":["https:\/\/www.linkedin.com\/company\/zyyx-3d-printer"]}]}},"_links":{"self":[{"href":"https:\/\/www.zyyxlabs.com\/sv\/wp-json\/wp\/v2\/product\/10883","targetHints":{"allow":["GET"]}}],"collection":[{"href":"https:\/\/www.zyyxlabs.com\/sv\/wp-json\/wp\/v2\/product"}],"about":[{"href":"https:\/\/www.zyyxlabs.com\/sv\/wp-json\/wp\/v2\/types\/product"}],"replies":[{"embeddable":true,"href":"https:\/\/www.zyyxlabs.com\/sv\/wp-json\/wp\/v2\/comments?post=10883"}],"wp:featuredmedia":[{"embeddable":true,"href":"https:\/\/www.zyyxlabs.com\/sv\/wp-json\/wp\/v2\/media\/12001"}],"wp:attachment":[{"href":"https:\/\/www.zyyxlabs.com\/sv\/wp-json\/wp\/v2\/media?parent=10883"}],"wp:term":[{"taxonomy":"product_brand","embeddable":true,"href":"https:\/\/www.zyyxlabs.com\/sv\/wp-json\/wp\/v2\/product_brand?post=10883"},{"taxonomy":"product_cat","embeddable":true,"href":"https:\/\/www.zyyxlabs.com\/sv\/wp-json\/wp\/v2\/product_cat?post=10883"},{"taxonomy":"product_tag","embeddable":true,"href":"https:\/\/www.zyyxlabs.com\/sv\/wp-json\/wp\/v2\/product_tag?post=10883"}],"curies":[{"name":"wp","href":"https:\/\/api.w.org\/{rel}","templated":true}]}}