{"id":535,"date":"2019-03-17T10:00:20","date_gmt":"2019-03-17T10:00:20","guid":{"rendered":"https:\/\/www.zyyxlabs.com\/contact\/"},"modified":"2023-10-03T22:42:54","modified_gmt":"2023-10-03T20:42:54","slug":"kontakt","status":"publish","type":"page","link":"https:\/\/www.zyyxlabs.com\/sv\/kontakt\/","title":{"rendered":"Kontakt"},"content":{"rendered":"\n<div class=\"wpcf7 no-js\" id=\"wpcf7-f10949-o1\" lang=\"en-US\" dir=\"ltr\" data-wpcf7-id=\"10949\">\n<div class=\"screen-reader-response\"><p role=\"status\" aria-live=\"polite\" aria-atomic=\"true\"><\/p> <ul><\/ul><\/div>\n<form action=\"\/sv\/wp-json\/wp\/v2\/pages\/535#wpcf7-f10949-o1\" method=\"post\" class=\"wpcf7-form init\" aria-label=\"Contact form\" novalidate=\"novalidate\" data-status=\"init\">\n<div style=\"display: none;\">\n<input type=\"hidden\" name=\"_wpcf7\" value=\"10949\" \/>\n<input type=\"hidden\" name=\"_wpcf7_version\" value=\"6.0.6\" \/>\n<input type=\"hidden\" name=\"_wpcf7_locale\" value=\"en_US\" \/>\n<input type=\"hidden\" name=\"_wpcf7_unit_tag\" value=\"wpcf7-f10949-o1\" \/>\n<input type=\"hidden\" name=\"_wpcf7_container_post\" value=\"0\" \/>\n<input type=\"hidden\" name=\"_wpcf7_posted_data_hash\" value=\"\" \/>\n<\/div>\n<h2 class=\"mb-0\">Kontakta mig\n<\/h2>\n<div class=\"custom-control custom-checkbox\">\n\t<p><input type=\"checkbox\" class=\"custom-control-input\" id=\"SalesContact\" name=\"SalesContact\" \/><br \/>\n<label class=\"custom-control-label\" for=\"SalesContact\">Jag vill komma i kontakt med n\u00e5gon p\u00e5 s\u00e4lj<\/label>\n\t<\/p>\n<\/div>\n<div class=\"custom-control custom-checkbox\">\n\t<p><input type=\"checkbox\" class=\"custom-control-input\" id=\"SupportContact\" name=\"SupportContact\" \/><br \/>\n<label class=\"custom-control-label\" for=\"SupportContact\">Jag vill komma i kontakt med n\u00e5gon p\u00e5 support<\/label>\n\t<\/p>\n<\/div>\n<p>&nbsp;\n<\/p>\n<p><label>Ditt namn (*)<br \/>\n<span class=\"wpcf7-form-control-wrap\" data-name=\"your-name\"><input size=\"40\" maxlength=\"400\" class=\"wpcf7-form-control wpcf7-text wpcf7-validates-as-required\" aria-required=\"true\" aria-invalid=\"false\" value=\"\" type=\"text\" name=\"your-name\" \/><\/span> <\/label>\n<\/p>\n<p><label>Din e-postadress (*)<br \/>\n<span class=\"wpcf7-form-control-wrap\" data-name=\"your-email\"><input size=\"40\" maxlength=\"400\" class=\"wpcf7-form-control wpcf7-email wpcf7-validates-as-required wpcf7-text wpcf7-validates-as-email\" aria-required=\"true\" aria-invalid=\"false\" value=\"\" type=\"email\" name=\"your-email\" \/><\/span> <\/label>\n<\/p>\n<p><label>Ditt telefonummer<br \/>\n<span class=\"wpcf7-form-control-wrap\" data-name=\"your-phone\"><input size=\"40\" maxlength=\"400\" class=\"wpcf7-form-control wpcf7-text\" aria-invalid=\"false\" value=\"\" type=\"text\" name=\"your-phone\" \/><\/span> <\/label>\n<\/p>\n<p><label>F\u00f6retag<br \/>\n<span class=\"wpcf7-form-control-wrap\" data-name=\"company-name\"><input size=\"40\" maxlength=\"400\" class=\"wpcf7-form-control wpcf7-text\" aria-invalid=\"false\" value=\"\" type=\"text\" name=\"company-name\" \/><\/span> <\/label>\n<\/p>\n<p><label>Rubrik\/\u00e4rende (*)<br \/>\n<span class=\"wpcf7-form-control-wrap\" data-name=\"subject\"><input size=\"40\" maxlength=\"400\" class=\"wpcf7-form-control wpcf7-text wpcf7-validates-as-required\" aria-required=\"true\" aria-invalid=\"false\" value=\"\" type=\"text\" name=\"subject\" \/><\/span> <\/label>\n<\/p>\n<p><label>Meddelande<br \/>\n<span class=\"wpcf7-form-control-wrap\" data-name=\"your-message\"><textarea cols=\"40\" rows=\"10\" maxlength=\"2000\" class=\"wpcf7-form-control wpcf7-textarea\" aria-invalid=\"false\" name=\"your-message\"><\/textarea><\/span> <\/label>\n<\/p>\n<p><span class=\"wpcf7-form-control-wrap\" data-name=\"capital-quiz\"><label><span class=\"wpcf7-quiz-label\">Vilket tal \u00e4r st\u00f6rst, 2 eller 8?<\/span> <input size=\"40\" class=\"wpcf7-form-control wpcf7-quiz\" autocomplete=\"off\" aria-required=\"true\" aria-invalid=\"false\" type=\"text\" name=\"capital-quiz\" \/><\/label><input type=\"hidden\" name=\"_wpcf7_quiz_answer_capital-quiz\" value=\"d43b6f8336991a82ca5e340e9a26b203\" \/><\/span><br \/>\n<div id=\"cf7sr-69f9a80828913\" class=\"cf7sr-g-recaptcha\" data-theme=\"light\" data-type=\"image\" data-size=\"normal\" data-sitekey=\"6LdnzpwUAAAAAMv6BE2CcpudT3R4SpSV-f9j7lyL\"><\/div><span class=\"wpcf7-form-control-wrap cf7sr-recaptcha\" data-name=\"cf7sr-recaptcha\"><input type=\"hidden\" name=\"cf7sr-recaptcha\" value=\"\" class=\"wpcf7-form-control\"><\/span>\n<\/p>\n<p><input class=\"wpcf7-form-control wpcf7-submit has-spinner btn btn-primary\" type=\"submit\" value=\"Skicka\" \/>\n<\/p><p style=\"display: none !important;\" class=\"akismet-fields-container\" data-prefix=\"_wpcf7_ak_\"><label>&#916;<textarea name=\"_wpcf7_ak_hp_textarea\" cols=\"45\" rows=\"8\" maxlength=\"100\"><\/textarea><\/label><input type=\"hidden\" id=\"ak_js_1\" name=\"_wpcf7_ak_js\" value=\"122\"\/><script>document.getElementById( \"ak_js_1\" ).setAttribute( \"value\", ( new Date() ).getTime() );<\/script><\/p><div class=\"wpcf7-response-output\" aria-hidden=\"true\"><\/div>\n<\/form>\n<\/div>\n\n","protected":false},"excerpt":{"rendered":"","protected":false},"author":1,"featured_media":0,"parent":0,"menu_order":0,"comment_status":"closed","ping_status":"closed","template":"","meta":{"_acf_changed":false,"inline_featured_image":false,"footnotes":""},"class_list":["post-535","page","type-page","status-publish","hentry"],"acf":[],"yoast_head":"<!-- This site is optimized with the Yoast SEO plugin v24.8.1 - https:\/\/yoast.com\/wordpress\/plugins\/seo\/ -->\n<title>Kontakt - ZYYX Labs<\/title>\n<meta name=\"robots\" content=\"index, follow, max-snippet:-1, max-image-preview:large, max-video-preview:-1\" \/>\n<link rel=\"canonical\" href=\"https:\/\/www.zyyxlabs.com\/sv\/kontakt\/\" \/>\n<meta property=\"og:locale\" content=\"sv_SE\" \/>\n<meta property=\"og:type\" content=\"article\" \/>\n<meta property=\"og:title\" content=\"Kontakt - ZYYX Labs\" \/>\n<meta property=\"og:url\" content=\"https:\/\/www.zyyxlabs.com\/sv\/kontakt\/\" \/>\n<meta property=\"og:site_name\" content=\"ZYYX Labs\" \/>\n<meta property=\"article:modified_time\" content=\"2023-10-03T20:42:54+00:00\" \/>\n<meta name=\"twitter:card\" content=\"summary_large_image\" \/>\n<script type=\"application\/ld+json\" class=\"yoast-schema-graph\">{\"@context\":\"https:\/\/schema.org\",\"@graph\":[{\"@type\":\"WebPage\",\"@id\":\"https:\/\/www.zyyxlabs.com\/sv\/kontakt\/\",\"url\":\"https:\/\/www.zyyxlabs.com\/sv\/kontakt\/\",\"name\":\"Kontakt - ZYYX Labs\",\"isPartOf\":{\"@id\":\"https:\/\/www.zyyxlabs.com\/#website\"},\"datePublished\":\"2019-03-17T10:00:20+00:00\",\"dateModified\":\"2023-10-03T20:42:54+00:00\",\"breadcrumb\":{\"@id\":\"https:\/\/www.zyyxlabs.com\/sv\/kontakt\/#breadcrumb\"},\"inLanguage\":\"sv-SE\",\"potentialAction\":[{\"@type\":\"ReadAction\",\"target\":[\"https:\/\/www.zyyxlabs.com\/sv\/kontakt\/\"]}]},{\"@type\":\"BreadcrumbList\",\"@id\":\"https:\/\/www.zyyxlabs.com\/sv\/kontakt\/#breadcrumb\",\"itemListElement\":[{\"@type\":\"ListItem\",\"position\":1,\"name\":\"Home\",\"item\":\"https:\/\/www.zyyxlabs.com\/\"},{\"@type\":\"ListItem\",\"position\":2,\"name\":\"Kontakt\"}]},{\"@type\":\"WebSite\",\"@id\":\"https:\/\/www.zyyxlabs.com\/#website\",\"url\":\"https:\/\/www.zyyxlabs.com\/\",\"name\":\"ZYYX Labs\",\"description\":\"Professionella 3d-skrivare\",\"publisher\":{\"@id\":\"https:\/\/www.zyyxlabs.com\/#organization\"},\"potentialAction\":[{\"@type\":\"SearchAction\",\"target\":{\"@type\":\"EntryPoint\",\"urlTemplate\":\"https:\/\/www.zyyxlabs.com\/?s={search_term_string}\"},\"query-input\":{\"@type\":\"PropertyValueSpecification\",\"valueRequired\":true,\"valueName\":\"search_term_string\"}}],\"inLanguage\":\"sv-SE\"},{\"@type\":\"Organization\",\"@id\":\"https:\/\/www.zyyxlabs.com\/#organization\",\"name\":\"ZYYX Labs AB\",\"url\":\"https:\/\/www.zyyxlabs.com\/\",\"logo\":{\"@type\":\"ImageObject\",\"inLanguage\":\"sv-SE\",\"@id\":\"https:\/\/www.zyyxlabs.com\/#\/schema\/logo\/image\/\",\"url\":\"https:\/\/www.zyyxlabs.com\/wp-content\/uploads\/2019\/03\/logo.svg\",\"contentUrl\":\"https:\/\/www.zyyxlabs.com\/wp-content\/uploads\/2019\/03\/logo.svg\",\"width\":1,\"height\":1,\"caption\":\"ZYYX Labs AB\"},\"image\":{\"@id\":\"https:\/\/www.zyyxlabs.com\/#\/schema\/logo\/image\/\"},\"sameAs\":[\"https:\/\/www.linkedin.com\/company\/zyyx-3d-printer\"]}]}<\/script>\n<!-- \/ Yoast SEO plugin. -->","yoast_head_json":{"title":"Kontakt - ZYYX Labs","robots":{"index":"index","follow":"follow","max-snippet":"max-snippet:-1","max-image-preview":"max-image-preview:large","max-video-preview":"max-video-preview:-1"},"canonical":"https:\/\/www.zyyxlabs.com\/sv\/kontakt\/","og_locale":"sv_SE","og_type":"article","og_title":"Kontakt - ZYYX Labs","og_url":"https:\/\/www.zyyxlabs.com\/sv\/kontakt\/","og_site_name":"ZYYX Labs","article_modified_time":"2023-10-03T20:42:54+00:00","twitter_card":"summary_large_image","schema":{"@context":"https:\/\/schema.org","@graph":[{"@type":"WebPage","@id":"https:\/\/www.zyyxlabs.com\/sv\/kontakt\/","url":"https:\/\/www.zyyxlabs.com\/sv\/kontakt\/","name":"Kontakt - ZYYX Labs","isPartOf":{"@id":"https:\/\/www.zyyxlabs.com\/#website"},"datePublished":"2019-03-17T10:00:20+00:00","dateModified":"2023-10-03T20:42:54+00:00","breadcrumb":{"@id":"https:\/\/www.zyyxlabs.com\/sv\/kontakt\/#breadcrumb"},"inLanguage":"sv-SE","potentialAction":[{"@type":"ReadAction","target":["https:\/\/www.zyyxlabs.com\/sv\/kontakt\/"]}]},{"@type":"BreadcrumbList","@id":"https:\/\/www.zyyxlabs.com\/sv\/kontakt\/#breadcrumb","itemListElement":[{"@type":"ListItem","position":1,"name":"Home","item":"https:\/\/www.zyyxlabs.com\/"},{"@type":"ListItem","position":2,"name":"Kontakt"}]},{"@type":"WebSite","@id":"https:\/\/www.zyyxlabs.com\/#website","url":"https:\/\/www.zyyxlabs.com\/","name":"ZYYX Labs","description":"Professionella 3d-skrivare","publisher":{"@id":"https:\/\/www.zyyxlabs.com\/#organization"},"potentialAction":[{"@type":"SearchAction","target":{"@type":"EntryPoint","urlTemplate":"https:\/\/www.zyyxlabs.com\/?s={search_term_string}"},"query-input":{"@type":"PropertyValueSpecification","valueRequired":true,"valueName":"search_term_string"}}],"inLanguage":"sv-SE"},{"@type":"Organization","@id":"https:\/\/www.zyyxlabs.com\/#organization","name":"ZYYX Labs AB","url":"https:\/\/www.zyyxlabs.com\/","logo":{"@type":"ImageObject","inLanguage":"sv-SE","@id":"https:\/\/www.zyyxlabs.com\/#\/schema\/logo\/image\/","url":"https:\/\/www.zyyxlabs.com\/wp-content\/uploads\/2019\/03\/logo.svg","contentUrl":"https:\/\/www.zyyxlabs.com\/wp-content\/uploads\/2019\/03\/logo.svg","width":1,"height":1,"caption":"ZYYX Labs AB"},"image":{"@id":"https:\/\/www.zyyxlabs.com\/#\/schema\/logo\/image\/"},"sameAs":["https:\/\/www.linkedin.com\/company\/zyyx-3d-printer"]}]}},"_links":{"self":[{"href":"https:\/\/www.zyyxlabs.com\/sv\/wp-json\/wp\/v2\/pages\/535","targetHints":{"allow":["GET"]}}],"collection":[{"href":"https:\/\/www.zyyxlabs.com\/sv\/wp-json\/wp\/v2\/pages"}],"about":[{"href":"https:\/\/www.zyyxlabs.com\/sv\/wp-json\/wp\/v2\/types\/page"}],"author":[{"embeddable":true,"href":"https:\/\/www.zyyxlabs.com\/sv\/wp-json\/wp\/v2\/users\/1"}],"replies":[{"embeddable":true,"href":"https:\/\/www.zyyxlabs.com\/sv\/wp-json\/wp\/v2\/comments?post=535"}],"version-history":[{"count":0,"href":"https:\/\/www.zyyxlabs.com\/sv\/wp-json\/wp\/v2\/pages\/535\/revisions"}],"wp:attachment":[{"href":"https:\/\/www.zyyxlabs.com\/sv\/wp-json\/wp\/v2\/media?parent=535"}],"curies":[{"name":"wp","href":"https:\/\/api.w.org\/{rel}","templated":true}]}}