{"id":10847,"date":"2020-04-30T06:49:16","date_gmt":"2020-04-30T06:49:16","guid":{"rendered":"https:\/\/www.zyyxlabs.com\/zyyx-pro\/"},"modified":"2022-03-05T19:16:16","modified_gmt":"2022-03-05T18:16:16","slug":"zyyx-pro","status":"publish","type":"page","link":"https:\/\/www.zyyxlabs.com\/sv\/zyyx-pro\/","title":{"rendered":"ZYYX Pro"},"content":{"rendered":"","protected":false},"excerpt":{"rendered":"","protected":false},"author":3,"featured_media":0,"parent":0,"menu_order":0,"comment_status":"closed","ping_status":"closed","template":"","meta":{"_acf_changed":false,"inline_featured_image":false,"footnotes":""},"class_list":["post-10847","page","type-page","status-publish","hentry"],"acf":[],"yoast_head":"<!-- This site is optimized with the Yoast SEO plugin v24.8.1 - https:\/\/yoast.com\/wordpress\/plugins\/seo\/ -->\n<title>ZYYX Pro | v\u00e5r f\u00f6rsta komposit-3d-skrivare | ZYYX Labs\u2122<\/title>\n<meta name=\"description\" content=\"ZYYX Pro \u00e4r en p\u00e5litlig 3d-skrivare f\u00f6r industribruk med flera unika egenskaper. \u2713Milj\u00f6v\u00e4nlig \u2713Simplify3D ing\u00e5r \u2713Lukt- och utsl\u00e4ppsfri\" \/>\n<meta name=\"robots\" content=\"index, follow, max-snippet:-1, max-image-preview:large, max-video-preview:-1\" \/>\n<link rel=\"canonical\" href=\"https:\/\/www.zyyxlabs.com\/zyyx-pro\/\" \/>\n<meta property=\"og:locale\" content=\"sv_SE\" \/>\n<meta property=\"og:type\" content=\"article\" \/>\n<meta property=\"og:title\" content=\"ZYYX Pro | v\u00e5r f\u00f6rsta komposit-3d-skrivare | ZYYX Labs\u2122\" \/>\n<meta property=\"og:description\" content=\"ZYYX Pro \u00e4r en p\u00e5litlig 3d-skrivare f\u00f6r industribruk med flera unika egenskaper. \u2713Milj\u00f6v\u00e4nlig \u2713Simplify3D ing\u00e5r \u2713Lukt- och utsl\u00e4ppsfri\" \/>\n<meta property=\"og:url\" content=\"https:\/\/www.zyyxlabs.com\/zyyx-pro\/\" \/>\n<meta property=\"og:site_name\" content=\"ZYYX Labs\" \/>\n<meta property=\"article:modified_time\" content=\"2022-03-05T18:16:16+00:00\" \/>\n<meta name=\"twitter:card\" content=\"summary_large_image\" \/>\n<script type=\"application\/ld+json\" class=\"yoast-schema-graph\">{\"@context\":\"https:\/\/schema.org\",\"@graph\":[{\"@type\":\"WebPage\",\"@id\":\"https:\/\/www.zyyxlabs.com\/zyyx-pro\/\",\"url\":\"https:\/\/www.zyyxlabs.com\/zyyx-pro\/\",\"name\":\"ZYYX Pro | v\u00e5r f\u00f6rsta komposit-3d-skrivare | ZYYX Labs\u2122\",\"isPartOf\":{\"@id\":\"https:\/\/www.zyyxlabs.com\/#website\"},\"datePublished\":\"2020-04-30T06:49:16+00:00\",\"dateModified\":\"2022-03-05T18:16:16+00:00\",\"description\":\"ZYYX Pro \u00e4r en p\u00e5litlig 3d-skrivare f\u00f6r industribruk med flera unika egenskaper. \u2713Milj\u00f6v\u00e4nlig \u2713Simplify3D ing\u00e5r \u2713Lukt- och utsl\u00e4ppsfri\",\"breadcrumb\":{\"@id\":\"https:\/\/www.zyyxlabs.com\/zyyx-pro\/#breadcrumb\"},\"inLanguage\":\"sv-SE\",\"potentialAction\":[{\"@type\":\"ReadAction\",\"target\":[\"https:\/\/www.zyyxlabs.com\/zyyx-pro\/\"]}]},{\"@type\":\"BreadcrumbList\",\"@id\":\"https:\/\/www.zyyxlabs.com\/zyyx-pro\/#breadcrumb\",\"itemListElement\":[{\"@type\":\"ListItem\",\"position\":1,\"name\":\"Home\",\"item\":\"https:\/\/www.zyyxlabs.com\/\"},{\"@type\":\"ListItem\",\"position\":2,\"name\":\"ZYYX Pro\"}]},{\"@type\":\"WebSite\",\"@id\":\"https:\/\/www.zyyxlabs.com\/#website\",\"url\":\"https:\/\/www.zyyxlabs.com\/\",\"name\":\"ZYYX Labs\",\"description\":\"Professionella 3d-skrivare\",\"publisher\":{\"@id\":\"https:\/\/www.zyyxlabs.com\/#organization\"},\"potentialAction\":[{\"@type\":\"SearchAction\",\"target\":{\"@type\":\"EntryPoint\",\"urlTemplate\":\"https:\/\/www.zyyxlabs.com\/?s={search_term_string}\"},\"query-input\":{\"@type\":\"PropertyValueSpecification\",\"valueRequired\":true,\"valueName\":\"search_term_string\"}}],\"inLanguage\":\"sv-SE\"},{\"@type\":\"Organization\",\"@id\":\"https:\/\/www.zyyxlabs.com\/#organization\",\"name\":\"ZYYX Labs AB\",\"url\":\"https:\/\/www.zyyxlabs.com\/\",\"logo\":{\"@type\":\"ImageObject\",\"inLanguage\":\"sv-SE\",\"@id\":\"https:\/\/www.zyyxlabs.com\/#\/schema\/logo\/image\/\",\"url\":\"https:\/\/www.zyyxlabs.com\/wp-content\/uploads\/2019\/03\/logo.svg\",\"contentUrl\":\"https:\/\/www.zyyxlabs.com\/wp-content\/uploads\/2019\/03\/logo.svg\",\"width\":1,\"height\":1,\"caption\":\"ZYYX Labs AB\"},\"image\":{\"@id\":\"https:\/\/www.zyyxlabs.com\/#\/schema\/logo\/image\/\"},\"sameAs\":[\"https:\/\/www.linkedin.com\/company\/zyyx-3d-printer\"]}]}<\/script>\n<!-- \/ Yoast SEO plugin. -->","yoast_head_json":{"title":"ZYYX Pro | v\u00e5r f\u00f6rsta komposit-3d-skrivare | ZYYX Labs\u2122","description":"ZYYX Pro \u00e4r en p\u00e5litlig 3d-skrivare f\u00f6r industribruk med flera unika egenskaper. \u2713Milj\u00f6v\u00e4nlig \u2713Simplify3D ing\u00e5r \u2713Lukt- och utsl\u00e4ppsfri","robots":{"index":"index","follow":"follow","max-snippet":"max-snippet:-1","max-image-preview":"max-image-preview:large","max-video-preview":"max-video-preview:-1"},"canonical":"https:\/\/www.zyyxlabs.com\/zyyx-pro\/","og_locale":"sv_SE","og_type":"article","og_title":"ZYYX Pro | v\u00e5r f\u00f6rsta komposit-3d-skrivare | ZYYX Labs\u2122","og_description":"ZYYX Pro \u00e4r en p\u00e5litlig 3d-skrivare f\u00f6r industribruk med flera unika egenskaper. \u2713Milj\u00f6v\u00e4nlig \u2713Simplify3D ing\u00e5r \u2713Lukt- och utsl\u00e4ppsfri","og_url":"https:\/\/www.zyyxlabs.com\/zyyx-pro\/","og_site_name":"ZYYX Labs","article_modified_time":"2022-03-05T18:16:16+00:00","twitter_card":"summary_large_image","schema":{"@context":"https:\/\/schema.org","@graph":[{"@type":"WebPage","@id":"https:\/\/www.zyyxlabs.com\/zyyx-pro\/","url":"https:\/\/www.zyyxlabs.com\/zyyx-pro\/","name":"ZYYX Pro | v\u00e5r f\u00f6rsta komposit-3d-skrivare | ZYYX Labs\u2122","isPartOf":{"@id":"https:\/\/www.zyyxlabs.com\/#website"},"datePublished":"2020-04-30T06:49:16+00:00","dateModified":"2022-03-05T18:16:16+00:00","description":"ZYYX Pro \u00e4r en p\u00e5litlig 3d-skrivare f\u00f6r industribruk med flera unika egenskaper. \u2713Milj\u00f6v\u00e4nlig \u2713Simplify3D ing\u00e5r \u2713Lukt- och utsl\u00e4ppsfri","breadcrumb":{"@id":"https:\/\/www.zyyxlabs.com\/zyyx-pro\/#breadcrumb"},"inLanguage":"sv-SE","potentialAction":[{"@type":"ReadAction","target":["https:\/\/www.zyyxlabs.com\/zyyx-pro\/"]}]},{"@type":"BreadcrumbList","@id":"https:\/\/www.zyyxlabs.com\/zyyx-pro\/#breadcrumb","itemListElement":[{"@type":"ListItem","position":1,"name":"Home","item":"https:\/\/www.zyyxlabs.com\/"},{"@type":"ListItem","position":2,"name":"ZYYX Pro"}]},{"@type":"WebSite","@id":"https:\/\/www.zyyxlabs.com\/#website","url":"https:\/\/www.zyyxlabs.com\/","name":"ZYYX Labs","description":"Professionella 3d-skrivare","publisher":{"@id":"https:\/\/www.zyyxlabs.com\/#organization"},"potentialAction":[{"@type":"SearchAction","target":{"@type":"EntryPoint","urlTemplate":"https:\/\/www.zyyxlabs.com\/?s={search_term_string}"},"query-input":{"@type":"PropertyValueSpecification","valueRequired":true,"valueName":"search_term_string"}}],"inLanguage":"sv-SE"},{"@type":"Organization","@id":"https:\/\/www.zyyxlabs.com\/#organization","name":"ZYYX Labs AB","url":"https:\/\/www.zyyxlabs.com\/","logo":{"@type":"ImageObject","inLanguage":"sv-SE","@id":"https:\/\/www.zyyxlabs.com\/#\/schema\/logo\/image\/","url":"https:\/\/www.zyyxlabs.com\/wp-content\/uploads\/2019\/03\/logo.svg","contentUrl":"https:\/\/www.zyyxlabs.com\/wp-content\/uploads\/2019\/03\/logo.svg","width":1,"height":1,"caption":"ZYYX Labs AB"},"image":{"@id":"https:\/\/www.zyyxlabs.com\/#\/schema\/logo\/image\/"},"sameAs":["https:\/\/www.linkedin.com\/company\/zyyx-3d-printer"]}]}},"_links":{"self":[{"href":"https:\/\/www.zyyxlabs.com\/sv\/wp-json\/wp\/v2\/pages\/10847","targetHints":{"allow":["GET"]}}],"collection":[{"href":"https:\/\/www.zyyxlabs.com\/sv\/wp-json\/wp\/v2\/pages"}],"about":[{"href":"https:\/\/www.zyyxlabs.com\/sv\/wp-json\/wp\/v2\/types\/page"}],"author":[{"embeddable":true,"href":"https:\/\/www.zyyxlabs.com\/sv\/wp-json\/wp\/v2\/users\/3"}],"replies":[{"embeddable":true,"href":"https:\/\/www.zyyxlabs.com\/sv\/wp-json\/wp\/v2\/comments?post=10847"}],"version-history":[{"count":0,"href":"https:\/\/www.zyyxlabs.com\/sv\/wp-json\/wp\/v2\/pages\/10847\/revisions"}],"wp:attachment":[{"href":"https:\/\/www.zyyxlabs.com\/sv\/wp-json\/wp\/v2\/media?parent=10847"}],"curies":[{"name":"wp","href":"https:\/\/api.w.org\/{rel}","templated":true}]}}